{"id":24271,"date":"2025-04-13T17:41:22","date_gmt":"2025-04-13T17:41:22","guid":{"rendered":"https:\/\/globalsourcechemicals.com\/?post_type=product&#038;p=24271"},"modified":"2025-10-02T17:41:48","modified_gmt":"2025-10-02T17:41:48","slug":"bromonordiazepam-25-mg-pellets","status":"publish","type":"product","link":"https:\/\/globalsourcechemicals.com\/is\/bud\/bensodiazepin\/bromonordiazepam-25-mg-pellets\/","title":{"rendered":"Bromonordiazepam 2,5 MG k\u00f6gglar"},"content":{"rendered":"<h2><span data-sheets-value=\"{\" data-sheets-userformat=\"{\">Bromonordiazepam 2,5 MG k\u00f6gglar<br \/>\n<\/span><\/h2>\n<p>\u00deetta eru n\u00fdjustu k\u00falurnar \u00ed \u00farvali Professor.nl! \u00deessar k\u00falur innihalda 2,5 mg af virka innihaldsefninu (Bromonordiazepam 2,5 mg). br\u00f3monordiazepam, \u00e1hrif br\u00f3monordiazepam, spjallbor\u00f0 um br\u00f3monordiazepam lyf, reynslus\u00f6gur af br\u00f3monordiazepam, spjallbor\u00f0 um br\u00f3monordiazepam lyf<\/p>\n<p><strong>\u00deessar 2,5 mg br\u00f3m\u00f3nord\u00edazepam k\u00falur eru framleiddar \u00e1 sta\u00f0num og eru af h\u00e6sta g\u00e6\u00f0aflokki. \u00de\u00e6r innihalda 2,5 milligr\u00f6mm af virka innihaldsefninu (br\u00f3m\u00f3nord\u00edazepam). Hver k\u00fala er um \u00fea\u00f0 bil 8 mm \u00ed \u00feverm\u00e1l me\u00f0 deiliskoru. \u00deessar br\u00f3m\u00f3nord\u00edazepam k\u00falur eru pakka\u00f0ar \u00ed 10 \u00feynnup\u00f6kkum til a\u00f0 tryggja ferskleika og pantanir me\u00f0 5 \u00feynnum e\u00f0a fleiri eru afhentar \u00ed handh\u00e6gum kassa.\u00a0<\/strong><\/p>\n<p>Br\u00f3monord\u00edazepam er efni sem eing\u00f6ngu er selt \u00ed ranns\u00f3knarskyni og er \u00fev\u00ed ekki \u00e6tla\u00f0 til neyslu.<a href=\"https:\/\/globalsourcechemicals.com\/is\/bud\/katinon\/kaupa-2-cm\/\">2-CMC 250 mg k\u00falur<\/a> , ,<a href=\"https:\/\/globalsourcechemicals.com\/is\/bud\/pellets\/erextc-homosildenafil-100-mg-toflur\/\">EREXTC Homosildenaf\u00edl 100 mg t\u00f6flur<\/a>\u00a0 ,\u00a0 <a href=\"https:\/\/globalsourcechemicals.com\/is\/bud\/bannad\/mdphp-kopen-poeder-freebase\/\">MDPHP duft (fr\u00edtt basa)<\/a><\/p>\n<p>Br\u00f3monord\u00edazepam helst st\u00f6\u00f0ugt \u00ed allt a\u00f0 tv\u00f6 \u00e1r \u00feegar \u00fea\u00f0 er geymt \u00ed r\u00e9ttu umhverfi. Br\u00f3monord\u00edazepam er \u00e6tla\u00f0 \u00ed ranns\u00f3knarskyni en ekki til neyslu. \u00dev\u00ed er mikilv\u00e6gt a\u00f0 geyma v\u00f6runa \u00fear sem b\u00f6rn og g\u00e6lud\u00fdr n\u00e1 ekki til.<\/p>\n<p>Vi\u00f0 bj\u00f3\u00f0um upp \u00e1 h\u00e1g\u00e6\u00f0a ranns\u00f3knarefni \u00e1 sanngj\u00f6rnu ver\u00f0i. P\u00f6ntunin \u00fe\u00edn ver\u00f0ur send innan s\u00f3larhrings alla daga. Panta\u00f0u n\u00fana! <em>Br\u00f3monord\u00edazepam<\/em> \u00f6ruggt og hratt \u00ed gegnum p<\/p>\n<h2>Hva\u00f0 er br\u00f3m\u00f3nord\u00edazepam?<\/h2>\n<p>Br\u00f3monord\u00edazepam er ge\u00f0virkt efni sem tilheyrir flokki bens\u00f3d\u00edazep\u00edna, almennt \u00e1v\u00edsa\u00f0 vegna r\u00f3andi og kv\u00ed\u00f0astillandi eiginleika sinna. \u00dea\u00f0 er aflei\u00f0a af bens\u00f3d\u00edazep\u00edninu d\u00edazepam, me\u00f0 br\u00f3mat\u00f3m tengt sameindinni.<\/p>\n<p>Sem bens\u00f3d\u00edazep\u00edn verkar br\u00f3m\u00f3nord\u00edazepam \u00e1 mi\u00f0taugakerfi\u00f0 me\u00f0 \u00fev\u00ed a\u00f0 bindast GABA vi\u00f0t\u00f6kum \u00ed heilanum. \u00deetta lei\u00f0ir til aukinnar virkni taugabo\u00f0efnisins GABA, sem hefur r\u00f3andi og afslappandi \u00e1hrif \u00e1 l\u00edkama og huga. Br\u00f3m\u00f3nord\u00edazepam er tilt\u00f6lulega n\u00fdtt bens\u00f3d\u00edazep\u00edn og l\u00edti\u00f0 er vita\u00f0 um langt\u00edma\u00e1hrif \u00feess e\u00f0a m\u00f6guleika \u00e1 misnotkun. \u00dea\u00f0 er ekki almennt \u00e1v\u00edsa\u00f0 til l\u00e6kninga og er fyrst og fremst nota\u00f0 sem ranns\u00f3knarefni.<\/p>\n<p>Myndun br\u00f3m\u00f3nord\u00edazepams og annarra bens\u00f3d\u00edazep\u00edna fer venjulega fram \u00ed leynilegum ranns\u00f3knarstofum og ekki er h\u00e6gt a\u00f0 tryggja hreinleika \u00feeirra og \u00f6ryggi. Notkun \u00feessara efnasambanda \u00e1n l\u00e6kniseftirlits getur veri\u00f0 h\u00e6ttuleg og hugsanlega l\u00edfsh\u00e6ttuleg.<\/p>\n<h2>Hvernig var\u00f0 Bromonordiazepem til?<\/h2>\n<p>Bromonord\u00edazepam er aflei\u00f0a af bens\u00f3d\u00edazep\u00edninu d\u00edazepam, sem fyrst var mynda\u00f0 \u00e1 sj\u00f6tta \u00e1ratug s\u00ed\u00f0ustu aldar af lyfjafyrirt\u00e6kinu Hoffmann-La Roche. D\u00edazepam var \u00fer\u00f3a\u00f0 sem \u00farb\u00e6tur \u00e1 n\u00faverandi barbit\u00far\u00f6tum, sem voru miki\u00f0 notu\u00f0 sem r\u00f3andi lyf en h\u00f6f\u00f0u mikla h\u00e6ttu \u00e1 ofsk\u00f6mmtun og f\u00edkn.<\/p>\n<p>D\u00edazepam var\u00f0 flj\u00f3tt vins\u00e6lt lyfse\u00f0ilsskylt vegna r\u00f3andi \u00e1hrifa \u00feess og... <a href=\"http:\/\/google.nl\" target=\"_blank\" rel=\"noopener\">kv\u00ed\u00f0astillandi<\/a> eiginleika og var marka\u00f0ssett undir v\u00f6rumerkinu Valium. Notkun \u00feess j\u00f3kst hratt \u00e1 sj\u00f6unda og \u00e1ttunda \u00e1ratugnum \u00feegar \u00fev\u00ed var \u00e1v\u00edsa\u00f0 vi\u00f0 fj\u00f6lbreyttum kvillum, \u00fear \u00e1 me\u00f0al kv\u00ed\u00f0a, svefnleysi, v\u00f6\u00f0vakrampa og fr\u00e1hvarfseinkennum \u00e1fengis.<\/p>\n<p>\u00deegar vins\u00e6ldir d\u00edazepams jukust f\u00f3ru v\u00edsindamenn a\u00f0 framlei\u00f0a n\u00fdjar aflei\u00f0ur lyfsins til a\u00f0 b\u00e6ta virkni \u00feess og draga \u00far aukaverkunum. Ein af \u00feessum aflei\u00f0um var br\u00f3mazepam, sem \u00fer\u00f3a\u00f0 var \u00e1 \u00e1ttunda \u00e1ratugnum og marka\u00f0ssett undir v\u00f6rumerkinu Lexotanil.<\/p>\n<p>Br\u00f3monord\u00edazepam er aflei\u00f0a af br\u00f3mazepami, me\u00f0 br\u00f3mat\u00f3m tengt sameindinni. \u00dea\u00f0 var l\u00edklega fyrst b\u00fai\u00f0 til \u00ed leynilegum ranns\u00f3knarstofum me\u00f0 \u00fev\u00ed a\u00f0 breyta n\u00faverandi bens\u00f3d\u00edazep\u00ednsamb\u00f6ndum og notkun \u00feess sem af\u00fereyingarlyf kom fram \u00e1 fyrsta \u00e1ratug 21. aldar.<\/p>\n<p>Myndun og dreifing br\u00f3m\u00f3nord\u00edazepams og annarra h\u00f6nnu\u00f0ra bens\u00f3d\u00edazep\u00edna er \u00f3l\u00f6gleg \u00ed flestum l\u00f6ndum og ekki er h\u00e6gt a\u00f0 tryggja hreinleika og \u00f6ryggi \u00feessara efnasambanda. Notkun \u00feeirra utan l\u00e6knisfr\u00e6\u00f0ilegra a\u00f0st\u00e6\u00f0na getur veri\u00f0 h\u00e6ttuleg og hugsanlega l\u00edfsh\u00e6ttuleg.<\/p>\n<h3><span data-sheets-value=\"{\" data-sheets-userformat=\"{\">Eiginleikar br\u00f3m\u00f3nord\u00edazepams<\/span><\/h3>\n<p><strong>Samheiti:<\/strong> Br\u00f3monord\u00edazepam<br \/>\n<strong>CAS-n\u00famer:<\/strong> 2894-61-3<br \/>\n<strong>Form\u00fala:<\/strong> 7-br\u00f3m\u00f3-5-fen\u00fdl-1,3-d\u00edh\u00fddr\u00f3-1,4-bens\u00f3d\u00edazep\u00edn-2-\u00f3n<br \/>\n<strong>M\u00f3lmassi:<\/strong> 315.16464<br \/>\n<strong>Hreinleiki:<\/strong> &gt;99%<\/p>\n<h3>H\u00e6ttuyfirl\u00fdsing<\/h3>\n<p>Br\u00f3monord\u00edazepam getur valdi\u00f0 ertingu \u00ed \u00f6ndunarvegi<br \/>\nBr\u00f3monord\u00edazepam getur valdi\u00f0 ertingu \u00ed augum.<br \/>\n\u00dea\u00f0 er banna\u00f0 a\u00f0 losa ranns\u00f3knarefni \u00fat \u00ed umhverfi\u00f0.<\/p>\n<p>Bromonordiazepam EFNI\u00d0 KEMST \u00cd AUGU: Skoli\u00f0 augun varlega me\u00f0 vatni \u00ed fimm m\u00edn\u00fatur. Fjarl\u00e6gi\u00f0 snertilinsur ef m\u00f6gulegt er.<\/p>\n<p>Br\u00f3monord\u00edazepam \u00cd SNERTINGU VI\u00d0 H\u00da\u00d0: \u00devoi\u00f0 h\u00fa\u00f0ina me\u00f0 s\u00e1pu og vatni.<\/p>\n<p>EFTIR INN\u00d6NDUN Br\u00f3monord\u00edazepams: F\u00e6ri\u00f0 vi\u00f0komandi \u00fat \u00ed ferskt loft og haldi\u00f0 honum \u00ed \u00fe\u00e6gilegri \u00f6ndunarstellingu.<\/p>","protected":false},"excerpt":{"rendered":"<p>Bromonordiazepam 2,5 MG k\u00falur \u00deetta eru n\u00fdjustu k\u00falurnar \u00ed \u00farvali Professor.nl! \u00deessar k\u00falur innihalda 2,5<\/p>","protected":false},"featured_media":27853,"comment_status":"closed","ping_status":"closed","template":"","meta":[],"product_brand":[],"product_cat":[76,385,390,324],"product_tag":[185,326],"class_list":{"0":"post-24271","1":"product","2":"type-product","3":"status-publish","4":"has-post-thumbnail","6":"product_cat-benzodiazepinen","7":"product_cat-bromonordiazepam","8":"product_cat-bromonordiazepam-pellets","9":"product_cat-pellets-for-pellet","10":"product_tag-bromonordiazepam","11":"product_tag-nl","13":"first","14":"instock","15":"taxable","16":"shipping-taxable","17":"purchasable","18":"product-type-variable"},"_links":{"self":[{"href":"https:\/\/globalsourcechemicals.com\/is\/wp-json\/wp\/v2\/product\/24271","targetHints":{"allow":["GET"]}}],"collection":[{"href":"https:\/\/globalsourcechemicals.com\/is\/wp-json\/wp\/v2\/product"}],"about":[{"href":"https:\/\/globalsourcechemicals.com\/is\/wp-json\/wp\/v2\/types\/product"}],"replies":[{"embeddable":true,"href":"https:\/\/globalsourcechemicals.com\/is\/wp-json\/wp\/v2\/comments?post=24271"}],"version-history":[{"count":3,"href":"https:\/\/globalsourcechemicals.com\/is\/wp-json\/wp\/v2\/product\/24271\/revisions"}],"predecessor-version":[{"id":25303,"href":"https:\/\/globalsourcechemicals.com\/is\/wp-json\/wp\/v2\/product\/24271\/revisions\/25303"}],"wp:featuredmedia":[{"embeddable":true,"href":"https:\/\/globalsourcechemicals.com\/is\/wp-json\/wp\/v2\/media\/27853"}],"wp:attachment":[{"href":"https:\/\/globalsourcechemicals.com\/is\/wp-json\/wp\/v2\/media?parent=24271"}],"wp:term":[{"taxonomy":"product_brand","embeddable":true,"href":"https:\/\/globalsourcechemicals.com\/is\/wp-json\/wp\/v2\/product_brand?post=24271"},{"taxonomy":"product_cat","embeddable":true,"href":"https:\/\/globalsourcechemicals.com\/is\/wp-json\/wp\/v2\/product_cat?post=24271"},{"taxonomy":"product_tag","embeddable":true,"href":"https:\/\/globalsourcechemicals.com\/is\/wp-json\/wp\/v2\/product_tag?post=24271"}],"curies":[{"name":"wp","href":"https:\/\/api.w.org\/{rel}","templated":true}]}}