{"id":24268,"date":"2025-04-13T17:41:22","date_gmt":"2025-04-13T17:41:22","guid":{"rendered":"https:\/\/globalsourcechemicals.com\/?post_type=product&#038;p=24268"},"modified":"2025-04-22T05:48:49","modified_gmt":"2025-04-22T05:48:49","slug":"promal-metallyleskalin","status":"publish","type":"product","link":"https:\/\/globalsourcechemicals.com\/is\/bud\/fyrirtaeki-til-fyrirtaekja\/promal-metallyleskalin\/","title":{"rendered":"RC+ Promal poki 3 k\u00falur"},"content":{"rendered":"<h2><span data-sheets-value=\"{\" data-sheets-userformat=\"{\">Promal metallyleskal\u00edn 21 mg poki me\u00f0 3 k\u00falum<\/span><\/h2>\n<p class=\"ds-markdown-paragraph\"><strong>V\u00f6ruheiti:<\/strong> RC+ (Proscal\u00edn hli\u00f0st\u00e6\u00f0a) \u2013 3 k\u00falur \u00ed hverjum poka<br \/>\n<strong>Flokkur:<\/strong>\u00a0Ranns\u00f3knarefni (flokkur fenet\u00fdlam\u00edns)<br \/>\n<strong>Ums\u00f3kn:<\/strong> Taugaefnafr\u00e6\u00f0ilegar ranns\u00f3knir og lyfjafr\u00e6\u00f0ilegar ranns\u00f3knir.<a title=\"2C-EF 2 mg hylki\" href=\"https:\/\/globalsourcechemicals.com\/is\/bud\/fenetylamin\/2c-ef-2-mg-hylki\/\" target=\"_blank\" rel=\"noopener\">2C-EF 2 mg hylki<\/a><\/p>\n<hr \/>\n<h3><strong>V\u00f6rueiginleikar:<\/strong><\/h3>\n<p class=\"ds-markdown-paragraph\">\ud83d\udd2c\u00a0<strong>Sta\u00f0la\u00f0 samsetning<\/strong>\u00a0\u2013 Bjarts\u00fdni fyrir endurtakanlegar ni\u00f0urst\u00f6\u00f0ur<br \/>\n\ud83d\udc8a\u00a0<strong>3 k\u00falur \u00ed hverjum pakka<\/strong>\u00a0- Tilvali\u00f0 fyrir st\u00fdr\u00f0ar tilraunir<br \/>\n\ud83d\udce6\u00a0<strong>Loft\u00fe\u00e9ttar pokaumb\u00fa\u00f0ir<\/strong>\u00a0\u2013 H\u00e1marksst\u00f6\u00f0ugleiki og vernd<br \/>\n\ud83d\udcca\u00a0<strong>G\u00e6\u00f0aeftirlit<\/strong> \u2013 Greiningarsk\u00fdrslur a\u00f0gengilegar v\u00edsindam\u00f6nnum.<a title=\"2-CMC 250 mg k\u00falur\" href=\"https:\/\/globalsourcechemicals.com\/is\/bud\/katinon\/kaupa-2-cm\/\" target=\"_blank\" rel=\"noopener\">2-CMC 250 mg k\u00falur<\/a><\/p>\n<h3><strong>Um Promal (Proskal\u00edn hli\u00f0st\u00e6\u00f0a):<\/strong><\/h3>\n<p class=\"ds-markdown-paragraph\">Ranns\u00f3knarefni me\u00f0 \u00e1hugaver\u00f0a eiginleika fyrir:<\/p>\n<ul>\n<li>\n<p class=\"ds-markdown-paragraph\">Ranns\u00f3knir \u00e1 vi\u00f0takabindingu (ser\u00f3t\u00f3n\u00ednkerfi)<\/p>\n<\/li>\n<li>\n<p class=\"ds-markdown-paragraph\">Ranns\u00f3knir \u00e1 tengslum milli byggingar og virkni (SAR)<\/p>\n<\/li>\n<li>\n<p class=\"ds-markdown-paragraph\">Samanbur\u00f0argreiningar \u00e1 lyfhrifum<\/p>\n<\/li>\n<\/ul>\n<p class=\"ds-markdown-paragraph\"><strong>Mikilv\u00e6g athugasemd:<\/strong><\/p>\n<ul>\n<li>\n<p class=\"ds-markdown-paragraph\">A\u00f0eins til ranns\u00f3kna in vitro<\/p>\n<\/li>\n<li>\n<p class=\"ds-markdown-paragraph\">Alls ekki til manneldis\/d\u00fdraneyslu<\/p>\n<\/li>\n<li>\n<p class=\"ds-markdown-paragraph\">Engin notkun \u00ed l\u00e6kningaskyni e\u00f0a af\u00fereyingu<\/p>\n<\/li>\n<\/ul>\n<hr \/>\n<h3><strong>\u00d6ryggisreglur:<\/strong><\/h3>\n<p class=\"ds-markdown-paragraph\">\u26a0\u00a0<strong>Ranns\u00f3knarstofureglur:<\/strong><\/p>\n<ul>\n<li>\n<p class=\"ds-markdown-paragraph\">Noti\u00f0 alltaf pers\u00f3nuhl\u00edfar<\/p>\n<\/li>\n<li>\n<p class=\"ds-markdown-paragraph\">Vinna eing\u00f6ngu \u00ed st\u00fdr\u00f0u ranns\u00f3knarstofuumhverfi<\/p>\n<\/li>\n<li>\n<p class=\"ds-markdown-paragraph\">For\u00f0ist snertingu vi\u00f0 h\u00fa\u00f0 <a href=\"http:\/\/google.nl\" target=\"_blank\" rel=\"noopener\">og<\/a> sl\u00edmh\u00fa\u00f0ir<\/p>\n<\/li>\n<\/ul>\n<p class=\"ds-markdown-paragraph\">\u26a0\u00a0<strong>L\u00f6gleg sta\u00f0a:<\/strong><\/p>\n<ul>\n<li>\n<p class=\"ds-markdown-paragraph\">Hugsanlega stj\u00f3rna\u00f0 af hollensku \u00f3p\u00eduml\u00f6gunum<\/p>\n<\/li>\n<li>\n<p class=\"ds-markdown-paragraph\">Takmarkanir kunna a\u00f0 eiga vi\u00f0 um allt ESB<\/p>\n<\/li>\n<li>\n<p class=\"ds-markdown-paragraph\">Rannsakandi\/kaupandi ber fulla \u00e1byrg\u00f0.<a title=\"1V-LSD 150 MCG \u00feynnur\" href=\"https:\/\/globalsourcechemicals.com\/is\/bud\/lysergamid\/1v-lsd-150-mcg-blotters\/\" target=\"_blank\" rel=\"noopener\">1V-LSD 150 MCG \u00feynnur<\/a><\/p>\n<\/li>\n<\/ul>\n<hr \/>\n<h3><strong>Af hverju RC+ Promal k\u00falur?<\/strong><\/h3>\n<p class=\"ds-markdown-paragraph\">\u2705\u00a0<strong>St\u00f6\u00f0ug g\u00e6\u00f0i<\/strong>\u00a0\u2013 Strangt framlei\u00f0sluferli<br \/>\n\u2705\u00a0<strong>Ranns\u00f3knarv\u00e6nt sni\u00f0<\/strong>\u00a0\u2013 L\u00edtil upph\u00e6\u00f0 fyrir tilraunaverkefni<br \/>\n\u2705\u00a0<strong>N\u00e6\u00f0i sendingar<\/strong>\u00a0\u2013 Hlutlausar umb\u00fa\u00f0ir \u00e1n merkinga<br \/>\n\u2705\u00a0<strong>Hr\u00f6\u00f0 afhending<\/strong>\u00a0\u2013 Evr\u00f3psk birg\u00f0asta\u00f0a fyrir skilvirkar ranns\u00f3knir<\/p>","protected":false},"excerpt":{"rendered":"<p>Promal Metallylescaline 21 mg poki me\u00f0 3 k\u00falum V\u00f6ruheiti: RC+ (Proscaline Analog) \u2013 3 k\u00falur \u00ed hverjum poka Flokkur: Ranns\u00f3knarefni (fenet\u00fdlam\u00ednflokkur) Notkun: Taugaefnafr\u00e6\u00f0ilegar ranns\u00f3knir<\/p>","protected":false},"featured_media":21350,"comment_status":"closed","ping_status":"closed","template":"","meta":[],"product_brand":[82],"product_cat":[555],"product_tag":[326,864,209],"class_list":{"0":"post-24268","1":"product","2":"type-product","3":"status-publish","4":"has-post-thumbnail","6":"product_brand-research-chemical","7":"product_cat-b2b","8":"product_tag-nl","9":"product_tag-promal","10":"product_tag-promal-methallylescaline","12":"first","13":"instock","14":"taxable","15":"shipping-taxable","16":"purchasable","17":"product-type-variable"},"_links":{"self":[{"href":"https:\/\/globalsourcechemicals.com\/is\/wp-json\/wp\/v2\/product\/24268","targetHints":{"allow":["GET"]}}],"collection":[{"href":"https:\/\/globalsourcechemicals.com\/is\/wp-json\/wp\/v2\/product"}],"about":[{"href":"https:\/\/globalsourcechemicals.com\/is\/wp-json\/wp\/v2\/types\/product"}],"replies":[{"embeddable":true,"href":"https:\/\/globalsourcechemicals.com\/is\/wp-json\/wp\/v2\/comments?post=24268"}],"version-history":[{"count":3,"href":"https:\/\/globalsourcechemicals.com\/is\/wp-json\/wp\/v2\/product\/24268\/revisions"}],"predecessor-version":[{"id":26000,"href":"https:\/\/globalsourcechemicals.com\/is\/wp-json\/wp\/v2\/product\/24268\/revisions\/26000"}],"wp:featuredmedia":[{"embeddable":true,"href":"https:\/\/globalsourcechemicals.com\/is\/wp-json\/wp\/v2\/media\/21350"}],"wp:attachment":[{"href":"https:\/\/globalsourcechemicals.com\/is\/wp-json\/wp\/v2\/media?parent=24268"}],"wp:term":[{"taxonomy":"product_brand","embeddable":true,"href":"https:\/\/globalsourcechemicals.com\/is\/wp-json\/wp\/v2\/product_brand?post=24268"},{"taxonomy":"product_cat","embeddable":true,"href":"https:\/\/globalsourcechemicals.com\/is\/wp-json\/wp\/v2\/product_cat?post=24268"},{"taxonomy":"product_tag","embeddable":true,"href":"https:\/\/globalsourcechemicals.com\/is\/wp-json\/wp\/v2\/product_tag?post=24268"}],"curies":[{"name":"wp","href":"https:\/\/api.w.org\/{rel}","templated":true}]}}