{"id":24192,"date":"2025-04-13T17:41:13","date_gmt":"2025-04-13T17:41:13","guid":{"rendered":"https:\/\/globalsourcechemicals.com\/?post_type=product&#038;p=24192"},"modified":"2025-04-22T15:14:49","modified_gmt":"2025-04-22T15:14:49","slug":"kaupa-3-fpm","status":"publish","type":"product","link":"https:\/\/globalsourcechemicals.com\/is\/bud\/fyrirtaeki-til-fyrirtaekja\/kaupa-3-fpm\/","title":{"rendered":"RC+ Fl\u00faor 3-FPM 50 mg kassi"},"content":{"rendered":"<h1><strong>Kauptu 3 FPM 50 mg kassa \u2013 Fyrsta flokks ranns\u00f3knarefni fyrir v\u00edsindalegar tilraunir<\/strong><\/h1>\n<h2><strong>3-FPM (3-fl\u00faorfenmetras\u00edn) 50 mg \u2013 Einstakt ranns\u00f3knarefni<\/strong><\/h2>\n<p class=\"ds-markdown-paragraph\">Hinn\u00a0<strong>Kauptu RC+ 3 FPM 50 mg kassa<\/strong>\u00a0Inniheldur h\u00e1g\u00e6\u00f0a ranns\u00f3knarefni sem er v\u00edsindalega \u00e1hugavert vegna byggingareiginleika \u00feess og lyfjafr\u00e6\u00f0ilegrar uppl\u00fdsingar. \u00deetta fl\u00faorafleidda fenmetras\u00edn hli\u00f0st\u00e6\u00f0a er eing\u00f6ngu selt til ranns\u00f3kna og greiningar in vitro.<\/p>\n<p class=\"ds-markdown-paragraph\">Me\u00f0 n\u00e1kv\u00e6mum skammti af\u00a0<strong>50 mg \u00e1 einingu<\/strong>\u00a0\u00deessi vara veitir v\u00edsindam\u00f6nnum \u00e1rei\u00f0anlega uppsprettu fyrir st\u00fdr\u00f0ar v\u00edsindalegar tilraunir.<a title=\"2-CMC 250 mg k\u00falur\" href=\"https:\/\/globalsourcechemicals.com\/is\/bud\/katinon\/kaupa-2-cm\/\" target=\"_blank\" rel=\"noopener\">2-CMC 250 mg k\u00falur<\/a><\/p>\n<hr \/>\n<h2><strong>Helstu eiginleikar RC+ 3-FPM 50 mg<\/strong><\/h2>\n<p class=\"ds-markdown-paragraph\">\u2705\u00a0<strong>Mikil hreinleiki:<\/strong>\u00a0Greiningarpr\u00f3fa\u00f0 fyrir \u226598% hreinleika<br \/>\n\u2705\u00a0<strong>N\u00e1kv\u00e6mur skammtur:<\/strong>\u00a050 mg \u00e1 hverja einingu fyrir endurtakanlegar ni\u00f0urst\u00f6\u00f0ur<br \/>\n\u2705\u00a0<strong>St\u00f6\u00f0ug form\u00fala:<\/strong>\u00a0Besta geymslu\u00feol vi\u00f0 r\u00e9ttar geymsluskilyr\u00f0i<br \/>\n\u2705\u00a0<strong>V\u00edsindaleg umb\u00fa\u00f0ir:<\/strong>\u00a0L\u00e9ttar og loft\u00fe\u00e9ttar umb\u00fa\u00f0ir<br \/>\n\u2705\u00a0<strong>Hra\u00f0 afhending:<\/strong>\u00a0Panta\u00f0 fyrir kl. 15:00? Venjulega sent sama dag.<\/p>\n<hr \/>\n<h2><strong>V\u00edsindalegt mikilv\u00e6gi<\/strong><\/h2>\n<p class=\"ds-markdown-paragraph\">3-FPM er \u00e1hugavert efnasamband til ranns\u00f3kna vegna \u00feess a\u00f0:<\/p>\n<p class=\"ds-markdown-paragraph\">\u2022\u00a0<strong>Byggingarleg einst\u00f6k<\/strong>\u00a0sem fl\u00faoraflei\u00f0a af fenmetras\u00edni<br \/>\n\u2022\u00a0<strong>Hugsanleg lyfhrif<\/strong>\u00a0til v\u00edsindalegrar ranns\u00f3knar<br \/>\n\u2022\u00a0<strong>Notkunarm\u00f6guleikar<\/strong> \u00ed taugaefnafr\u00e6\u00f0ilegum og lyfjafr\u00e6\u00f0ilegum ranns\u00f3knum.<a title=\"1V-LSD 150 MCG \u00feynnur\" href=\"https:\/\/globalsourcechemicals.com\/is\/bud\/lysergamid\/1v-lsd-150-mcg-blotters\/\" target=\"_blank\" rel=\"noopener\">1V-LSD 150 MCG \u00feynnur<\/a><\/p>\n<hr \/>\n<h2><strong>\u00d6ryggisreglur og ranns\u00f3knarlei\u00f0beiningar<\/strong><\/h2>\n<p class=\"ds-markdown-paragraph\">\u26a0\u00a0<strong>MIKILV\u00c6GT:<\/strong><\/p>\n<ul>\n<li>\n<p class=\"ds-markdown-paragraph\"><strong>A\u00f0eins fyrir ranns\u00f3knir in vitro<\/strong><\/p>\n<\/li>\n<li>\n<p class=\"ds-markdown-paragraph\"><strong>Ekki til manneldis e\u00f0a d\u00fdraneyslu<\/strong><\/p>\n<\/li>\n<li>\n<p class=\"ds-markdown-paragraph\"><strong>A\u00f0eins fyrir h\u00e6fa v\u00edsindamenn<\/strong><\/p>\n<\/li>\n<\/ul>\n<p class=\"ds-markdown-paragraph\">\ud83d\udd2c\u00a0<strong>Kr\u00f6fur til ranns\u00f3knarstofu:<\/strong><\/p>\n<ul>\n<li>\n<p class=\"ds-markdown-paragraph\">Notkun \u00ed st\u00fdr\u00f0u ranns\u00f3knarumhverfi<\/p>\n<\/li>\n<li>\n<p class=\"ds-markdown-paragraph\">Noti\u00f0 vi\u00f0eigandi pers\u00f3nuhl\u00edfar<\/p>\n<\/li>\n<li>\n<p class=\"ds-markdown-paragraph\">Fylgi\u00f0 \u00f6llum \u00f6ryggisreglum stofnana.<a title=\"O-DSMT 50 mg k\u00falur\" href=\"https:\/\/globalsourcechemicals.com\/is\/bud\/pellets\/o-dsmt-50-mg-kulur\/\" target=\"_blank\" rel=\"noopener\">O-DSMT 50 mg k\u00falur<\/a><\/p>\n<\/li>\n<\/ul>\n<hr \/>\n<h2><strong>Geymslur\u00e1\u00f0<\/strong><\/h2>\n<p class=\"ds-markdown-paragraph\">\u2022 Geymi\u00f0 \u00e1\u00a0<strong>15-25\u00b0C<\/strong><br \/>\n\u2022 Vernda gegn\u00a0<strong>raki og beint lj\u00f3s<\/strong><br \/>\n\u2022\u00a0<strong>Upprunalegar umb\u00fa\u00f0ir<\/strong>\u00a0a\u00f0 halda \u00e1fram<\/p>\n<hr \/>\n<h2><strong>Uppl\u00fdsingar um p\u00f6ntun<\/strong><\/h2>\n<p class=\"ds-markdown-paragraph\"><strong>V\u00f6ruk\u00f3\u00f0i:<\/strong>\u00a0RC-3FPM-50<br \/>\n<strong>Umb\u00fa\u00f0ir:<\/strong>\u00a010 einingar af 50 mg<br \/>\n<strong>Afhendingart\u00edmi:<\/strong> 1-3 virkir dagar (innan Hollands).<a title=\"1cP-LSD 150 MCG listabletti\" href=\"https:\/\/globalsourcechemicals.com\/is\/bud\/lysergamid\/1-teskeid-af-lsd-150-mikrogromm\/\" target=\"_blank\" rel=\"noopener\">1cP-LSD 150 MCG listabletti<\/a><\/p>","protected":false},"excerpt":{"rendered":"<p>Kauptu 3 FPM 50 mg kassa \u2013 Fyrsta flokks ranns\u00f3knarefni fyrir v\u00edsindalegar tilraunir 3-FPM (3-Fl\u00faorfenmetras\u00edn) 50 mg \u2013 Einstakt ranns\u00f3knarefni RC+ 3<\/p>","protected":false},"featured_media":20535,"comment_status":"closed","ping_status":"closed","template":"","meta":[],"product_brand":[82],"product_cat":[555],"product_tag":[881,606,601,605,326],"class_list":{"0":"post-24192","1":"product","2":"type-product","3":"status-publish","4":"has-post-thumbnail","6":"product_brand-research-chemical","7":"product_cat-b2b","8":"product_tag-3-fpm-kopen","9":"product_tag-3-fluorophenmetrazine","10":"product_tag-3-fpm","11":"product_tag-3fpm","12":"product_tag-nl","14":"first","15":"instock","16":"taxable","17":"shipping-taxable","18":"purchasable","19":"product-type-variable"},"_links":{"self":[{"href":"https:\/\/globalsourcechemicals.com\/is\/wp-json\/wp\/v2\/product\/24192","targetHints":{"allow":["GET"]}}],"collection":[{"href":"https:\/\/globalsourcechemicals.com\/is\/wp-json\/wp\/v2\/product"}],"about":[{"href":"https:\/\/globalsourcechemicals.com\/is\/wp-json\/wp\/v2\/types\/product"}],"replies":[{"embeddable":true,"href":"https:\/\/globalsourcechemicals.com\/is\/wp-json\/wp\/v2\/comments?post=24192"}],"version-history":[{"count":3,"href":"https:\/\/globalsourcechemicals.com\/is\/wp-json\/wp\/v2\/product\/24192\/revisions"}],"predecessor-version":[{"id":26036,"href":"https:\/\/globalsourcechemicals.com\/is\/wp-json\/wp\/v2\/product\/24192\/revisions\/26036"}],"wp:featuredmedia":[{"embeddable":true,"href":"https:\/\/globalsourcechemicals.com\/is\/wp-json\/wp\/v2\/media\/20535"}],"wp:attachment":[{"href":"https:\/\/globalsourcechemicals.com\/is\/wp-json\/wp\/v2\/media?parent=24192"}],"wp:term":[{"taxonomy":"product_brand","embeddable":true,"href":"https:\/\/globalsourcechemicals.com\/is\/wp-json\/wp\/v2\/product_brand?post=24192"},{"taxonomy":"product_cat","embeddable":true,"href":"https:\/\/globalsourcechemicals.com\/is\/wp-json\/wp\/v2\/product_cat?post=24192"},{"taxonomy":"product_tag","embeddable":true,"href":"https:\/\/globalsourcechemicals.com\/is\/wp-json\/wp\/v2\/product_tag?post=24192"}],"curies":[{"name":"wp","href":"https:\/\/api.w.org\/{rel}","templated":true}]}}