{"id":24142,"date":"2025-04-13T17:41:08","date_gmt":"2025-04-13T17:41:08","guid":{"rendered":"https:\/\/globalsourcechemicals.com\/?post_type=product&#038;p=24142"},"modified":"2025-04-15T13:46:48","modified_gmt":"2025-04-15T13:46:48","slug":"chem-mist-1-cp-lsd-sprey","status":"publish","type":"product","link":"https:\/\/globalsourcechemicals.com\/is\/bud\/fyrirtaeki-til-fyrirtaekja\/chem-mist-1-cp-lsd-sprey\/","title":{"rendered":"Chem-mist 1cP-LSD sprey"},"content":{"rendered":"<h2><strong>Chem-mist 1cP-LSD sprey<\/strong><\/h2>\n<ul>\n<li><strong>Sm\u00e1s\u00f6luumb\u00fa\u00f0ir<br \/> <\/strong><\/li>\n<li><strong>Magn \u00ed hverjum \u00fa\u00f0a: 10 ml<\/strong><\/li>\n<li><strong>Hoeveelheid 1cP-LSD per spray: 350mcg<\/strong><\/li>\n<li><strong>Ver\u00f0 \u00e1n VSK 21%<\/strong><\/li>\n<li><strong>R\u00e1\u00f0lagt sm\u00e1s\u00f6luver\u00f0: 39,95 evrur me\u00f0 VSK<\/strong><\/li>\n<\/ul>","protected":false},"excerpt":{"rendered":"<p>Chem-mist 1cP-LSD sprey Sm\u00e1s\u00f6luumb\u00fa\u00f0ir Magn ml \u00ed hverjum \u00fa\u00f0a: 10 Magn 1cP-LSD \u00ed hverjum \u00fa\u00f0a: 350mcg Ver\u00f0 \u00e1n VSK 21% R\u00e1\u00f0lagt sm\u00e1s\u00f6luver\u00f0: \u20ac39.95<\/p>","protected":false},"featured_media":20819,"comment_status":"closed","ping_status":"closed","template":"","meta":[],"product_brand":[],"product_cat":[555],"product_tag":[326],"class_list":{"0":"post-24142","1":"product","2":"type-product","3":"status-publish","4":"has-post-thumbnail","6":"product_cat-b2b","7":"product_tag-nl","9":"first","10":"instock","11":"taxable","12":"shipping-taxable","13":"purchasable","14":"product-type-variable"},"_links":{"self":[{"href":"https:\/\/globalsourcechemicals.com\/is\/wp-json\/wp\/v2\/product\/24142","targetHints":{"allow":["GET"]}}],"collection":[{"href":"https:\/\/globalsourcechemicals.com\/is\/wp-json\/wp\/v2\/product"}],"about":[{"href":"https:\/\/globalsourcechemicals.com\/is\/wp-json\/wp\/v2\/types\/product"}],"replies":[{"embeddable":true,"href":"https:\/\/globalsourcechemicals.com\/is\/wp-json\/wp\/v2\/comments?post=24142"}],"version-history":[{"count":1,"href":"https:\/\/globalsourcechemicals.com\/is\/wp-json\/wp\/v2\/product\/24142\/revisions"}],"predecessor-version":[{"id":24166,"href":"https:\/\/globalsourcechemicals.com\/is\/wp-json\/wp\/v2\/product\/24142\/revisions\/24166"}],"wp:featuredmedia":[{"embeddable":true,"href":"https:\/\/globalsourcechemicals.com\/is\/wp-json\/wp\/v2\/media\/20819"}],"wp:attachment":[{"href":"https:\/\/globalsourcechemicals.com\/is\/wp-json\/wp\/v2\/media?parent=24142"}],"wp:term":[{"taxonomy":"product_brand","embeddable":true,"href":"https:\/\/globalsourcechemicals.com\/is\/wp-json\/wp\/v2\/product_brand?post=24142"},{"taxonomy":"product_cat","embeddable":true,"href":"https:\/\/globalsourcechemicals.com\/is\/wp-json\/wp\/v2\/product_cat?post=24142"},{"taxonomy":"product_tag","embeddable":true,"href":"https:\/\/globalsourcechemicals.com\/is\/wp-json\/wp\/v2\/product_tag?post=24142"}],"curies":[{"name":"wp","href":"https:\/\/api.w.org\/{rel}","templated":true}]}}