{"id":24134,"date":"2025-04-13T17:41:08","date_gmt":"2025-04-13T17:41:08","guid":{"rendered":"https:\/\/globalsourcechemicals.com\/?post_type=product&#038;p=24134"},"modified":"2025-04-15T13:46:50","modified_gmt":"2025-04-15T13:46:50","slug":"efnaudi-2f-dck-10-udar","status":"publish","type":"product","link":"https:\/\/globalsourcechemicals.com\/is\/bud\/fyrirtaeki-til-fyrirtaekja\/efnaudi-2f-dck-10-udar\/","title":{"rendered":"Chem-mist 2F-DCK 10% \u00fa\u00f0i"},"content":{"rendered":"<h2><strong>Chem-mist 2F-DCK 10% 10 ml \u00fa\u00f0i<\/strong><\/h2>\n<ul>\n<li><strong>Sm\u00e1s\u00f6luumb\u00fa\u00f0ir<br \/> <\/strong><\/li>\n<li><strong>Magn \u00ed hverjum \u00fa\u00f0a: 10 ml<\/strong><\/li>\n<li><strong>Magn af 2F-DCK \u00ed hverjum \u00fa\u00f0a: 1 g<\/strong><\/li>\n<li><strong>Ver\u00f0 \u00e1n VSK 21%<\/strong><\/li>\n<li><strong>R\u00e1\u00f0lagt sm\u00e1s\u00f6luver\u00f0: 39,95 evrur me\u00f0 VSK<\/strong><\/li>\n<\/ul>","protected":false},"excerpt":{"rendered":"<p>Chem-mist 2F-DCK 10% 10 ml \u00fa\u00f0i Sm\u00e1s\u00f6luumb\u00fa\u00f0ir Magn ml \u00ed hverjum \u00fa\u00f0a: 10 Magn 2F-DCK \u00ed hverjum \u00fa\u00f0a: 1 gr Ver\u00f0 \u00e1n 21%<\/p>","protected":false},"featured_media":20717,"comment_status":"closed","ping_status":"closed","template":"","meta":[],"product_brand":[],"product_cat":[555],"product_tag":[326],"class_list":{"0":"post-24134","1":"product","2":"type-product","3":"status-publish","4":"has-post-thumbnail","6":"product_cat-b2b","7":"product_tag-nl","9":"first","10":"instock","11":"taxable","12":"shipping-taxable","13":"purchasable","14":"product-type-variable"},"_links":{"self":[{"href":"https:\/\/globalsourcechemicals.com\/is\/wp-json\/wp\/v2\/product\/24134","targetHints":{"allow":["GET"]}}],"collection":[{"href":"https:\/\/globalsourcechemicals.com\/is\/wp-json\/wp\/v2\/product"}],"about":[{"href":"https:\/\/globalsourcechemicals.com\/is\/wp-json\/wp\/v2\/types\/product"}],"replies":[{"embeddable":true,"href":"https:\/\/globalsourcechemicals.com\/is\/wp-json\/wp\/v2\/comments?post=24134"}],"version-history":[{"count":1,"href":"https:\/\/globalsourcechemicals.com\/is\/wp-json\/wp\/v2\/product\/24134\/revisions"}],"predecessor-version":[{"id":24162,"href":"https:\/\/globalsourcechemicals.com\/is\/wp-json\/wp\/v2\/product\/24134\/revisions\/24162"}],"wp:featuredmedia":[{"embeddable":true,"href":"https:\/\/globalsourcechemicals.com\/is\/wp-json\/wp\/v2\/media\/20717"}],"wp:attachment":[{"href":"https:\/\/globalsourcechemicals.com\/is\/wp-json\/wp\/v2\/media?parent=24134"}],"wp:term":[{"taxonomy":"product_brand","embeddable":true,"href":"https:\/\/globalsourcechemicals.com\/is\/wp-json\/wp\/v2\/product_brand?post=24134"},{"taxonomy":"product_cat","embeddable":true,"href":"https:\/\/globalsourcechemicals.com\/is\/wp-json\/wp\/v2\/product_cat?post=24134"},{"taxonomy":"product_tag","embeddable":true,"href":"https:\/\/globalsourcechemicals.com\/is\/wp-json\/wp\/v2\/product_tag?post=24134"}],"curies":[{"name":"wp","href":"https:\/\/api.w.org\/{rel}","templated":true}]}}