{"id":24075,"date":"2025-04-13T17:41:00","date_gmt":"2025-04-13T17:41:00","guid":{"rendered":"https:\/\/globalsourcechemicals.com\/?post_type=product&#038;p=24075"},"modified":"2025-10-02T18:02:59","modified_gmt":"2025-10-02T18:02:59","slug":"1-dlsd-150mcg-thynnkutoflur","status":"publish","type":"product","link":"https:\/\/globalsourcechemicals.com\/is\/bud\/1-dags-lsd-225-mikrogromm-kulur\/1-dlsd-150mcg-thynnkutoflur\/","title":{"rendered":"1D-LSD 150mcg \u00feynnur"},"content":{"rendered":"<h1><span dir=\"auto\" style=\"vertical-align: inherit;\"><span dir=\"auto\" style=\"vertical-align: inherit;\">1DLSD 150mcg \u00feynnur \u2013 \u00d6flugt og \u00e1rei\u00f0anlegt ranns\u00f3knarefni<\/span><\/span><\/h1>\n<p><span dir=\"auto\" style=\"vertical-align: inherit;\"><span dir=\"auto\" style=\"vertical-align: inherit;\">Uppg\u00f6tva <\/span><\/span><strong><span dir=\"auto\" style=\"vertical-align: inherit;\"><span dir=\"auto\" style=\"vertical-align: inherit;\">1D-LSD 150mcg \u00feynnur<\/span><\/span><\/strong><span dir=\"auto\" style=\"vertical-align: inherit;\"><span dir=\"auto\" style=\"vertical-align: inherit;\"> , eitt umtala\u00f0asta l\u00fdsergam\u00ed\u00f0 hli\u00f0st\u00e6\u00f0a \u00ed heimi ranns\u00f3knarefna. \u00deessir h\u00e1g\u00e6\u00f0a \u00feynnur bj\u00f3\u00f0a upp \u00e1 samr\u00e6mda og n\u00e1kv\u00e6ma sk\u00f6mmtun, tilvali\u00f0 fyrir v\u00edsindaranns\u00f3knir og h\u00e1\u00fer\u00f3a\u00f0ar s\u00e1lfr\u00e6\u00f0ilegar kannanir.<\/span><\/span><\/p>\n<h2><span dir=\"auto\" style=\"vertical-align: inherit;\"><span dir=\"auto\" style=\"vertical-align: inherit;\">Af hverju a\u00f0 velja 1D-LSD?<\/span><\/span><\/h2>\n<p><span dir=\"auto\" style=\"vertical-align: inherit;\"><span dir=\"auto\" style=\"vertical-align: inherit;\">1DLSD (1D-l\u00fdserg\u00edns\u00fdrud\u00edet\u00fdlam\u00ed\u00f0) er n\u00fd og efnileg l\u00fdsergam\u00ed\u00f0 hli\u00f0st\u00e6\u00f0a \u00feekkt fyrir virkni s\u00edna. <\/span><\/span><strong><span dir=\"auto\" style=\"vertical-align: inherit;\"><span dir=\"auto\" style=\"vertical-align: inherit;\">st\u00f6\u00f0ug efnafr\u00e6\u00f0ileg uppbygging<\/span><\/span><\/strong><span dir=\"auto\" style=\"vertical-align: inherit;\"><span dir=\"auto\" style=\"vertical-align: inherit;\"> og \u00e1rei\u00f0anleg \u00e1hrif. Me\u00f0 skammti af <\/span><\/span><strong><span dir=\"auto\" style=\"vertical-align: inherit;\"><span dir=\"auto\" style=\"vertical-align: inherit;\">150 m\u00edkr\u00f3gr\u00f6mm \u00e1 hvern bletta\u00feynnu,<\/span><\/span><\/strong><span dir=\"auto\" style=\"vertical-align: inherit;\"><span dir=\"auto\" style=\"vertical-align: inherit;\"> \u00deessi vara b\u00fd\u00f0ur upp \u00e1 \u00f6fluga en samt me\u00f0f\u00e6rilega upplifun fyrir reynda v\u00edsindamenn.<\/span><\/span><\/p>\n<p><span dir=\"auto\" style=\"vertical-align: inherit;\"><span dir=\"auto\" style=\"vertical-align: inherit;\">\u00deessir blettapapp\u00edrar eru framleiddir me\u00f0 <\/span><\/span><strong><span dir=\"auto\" style=\"vertical-align: inherit;\"><span dir=\"auto\" style=\"vertical-align: inherit;\">lyfjafr\u00e6\u00f0ilega n\u00e1kv\u00e6mni<\/span><\/span><\/strong><span dir=\"auto\" style=\"vertical-align: inherit;\"><span dir=\"auto\" style=\"vertical-align: inherit;\"> , sem tryggir a\u00f0 hver eining innihaldi n\u00e1kv\u00e6man skammt. \u00deetta tryggir endurtekningarh\u00e6far ni\u00f0urst\u00f6\u00f0ur og \u00f6ruggari ranns\u00f3knarreynslu.<\/span><\/span><\/p>\n<h2><span dir=\"auto\" style=\"vertical-align: inherit;\"><span dir=\"auto\" style=\"vertical-align: inherit;\">Tilvali\u00f0 fyrir h\u00e1\u00fer\u00f3a\u00f0ar ranns\u00f3knir<\/span><\/span><\/h2>\n<p><span dir=\"auto\" style=\"vertical-align: inherit;\"><span dir=\"auto\" style=\"vertical-align: inherit;\">1DLSD er oft rannsaka\u00f0 vegna \u00feess <\/span><\/span><strong><span dir=\"auto\" style=\"vertical-align: inherit;\"><span dir=\"auto\" style=\"vertical-align: inherit;\">einstakir lyfjafr\u00e6\u00f0ilegir eiginleikar<\/span><\/span><\/strong><span dir=\"auto\" style=\"vertical-align: inherit;\"><span dir=\"auto\" style=\"vertical-align: inherit;\"> Rannsakendur meta mikils <\/span><\/span><strong><span dir=\"auto\" style=\"vertical-align: inherit;\"><span dir=\"auto\" style=\"vertical-align: inherit;\">hreinleiki og g\u00e6\u00f0i<\/span><\/span><\/strong><span dir=\"auto\" style=\"vertical-align: inherit;\"><span dir=\"auto\" style=\"vertical-align: inherit;\"> \u00feessara blettat\u00edgla, sem eru framleiddir vi\u00f0 str\u00f6ng skilyr\u00f0i \u00ed ranns\u00f3knarstofu.<\/span><\/span><\/p>\n<p><span dir=\"auto\" style=\"vertical-align: inherit;\"><span dir=\"auto\" style=\"vertical-align: inherit;\">Fyrir ge\u00f0sj\u00faklinga b\u00fd\u00f0ur 1DLSD upp \u00e1 <\/span><\/span><strong><span dir=\"auto\" style=\"vertical-align: inherit;\"><span dir=\"auto\" style=\"vertical-align: inherit;\">dj\u00fapst\u00e6\u00f0 og sj\u00e1lfssko\u00f0unarkennd reynsla<\/span><\/span><\/strong><span dir=\"auto\" style=\"vertical-align: inherit;\"><span dir=\"auto\" style=\"vertical-align: inherit;\"> , svipa\u00f0 og \u00f6nnur l\u00fdsergam\u00ed\u00f0 en me\u00f0 s\u00ednum eigin s\u00e9rst\u00f6ku eiginleikum. <\/span><\/span><strong><span dir=\"auto\" style=\"vertical-align: inherit;\"><span dir=\"auto\" style=\"vertical-align: inherit;\">150 m\u00edkr\u00f3g skammtur<\/span><\/span><\/strong><span dir=\"auto\" style=\"vertical-align: inherit;\"><span dir=\"auto\" style=\"vertical-align: inherit;\"> gerir \u00feessa v\u00f6ru s\u00e9rstaklega hentuga fyrir \u00fe\u00e1 sem hafa einhverja reynslu af ge\u00f0r\u00e6num efnum.<\/span><\/span><\/p>\n<h2><span dir=\"auto\" style=\"vertical-align: inherit;\"><span dir=\"auto\" style=\"vertical-align: inherit;\">Au\u00f0velt \u00ed notkun og n\u00e6\u00f0i h\u00f6nnun<\/span><\/span><\/h2>\n<p><span dir=\"auto\" style=\"vertical-align: inherit;\"><span dir=\"auto\" style=\"vertical-align: inherit;\">Blettirnir eru pakka\u00f0ir \u00ed <\/span><\/span><strong><span dir=\"auto\" style=\"vertical-align: inherit;\"><span dir=\"auto\" style=\"vertical-align: inherit;\">l\u00e9ttar og loft\u00fe\u00e9ttar umb\u00fa\u00f0ir<\/span><\/span><\/strong><span dir=\"auto\" style=\"vertical-align: inherit;\"><span dir=\"auto\" style=\"vertical-align: inherit;\"> til a\u00f0 tryggja st\u00f6\u00f0ugleika \u00feeirra. \u00de\u00e9tt st\u00e6r\u00f0 \u00feeirra gerir \u00feau au\u00f0veld \u00ed geymslu og n\u00e6\u00f0i \u00ed notkun.<\/span><\/span><\/p>\n<h2><span dir=\"auto\" style=\"vertical-align: inherit;\"><span dir=\"auto\" style=\"vertical-align: inherit;\">\u00d6rugg og \u00e1byrg notkun<\/span><\/span><\/h2>\n<p><span dir=\"auto\" style=\"vertical-align: inherit;\"><span dir=\"auto\" style=\"vertical-align: inherit;\">1D-LSD er \u00e6tla\u00f0 fyrir <\/span><\/span><strong><span dir=\"auto\" style=\"vertical-align: inherit;\"><span dir=\"auto\" style=\"vertical-align: inherit;\">v\u00edsindaranns\u00f3knir<\/span><\/span><\/strong><span dir=\"auto\" style=\"vertical-align: inherit;\"><span dir=\"auto\" style=\"vertical-align: inherit;\"> eing\u00f6ngu og ekki til manneldis.<\/span><\/span><\/p>\n<h3><span dir=\"auto\" style=\"vertical-align: inherit;\"><span dir=\"auto\" style=\"vertical-align: inherit;\">Mikilv\u00e6gar lei\u00f0beiningar<\/span><\/span><\/h3>\n<ul>\n<li><strong><span dir=\"auto\" style=\"vertical-align: inherit;\"><span dir=\"auto\" style=\"vertical-align: inherit;\">Byrja\u00f0u me\u00f0 l\u00e1gum skammti<\/span><\/span><\/strong><span dir=\"auto\" style=\"vertical-align: inherit;\"><span dir=\"auto\" style=\"vertical-align: inherit;\"> til a\u00f0 pr\u00f3fa einstaklingsbundna n\u00e6mi.<\/span><\/span><\/li>\n<li><strong><span dir=\"auto\" style=\"vertical-align: inherit;\"><span dir=\"auto\" style=\"vertical-align: inherit;\">Framkv\u00e6mi\u00f0 ranns\u00f3knir alltaf \u00ed \u00f6ruggu og st\u00fdr\u00f0u umhverfi.<\/span><\/span><\/strong><\/li>\n<li><strong><span dir=\"auto\" style=\"vertical-align: inherit;\"><span dir=\"auto\" style=\"vertical-align: inherit;\">Geymi\u00f0 blettat\u00edgurnar \u00e1 k\u00f6ldum, \u00feurrum sta\u00f0, \u00fear sem b\u00f6rn n\u00e1 ekki til.<\/span><\/span><\/strong><\/li>\n<\/ul>\n<h2><span dir=\"auto\" style=\"vertical-align: inherit;\"><span dir=\"auto\" style=\"vertical-align: inherit;\">Panta\u00f0u n\u00fana og sko\u00f0a\u00f0u n\u00fdja sj\u00f3ndeildarhringi<\/span><\/span><\/h2>\n<p><span dir=\"auto\" style=\"vertical-align: inherit;\"><span dir=\"auto\" style=\"vertical-align: inherit;\">Hvort sem \u00fe\u00fa ert v\u00edsindama\u00f0ur e\u00f0a reyndur s\u00e1lfr\u00e6\u00f0ingur, <\/span><\/span><strong><span dir=\"auto\" style=\"vertical-align: inherit;\"><span dir=\"auto\" style=\"vertical-align: inherit;\">1D-LSD 150mcg \u00feynnur<\/span><\/span><\/strong><span dir=\"auto\" style=\"vertical-align: inherit;\"><span dir=\"auto\" style=\"vertical-align: inherit;\"> bj\u00f3\u00f0a upp \u00e1 einstakt t\u00e6kif\u00e6ri til a\u00f0 kanna \u00feessa merkilegu saml\u00edkingu. Panta\u00f0u \u00ed dag og uppg\u00f6tva\u00f0u m\u00f6guleika \u00feessa h\u00e1\u00fer\u00f3a\u00f0a ranns\u00f3knarefnis!<\/span><\/span><\/p>\n<p><em><span dir=\"auto\" style=\"vertical-align: inherit;\"><span dir=\"auto\" style=\"vertical-align: inherit;\">Var\u00fa\u00f0: \u00deessi vara er eing\u00f6ngu \u00e6tlu\u00f0 til ranns\u00f3kna <\/span><\/span><a href=\"http:\/\/google.nl\" target=\"_blank\" rel=\"noopener\"><span dir=\"auto\" style=\"vertical-align: inherit;\"><span dir=\"auto\" style=\"vertical-align: inherit;\">og<\/span><\/span><\/a><span dir=\"auto\" style=\"vertical-align: inherit;\"><span dir=\"auto\" style=\"vertical-align: inherit;\"> Ekki \u00e6tla\u00f0 til manneldis. Geymist \u00fear sem b\u00f6rn og d\u00fdr n\u00e1 ekki til. Athugi\u00f0 alltaf gildandi reglur \u00e1\u00f0ur en panta\u00f0 er.<\/span><\/span><\/em><\/p>\n<p><a href=\"https:\/\/globalsourcechemicals.com\/is\/bud\/lysergamid\/1vlsd\/\"><span dir=\"auto\" style=\"vertical-align: inherit;\"><span dir=\"auto\" style=\"vertical-align: inherit;\">1v-lsd <\/span><\/span><\/a><a href=\"https:\/\/globalsourcechemicals.com\/is\/bud\/lysergamid\/1cp-lsd\/\"><span dir=\"auto\" style=\"vertical-align: inherit;\"><span dir=\"auto\" style=\"vertical-align: inherit;\">1cp-lsd <\/span><\/span><\/a><a href=\"https:\/\/globalsourcechemicals.com\/is\/bud\/iboga-ibogain\/iboga-rotarborkur\/\"><span dir=\"auto\" style=\"vertical-align: inherit;\"><span dir=\"auto\" style=\"vertical-align: inherit;\">iboga r\u00f3tarb\u00f6rkur<\/span><\/span><\/a><a title=\"2-CMC 250 mg k\u00falur\" href=\"https:\/\/globalsourcechemicals.com\/is\/bud\/katinon\/kaupa-2-cm\/\" target=\"_blank\" rel=\"noopener\"><span style=\"vertical-align: inherit;\"><span style=\"vertical-align: inherit;\"><span dir=\"auto\" style=\"vertical-align: inherit;\"><span dir=\"auto\" style=\"vertical-align: inherit;\">2-CMC 250 mg k\u00falur\u00a0 <\/span><\/span><\/span><\/span><\/a> <a title=\"6-CL-ADBA\" href=\"https:\/\/globalsourcechemicals.com\/is\/bud\/lysergamid\/1vlsd\/\" target=\"_blank\" rel=\"noopener\"><span style=\"vertical-align: inherit;\"><span style=\"vertical-align: inherit;\"><span dir=\"auto\" style=\"vertical-align: inherit;\"><span dir=\"auto\" style=\"vertical-align: inherit;\">6-CL-ADBA<\/span><\/span><\/span><\/span><\/a><\/p>\n<p>&nbsp;<\/p>","protected":false},"excerpt":{"rendered":"<h2><span style=\"vertical-align: inherit;\"><span style=\"vertical-align: inherit;\"><span dir=\"auto\" style=\"vertical-align: inherit;\"><span dir=\"auto\" style=\"vertical-align: inherit;\">1D-LSD 150mcg \u00feynnur<\/span><\/span><\/span><\/span><\/h2>\n<p><span style=\"vertical-align: inherit;\"><span style=\"vertical-align: inherit;\"><span dir=\"auto\" style=\"vertical-align: inherit;\"><span dir=\"auto\" style=\"vertical-align: inherit;\">1D-LSD er efni sem vi\u00f0 seljum eing\u00f6ngu \u00ed ranns\u00f3knarskyni.<\/span><\/span><\/span><\/span><\/p>","protected":false},"featured_media":27741,"comment_status":"closed","ping_status":"closed","template":"","meta":[],"product_brand":[82],"product_cat":[362,358],"product_tag":[675,452,634,632],"class_list":{"0":"post-24075","1":"product","2":"type-product","3":"status-publish","4":"has-post-thumbnail","6":"product_brand-research-chemical","7":"product_cat-1d-lsd-225mcg-pellets","8":"product_cat-lysergamides","9":"product_tag-1dlsd","10":"product_tag-de","11":"product_tag-lsd","12":"product_tag-lsd-blotter","14":"first","15":"instock","16":"taxable","17":"shipping-taxable","18":"purchasable","19":"product-type-variable"},"_links":{"self":[{"href":"https:\/\/globalsourcechemicals.com\/is\/wp-json\/wp\/v2\/product\/24075","targetHints":{"allow":["GET"]}}],"collection":[{"href":"https:\/\/globalsourcechemicals.com\/is\/wp-json\/wp\/v2\/product"}],"about":[{"href":"https:\/\/globalsourcechemicals.com\/is\/wp-json\/wp\/v2\/types\/product"}],"replies":[{"embeddable":true,"href":"https:\/\/globalsourcechemicals.com\/is\/wp-json\/wp\/v2\/comments?post=24075"}],"version-history":[{"count":6,"href":"https:\/\/globalsourcechemicals.com\/is\/wp-json\/wp\/v2\/product\/24075\/revisions"}],"predecessor-version":[{"id":28025,"href":"https:\/\/globalsourcechemicals.com\/is\/wp-json\/wp\/v2\/product\/24075\/revisions\/28025"}],"wp:featuredmedia":[{"embeddable":true,"href":"https:\/\/globalsourcechemicals.com\/is\/wp-json\/wp\/v2\/media\/27741"}],"wp:attachment":[{"href":"https:\/\/globalsourcechemicals.com\/is\/wp-json\/wp\/v2\/media?parent=24075"}],"wp:term":[{"taxonomy":"product_brand","embeddable":true,"href":"https:\/\/globalsourcechemicals.com\/is\/wp-json\/wp\/v2\/product_brand?post=24075"},{"taxonomy":"product_cat","embeddable":true,"href":"https:\/\/globalsourcechemicals.com\/is\/wp-json\/wp\/v2\/product_cat?post=24075"},{"taxonomy":"product_tag","embeddable":true,"href":"https:\/\/globalsourcechemicals.com\/is\/wp-json\/wp\/v2\/product_tag?post=24075"}],"curies":[{"name":"wp","href":"https:\/\/api.w.org\/{rel}","templated":true}]}}