{"id":23116,"date":"2025-04-13T17:39:10","date_gmt":"2025-04-13T17:39:10","guid":{"rendered":"https:\/\/globalsourcechemicals.com\/?post_type=product&#038;p=23116"},"modified":"2025-10-03T19:21:36","modified_gmt":"2025-10-03T19:21:36","slug":"etizolam-1-mg-kulur","status":"publish","type":"product","link":"https:\/\/globalsourcechemicals.com\/is\/bud\/bannad\/etizolam-1-mg-kulur\/","title":{"rendered":"Etizolam 1 MG k\u00falur"},"content":{"rendered":"<h1><strong><span dir=\"auto\" style=\"vertical-align: inherit;\"><span dir=\"auto\" style=\"vertical-align: inherit;\">Etizolam 1 MG k\u00falur \u2013 \u00de\u00edenodiazep\u00edn ranns\u00f3knarform\u00fala, ger\u00f0 \u00ed ranns\u00f3knarstofu<\/span><\/span><\/strong><\/h1>\n<h2><span dir=\"auto\" style=\"vertical-align: inherit;\"><span dir=\"auto\" style=\"vertical-align: inherit;\">Yfirlit yfir Etizolam<\/span><\/span><\/h2>\n<p><span dir=\"auto\" style=\"vertical-align: inherit;\"><span dir=\"auto\" style=\"vertical-align: inherit;\">Etizolam er t\u00eden\u00f3d\u00edazep\u00edn hli\u00f0st\u00e6\u00f0a me\u00f0 \u00f6flugum kv\u00ed\u00f0astillandi, r\u00f3andi og v\u00f6\u00f0vaslakandi eiginleikum. \u00deessar 1 mg t\u00f6flur voru \u00fer\u00f3a\u00f0ar fyrir samanbur\u00f0arranns\u00f3knir \u00e1 milliverkunum GABA-A vi\u00f0taka og taugalyfjafr\u00e6\u00f0ilegum ferlum. <\/span><\/span><a href=\"https:\/\/globalsourcechemicals.com\/is\/bud\/lysergamid\/1vlsd\/\"><span dir=\"auto\" style=\"vertical-align: inherit;\"><span dir=\"auto\" style=\"vertical-align: inherit;\">1V-LSD 150 MCG \u00feynnur<\/span><\/span><\/a><\/p>\n<h2><span dir=\"auto\" style=\"vertical-align: inherit;\"><span dir=\"auto\" style=\"vertical-align: inherit;\">V\u00f6rueiginleikar<\/span><\/span><\/h2>\n<ul>\n<li><span dir=\"auto\" style=\"vertical-align: inherit;\"><span dir=\"auto\" style=\"vertical-align: inherit;\">N\u00e1kv\u00e6mlega 1 mg af Etizolam \u00ed hverju k\u00falu (\u00b12% breytileiki)<\/span><\/span><\/li>\n<li><span dir=\"auto\" style=\"vertical-align: inherit;\"><span dir=\"auto\" style=\"vertical-align: inherit;\">B\u00fai\u00f0 til me\u00f0 \u00f6rkrist\u00f6llu\u00f0um sellul\u00f3sa<\/span><\/span><\/li>\n<li><span dir=\"auto\" style=\"vertical-align: inherit;\"><span dir=\"auto\" style=\"vertical-align: inherit;\">Lj\u00f3s\u00feolnar og raka\u00feolnar umb\u00fa\u00f0ir<\/span><\/span><\/li>\n<li><span dir=\"auto\" style=\"vertical-align: inherit;\"><span dir=\"auto\" style=\"vertical-align: inherit;\">Lotupr\u00f3fa\u00f0 fyrir:<\/span><\/span>\n<ul>\n<li><span dir=\"auto\" style=\"vertical-align: inherit;\"><span dir=\"auto\" style=\"vertical-align: inherit;\">HPLC hreinleiki (\u226598%)<\/span><\/span><\/li>\n<li><span dir=\"auto\" style=\"vertical-align: inherit;\"><span dir=\"auto\" style=\"vertical-align: inherit;\">Sta\u00f0festing \u00e1 au\u00f0kenni MS<\/span><\/span><\/li>\n<li><span dir=\"auto\" style=\"vertical-align: inherit;\"><span dir=\"auto\" style=\"vertical-align: inherit;\">\u00deyngd og st\u00e6r\u00f0 einsleitni<\/span><\/span><\/li>\n<\/ul>\n<\/li>\n<\/ul>\n<h2><span dir=\"auto\" style=\"vertical-align: inherit;\"><span dir=\"auto\" style=\"vertical-align: inherit;\">Lyfjafr\u00e6\u00f0ilegt efni<\/span><\/span><\/h2>\n<ul>\n<li><span dir=\"auto\" style=\"vertical-align: inherit;\"><span dir=\"auto\" style=\"vertical-align: inherit;\">Mikil s\u00e6kni \u00ed GABA-A vi\u00f0taka<\/span><\/span><\/li>\n<li><span dir=\"auto\" style=\"vertical-align: inherit;\"><span dir=\"auto\" style=\"vertical-align: inherit;\">S\u00e9rt\u00e6k binding vi\u00f0 \u03b11\u2013\u03b15 undirger\u00f0ir<\/span><\/span><\/li>\n<li><span dir=\"auto\" style=\"vertical-align: inherit;\"><span dir=\"auto\" style=\"vertical-align: inherit;\">Lyfjafr\u00e6\u00f0ileg virkni:<\/span><\/span>\n<ul>\n<li><span dir=\"auto\" style=\"vertical-align: inherit;\"><span dir=\"auto\" style=\"vertical-align: inherit;\">Kv\u00ed\u00f0astillandi<\/span><\/span><\/li>\n<li><span dir=\"auto\" style=\"vertical-align: inherit;\"><span dir=\"auto\" style=\"vertical-align: inherit;\">R\u00f3andi lyf<\/span><\/span><\/li>\n<li><span dir=\"auto\" style=\"vertical-align: inherit;\"><span dir=\"auto\" style=\"vertical-align: inherit;\">V\u00f6\u00f0vaslakandi<\/span><\/span><\/li>\n<\/ul>\n<\/li>\n<li><span dir=\"auto\" style=\"vertical-align: inherit;\"><span dir=\"auto\" style=\"vertical-align: inherit;\">Styttri helmingunart\u00edmi brotthvarfs en hef\u00f0bundin bens\u00f3d\u00edazep\u00edn<\/span><\/span><\/li>\n<\/ul>\n<h2><span dir=\"auto\" style=\"vertical-align: inherit;\"><span dir=\"auto\" style=\"vertical-align: inherit;\">Notkunarsvi\u00f0 \u00ed ranns\u00f3knum<\/span><\/span><\/h2>\n<ol>\n<li><strong><span dir=\"auto\" style=\"vertical-align: inherit;\"><span dir=\"auto\" style=\"vertical-align: inherit;\">Taugalyfjafr\u00e6\u00f0i<\/span><\/span><\/strong>\n<ul>\n<li><span dir=\"auto\" style=\"vertical-align: inherit;\"><span dir=\"auto\" style=\"vertical-align: inherit;\">GABA-A vi\u00f0taka milliverkanir<\/span><\/span><\/li>\n<li><span dir=\"auto\" style=\"vertical-align: inherit;\"><span dir=\"auto\" style=\"vertical-align: inherit;\">Alloster\u00edsk m\u00f3tun<\/span><\/span><\/li>\n<li><span dir=\"auto\" style=\"vertical-align: inherit;\"><span dir=\"auto\" style=\"vertical-align: inherit;\">S\u00e9rt\u00e6kni undirtegunda<\/span><\/span><\/li>\n<\/ul>\n<\/li>\n<li><strong><span dir=\"auto\" style=\"vertical-align: inherit;\"><span dir=\"auto\" style=\"vertical-align: inherit;\">Samanbur\u00f0argreining<\/span><\/span><\/strong>\n<ul>\n<li><span dir=\"auto\" style=\"vertical-align: inherit;\"><span dir=\"auto\" style=\"vertical-align: inherit;\">Samanbur\u00f0ur \u00e1 byggingar-virkni og bens\u00f3d\u00edazep\u00ednum<\/span><\/span><\/li>\n<li><span dir=\"auto\" style=\"vertical-align: inherit;\"><span dir=\"auto\" style=\"vertical-align: inherit;\">Ranns\u00f3knir \u00e1 efnaskiptaferlum<\/span><\/span><\/li>\n<\/ul>\n<\/li>\n<li><strong><span dir=\"auto\" style=\"vertical-align: inherit;\"><span dir=\"auto\" style=\"vertical-align: inherit;\">Atferlisfr\u00e6\u00f0i<\/span><\/span><\/strong>\n<ul>\n<li><span dir=\"auto\" style=\"vertical-align: inherit;\"><span dir=\"auto\" style=\"vertical-align: inherit;\">Kv\u00ed\u00f0al\u00edk\u00f6n (t.d. EPM, OFT)<\/span><\/span><\/li>\n<li><span dir=\"auto\" style=\"vertical-align: inherit;\"><span dir=\"auto\" style=\"vertical-align: inherit;\">Svefn- og v\u00f6kulotur<\/span><\/span><\/li>\n<li><span dir=\"auto\" style=\"vertical-align: inherit;\"><span dir=\"auto\" style=\"vertical-align: inherit;\">Krampab\u00e6ling<\/span><\/span><\/li>\n<\/ul>\n<\/li>\n<\/ol>\n<h2><span dir=\"auto\" style=\"vertical-align: inherit;\"><span dir=\"auto\" style=\"vertical-align: inherit;\">T\u00e6knilegar uppl\u00fdsingar<\/span><\/span><\/h2>\n<ul>\n<li><span dir=\"auto\" style=\"vertical-align: inherit;\"><span dir=\"auto\" style=\"vertical-align: inherit;\">\u00deverm\u00e1l k\u00falunnar: 2,5 mm \u00b1 0,1 mm<\/span><\/span><\/li>\n<li><span dir=\"auto\" style=\"vertical-align: inherit;\"><span dir=\"auto\" style=\"vertical-align: inherit;\">\u00deyngd: 10 mg \u00b1 0,5 mg<\/span><\/span><\/li>\n<li><span dir=\"auto\" style=\"vertical-align: inherit;\"><span dir=\"auto\" style=\"vertical-align: inherit;\">Litur: Hreint hv\u00edtt<\/span><\/span><\/li>\n<li><span dir=\"auto\" style=\"vertical-align: inherit;\"><span dir=\"auto\" style=\"vertical-align: inherit;\">Leysni: &gt;5 mg\/ml \u00ed etan\u00f3li (96%)<\/span><\/span><\/li>\n<li><span dir=\"auto\" style=\"vertical-align: inherit;\"><span dir=\"auto\" style=\"vertical-align: inherit;\">Br\u00e6\u00f0slumark: 146\u2013148\u00b0C<\/span><\/span><\/li>\n<\/ul>\n<h3><span dir=\"auto\" style=\"vertical-align: inherit;\"><span dir=\"auto\" style=\"vertical-align: inherit;\">St\u00f6\u00f0ugleikapr\u00f3f\u00edll<\/span><\/span><\/h3>\n<ul>\n<li><span dir=\"auto\" style=\"vertical-align: inherit;\"><span dir=\"auto\" style=\"vertical-align: inherit;\">Geymslu\u00feol: 36 m\u00e1nu\u00f0ir vi\u00f0 15\u201325\u00b0C<\/span><\/span><\/li>\n<li><span dir=\"auto\" style=\"vertical-align: inherit;\"><span dir=\"auto\" style=\"vertical-align: inherit;\">Lj\u00f3s\u00feol: &lt;1% ni\u00f0urbrot\/\u00e1r<\/span><\/span><\/li>\n<li><span dir=\"auto\" style=\"vertical-align: inherit;\"><span dir=\"auto\" style=\"vertical-align: inherit;\">Rakainnihald: &lt;0,5% (Karl Fischer)<\/span><\/span><\/li>\n<\/ul>\n<h2><span dir=\"auto\" style=\"vertical-align: inherit;\"><span dir=\"auto\" style=\"vertical-align: inherit;\">Skammtalei\u00f0beiningar (eing\u00f6ngu til vi\u00f0mi\u00f0unar)<\/span><\/span><\/h2>\n<ul>\n<li><span dir=\"auto\" style=\"vertical-align: inherit;\"><span dir=\"auto\" style=\"vertical-align: inherit;\">\u00cd tilraunaglasi: 10\u20131000 nM<\/span><\/span><\/li>\n<li><span dir=\"auto\" style=\"vertical-align: inherit;\"><span dir=\"auto\" style=\"vertical-align: inherit;\">Forkl\u00edn\u00edskt: 0,05\u20130,5 mg\/kg<\/span><\/span><\/li>\n<li><span dir=\"auto\" style=\"vertical-align: inherit;\"><span dir=\"auto\" style=\"vertical-align: inherit;\">Heg\u00f0unarl\u00edk\u00f6n: 0,1\u20131,0 mg\/kg<\/span><\/span><\/li>\n<\/ul>\n<h2><span dir=\"auto\" style=\"vertical-align: inherit;\"><span dir=\"auto\" style=\"vertical-align: inherit;\">Uppl\u00fdsingar um \u00f6ryggi og geymslu<\/span><\/span><\/h2>\n<ul>\n<li><span dir=\"auto\" style=\"vertical-align: inherit;\"><span dir=\"auto\" style=\"vertical-align: inherit;\">Geymi\u00f0 \u00ed lj\u00f3s\u00feolnum umb\u00fa\u00f0um<\/span><\/span><\/li>\n<li><span dir=\"auto\" style=\"vertical-align: inherit;\"><span dir=\"auto\" style=\"vertical-align: inherit;\">Rakastig &lt;40%<\/span><\/span><\/li>\n<li><span dir=\"auto\" style=\"vertical-align: inherit;\"><span dir=\"auto\" style=\"vertical-align: inherit;\">Hitastig \u00e1 bilinu 15\u201325\u00b0C<\/span><\/span><\/li>\n<li><span dir=\"auto\" style=\"vertical-align: inherit;\"><span dir=\"auto\" style=\"vertical-align: inherit;\">Samh\u00e6ft vi\u00f0 PBS, NaCl 0.9% <\/span><\/span><a href=\"https:\/\/globalsourcechemicals.com\/is\/bud\/pellets\/o-dsmt-50-mg-kulur\/\"><span dir=\"auto\" style=\"vertical-align: inherit;\"><span dir=\"auto\" style=\"vertical-align: inherit;\">O-DSMT 50 mg k\u00falur<\/span><\/span><\/a><\/li>\n<\/ul>\n<h2><span dir=\"auto\" style=\"vertical-align: inherit;\"><span dir=\"auto\" style=\"vertical-align: inherit;\">Skj\u00f6lun vi\u00f0 afhendingu<\/span><\/span><\/h2>\n<ul>\n<li><span dir=\"auto\" style=\"vertical-align: inherit;\"><span dir=\"auto\" style=\"vertical-align: inherit;\">Sam\u00feykktarvottor\u00f0 me\u00f0:<\/span><\/span>\n<ul>\n<li><span dir=\"auto\" style=\"vertical-align: inherit;\"><span dir=\"auto\" style=\"vertical-align: inherit;\">Hreinleiki<\/span><\/span><\/li>\n<li><span dir=\"auto\" style=\"vertical-align: inherit;\"><span dir=\"auto\" style=\"vertical-align: inherit;\">Var\u00f0veislut\u00edmi<\/span><\/span><\/li>\n<li><span dir=\"auto\" style=\"vertical-align: inherit;\"><span dir=\"auto\" style=\"vertical-align: inherit;\">Massagreining<\/span><\/span><\/li>\n<\/ul>\n<\/li>\n<li><span dir=\"auto\" style=\"vertical-align: inherit;\"><span dir=\"auto\" style=\"vertical-align: inherit;\">\u00d6ryggisbla\u00f0 (SDS) samkv\u00e6mt GHS<\/span><\/span><\/li>\n<li><span dir=\"auto\" style=\"vertical-align: inherit;\"><span dir=\"auto\" style=\"vertical-align: inherit;\">T\u00e6knibla\u00f0 me\u00f0:<\/span><\/span>\n<ul>\n<li><span dir=\"auto\" style=\"vertical-align: inherit;\"><span dir=\"auto\" style=\"vertical-align: inherit;\">St\u00f6\u00f0ugleikag\u00f6gn<\/span><\/span><\/li>\n<li><span dir=\"auto\" style=\"vertical-align: inherit;\"><span dir=\"auto\" style=\"vertical-align: inherit;\">Till\u00f6gur a\u00f0 tilraunah\u00f6nnun<\/span><\/span><\/li>\n<li><span dir=\"auto\" style=\"vertical-align: inherit;\"><span dir=\"auto\" style=\"vertical-align: inherit;\">Leysnigreining<\/span><\/span><\/li>\n<\/ul>\n<\/li>\n<\/ul>\n<p><em><span dir=\"auto\" style=\"vertical-align: inherit;\"><span dir=\"auto\" style=\"vertical-align: inherit;\">Eing\u00f6ngu \u00ed v\u00edsindalegum tilgangi. Ekki hentugt til l\u00e6kninga, greiningar e\u00f0a manneldisneyslu. <\/span><\/span><a href=\"https:\/\/globalsourcechemicals.com\/is\/bud\/top-10-research-chemicals\/caluanie-muelear-oxun\/\"><span dir=\"auto\" style=\"vertical-align: inherit;\"><span dir=\"auto\" style=\"vertical-align: inherit;\">Caluanie Muelear Oxidize<\/span><\/span><\/a><\/em><\/p>","protected":false},"excerpt":{"rendered":"<h2><span style=\"vertical-align: inherit;\"><span style=\"vertical-align: inherit;\"><span dir=\"auto\" style=\"vertical-align: inherit;\"><span dir=\"auto\" style=\"vertical-align: inherit;\">Etizolam pellets properties<\/span><\/span><\/span><\/span><\/h2>\n<p><strong><span style=\"vertical-align: inherit;\"><span style=\"vertical-align: inherit;\"><span dir=\"auto\" style=\"vertical-align: inherit;\"><span dir=\"auto\" style=\"vertical-align: inherit;\">Synonym<\/span><\/span><\/span><\/span><\/strong><span style=\"vertical-align: inherit;\"><span style=\"vertical-align: inherit;\"><span dir=\"auto\" style=\"vertical-align: inherit;\"><span dir=\"auto\" style=\"vertical-align: inherit;\"> : 4-(2-chlorophenyl)-2-ethyl-9-methyl-6H-thieno[3,2-f][1,2,4]triazolo[4,3-a][1,4]diazepine <\/span><\/span><\/span><\/span><br \/>\n<strong><span style=\"vertical-align: inherit;\"><span style=\"vertical-align: inherit;\"><span dir=\"auto\" style=\"vertical-align: inherit;\"><span dir=\"auto\" style=\"vertical-align: inherit;\">CAS Number<\/span><\/span><\/span><\/span><\/strong><span style=\"vertical-align: inherit;\"><span style=\"vertical-align: inherit;\"><span dir=\"auto\" style=\"vertical-align: inherit;\"><span dir=\"auto\" style=\"vertical-align: inherit;\"> : 40054-69-1 <\/span><\/span><\/span><\/span><br \/>\n<strong><span style=\"vertical-align: inherit;\"><span style=\"vertical-align: inherit;\"><span dir=\"auto\" style=\"vertical-align: inherit;\"><span dir=\"auto\" style=\"vertical-align: inherit;\">Formula<\/span><\/span><\/span><\/span><\/strong><span style=\"vertical-align: inherit;\"><span style=\"vertical-align: inherit;\"><span dir=\"auto\" style=\"vertical-align: inherit;\"><span dir=\"auto\" style=\"vertical-align: inherit;\"> : C17H15ClN4S <\/span><\/span><\/span><\/span><br \/>\n<strong><span style=\"vertical-align: inherit;\"><span style=\"vertical-align: inherit;\"><span dir=\"auto\" style=\"vertical-align: inherit;\"><span dir=\"auto\" style=\"vertical-align: inherit;\">Molar mass<\/span><\/span><\/span><\/span><\/strong><span style=\"vertical-align: inherit;\"><span style=\"vertical-align: inherit;\"><span dir=\"auto\" style=\"vertical-align: inherit;\"><span dir=\"auto\" style=\"vertical-align: inherit;\"> : 342.8 g\/mol <\/span><\/span><\/span><\/span><br \/>\n<strong><span style=\"vertical-align: inherit;\"><span style=\"vertical-align: inherit;\"><span dir=\"auto\" style=\"vertical-align: inherit;\"><span dir=\"auto\" style=\"vertical-align: inherit;\">Purity<\/span><\/span><\/span><\/span><\/strong><span style=\"vertical-align: inherit;\"><span style=\"vertical-align: inherit;\"><span dir=\"auto\" style=\"vertical-align: inherit;\"><span dir=\"auto\" style=\"vertical-align: inherit;\"> : \u2265 99%<\/span><\/span><\/span><\/span><\/p>\n","protected":false},"featured_media":28491,"comment_status":"closed","ping_status":"closed","template":"","meta":[],"product_brand":[82],"product_cat":[488],"product_tag":[917,326],"class_list":{"0":"post-23116","1":"product","2":"type-product","3":"status-publish","4":"has-post-thumbnail","6":"product_brand-research-chemical","7":"product_cat-verboden","8":"product_tag-etizolam","9":"product_tag-nl","11":"first","12":"instock","13":"taxable","14":"shipping-taxable","15":"purchasable","16":"product-type-simple"},"_links":{"self":[{"href":"https:\/\/globalsourcechemicals.com\/is\/wp-json\/wp\/v2\/product\/23116","targetHints":{"allow":["GET"]}}],"collection":[{"href":"https:\/\/globalsourcechemicals.com\/is\/wp-json\/wp\/v2\/product"}],"about":[{"href":"https:\/\/globalsourcechemicals.com\/is\/wp-json\/wp\/v2\/types\/product"}],"replies":[{"embeddable":true,"href":"https:\/\/globalsourcechemicals.com\/is\/wp-json\/wp\/v2\/comments?post=23116"}],"version-history":[{"count":6,"href":"https:\/\/globalsourcechemicals.com\/is\/wp-json\/wp\/v2\/product\/23116\/revisions"}],"predecessor-version":[{"id":28492,"href":"https:\/\/globalsourcechemicals.com\/is\/wp-json\/wp\/v2\/product\/23116\/revisions\/28492"}],"wp:featuredmedia":[{"embeddable":true,"href":"https:\/\/globalsourcechemicals.com\/is\/wp-json\/wp\/v2\/media\/28491"}],"wp:attachment":[{"href":"https:\/\/globalsourcechemicals.com\/is\/wp-json\/wp\/v2\/media?parent=23116"}],"wp:term":[{"taxonomy":"product_brand","embeddable":true,"href":"https:\/\/globalsourcechemicals.com\/is\/wp-json\/wp\/v2\/product_brand?post=23116"},{"taxonomy":"product_cat","embeddable":true,"href":"https:\/\/globalsourcechemicals.com\/is\/wp-json\/wp\/v2\/product_cat?post=23116"},{"taxonomy":"product_tag","embeddable":true,"href":"https:\/\/globalsourcechemicals.com\/is\/wp-json\/wp\/v2\/product_tag?post=23116"}],"curies":[{"name":"wp","href":"https:\/\/api.w.org\/{rel}","templated":true}]}}