{"id":27212,"date":"2025-08-14T11:18:23","date_gmt":"2025-08-14T11:18:23","guid":{"rendered":"https:\/\/globalsourcechemicals.com\/?page_id=27212"},"modified":"2025-10-03T19:30:27","modified_gmt":"2025-10-03T19:30:27","slug":"greida","status":"publish","type":"page","link":"https:\/\/globalsourcechemicals.com\/is\/greida\/","title":{"rendered":"Borga"},"content":{"rendered":"<p><strong>\u00dea\u00f0 er flj\u00f3tlegt og \u00f6ruggt a\u00f0 grei\u00f0a \u00e1 globalsourcechemicals.com.<\/strong><br>\u00c1 globalsourcechemicals.com getur \u00fe\u00fa greitt au\u00f0veldlega og \u00f6rugglega. Vi\u00f0 bj\u00f3\u00f0um upp \u00e1 \u00fdmsar grei\u00f0slum\u00e1ta svo \u00fe\u00fa getir fengi\u00f0 p\u00f6ntunina \u00fe\u00edna eins flj\u00f3tt og au\u00f0i\u00f0 er.<\/p>\n\n\n\n<p><strong>Nota\u00f0u eina af grei\u00f0slum\u00e1tunum h\u00e9r a\u00f0 ne\u00f0an og f\u00e1\u00f0u p\u00f6ntunina \u00fe\u00edna senda eins flj\u00f3tt og au\u00f0i\u00f0 er.<\/strong><br>\u00de\u00fa getur vali\u00f0 \u00far nokkrum grei\u00f0slum\u00f6guleikum. Veldu \u00fe\u00e1 a\u00f0fer\u00f0 sem hentar \u00fe\u00e9r best til a\u00f0 tryggja a\u00f0 p\u00f6ntunin \u00fe\u00edn ver\u00f0i afhent flj\u00f3tt.<\/p>\n\n\n\n<p><strong>Gastu ekki loki\u00f0 grei\u00f0slunni \u00e1 netinu og vilt samt gera \u00fea\u00f0? \u00de\u00e1 skaltu millif\u00e6ra hana handvirkt:<\/strong><br>Ef \u00fe\u00fa lendir \u00ed vandr\u00e6\u00f0um me\u00f0 a\u00f0 lj\u00faka netgrei\u00f0slunni getur\u00f0u vali\u00f0 a\u00f0 millif\u00e6ra upph\u00e6\u00f0ina handvirkt.<\/p>\n\n\n\n<p><strong>ATHUGI\u00d0! \u00de\u00fa f\u00e6r\u00f0 sj\u00e1lfvirka tilkynningu ef grei\u00f0slan \u00fe\u00edn gengur vel. Vi\u00f0 vinnum \u00feetta handvirkt og athugum bankareikninginn okkar nokkrum sinnum \u00e1 dag.<\/strong><br>Athugi\u00f0! \u00deegar grei\u00f0slan \u00fe\u00edn hefur veri\u00f0 m\u00f3ttekin f\u00e6r\u00f0u sta\u00f0festingarskilabo\u00f0. Vi\u00f0 vinnum \u00far grei\u00f0slum handvirkt og athugum bankareikninginn okkar nokkrum sinnum \u00e1 dag til a\u00f0 tryggja a\u00f0 allt gangi vel.<\/p>\n\n\n\n<p><strong>Tilt\u00e6kar grei\u00f0slum\u00e1ta:<\/strong><br>H\u00e9r eru grei\u00f0slum\u00f6guleikarnir sem vi\u00f0 bj\u00f3\u00f0um upp \u00e1 n\u00fana:<\/p>\n\n\n\n<ul class=\"wp-block-list\">\n<li><strong>iDeal<\/strong>&nbsp;(<em>Ekki tilt\u00e6kt t\u00edmabundi\u00f0<\/em>)<br>Vins\u00e6l grei\u00f0slum\u00e1ti \u00ed Hollandi. Ekki \u00ed bo\u00f0i eins og er.<\/li>\n\n\n\n<li><strong>Strax<\/strong>&nbsp;(<em>Ekki tilt\u00e6kt t\u00edmabundi\u00f0<\/em>)<br>V\u00ed\u00f0t\u00e6k grei\u00f0slum\u00e1ti \u00ed \u00de\u00fdskalandi og \u00f6\u00f0rum Evr\u00f3pul\u00f6ndum. Ekki \u00ed bo\u00f0i t\u00edmabundi\u00f0.<\/li>\n\n\n\n<li><strong>Bancontact<\/strong>&nbsp;(<em>Ekki tilt\u00e6kt t\u00edmabundi\u00f0<\/em>)<br>Algengasta grei\u00f0slum\u00e1tinn \u00ed Belg\u00edu. Ekki \u00ed bo\u00f0i eins og er.<\/li>\n\n\n\n<li><strong>Kreditkort (VISA \/ MasterCard) (\u00ed gegnum Cointopay)<\/strong><br>Borga\u00f0u me\u00f0 VISA e\u00f0a MasterCard kortinu \u00fe\u00ednu \u00ed gegnum grei\u00f0sluveituna Cointopay.<\/li>\n\n\n\n<li><strong>Handvirk millif\u00e6rsla<\/strong><br>Millif\u00e6ri\u00f0 upph\u00e6\u00f0ina handvirkt inn \u00e1 bankareikning okkar \u00ed Hollandi. \u00deetta er g\u00f3\u00f0ur kostur ef \u00fe\u00fa k\u00fdst hef\u00f0bundna bankamillif\u00e6rslu.<\/li>\n\n\n\n<li><strong>Borga me\u00f0 dulritunargjaldmi\u00f0li<\/strong><br>Borga\u00f0u me\u00f0 dulritunargjaldmi\u00f0lum fyrir hra\u00f0a og \u00f6rugga f\u00e6rslu.<\/li>\n<\/ul>\n\n\n\n<p><br><strong>Ni\u00f0ursta\u00f0a:<\/strong><\/p>\n\n\n\n<ul class=\"wp-block-list\">\n<li>\n<ul class=\"wp-block-list\">\n<li><\/li>\n<\/ul>\n<\/li>\n<\/ul>","protected":false},"excerpt":{"rendered":"<p>Betalen bij globalsourcechemicals.com doe je snel en veilig.Bij globalsourcechemicals.com kun je eenvoudig en veilig betalen. We bieden verschillende betaalmethodes aan,<\/p>","protected":false},"author":1,"featured_media":0,"parent":0,"menu_order":0,"comment_status":"closed","ping_status":"closed","template":"","meta":{"footnotes":""},"class_list":["post-27212","page","type-page","status-publish","hentry"],"_links":{"self":[{"href":"https:\/\/globalsourcechemicals.com\/is\/wp-json\/wp\/v2\/pages\/27212","targetHints":{"allow":["GET"]}}],"collection":[{"href":"https:\/\/globalsourcechemicals.com\/is\/wp-json\/wp\/v2\/pages"}],"about":[{"href":"https:\/\/globalsourcechemicals.com\/is\/wp-json\/wp\/v2\/types\/page"}],"author":[{"embeddable":true,"href":"https:\/\/globalsourcechemicals.com\/is\/wp-json\/wp\/v2\/users\/1"}],"replies":[{"embeddable":true,"href":"https:\/\/globalsourcechemicals.com\/is\/wp-json\/wp\/v2\/comments?post=27212"}],"version-history":[{"count":3,"href":"https:\/\/globalsourcechemicals.com\/is\/wp-json\/wp\/v2\/pages\/27212\/revisions"}],"predecessor-version":[{"id":28531,"href":"https:\/\/globalsourcechemicals.com\/is\/wp-json\/wp\/v2\/pages\/27212\/revisions\/28531"}],"wp:attachment":[{"href":"https:\/\/globalsourcechemicals.com\/is\/wp-json\/wp\/v2\/media?parent=27212"}],"curies":[{"name":"wp","href":"https:\/\/api.w.org\/{rel}","templated":true}]}}