{"id":27204,"date":"2025-08-14T10:59:23","date_gmt":"2025-08-14T10:59:23","guid":{"rendered":"https:\/\/globalsourcechemicals.com\/?page_id=27204"},"modified":"2025-10-03T19:35:52","modified_gmt":"2025-10-03T19:35:52","slug":"rettur-til-afturkollunar","status":"publish","type":"page","link":"https:\/\/globalsourcechemicals.com\/is\/rettur-til-afturkollunar\/","title":{"rendered":"R\u00e9ttur til a\u00f0 h\u00e6tta vi\u00f0"},"content":{"rendered":"<p>Sem vi\u00f0skiptavinur hefur \u00fe\u00fa r\u00e9tt til a\u00f0 n\u00fdta \u00fe\u00e9r r\u00e9tt \u00feinn til a\u00f0 h\u00e6tta vi\u00f0 p\u00f6ntun innan 14 daga fr\u00e1 m\u00f3tt\u00f6ku p\u00f6ntunar \u00e1n \u00feess a\u00f0 gefa upp \u00e1st\u00e6\u00f0u. \u00de\u00e9r er heimilt a\u00f0 pakka upp e\u00f0a pr\u00f3fa m\u00f3tteknar v\u00f6rur a\u00f0 \u00fev\u00ed marki sem nau\u00f0synlegt er til a\u00f0 meta eiginleika \u00feeirra, einkenni og virkni. Ef \u00fe\u00fa \u00e1kve\u00f0ur a\u00f0 n\u00fdta \u00fe\u00e9r r\u00e9tt \u00feinn til a\u00f0 h\u00e6tta vi\u00f0 p\u00f6ntun ver\u00f0ur \u00fe\u00fa a\u00f0 me\u00f0h\u00f6ndla v\u00f6rurnar af var\u00fa\u00f0 og skila \u00feeim til globalsourcechemicals \u00ed upprunalegu \u00e1standi og umb\u00fa\u00f0um. Kaupandi ber \u00e1byrg\u00f0 \u00e1 kostna\u00f0i vi\u00f0 a\u00f0 skila v\u00f6runum. Vinsamlegast v\u00edsa\u00f0u til lei\u00f0beininga okkar um skil og skipti fyrir frekari uppl\u00fdsingar um skil \u00e1 v\u00f6rum.<\/p>\n\n\n\n<p>Undantekningar fyrir v\u00f6rur sem skemmast vi\u00f0 og eru hreinl\u00e6tisv\u00f6rur<br>V\u00f6rur keyptar fr\u00e1 globalsourcechemicals me\u00f0 takmarka\u00f0an geymslu\u00feol (eins og hreinl\u00e6tisv\u00f6rur e\u00f0a s\u00e9rsni\u00f0nar v\u00f6rur) er ekki h\u00e6gt a\u00f0 skila ef innsigli er rofi\u00f0 eftir afhendingu. R\u00e9ttur til a\u00f0 h\u00e6tta vi\u00f0 kaup \u00e1 v\u00f6rum \u00e1 ekki vi\u00f0 um \u00feennan flokk v\u00f6ru. Salan er endanleg \u00feegar grei\u00f0sla hefur veri\u00f0 loki\u00f0, eins og sk\u00fdrt er teki\u00f0 fram \u00ed tilbo\u00f0i okkar.<\/p>","protected":false},"excerpt":{"rendered":"<p>Als klant heeft u de mogelijkheid om binnen een termijn van 14 dagen na ontvangst van uw bestelling zonder opgave<\/p>","protected":false},"author":1,"featured_media":0,"parent":0,"menu_order":0,"comment_status":"closed","ping_status":"closed","template":"","meta":{"footnotes":""},"class_list":["post-27204","page","type-page","status-publish","hentry"],"_links":{"self":[{"href":"https:\/\/globalsourcechemicals.com\/is\/wp-json\/wp\/v2\/pages\/27204","targetHints":{"allow":["GET"]}}],"collection":[{"href":"https:\/\/globalsourcechemicals.com\/is\/wp-json\/wp\/v2\/pages"}],"about":[{"href":"https:\/\/globalsourcechemicals.com\/is\/wp-json\/wp\/v2\/types\/page"}],"author":[{"embeddable":true,"href":"https:\/\/globalsourcechemicals.com\/is\/wp-json\/wp\/v2\/users\/1"}],"replies":[{"embeddable":true,"href":"https:\/\/globalsourcechemicals.com\/is\/wp-json\/wp\/v2\/comments?post=27204"}],"version-history":[{"count":3,"href":"https:\/\/globalsourcechemicals.com\/is\/wp-json\/wp\/v2\/pages\/27204\/revisions"}],"predecessor-version":[{"id":28532,"href":"https:\/\/globalsourcechemicals.com\/is\/wp-json\/wp\/v2\/pages\/27204\/revisions\/28532"}],"wp:attachment":[{"href":"https:\/\/globalsourcechemicals.com\/is\/wp-json\/wp\/v2\/media?parent=27204"}],"curies":[{"name":"wp","href":"https:\/\/api.w.org\/{rel}","templated":true}]}}