{"id":27449,"date":"2025-09-02T16:11:46","date_gmt":"2025-09-02T16:11:46","guid":{"rendered":"https:\/\/globalsourcechemicals.com\/?post_type=product&#038;p=27449"},"modified":"2025-09-02T16:11:47","modified_gmt":"2025-09-02T16:11:47","slug":"fentanil","status":"publish","type":"product","link":"https:\/\/globalsourcechemicals.com\/hr\/ducan\/okategoriserad\/fentanil\/","title":{"rendered":"fentanil"},"content":{"rendered":"<h3 data-start=\"230\" data-end=\"288\">Fentanil \u2013 Informacije o proizvodu (neutralne i informativne)<\/h3>\n<p data-start=\"290\" data-end=\"722\"><strong data-start=\"290\" data-end=\"316\">Op\u0107i opis:<\/strong><br data-start=\"316\" data-end=\"319\" \/>Fentanil je sintetski opioid koji se koristi kao sna\u017ean analgetik. Pripada skupini opioidnih analgetika i mnogo je puta ja\u010di od morfija. Zbog svoje visoke u\u010dinkovitosti, fentanil se koristi u medicini za lije\u010denje jake i dugotrajne boli, na primjer nakon operacije, raka ili kod pacijenata koji ne reagiraju adekvatno na druge analgetike.<\/p>\n<p data-start=\"724\" data-end=\"991\"><strong data-start=\"724\" data-end=\"747\">Mehanizam djelovanja:<\/strong><br data-start=\"747\" data-end=\"750\" \/>Fentanil djeluje vezanjem na opioidne receptore u sredi\u0161njem \u017eiv\u010danom sustavu. To smanjuje percepciju boli i \u010desto izaziva osje\u0107aj opu\u0161tanja. Lijek mo\u017ee brzo djelovati, ovisno o obliku doziranja.<\/p>\n<p data-start=\"993\" data-end=\"1095\"><strong data-start=\"993\" data-end=\"1015\">Oblici doziranja:<\/strong><br data-start=\"1015\" data-end=\"1018\" \/>Fentanil je dostupan u nekoliko farmaceutskih oblika, uklju\u010duju\u0107i:<\/p>\n<ul data-start=\"1096\" data-end=\"1287\">\n<li data-start=\"1096\" data-end=\"1154\">\n<p data-start=\"1098\" data-end=\"1154\">Injekcije (za lije\u010denje akutne boli u bolnicama)<\/p>\n<\/li>\n<li data-start=\"1155\" data-end=\"1214\">\n<p data-start=\"1157\" data-end=\"1214\">Flasteri (transdermalni, za kontinuirano ubla\u017eavanje boli)<\/p>\n<\/li>\n<li data-start=\"1215\" data-end=\"1287\">\n<p data-start=\"1217\" data-end=\"1287\">Pastile ili nazalni sprejevi (za probojnu bol kod pacijenata s rakom)<\/p>\n<\/li>\n<\/ul>\n<p data-start=\"1289\" data-end=\"1317\"><strong data-start=\"1289\" data-end=\"1315\">Medicinske primjene:<\/strong><\/p>\n<ul data-start=\"1318\" data-end=\"1482\">\n<li data-start=\"1318\" data-end=\"1372\">\n<p data-start=\"1320\" data-end=\"1372\">Jaka kroni\u010dna bol (npr. zbog raka)<\/p>\n<\/li>\n<li data-start=\"1373\" data-end=\"1400\">\n<p data-start=\"1375\" data-end=\"1400\">Bol nakon ve\u0107e operacije<\/p>\n<\/li>\n<li data-start=\"1401\" data-end=\"1482\">\n<p data-start=\"1403\" data-end=\"1482\">Lije\u010denje boli kod pacijenata koji su postali tolerantni na druge opioide<\/p>\n<\/li>\n<\/ul>\n<p data-start=\"1484\" data-end=\"1805\"><strong data-start=\"1484\" data-end=\"1527\">Va\u017ena upozorenja i rizici:<\/strong><br data-start=\"1527\" data-end=\"1530\" \/>Iako je fentanil vrlo u\u010dinkovit, nosi zna\u010dajne rizike, uklju\u010duju\u0107i respiratornu depresiju, ovisnost i predoziranje. Stoga se fentanil smije koristiti samo pod strogim lije\u010dni\u010dkim nadzorom. Zlouporaba ovog lijeka mo\u017ee biti opasna po \u017eivot.<\/p>\n<p data-start=\"1807\" data-end=\"2037\"><strong data-start=\"1807\" data-end=\"1821\">Zaklju\u010dak:<\/strong><br data-start=\"1821\" data-end=\"1824\" \/>Fentanil je izuzetno sna\u017ean lijek koji je vrlo vrijedan u lije\u010denju boli, pod uvjetom da se koristi pravilno i pa\u017eljivo. Njegova upotreba je strogo regulirana i uvijek podlije\u017ee lije\u010dni\u010dkom receptu.<\/p>\n<p data-start=\"1807\" data-end=\"2037\">\n<h2 data-start=\"139\" data-end=\"177\">\u010cesto postavljana pitanja o fentanilu<\/h2>\n<p data-start=\"179\" data-end=\"413\"><strong data-start=\"179\" data-end=\"202\">1. \u0160to je fentanil?<\/strong><br data-start=\"202\" data-end=\"205\" \/>Fentanil je sintetski opioid koji se koristi u medicini za lije\u010denje jake boli. Mnogo je ja\u010di od morfija i propisuje se kada drugi lijekovi protiv bolova nisu u\u010dinkoviti.<\/p>\n<p data-start=\"415\" data-end=\"717\"><strong data-start=\"415\" data-end=\"477\">2. Kako se fentanil koristi u medicinskom lije\u010denju?<\/strong><br data-start=\"477\" data-end=\"480\" \/>Lije\u010dnici propisuju fentanil pacijentima s kroni\u010dnom, jakom boli, poput boli uzrokovane rakom, ili nakon ve\u0107e operacije. Mo\u017ee se primijeniti kao injekcija, flaster, pastila ili nazalni sprej, ovisno o pacijentovoj situaciji.<\/p>\n<p data-start=\"719\" data-end=\"978\"><strong data-start=\"719\" data-end=\"773\">3. Za\u0161to se fentanil smatra opasnim?<\/strong><br data-start=\"773\" data-end=\"776\" \/>Budu\u0107i da je izuzetno jak, \u010dak i male koli\u010dine fentanila mogu uzrokovati po \u017eivot opasne probleme s disanjem. Zlouporaba ili slu\u010dajno predoziranje nose zna\u010dajan rizik.<\/p>\n<p data-start=\"980\" data-end=\"1186\"><strong data-start=\"980\" data-end=\"1016\">4. Mo\u017ee li fentanil izazvati ovisnost?<\/strong><br data-start=\"1016\" data-end=\"1019\" \/>Da. Kao i drugi opioidi, fentanil mo\u017ee uzrokovati ovisnost. Pacijente koji koriste fentanil treba pa\u017eljivo pratiti lije\u010dnik.<\/p>\n<p data-start=\"1188\" data-end=\"1436\"><strong data-start=\"1188\" data-end=\"1251\">5. Koje su naj\u010de\u0161\u0107e nuspojave fentanila?<\/strong><br data-start=\"1251\" data-end=\"1254\" \/>Mogu\u0107e nuspojave uklju\u010duju pospanost, mu\u010dninu, zatvor, zbunjenost i vrtoglavicu. Ozbiljne nuspojave uklju\u010duju usporeno disanje, \u0161to mo\u017ee biti fatalno.<\/p>\n<p data-start=\"1438\" data-end=\"1690\"><strong data-start=\"1438\" data-end=\"1492\">6. Kako se mo\u017ee sprije\u010diti zlouporaba fentanila?<\/strong><br data-start=\"1492\" data-end=\"1495\" \/>Fentanil se smije koristiti samo pod strogim lije\u010dni\u010dkim nadzorom. Pacijenti trebaju pa\u017eljivo slijediti upute lije\u010dnika, sigurno \u010duvati lijek i nikada ga ne dijeliti s drugima.<\/p>\n<p data-start=\"1692\" data-end=\"2007\"><strong data-start=\"1692\" data-end=\"1757\">7. Je li farmaceutski fentanil isto \u0161to i ilegalni fentanil?<\/strong><br data-start=\"1757\" data-end=\"1760\" \/>Ne. Farmaceutski fentanil proizvodi se prema strogim medicinskim standardima i propisuju ga samo lije\u010dnici. Ilegalni fentanil, koji se \u010desto mije\u0161a s drugim drogama, vode\u0107i je uzrok predoziranja i smrti diljem svijeta.<\/p>","protected":false},"excerpt":{"rendered":"<p>Fentanyl \u2013 Productinformatie (Neutraal en Informatief) Algemene beschrijving:Fentanyl is een synthetisch opio\u00efd dat wordt gebruikt als sterk pijnstillend middel. Het<\/p>","protected":false},"featured_media":0,"comment_status":"open","ping_status":"closed","template":"","meta":[],"product_brand":[],"product_cat":[1085],"product_tag":[],"class_list":{"0":"post-27449","1":"product","2":"type-product","3":"status-publish","5":"product_cat-okategoriserad","7":"first","8":"instock","9":"taxable","10":"shipping-taxable","11":"purchasable","12":"product-type-variable"},"_links":{"self":[{"href":"https:\/\/globalsourcechemicals.com\/hr\/wp-json\/wp\/v2\/product\/27449","targetHints":{"allow":["GET"]}}],"collection":[{"href":"https:\/\/globalsourcechemicals.com\/hr\/wp-json\/wp\/v2\/product"}],"about":[{"href":"https:\/\/globalsourcechemicals.com\/hr\/wp-json\/wp\/v2\/types\/product"}],"replies":[{"embeddable":true,"href":"https:\/\/globalsourcechemicals.com\/hr\/wp-json\/wp\/v2\/comments?post=27449"}],"version-history":[{"count":1,"href":"https:\/\/globalsourcechemicals.com\/hr\/wp-json\/wp\/v2\/product\/27449\/revisions"}],"predecessor-version":[{"id":27457,"href":"https:\/\/globalsourcechemicals.com\/hr\/wp-json\/wp\/v2\/product\/27449\/revisions\/27457"}],"wp:attachment":[{"href":"https:\/\/globalsourcechemicals.com\/hr\/wp-json\/wp\/v2\/media?parent=27449"}],"wp:term":[{"taxonomy":"product_brand","embeddable":true,"href":"https:\/\/globalsourcechemicals.com\/hr\/wp-json\/wp\/v2\/product_brand?post=27449"},{"taxonomy":"product_cat","embeddable":true,"href":"https:\/\/globalsourcechemicals.com\/hr\/wp-json\/wp\/v2\/product_cat?post=27449"},{"taxonomy":"product_tag","embeddable":true,"href":"https:\/\/globalsourcechemicals.com\/hr\/wp-json\/wp\/v2\/product_tag?post=27449"}],"curies":[{"name":"radni list","href":"https:\/\/api.w.org\/{rel}","templated":true}]}}