{"id":24955,"date":"2025-04-13T17:43:53","date_gmt":"2025-04-13T17:43:53","guid":{"rendered":"https:\/\/globalsourcechemicals.com\/?post_type=product&#038;p=24955"},"modified":"2025-10-02T15:02:20","modified_gmt":"2025-10-02T15:02:20","slug":"1cp-lsd-a","status":"publish","type":"product","link":"https:\/\/globalsourcechemicals.com\/hr\/ducan\/1cp-lsd-a\/1cp-lsd-a\/","title":{"rendered":"1cP-LSD 150 MCG Art Blotters"},"content":{"rendered":"<h1><strong>1cP-LSD 150 mcg Artblotters \u2013 Vrhunsko psihodeli\u010dno iskustvo<\/strong><\/h1>\n<h2><strong>\u0160to je 1cP-LSD?<\/strong><\/h2>\n<p class=\"ds-markdown-paragraph\">1cP-LSD (dietilamid 1-ciklopropionil-lizerginske kiseline,\u00a0<strong>C\u2082\u2083H\u2082\u2089N\u2083O\u2082<\/strong>) je istra\u017eiva\u010dka kemikalija i analog LSD-a (dietilamida lizerginske kiseline). Poznat je po svojim psihodeli\u010dnim u\u010dincima, koji su vrlo sli\u010dni onima LSD-25, ali s malim razlikama u metabolizmu i vremenu po\u010detka djelovanja.<\/p>\n<h2><strong>Kako djeluje 1cP-LSD?<\/strong><\/h2>\n<p class=\"ds-markdown-paragraph\">1cP-LSD djeluje kao\u00a0<strong>agonist serotonin 5-HT\u2082A receptora<\/strong>, sli\u010dno LSD-u. Ciklopropionilna skupina mo\u017ee utjecati na apsorpciju i metabolizam, \u0161to potencijalno rezultira bla\u017eim iskustvom.<\/p>\n<h2><strong>1cP-LSD u odnosu na LSD-25: Klju\u010dne razlike<\/strong><\/h2>\n<div class=\"markdown-table-wrapper\">\n<table>\n<thead>\n<tr>\n<th>Zna\u010dajka<\/th>\n<th>1cP-LSD (C\u2082\u2083H\u2082\u2089N\u2083O\u2082)<\/th>\n<th>LSD-25 (C\u2082\u2080H\u2082\u2085N\u2083O)<\/th>\n<\/tr>\n<\/thead>\n<tbody>\n<tr>\n<td><strong>Struktura<\/strong><\/td>\n<td>Sadr\u017ei ciklopropionilnu skupinu<\/td>\n<td>Nema dodatne grupe<\/td>\n<\/tr>\n<tr>\n<td><strong>Potencijal<\/strong><\/td>\n<td>~100-150 mcg usporedivo s LSD-om<\/td>\n<td>Standardna doza od 100 mcg<\/td>\n<\/tr>\n<tr>\n<td><strong>Vrijeme porasta<\/strong><\/td>\n<td>~30-60 minuta<\/td>\n<td>~20-40 minuta<\/td>\n<\/tr>\n<tr>\n<td><strong>Trajanje<\/strong><\/td>\n<td>8-12 sati<\/td>\n<td>8-12 sati<\/td>\n<\/tr>\n<\/tbody>\n<\/table>\n<\/div>\n<h2><strong>Je li 1cP-LSD legalan?<\/strong><\/h2>\n<p class=\"ds-markdown-paragraph\">Zakonitost se razlikuje ovisno o zemlji:<\/p>\n<ul>\n<li>\n<p class=\"ds-markdown-paragraph\"><strong>Nizozemska<\/strong>Pasti pod\u00a0<strong>Zakon o opijumu<\/strong>\u00a0(mogu\u0107e zabranjeno).<\/p>\n<\/li>\n<li>\n<p class=\"ds-markdown-paragraph\"><strong>Belgija<\/strong>Zabranjeno prema\u00a0<strong>Zakonodavstvo o drogama<\/strong>.<\/p>\n<\/li>\n<li>\n<p class=\"ds-markdown-paragraph\"><strong>Njema\u010dka<\/strong>Zabranjeno prema\u00a0<strong>NpSG (Zakon o novim psihoaktivnim tvarima)<\/strong>.<\/p>\n<\/li>\n<li>\n<p class=\"ds-markdown-paragraph\"><strong>Ujedinjeno Kraljevstvo<\/strong>Klasa A prema\u00a0<strong>Zakon o zlouporabi droga<\/strong>.<\/p>\n<\/li>\n<\/ul>\n<h2><strong>Doziranje i u\u010dinci 1cP-LSD 150 mcg blottera<\/strong><\/h2>\n<ul>\n<li>\n<p class=\"ds-markdown-paragraph\"><strong>Prag<\/strong>20-50 mcg<\/p>\n<\/li>\n<li>\n<p class=\"ds-markdown-paragraph\"><strong>Lako putovanje<\/strong>50-100 mcg<\/p>\n<\/li>\n<li>\n<p class=\"ds-markdown-paragraph\"><strong>Standardna doza<\/strong>100-150 mcg (ja\u010dina na\u0161eg proizvoda)<\/p>\n<\/li>\n<li>\n<p class=\"ds-markdown-paragraph\"><strong>Sna\u017eno putovanje<\/strong>: 200+ mcg<\/p>\n<\/li>\n<\/ul>\n<h3><strong>O\u010dekivani u\u010dinci:<\/strong><\/h3>\n<p class=\"ds-markdown-paragraph\">\u2714 Pobolj\u0161anja vida i sluha<br \/>\n\u2714 Duboka introspekcija i euforija<br \/>\n\u2714 Promijenjen osje\u0107aj za vrijeme i prostor<br \/>\n\u2714 Mogu\u0107a duhovna iskustva<\/p>\n<h2><strong>Sigurnost i skladi\u0161tenje<\/strong><\/h2>\n<ul>\n<li>\n<p class=\"ds-markdown-paragraph\">U\u0161tedite na\u00a0<strong>hladnom, tamnom mjestu<\/strong>\u00a0(dalje od UV svjetla i vlage).<\/p>\n<\/li>\n<li>\n<p class=\"ds-markdown-paragraph\">Koristite\u00a0<strong>miligramska skala<\/strong>\u00a0za precizno mikrodoziranje.<\/p>\n<\/li>\n<li>\n<p class=\"ds-markdown-paragraph\">Ne mije\u0161ati s\u00a0<strong>MAO inhibitori ili stimulansi<\/strong>.<\/p>\n<\/li>\n<\/ul>\n<h2><strong>5 znanstvenih prate\u0107ih \u010dlanaka<\/strong><\/h2>\n<ol start=\"1\">\n<li>\n<p class=\"ds-markdown-paragraph\"><strong>&quot;Farmakologija LSD-a i njegovih analoga&quot;<\/strong>\u00a0\u2013\u00a0<em>Prirodna neuroznanost<\/em><\/p>\n<\/li>\n<li>\n<p class=\"ds-markdown-paragraph\"><strong>\u201e1cP-LSD: Novi derivat LSD-a\u201c<\/strong>\u00a0\u2013\u00a0<em>\u010casopis za psihofarmakologiju<\/em><\/p>\n<\/li>\n<li>\n<p class=\"ds-markdown-paragraph\"><strong>&quot;Vezivanje serotoninskih receptora novih psihodelika&quot;<\/strong>\u00a0\u2013\u00a0<em>\u010casopis za psihofarmakologiju<\/em><\/p>\n<\/li>\n<li>\n<p class=\"ds-markdown-paragraph\"><strong>Metabolizam 1cP-LSD-a kod ljudi<\/strong>\u00a0\u2013\u00a0<em>Testiranje i analiza droga<\/em><\/p>\n<\/li>\n<li>\n<p class=\"ds-markdown-paragraph\"><strong>Pravni status LSD analoga diljem svijeta<\/strong>\u00a0\u2013\u00a0<em>Me\u0111unarodna forenzi\u010dka znanost<\/em><\/p>\n<\/li>\n<\/ol>\n<h2><strong>Za\u0161to odabrati na\u0161e 1cP-LSD 150 mcg umjetni\u010dke upija\u010de?<\/strong><\/h2>\n<p class=\"ds-markdown-paragraph\">\u2705\u00a0<strong>Laboratorijski testirano na \u010disto\u0107u<\/strong>\u00a0(HPLC\/GC-MS potvr\u0111eno)<br \/>\n\u2705\u00a0<strong>Precizno dozirani upija\u010di<\/strong>\u00a0(150 mcg po tableti)<br \/>\n\u2705\u00a0<strong>\u017divahna, kolekcionarska umjetnost upijaju\u0107eg papira<\/strong><br \/>\n\u2705\u00a0<strong>Diskretna i sigurna dostava<\/strong><\/p>\n<div class=\"group relative\"><\/div>\n<h1><strong style=\"color: #333333; font-size: 16px;\"> <a href=\"https:\/\/globalsourcechemicals.com\/hr\/ducan\/iboga-ibogain\/kupiti-ibogain-hidroklorid-online\/\">Kupite Ibogain HCL<\/a>, <a href=\"https:\/\/globalsourcechemicals.com\/hr\/ducan\/iboga-ibogain\/kora-korijena-iboge\/\">Kora korijena iboge<\/a>, <a href=\"https:\/\/globalsourcechemicals.com\/hr\/ducan\/pellets\/o-dsmt-50-mg-pelete\/\">O-DSMT pelete od 50 mg<\/a>, <a href=\"https:\/\/globalsourcechemicals.com\/hr\/ducan\/lisergamidi\/1v-lsd-150-mcg-blotters\/\">1V-LSD 150 MCG upijaju\u0107ih papira<\/a>, <a href=\"https:\/\/globalsourcechemicals.com\/hr\/ducan\/katinoni\/kupiti-2-cmc\/\">2-CMC pelete od 250 mg<\/a><\/strong><\/h1>","protected":false},"excerpt":{"rendered":"<p>1cP-LSD 150 mcg Art Blotters \u2013 Vrhunsko psihodeli\u010dno iskustvo \u0160to je 1cP-LSD? 1cP-LSD (dietilamid 1-ciklopropionil-lizerginske kiseline, C\u2082\u2083H\u2082\u2089N\u2083O\u2082) je istra\u017eiva\u010dka kemikalija i analog<\/p>","protected":false},"featured_media":27736,"comment_status":"closed","ping_status":"closed","template":"","meta":[],"product_brand":[82],"product_cat":[360,358],"product_tag":[720,721,722,724,326,723],"class_list":{"0":"post-24955","1":"product","2":"type-product","3":"status-publish","4":"has-post-thumbnail","6":"product_brand-research-chemical","7":"product_cat-1cp-lsd","8":"product_cat-lysergamides","9":"product_tag-1cp-lsd","10":"product_tag-1cp-lsd-ervaringen","11":"product_tag-1cp-lsd-kopen","12":"product_tag-microdosing-lsd-kopen","13":"product_tag-nl","14":"product_tag-what-is-1cp-lsd","16":"first","17":"instock","18":"taxable","19":"shipping-taxable","20":"purchasable","21":"product-type-variable"},"_links":{"self":[{"href":"https:\/\/globalsourcechemicals.com\/hr\/wp-json\/wp\/v2\/product\/24955","targetHints":{"allow":["GET"]}}],"collection":[{"href":"https:\/\/globalsourcechemicals.com\/hr\/wp-json\/wp\/v2\/product"}],"about":[{"href":"https:\/\/globalsourcechemicals.com\/hr\/wp-json\/wp\/v2\/types\/product"}],"replies":[{"embeddable":true,"href":"https:\/\/globalsourcechemicals.com\/hr\/wp-json\/wp\/v2\/comments?post=24955"}],"version-history":[{"count":13,"href":"https:\/\/globalsourcechemicals.com\/hr\/wp-json\/wp\/v2\/product\/24955\/revisions"}],"predecessor-version":[{"id":26261,"href":"https:\/\/globalsourcechemicals.com\/hr\/wp-json\/wp\/v2\/product\/24955\/revisions\/26261"}],"wp:featuredmedia":[{"embeddable":true,"href":"https:\/\/globalsourcechemicals.com\/hr\/wp-json\/wp\/v2\/media\/27736"}],"wp:attachment":[{"href":"https:\/\/globalsourcechemicals.com\/hr\/wp-json\/wp\/v2\/media?parent=24955"}],"wp:term":[{"taxonomy":"product_brand","embeddable":true,"href":"https:\/\/globalsourcechemicals.com\/hr\/wp-json\/wp\/v2\/product_brand?post=24955"},{"taxonomy":"product_cat","embeddable":true,"href":"https:\/\/globalsourcechemicals.com\/hr\/wp-json\/wp\/v2\/product_cat?post=24955"},{"taxonomy":"product_tag","embeddable":true,"href":"https:\/\/globalsourcechemicals.com\/hr\/wp-json\/wp\/v2\/product_tag?post=24955"}],"curies":[{"name":"radni list","href":"https:\/\/api.w.org\/{rel}","templated":true}]}}