{"id":24854,"date":"2025-04-13T17:43:28","date_gmt":"2025-04-13T17:43:28","guid":{"rendered":"https:\/\/globalsourcechemicals.com\/?post_type=product&#038;p=24854"},"modified":"2025-10-02T15:09:49","modified_gmt":"2025-10-02T15:09:49","slug":"deskloroketamin","status":"publish","type":"product","link":"https:\/\/globalsourcechemicals.com\/hr\/ducan\/arilcikloheksilamin\/deskloroketamin\/","title":{"rendered":"DCK 20 mg pelete"},"content":{"rendered":"<h2><span data-sheets-value=\"{\" data-sheets-userformat=\"{\">DCK 20 mg pelete<\/span><\/h2>\n<p>DCK pelete sadr\u017ee 20 mg aktivne tvari (DCK).<\/p>\n<p>DCK je tvar koja se prodaje samo u istra\u017eiva\u010dke svrhe i stoga nije namijenjena za konzumaciju.<a title=\"2-CMC pelete od 250 mg\" href=\"https:\/\/globalsourcechemicals.com\/hr\/ducan\/katinoni\/kupiti-2-cmc\/\" target=\"_blank\" rel=\"noopener\">2-CMC pelete od 250 mg<\/a><\/p>\n<p>DCK zadr\u017eava stabilnost do 2 godine kada se skladi\u0161ti u odgovaraju\u0107em okru\u017eenju. DCK <a href=\"http:\/\/google.nl\" target=\"_blank\" rel=\"noopener\">je<\/a> Namijenjeno samo za istra\u017eiva\u010dke svrhe i nije za ljudsku konzumaciju. Stoga je va\u017eno proizvod dr\u017eati izvan dohvata djece i ku\u0107nih ljubimaca.<a title=\"2C-EF 2 mg kapsule\" href=\"https:\/\/globalsourcechemicals.com\/hr\/ducan\/fenetilamin\/2c-ef-2-mg-kapsule\/\" target=\"_blank\" rel=\"noopener\">2C-EF 2 mg kapsule<\/a><\/p>\n<p>Nudimo visokokvalitetne istra\u017eiva\u010dke kemikalije po povoljnoj cijeni. Va\u0161a narud\u017eba se \u0161alje u roku od 24 sata svaki dan. Naru\u010dite odmah! <em>DCK<\/em> sigurno i brzo vi<\/p>\n<h3>DCK svojstva<\/h3>\n<p><strong>Sinonim:<\/strong>\u00a02\u2032-okso-PCM, deskloroketamin<br \/>\n<strong>CAS broj:<\/strong>\u00a04631-27-0<br \/>\n<strong>Formula:<\/strong>\u00a02-(metilamino)-2-fenil-cikloheksanon<br \/>\n<strong>Molarna masa:<\/strong>\u00a0239,7 g\/mol<br \/>\n<strong>\u010cisto\u0107a:<\/strong>\u00a0&gt;97%<\/p>\n<h3>Izjava o opasnosti<\/h3>\n<p>DCK mo\u017ee uzrokovati iritaciju di\u0161nih putova<br \/>\nDCK mo\u017ee izazvati iritaciju oka.<br \/>\nIspu\u0161tanje istra\u017eiva\u010dkih kemikalija u okoli\u0161 je zabranjeno.<\/p>\n<p>U SLU\u010cAJU DODIRA S O\u010cIMA: Nje\u017eno ispirite o\u010di vodom pet minuta. Uklonite kontaktne le\u0107e, ako ih imate i ako se to lako mo\u017ee u\u010diniti.<\/p>\n<p>U DODIRU S KO\u017dOM: Operite ko\u017eu sapunom i vodom.<a title=\"6-CL-ADBA\" href=\"https:\/\/globalsourcechemicals.com\/hr\/ducan\/gotovo-zabranjeno\/6-cl-adba\/\" target=\"_blank\" rel=\"noopener\">6-CL-ADBA<\/a><\/p>\n<p>U SLU\u010cAJU UDISANJA DCK-a: Izvesti unesre\u0107enog na svje\u017ei zrak i osigurati mu ugodan polo\u017eaj za disanje.<a title=\"MEAI\" href=\"https:\/\/globalsourcechemicals.com\/hr\/ducan\/ostalo\/meai\/\" target=\"_blank\" rel=\"noopener\">MEAI<\/a><\/p>","protected":false},"excerpt":{"rendered":"<h3>DCK svojstva<\/h3>\n<p><strong>Sinonim:<\/strong>\u00a02\u2032-okso-PCM, deskloroketamin<br \/>\n<strong>CAS broj:<\/strong>\u00a04631-27-0<br \/>\n<strong>Formula:<\/strong>\u00a02-(metilamino)-2-fenil-cikloheksanon<br \/>\n<strong>Molarna masa:<\/strong>\u00a0239,7 g\/mol<br \/>\n<strong>\u010cisto\u0107a:<\/strong>\u00a0&gt;97%<\/p>","protected":false},"featured_media":27868,"comment_status":"closed","ping_status":"closed","template":"","meta":[],"product_brand":[82],"product_cat":[71,427,428,324],"product_tag":[272,302,303,326],"class_list":{"0":"post-24854","1":"product","2":"type-product","3":"status-publish","4":"has-post-thumbnail","6":"product_brand-research-chemical","7":"product_cat-arylcyclohexylamine","8":"product_cat-dck","9":"product_cat-dck-pellets","10":"product_cat-pellets-for-pellet","11":"product_tag-2f-dck-kopen","12":"product_tag-dck","13":"product_tag-deschloroketamine","14":"product_tag-nl","16":"first","17":"instock","18":"taxable","19":"shipping-taxable","20":"purchasable","21":"product-type-variable"},"_links":{"self":[{"href":"https:\/\/globalsourcechemicals.com\/hr\/wp-json\/wp\/v2\/product\/24854","targetHints":{"allow":["GET"]}}],"collection":[{"href":"https:\/\/globalsourcechemicals.com\/hr\/wp-json\/wp\/v2\/product"}],"about":[{"href":"https:\/\/globalsourcechemicals.com\/hr\/wp-json\/wp\/v2\/types\/product"}],"replies":[{"embeddable":true,"href":"https:\/\/globalsourcechemicals.com\/hr\/wp-json\/wp\/v2\/comments?post=24854"}],"version-history":[{"count":3,"href":"https:\/\/globalsourcechemicals.com\/hr\/wp-json\/wp\/v2\/product\/24854\/revisions"}],"predecessor-version":[{"id":25521,"href":"https:\/\/globalsourcechemicals.com\/hr\/wp-json\/wp\/v2\/product\/24854\/revisions\/25521"}],"wp:featuredmedia":[{"embeddable":true,"href":"https:\/\/globalsourcechemicals.com\/hr\/wp-json\/wp\/v2\/media\/27868"}],"wp:attachment":[{"href":"https:\/\/globalsourcechemicals.com\/hr\/wp-json\/wp\/v2\/media?parent=24854"}],"wp:term":[{"taxonomy":"product_brand","embeddable":true,"href":"https:\/\/globalsourcechemicals.com\/hr\/wp-json\/wp\/v2\/product_brand?post=24854"},{"taxonomy":"product_cat","embeddable":true,"href":"https:\/\/globalsourcechemicals.com\/hr\/wp-json\/wp\/v2\/product_cat?post=24854"},{"taxonomy":"product_tag","embeddable":true,"href":"https:\/\/globalsourcechemicals.com\/hr\/wp-json\/wp\/v2\/product_tag?post=24854"}],"curies":[{"name":"radni list","href":"https:\/\/api.w.org\/{rel}","templated":true}]}}