{"id":24343,"date":"2025-04-13T17:41:31","date_gmt":"2025-04-13T17:41:31","guid":{"rendered":"https:\/\/globalsourcechemicals.com\/?post_type=product&#038;p=24343"},"modified":"2025-04-21T10:55:22","modified_gmt":"2025-04-21T10:55:22","slug":"digitalna-bio-mini-vaga","status":"publish","type":"product","link":"https:\/\/globalsourcechemicals.com\/hr\/ducan\/vage\/digitalna-bio-mini-vaga\/","title":{"rendered":"Digitalna bio mini vaga \u2013 20 g x 0,001 g"},"content":{"rendered":"<h1><strong>Digitalna bio mini vaga 20g x 0,001g<\/strong><\/h1>\n<p>Radite s najve\u0107om precizno\u0161\u0107u. <strong>Digitalna bio mini vaga<\/strong> te\u017ei do <strong>20 grama<\/strong> s to\u010dno\u0161\u0107u od <strong>0,001 grama<\/strong> \u2013 idealno za biomedicinske primjene, mikrodoziranje, istra\u017eivanje dodataka prehrani ili laboratorijske analize. Male veli\u010dine, ali visokih performansi.<a href=\"https:\/\/globalsourcechemicals.com\/hr\/ducan\/vage\/digitalna-mini-vaga\/\">Profesionalna digitalna mini vaga \u2013 50 g x 0,001 g<\/a><\/p>\n<hr \/>\n<h4><strong>Zna\u010dajke:<\/strong><\/h4>\n<ul>\n<li><strong>Mjerni raspon:<\/strong> 0,001 g \u2013 20 g<\/li>\n<li><strong>To\u010dnost:<\/strong> 1 miligram (0,001 g)<\/li>\n<li><strong>Prikaz:<\/strong> Svijetli LCD zaslon s pozadinskim osvjetljenjem<\/li>\n<li><strong>Jedinice za vaganje:<\/strong> g, oz, ct, gn, dwt, ozt<\/li>\n<li><strong>Zna\u010dajke:<\/strong> Funkcija tare, automatsko isklju\u010divanje, brzo vrijeme odziva<\/li>\n<li><strong>Napajanje:<\/strong> 2x AAA baterije (uklju\u010dene ili opcionalno)<\/li>\n<li><strong>Format:<\/strong> Ultrakompaktan i lagan \u2013 savr\u0161eno stane u ruku ili d\u017eep jakne.<a href=\"https:\/\/globalsourcechemicals.com\/hr\/ducan\/vage\/digitale-cs-weegschaal\/\">Digitalna CS vaga \u2013 100 g<\/a> x 0,01 g<\/li>\n<\/ul>\n<hr \/>\n<h4><strong>Primjene:<\/strong><\/h4>\n<p>\u2714 Biolo\u0161ki uzorci i mikroeksperimenti<br \/>\n\u2714 Mikrodoziranje dodataka prehrani ili biljnih ekstrakata<br \/>\n\u2714 Laboratorijska i znanstvena mjerenja<br \/>\n\u2714 Nakit, drago kamenje ili vrijedni metali.<a href=\"https:\/\/globalsourcechemicals.com\/hr\/ducan\/vage\/digitalna-mini-vaga-za-tenkove\/\">Digitalna mini vaga za spremnike \u2013 20 g x 0,001 g<\/a><\/p>\n<hr \/>\n<p>\ud83c\udfaf <strong>Za\u0161to odabrati ovu bio vagu?<\/strong><\/p>\n<ul>\n<li>Iznimno precizno pri niskim dozama<\/li>\n<li>Pouzdana mjerenja bez fluktuacija<\/li>\n<li>Izdr\u017eljiv, prenosiv i spreman za upotrebu<\/li>\n<\/ul>","protected":false},"excerpt":{"rendered":"<p><strong>Tehni\u010dki podaci:<\/strong><\/p>\n<ul>\n<li>Digitalno<\/li>\n<li>Te\u017ei od 0,001 g<\/li>\n<li>Te\u017ei maksimalno 20 g<\/li>\n<li>Radi na: 2x AAA baterije<\/li>\n<li>LCD zaslon<\/li>\n<li>Boja: crna<\/li>\n<\/ul>","protected":false},"featured_media":24680,"comment_status":"closed","ping_status":"closed","template":"","meta":[],"product_brand":[],"product_cat":[451],"product_tag":[452,848,764,767,765,766,768],"class_list":{"0":"post-24343","1":"product","2":"type-product","3":"status-publish","4":"has-post-thumbnail","6":"product_cat-weegschalen","7":"product_tag-de","8":"product_tag-digitale-bio-mini-weegschaal","9":"product_tag-digitale-cs-weegschaal","10":"product_tag-digitale-microweegschaal","11":"product_tag-milligramweegschaal","12":"product_tag-precise-weegschaal-0-001g","13":"product_tag-weegschaal-voor-research-chemicals","15":"first","16":"instock","17":"taxable","18":"shipping-taxable","19":"purchasable","20":"product-type-simple"},"_links":{"self":[{"href":"https:\/\/globalsourcechemicals.com\/hr\/wp-json\/wp\/v2\/product\/24343","targetHints":{"allow":["GET"]}}],"collection":[{"href":"https:\/\/globalsourcechemicals.com\/hr\/wp-json\/wp\/v2\/product"}],"about":[{"href":"https:\/\/globalsourcechemicals.com\/hr\/wp-json\/wp\/v2\/types\/product"}],"replies":[{"embeddable":true,"href":"https:\/\/globalsourcechemicals.com\/hr\/wp-json\/wp\/v2\/comments?post=24343"}],"version-history":[{"count":5,"href":"https:\/\/globalsourcechemicals.com\/hr\/wp-json\/wp\/v2\/product\/24343\/revisions"}],"predecessor-version":[{"id":25978,"href":"https:\/\/globalsourcechemicals.com\/hr\/wp-json\/wp\/v2\/product\/24343\/revisions\/25978"}],"wp:featuredmedia":[{"embeddable":true,"href":"https:\/\/globalsourcechemicals.com\/hr\/wp-json\/wp\/v2\/media\/24680"}],"wp:attachment":[{"href":"https:\/\/globalsourcechemicals.com\/hr\/wp-json\/wp\/v2\/media?parent=24343"}],"wp:term":[{"taxonomy":"product_brand","embeddable":true,"href":"https:\/\/globalsourcechemicals.com\/hr\/wp-json\/wp\/v2\/product_brand?post=24343"},{"taxonomy":"product_cat","embeddable":true,"href":"https:\/\/globalsourcechemicals.com\/hr\/wp-json\/wp\/v2\/product_cat?post=24343"},{"taxonomy":"product_tag","embeddable":true,"href":"https:\/\/globalsourcechemicals.com\/hr\/wp-json\/wp\/v2\/product_tag?post=24343"}],"curies":[{"name":"radni list","href":"https:\/\/api.w.org\/{rel}","templated":true}]}}