{"id":24334,"date":"2025-04-13T17:41:30","date_gmt":"2025-04-13T17:41:30","guid":{"rendered":"https:\/\/globalsourcechemicals.com\/?post_type=product&#038;p=24334"},"modified":"2025-04-21T16:11:23","modified_gmt":"2025-04-21T16:11:23","slug":"benzo-fury-100-mg-blister","status":"publish","type":"product","link":"https:\/\/globalsourcechemicals.com\/hr\/ducan\/b2b\/benzo-fury-100-mg-blister\/","title":{"rendered":"RC+ Benzo Fury 100 mg blister"},"content":{"rendered":"<h3><strong>Benzo Fury 100mg blister \u2013 Sna\u017ena istra\u017eiva\u010dka kemija<\/strong><\/h3>\n<p class=\"ds-markdown-paragraph\"><strong>Naziv proizvoda:<\/strong>\u00a0RC Benzo Fury (6-APB \/ 5-APB) \u2013 100 mg po tableti \u2013 Blister pakiranje<br \/>\n<strong>Glavna kategorija:<\/strong>\u00a0Istra\u017eivanje kemikalija<br \/>\n<strong>Tip:<\/strong>\u00a0Stimulans entaktogen (o\u010dekivani u\u010dinak: euforija, energija, dru\u0161tvena povezanost)<\/p>\n<h4><strong>Zna\u010dajke proizvoda:<\/strong><\/h4>\n<p class=\"ds-markdown-paragraph\">\u2705\u00a0<strong>Visoka kvaliteta<\/strong>\u00a0\u2013 \u010cisto i dosljedno formulirano<br \/>\n\u2705\u00a0<strong>100 mg po tableti<\/strong>\u00a0- To\u010dno doziranje za istra\u017eivanje<br \/>\n\u2705\u00a0<strong>Blister pakiranje<\/strong>\u00a0- \u0160titi od vlage <a href=\"http:\/\/google.nl\" target=\"_blank\" rel=\"noopener\">i<\/a> o\u0161te\u0107enje<br \/>\n\u2705\u00a0<strong>Opse\u017eno laboratorijsko testiranje<\/strong>\u00a0\u2013 Optimizacija \u010disto\u0107e<\/p>\n<h4><strong>\u0160to je Benzo Fury (6-APB \/ 5-APB)?<\/strong><\/h4>\n<p class=\"ds-markdown-paragraph\">Benzo Fury je istra\u017eiva\u010dka kemikalija poznata po svojim stimuliraju\u0107im i empatogenim u\u010dincima, sli\u010dnim spojevima poput MDMA-a. Prodaje se isklju\u010divo za\u00a0<strong>znanstveno istra\u017eivanje<\/strong>\u00a0i je\u00a0<strong>nije namijenjeno za ljudsku prehranu<\/strong>.<a title=\"2C-EF 2 mg kapsule\" href=\"https:\/\/globalsourcechemicals.com\/hr\/ducan\/fenetilamin\/2c-ef-2-mg-kapsule\/\" target=\"_blank\" rel=\"noopener\">2C-EF 2 mg kapsule<\/a><\/p>\n<h4><strong>Va\u017ene informacije:<\/strong><\/h4>\n<p class=\"ds-markdown-paragraph\">\u26a0\u00a0<strong>Samo u istra\u017eiva\u010dke svrhe<\/strong>\u00a0\u2013 Nije prikladno za ljudsku ili \u017eivotinjsku upotrebu<br \/>\n\u26a0\u00a0<strong>Provjerite zakonodavstvo<\/strong>\u00a0\u2013 Status se razlikuje ovisno o zemlji (u Nizozemskoj pod\u00a0<strong>Zakon o opijumu<\/strong>)<br \/>\n\u26a0\u00a0<strong>Sigurnosne mjere:<\/strong> Uvijek koristite osobnu za\u0161titnu opremu (rukavice, laboratorijsko okru\u017eenje).<a title=\"2-CMC pelete od 250 mg\" href=\"https:\/\/globalsourcechemicals.com\/hr\/ducan\/katinoni\/kupiti-2-cmc\/\" target=\"_blank\" rel=\"noopener\">2-CMC pelete od 250 mg<\/a><\/p>\n<h4><strong>Za\u0161to odabrati ovaj proizvod?<\/strong><\/h4>\n<p class=\"ds-markdown-paragraph\">\u2714\u00a0<strong>Pouzdana kvaliteta<\/strong>\u00a0\u2013 Temeljito testirano na \u010disto\u0107u<br \/>\n\u2714\u00a0<strong>Diskretna dostava<\/strong>\u00a0\u2013 Anonimna ambala\u017ea unutar EU<br \/>\n\u2714\u00a0<strong>Brza dostava<\/strong>\u00a0\u2013 Naru\u010deno prije 15 sati, \u0161alje se sljede\u0107i radni dan<\/p>\n<p class=\"ds-markdown-paragraph\"><strong>Napomena:<\/strong>\u00a0Ovaj proizvod je\u00a0<strong>isklju\u010divo namijenjeno znanstvenim istra\u017eivanjima<\/strong>\u00a0i nije za rekreativnu upotrebu. Molimo provjerite lokalne propise prije naru\u010divanja.<a title=\"1V-LSD 150 MCG upijaju\u0107ih papira\" href=\"https:\/\/globalsourcechemicals.com\/hr\/ducan\/lisergamidi\/1v-lsd-150-mcg-blotters\/\" target=\"_blank\" rel=\"noopener\">1V-LSD 150 MCG upijaju\u0107ih papira<\/a><\/p>","protected":false},"excerpt":{"rendered":"<p><strong>Sinonim<\/strong>6-(2-aminopropil)benzofuran<br \/>\n<strong>CAS broj:<\/strong> 286834-85-3<br \/>\n<strong>Formula<\/strong>: <span title=\"Ugljik\">C<\/span><sub>11<\/sub><span title=\"Vodik\">H<\/span><sub>13<\/sub><span title=\"Du\u0161ik\">S<\/span><span title=\"Kisik\">O<\/span><br \/>\n<strong>Molarna masa<\/strong>: <span class=\"nowrap\">175.231<\/span>\u00a0g\/mol<br \/>\n<strong>\u010cisto\u0107a<\/strong>: &gt;98%<\/p>","protected":false},"featured_media":21434,"comment_status":"closed","ping_status":"closed","template":"","meta":[],"product_brand":[82],"product_cat":[555],"product_tag":[117,126,130,850,118,120,119,121,851,326,122],"class_list":{"0":"post-24334","1":"product","2":"type-product","3":"status-publish","4":"has-post-thumbnail","6":"product_brand-research-chemical","7":"product_cat-b2b","8":"product_tag-6-apb-benzo-fury","9":"product_tag-6-apb-kopen","10":"product_tag-6-apb-ervaring","11":"product_tag-6apb","12":"product_tag-benzo-fury","13":"product_tag-benzo-fury-bestellen-nederland","14":"product_tag-benzo-fury-drugs","15":"product_tag-benzo-fury-kopen","16":"product_tag-benzos-drugs","17":"product_tag-nl","18":"product_tag-wat-is-benzo-fury","20":"first","21":"instock","22":"taxable","23":"shipping-taxable","24":"purchasable","25":"product-type-variable"},"_links":{"self":[{"href":"https:\/\/globalsourcechemicals.com\/hr\/wp-json\/wp\/v2\/product\/24334","targetHints":{"allow":["GET"]}}],"collection":[{"href":"https:\/\/globalsourcechemicals.com\/hr\/wp-json\/wp\/v2\/product"}],"about":[{"href":"https:\/\/globalsourcechemicals.com\/hr\/wp-json\/wp\/v2\/types\/product"}],"replies":[{"embeddable":true,"href":"https:\/\/globalsourcechemicals.com\/hr\/wp-json\/wp\/v2\/comments?post=24334"}],"version-history":[{"count":3,"href":"https:\/\/globalsourcechemicals.com\/hr\/wp-json\/wp\/v2\/product\/24334\/revisions"}],"predecessor-version":[{"id":25988,"href":"https:\/\/globalsourcechemicals.com\/hr\/wp-json\/wp\/v2\/product\/24334\/revisions\/25988"}],"wp:featuredmedia":[{"embeddable":true,"href":"https:\/\/globalsourcechemicals.com\/hr\/wp-json\/wp\/v2\/media\/21434"}],"wp:attachment":[{"href":"https:\/\/globalsourcechemicals.com\/hr\/wp-json\/wp\/v2\/media?parent=24334"}],"wp:term":[{"taxonomy":"product_brand","embeddable":true,"href":"https:\/\/globalsourcechemicals.com\/hr\/wp-json\/wp\/v2\/product_brand?post=24334"},{"taxonomy":"product_cat","embeddable":true,"href":"https:\/\/globalsourcechemicals.com\/hr\/wp-json\/wp\/v2\/product_cat?post=24334"},{"taxonomy":"product_tag","embeddable":true,"href":"https:\/\/globalsourcechemicals.com\/hr\/wp-json\/wp\/v2\/product_tag?post=24334"}],"curies":[{"name":"radni list","href":"https:\/\/api.w.org\/{rel}","templated":true}]}}