{"id":24200,"date":"2025-04-13T17:41:14","date_gmt":"2025-04-13T17:41:14","guid":{"rendered":"https:\/\/globalsourcechemicals.com\/?post_type=product&#038;p=24200"},"modified":"2025-04-26T05:25:04","modified_gmt":"2025-04-26T05:25:04","slug":"1p-lsd-vrecica-3-upijajuce-tablete","status":"publish","type":"product","link":"https:\/\/globalsourcechemicals.com\/hr\/ducan\/b2b\/1p-lsd-vrecica-3-upijajuce-tablete\/","title":{"rendered":"1P-LSD vre\u0107ica 3 upijaju\u0107e tablete"},"content":{"rendered":"<h2><strong>1P-LSD vre\u0107ica s 3 upijaju\u0107a papira<\/strong><\/h2>\n<ul>\n<li><strong>Maloprodajna ambala\u017ea<br \/>\n<\/strong><\/li>\n<li><strong>Broj upijaju\u0107ih papira po vre\u0107ici: 3<\/strong><\/li>\n<li><strong>Cijene ne uklju\u010duju PDV 21%<\/strong><\/li>\n<li><strong>Preporu\u010dena maloprodajna cijena: 25,00 \u20ac s PDV-om<\/strong><\/li>\n<\/ul>","protected":false},"excerpt":{"rendered":"<p>1P-LSD zakje met 3 blotters Retailverpakking Aantal blotters per zakje: 3 Prijzen exclusief 21% BTW Adviesverkoopprijs: \u20ac25,00 incl. BTW<\/p>","protected":false},"featured_media":21263,"comment_status":"closed","ping_status":"closed","template":"","meta":[],"product_brand":[],"product_cat":[555],"product_tag":[774,326],"class_list":{"0":"post-24200","1":"product","2":"type-product","3":"status-publish","4":"has-post-thumbnail","6":"product_cat-b2b","7":"product_tag-lsd-bestellen","8":"product_tag-nl","10":"first","11":"instock","12":"taxable","13":"shipping-taxable","14":"purchasable","15":"product-type-variable"},"_links":{"self":[{"href":"https:\/\/globalsourcechemicals.com\/hr\/wp-json\/wp\/v2\/product\/24200","targetHints":{"allow":["GET"]}}],"collection":[{"href":"https:\/\/globalsourcechemicals.com\/hr\/wp-json\/wp\/v2\/product"}],"about":[{"href":"https:\/\/globalsourcechemicals.com\/hr\/wp-json\/wp\/v2\/types\/product"}],"replies":[{"embeddable":true,"href":"https:\/\/globalsourcechemicals.com\/hr\/wp-json\/wp\/v2\/comments?post=24200"}],"version-history":[{"count":2,"href":"https:\/\/globalsourcechemicals.com\/hr\/wp-json\/wp\/v2\/product\/24200\/revisions"}],"predecessor-version":[{"id":25896,"href":"https:\/\/globalsourcechemicals.com\/hr\/wp-json\/wp\/v2\/product\/24200\/revisions\/25896"}],"wp:featuredmedia":[{"embeddable":true,"href":"https:\/\/globalsourcechemicals.com\/hr\/wp-json\/wp\/v2\/media\/21263"}],"wp:attachment":[{"href":"https:\/\/globalsourcechemicals.com\/hr\/wp-json\/wp\/v2\/media?parent=24200"}],"wp:term":[{"taxonomy":"product_brand","embeddable":true,"href":"https:\/\/globalsourcechemicals.com\/hr\/wp-json\/wp\/v2\/product_brand?post=24200"},{"taxonomy":"product_cat","embeddable":true,"href":"https:\/\/globalsourcechemicals.com\/hr\/wp-json\/wp\/v2\/product_cat?post=24200"},{"taxonomy":"product_tag","embeddable":true,"href":"https:\/\/globalsourcechemicals.com\/hr\/wp-json\/wp\/v2\/product_tag?post=24200"}],"curies":[{"name":"radni list","href":"https:\/\/api.w.org\/{rel}","templated":true}]}}