{"id":24177,"date":"2025-04-13T17:41:13","date_gmt":"2025-04-13T17:41:13","guid":{"rendered":"https:\/\/globalsourcechemicals.com\/?post_type=product&#038;p=24177"},"modified":"2025-04-22T08:50:44","modified_gmt":"2025-04-22T08:50:44","slug":"kutija-norflurazepama-10-mg","status":"publish","type":"product","link":"https:\/\/globalsourcechemicals.com\/hr\/ducan\/b2b\/kutija-norflurazepama-10-mg\/","title":{"rendered":"RC+ Norflurazepam 10 mg kutija"},"content":{"rendered":"<h2><strong>Norflurazepam \u2013 \u0160to trebate znati<\/strong><\/h2>\n<p>Norflurazepam je derivat benzodiazepina sa sedativnim, mi\u0161i\u0107nim relaksantnim i antianksioznim u\u010dinkom. Iako se ponekad koristi kao pomo\u0107 za spavanje ili za anksioznost, ne propisuje se u mnogim zemljama - uklju\u010duju\u0107i Nizozemsku i Belgiju. <strong>nije odobreno<\/strong> za medicinsku upotrebu. Zbog rizika od zlouporabe i ovisnosti, \u010desto spada pod <strong>Zakon o opijumu<\/strong>.<\/p>\n<hr \/>\n<h3>\ud83d\udce6 Informacije o Norflurazepamu 10 mg (50 peleta)<\/h3>\n<h4>1. <strong>Pravni status<\/strong><\/h4>\n<ul>\n<li><strong>Nizozemska<\/strong>Norflurazepam se uzima <strong>Popis I. Zakona o opijumu<\/strong>Posjedovanje, trgovina ili proizvodnja bez dozvole je ka\u017enjivo.<\/li>\n<li><strong>Belgija<\/strong>Tako\u0111er zabranjeno prema <strong>zakoni o drogama<\/strong>Nije priznat kao lijek.<a href=\"https:\/\/globalsourcechemicals.com\/hr\/ducan\/b2b\/rc-norflurazepam-5mg-box\/\">RC+ Norflurazepam 5 mg kutija<\/a><\/li>\n<\/ul>\n<h4>2. <strong>Zdravstveni rizici<\/strong><\/h4>\n<ul>\n<li><strong>Visok rizik od ovisnosti<\/strong>I fizi\u010dka i psihi\u010dka ovisnost.<\/li>\n<li><strong>Dugotrajna upotreba<\/strong> mo\u017ee dovesti do:\n<ul>\n<li>Tolerancija (potrebna je sve ve\u0107a doza)<\/li>\n<li>Simptomi odvikavanja poput anksioznosti, nesanice, napadaja<\/li>\n<\/ul>\n<\/li>\n<li><strong>Opasne kombinacije<\/strong>: Gutanje s alkoholom ili drugim depresorima (poput opioida) mo\u017ee dovesti do respiratorne depresije i smrti.<a title=\"6-CL-ADBA\" href=\"https:\/\/globalsourcechemicals.com\/hr\/ducan\/gotovo-zabranjeno\/6-cl-adba\/\" target=\"_blank\" rel=\"noopener\">6-CL-ADBA<\/a><\/li>\n<\/ul>\n<h4>3. <strong>Medicinski savjet<\/strong><\/h4>\n<ul>\n<li>Koristite ovaj lijek <strong>samo pod lije\u010dni\u010dkim nadzorom<\/strong> u zemljama gdje je to legalno.<\/li>\n<li>Patite li od zlostavljanja ili ovisnosti? <strong>Potra\u017eite stru\u010dnu pomo\u0107.<a title=\"2C-EF 2 mg kapsule\" href=\"https:\/\/globalsourcechemicals.com\/hr\/ducan\/fenetilamin\/2c-ef-2-mg-kapsule\/\" target=\"_blank\" rel=\"noopener\">2C-EF 2 mg kapsule<\/a><\/strong><\/li>\n<\/ul>\n<hr \/>\n<h3>\u26a0\ufe0fVa\u017eno upozorenje<\/h3>\n<p>Upotreba <strong>nikada<\/strong> Norflurazepam bez lije\u010dni\u010dkog recepta. Ilegalna trgovina - putem interneta ili uli\u010dnih dilera - nosi zna\u010dajne rizike:<\/p>\n<ul>\n<li>Mogu\u0107a kontaminacija tableta<\/li>\n<li>Nepouzdana doza<\/li>\n<\/ul>\n<p>Za <strong>sigurne i legalne alternative<\/strong> Ako imate problema sa spavanjem ili pritu\u017ebe na anksioznost, obratite se svom <strong>lije\u010dnik op\u0107e prakse ili ljekarnik<\/strong>.<\/p>\n<p>&nbsp;<\/p>","protected":false},"excerpt":{"rendered":"<p>Norflurazepam \u2013 Wat je moet weten Norflurazepam is een benzodiazepine-derivaat met kalmerende, spierverslappende en angstremmende effecten. Hoewel het soms wordt<\/p>","protected":false},"featured_media":20895,"comment_status":"closed","ping_status":"closed","template":"","meta":[],"product_brand":[82],"product_cat":[555],"product_tag":[326,132,137,135,134,136,133],"class_list":{"0":"post-24177","1":"product","2":"type-product","3":"status-publish","4":"has-post-thumbnail","6":"product_brand-research-chemical","7":"product_cat-b2b","8":"product_tag-nl","9":"product_tag-norflurazepam","10":"product_tag-norflurazepam-dosering","11":"product_tag-norflurazepam-ervaring","12":"product_tag-norflurazepam-ervaringen","13":"product_tag-norflurazepam-psychonaut","14":"product_tag-norflurazepam-werking","16":"first","17":"instock","18":"taxable","19":"shipping-taxable","20":"purchasable","21":"product-type-variable"},"_links":{"self":[{"href":"https:\/\/globalsourcechemicals.com\/hr\/wp-json\/wp\/v2\/product\/24177","targetHints":{"allow":["GET"]}}],"collection":[{"href":"https:\/\/globalsourcechemicals.com\/hr\/wp-json\/wp\/v2\/product"}],"about":[{"href":"https:\/\/globalsourcechemicals.com\/hr\/wp-json\/wp\/v2\/types\/product"}],"replies":[{"embeddable":true,"href":"https:\/\/globalsourcechemicals.com\/hr\/wp-json\/wp\/v2\/comments?post=24177"}],"version-history":[{"count":4,"href":"https:\/\/globalsourcechemicals.com\/hr\/wp-json\/wp\/v2\/product\/24177\/revisions"}],"predecessor-version":[{"id":26022,"href":"https:\/\/globalsourcechemicals.com\/hr\/wp-json\/wp\/v2\/product\/24177\/revisions\/26022"}],"wp:featuredmedia":[{"embeddable":true,"href":"https:\/\/globalsourcechemicals.com\/hr\/wp-json\/wp\/v2\/media\/20895"}],"wp:attachment":[{"href":"https:\/\/globalsourcechemicals.com\/hr\/wp-json\/wp\/v2\/media?parent=24177"}],"wp:term":[{"taxonomy":"product_brand","embeddable":true,"href":"https:\/\/globalsourcechemicals.com\/hr\/wp-json\/wp\/v2\/product_brand?post=24177"},{"taxonomy":"product_cat","embeddable":true,"href":"https:\/\/globalsourcechemicals.com\/hr\/wp-json\/wp\/v2\/product_cat?post=24177"},{"taxonomy":"product_tag","embeddable":true,"href":"https:\/\/globalsourcechemicals.com\/hr\/wp-json\/wp\/v2\/product_tag?post=24177"}],"curies":[{"name":"radni list","href":"https:\/\/api.w.org\/{rel}","templated":true}]}}