{"id":23975,"date":"2025-04-13T17:40:48","date_gmt":"2025-04-13T17:40:48","guid":{"rendered":"https:\/\/globalsourcechemicals.com\/?post_type=product&#038;p=23975"},"modified":"2025-10-02T23:00:16","modified_gmt":"2025-10-02T23:00:16","slug":"2-mmc-pelete","status":"publish","type":"product","link":"https:\/\/globalsourcechemicals.com\/hr\/ducan\/kupi-2-mmc-a\/2-mmc-pelete\/","title":{"rendered":"2-MMC 220 mg pelete"},"content":{"rendered":"<h2><strong>2-MMC <\/strong><strong>pelete, <\/strong><strong>pelete od 220 mg<\/strong><\/h2>\n<p>Ove pelete sadr\u017ee 220 mg 2-MMC-a.<\/p>\n<p>Pelete 2-MMC-a su tvar koju prodajemo samo u istra\u017eiva\u010dke svrhe i stoga nisu namijenjene za ljudsku konzumaciju. 2-MMC se mo\u017ee istra\u017eivati do dvije godine ako se \u010duva u odgovaraju\u0107em okru\u017eenju.<a title=\"MEAI\" href=\"https:\/\/globalsourcechemicals.com\/hr\/ducan\/ostalo\/meai\/\" target=\"_blank\" rel=\"noopener\">MEAI<\/a><\/p>\n<p>Budu\u0107i da je 2-MMC namijenjen samo za istra\u017eiva\u010dke svrhe, a ne za konzumaciju, va\u017eno ga je dr\u017eati izvan dohvata djece i ku\u0107nih ljubimaca.<a title=\"6-CL-ADBA\" href=\"https:\/\/globalsourcechemicals.com\/hr\/ducan\/gotovo-zabranjeno\/6-cl-adba\/\" target=\"_blank\" rel=\"noopener\">6-CL-ADBA<\/a><\/p>\n<p>Nudimo visokokvalitetne istra\u017eiva\u010dke kemikalije po povoljnoj cijeni. Va\u0161a narud\u017eba se \u0161alje u roku od 24 sata svaki dan. Naru\u010dite 2-MMC sigurno i brzo.<a title=\"2C-EF 2 mg kapsule\" href=\"https:\/\/globalsourcechemicals.com\/hr\/ducan\/fenetilamin\/2c-ef-2-mg-kapsule\/\" target=\"_blank\" rel=\"noopener\">2C-EF 2 mg kapsule<\/a><\/p>\n<h2>Svojstva 2-MMC-a<\/h2>\n<p><strong>CAS broj<\/strong>: 1246911-71-6<br \/>\n<strong>Formula<\/strong>C11h15NO \u2022 HCl<br \/>\n<strong>Molarna masa<\/strong>: 177.247<br \/>\n<strong>\u010cisto\u0107a<\/strong>: \u226599%<\/p>\n<h3>Izjava o opasnosti<\/h3>\n<p>2-MMC mo\u017ee uzrokovati iritaciju di\u0161nih putova<br \/>\n2-MMC mo\u017ee izazvati iritaciju oka.<br \/>\nIspu\u0161tanje istra\u017eiva\u010dkih kemikalija u okoli\u0161 je zabranjeno.<a title=\"6-CL-ADBA\" href=\"https:\/\/globalsourcechemicals.com\/hr\/ducan\/gotovo-zabranjeno\/6-cl-adba\/\" target=\"_blank\" rel=\"noopener\">6-CL-ADBA<\/a><\/p>\n<p>2-MMC U O\u010cIMA: Nje\u017eno ispirite o\u010di vodom pet minuta. Uklonite kontaktne le\u0107e ako ih imate i ako se to lako mo\u017ee u\u010diniti.<\/p>\n<p>2-MMC U DODIRU S KO\u017dOM: Operite ko\u017eu sapunom i vodom.<\/p>\n<p>NAKON UDISANJA 2-MMC: Odvesti unesre\u0107enog <a href=\"http:\/\/google.nl\" target=\"_blank\" rel=\"noopener\">u<\/a> svje\u017eeg zraka i neka unesre\u0107eni stoji u polo\u017eaju koji mu je udoban za disanje.<\/p>","protected":false},"excerpt":{"rendered":"<h2>Svojstva 2-MMC-a<\/h2>\n<p><strong>CAS broj<\/strong>: 1246911-71-6<br \/>\n<strong>Formula<\/strong>C11h15NO \u2022 HCl<br \/>\n<strong>Molarna masa<\/strong>: 177.247<br \/>\n<strong>\u010cisto\u0107a<\/strong>: \u226599%<\/p>","protected":false},"featured_media":27776,"comment_status":"closed","ping_status":"closed","template":"","meta":[],"product_brand":[82],"product_cat":[372,463,322,79,324],"product_tag":[83,679,652,678,326],"class_list":{"0":"post-23975","1":"product","2":"type-product","3":"status-publish","4":"has-post-thumbnail","6":"product_brand-research-chemical","7":"product_cat-2-mmc-kopen","8":"product_cat-2-mmc-pellets","9":"product_cat-bijna-verboden","10":"product_cat-cathinonen","11":"product_cat-pellets-for-pellet","12":"product_tag-2-mmc-kopen","13":"product_tag-2-mmc-pellets","14":"product_tag-2-mmc-pellets-kopen","15":"product_tag-2mmc-pellets","16":"product_tag-nl","18":"first","19":"instock","20":"taxable","21":"shipping-taxable","22":"purchasable","23":"product-type-variable"},"_links":{"self":[{"href":"https:\/\/globalsourcechemicals.com\/hr\/wp-json\/wp\/v2\/product\/23975","targetHints":{"allow":["GET"]}}],"collection":[{"href":"https:\/\/globalsourcechemicals.com\/hr\/wp-json\/wp\/v2\/product"}],"about":[{"href":"https:\/\/globalsourcechemicals.com\/hr\/wp-json\/wp\/v2\/types\/product"}],"replies":[{"embeddable":true,"href":"https:\/\/globalsourcechemicals.com\/hr\/wp-json\/wp\/v2\/comments?post=23975"}],"version-history":[{"count":3,"href":"https:\/\/globalsourcechemicals.com\/hr\/wp-json\/wp\/v2\/product\/23975\/revisions"}],"predecessor-version":[{"id":25527,"href":"https:\/\/globalsourcechemicals.com\/hr\/wp-json\/wp\/v2\/product\/23975\/revisions\/25527"}],"wp:featuredmedia":[{"embeddable":true,"href":"https:\/\/globalsourcechemicals.com\/hr\/wp-json\/wp\/v2\/media\/27776"}],"wp:attachment":[{"href":"https:\/\/globalsourcechemicals.com\/hr\/wp-json\/wp\/v2\/media?parent=23975"}],"wp:term":[{"taxonomy":"product_brand","embeddable":true,"href":"https:\/\/globalsourcechemicals.com\/hr\/wp-json\/wp\/v2\/product_brand?post=23975"},{"taxonomy":"product_cat","embeddable":true,"href":"https:\/\/globalsourcechemicals.com\/hr\/wp-json\/wp\/v2\/product_cat?post=23975"},{"taxonomy":"product_tag","embeddable":true,"href":"https:\/\/globalsourcechemicals.com\/hr\/wp-json\/wp\/v2\/product_tag?post=23975"}],"curies":[{"name":"radni list","href":"https:\/\/api.w.org\/{rel}","templated":true}]}}