{"id":23317,"date":"2025-04-13T17:39:34","date_gmt":"2025-04-13T17:39:34","guid":{"rendered":"https:\/\/globalsourcechemicals.com\/?post_type=product&#038;p=23317"},"modified":"2025-10-03T19:07:03","modified_gmt":"2025-10-03T19:07:03","slug":"ucinci-flubromazepama","status":"publish","type":"product","link":"https:\/\/globalsourcechemicals.com\/hr\/ducan\/benzodiazepini\/ucinci-flubromazepama\/","title":{"rendered":"Flubromazepam \u010disti"},"content":{"rendered":"<h2>Flubromazepam<span class=\"___SText_pr68d-red-team\" data-ui-name=\"Link.Text\">\u00a0operacija<\/span><\/h2>\n<p><strong>Flubromazepam <span class=\"___SText_pr68d-red-team\" data-ui-name=\"Link.Text\">operacija<\/span><\/strong> je tvar koja se prodaje samo u istra\u017eiva\u010dke svrhe i stoga nije namijenjena za konzumaciju.<\/p>\n<p>Flubromazepam ostaje stabilan do 2 godine ako se \u010duva u odgovaraju\u0107em okru\u017eenju. Flubromazepam je namijenjen za istra\u017eiva\u010dke svrhe, a ne za ljudsku konzumaciju. Stoga je va\u017eno proizvod \u010duvati izvan dohvata djece i ku\u0107nih ljubimaca.<a title=\"1V-LSD 150 MCG upijaju\u0107ih papira\" href=\"https:\/\/globalsourcechemicals.com\/hr\/ducan\/lisergamidi\/1v-lsd-150-mcg-blotters\/\" target=\"_blank\" rel=\"noopener\">1V-LSD 150 MCG upijaju\u0107ih papira<\/a><\/p>\n<p>Nudimo visokokvalitetne istra\u017eiva\u010dke kemikalije po povoljnoj cijeni. Va\u0161a narud\u017eba se \u0161alje u roku od 24 sata svaki dan. Naru\u010dite odmah! <em>Flubromazepam<\/em> sigurno i brzo putem!<a title=\"2C-EF 2 mg kapsule\" href=\"https:\/\/globalsourcechemicals.com\/hr\/ducan\/fenetilamin\/2c-ef-2-mg-kapsule\/\" target=\"_blank\" rel=\"noopener\">2C-EF 2 mg kapsule<\/a><\/p>\n<h3>Svojstva flubromazepama<\/h3>\n<p><strong>Sinonim:<\/strong> Flubromazepam<br \/>\n<strong>CAS broj:<\/strong> 2647-50-9<br \/>\n<strong>Formula:<\/strong> 7-bromo-5-(2-fluorofenil)-1,3-dihidro-2H-1,4-benzodiazepin-2-on<br \/>\n<strong>Molarna masa:<\/strong> 333,2 g\/mol<br \/>\n<strong>\u010cisto\u0107a:<\/strong> &gt;97%<\/p>\n<h3>\u0160to je flubromazepam?<\/h3>\n<p>Flubromazepam je istra\u017eiva\u010dka kemikalija koja pripada klasi benzodiazepina. To je sintetski spoj koji je privukao istra\u017eiva\u010dki interes zbog svojih potencijalnih u\u010dinaka na sredi\u0161nji \u017eiv\u010dani sustav.<\/p>\n<p>Flubromazepam potje\u010de iz obitelji benzodiazepina, poznatih po svojim sedativnim, anksioliti\u010dkim i mi\u0161i\u0107no-relaksantnim svojstvima. Razvijen je kao modifikacija postoje\u0107ih benzodiazepina kako bi se istra\u017eile varijacije u farmakolo\u0161kom profilu i potencijalne terapijske primjene. Istra\u017eiva\u010di su posebno zainteresirani za prou\u010davanje interakcije flubromazepama s GABA-A receptorima u mozgu. Ti receptori igraju klju\u010dnu ulogu u regulaciji inhibitornih neurotransmitera.<\/p>\n<p>Razvoj flubromazepama kao istra\u017eiva\u010dke kemikalije potaknut je znanstvenom znati\u017eeljom i \u017eeljom za pobolj\u0161anjem na\u0161eg razumijevanja benzodiazepinskih spojeva. Provo\u0111enjem rigoroznih istra\u017eivanja znanstvenici \u017eele pro\u0161iriti na\u0161e znanje o u\u010dincima spoja na sredi\u0161nji \u017eiv\u010dani sustav i doprinijeti \u0161irem razumijevanju benzodiazepina.<\/p>\n<h3>Kako je nastao flubromazepam?<\/h3>\n<p>Povijest kemijskog spoja flubromazepam usko je povezana s razvojem i istra\u017eivanjem benzodiazepinskih spojeva. Benzodiazepini, klasa poznata po svojim sedativnim, anksioliti\u010dkim i mi\u0161i\u0107no-relaksantnim svojstvima, imaju dugu povijest u farmaceutskim istra\u017eivanjima.<\/p>\n<p>Sam flubromazepam pojavio se kao istra\u017eiva\u010dka kemikalija u novijim godinama, jer su znanstvenici nastojali pro\u0161iriti svoje znanje i razumijevanje benzodiazepina. Spoj je razvijen kao modifikacija postoje\u0107ih benzodiazepina kako bi se istra\u017eile potencijalne varijacije u njihovom farmakolo\u0161kom profilu i svojstvima.<\/p>\n<p>Sinteza i prou\u010davanje flubromazepama prvenstveno se odvijaju u podru\u010dju znanstvenih istra\u017eivanja. Istra\u017eiva\u010di, uklju\u010duju\u0107i kemi\u010dare, farmakologe i neuroznanstvenike, zainteresirani su za istra\u017eivanje kemijske strukture spoja, njegovih u\u010dinaka na sredi\u0161nji \u017eiv\u010dani sustav i njegovih potencijalnih terapijskih primjena.<a title=\"2-CMC pelete od 250 mg\" href=\"https:\/\/globalsourcechemicals.com\/hr\/ducan\/katinoni\/kupiti-2-cmc\/\" target=\"_blank\" rel=\"noopener\">2-CMC pelete od 250 mg<\/a><\/p>\n<h3>Izjava o opasnosti<\/h3>\n<p>Flubromazepam mo\u017ee uzrokovati iritaciju di\u0161nih putova<br \/>\nFlubromazepam mo\u017ee izazvati iritaciju oka.<br \/>\nIspu\u0161tanje istra\u017eiva\u010dkih kemikalija u okoli\u0161 je zabranjeno.<\/p>\n<p>Flubromazepam U DODIRU S O\u010cIMA: Nje\u017eno ispirite o\u010di vodom pet minuta. Uklonite kontaktne le\u0107e, ako je mogu\u0107e.<a href=\"http:\/\/google.nl\" target=\"_blank\" rel=\"noopener\">.<\/a><\/p>\n<p>Flubromazepam U DODIRU S KO\u017dOM: Oprati ko\u017eu sapunom i vodom.<\/p>\n<p>U SLU\u010cAJU UDISANJA Flubromazepam: Izvesti unesre\u0107enog na svje\u017ei zrak i staviti ga u polo\u017eaj koji mu olak\u0161ava disanje.<\/p>","protected":false},"excerpt":{"rendered":"<p>Flubromazepam\u00a0werking Flubromazepam werking is een stof die alleen verkocht wordt voor research doeleinden en is dus niet voor consumptie bestemd.<\/p>","protected":false},"featured_media":28477,"comment_status":"closed","ping_status":"closed","template":"","meta":[],"product_brand":[82],"product_cat":[76,386],"product_tag":[138,139,140,142,141,326],"class_list":{"0":"post-23317","1":"product","2":"type-product","3":"status-publish","4":"has-post-thumbnail","6":"product_brand-research-chemical","7":"product_cat-benzodiazepinen","8":"product_cat-flubromazepam","9":"product_tag-flubromazepam","10":"product_tag-flubromazepam-effects","11":"product_tag-flubromazepam-ervaring","12":"product_tag-flubromazepam-halfwaardetijd","13":"product_tag-flubromazepam-werking","14":"product_tag-nl","16":"first","17":"instock","18":"taxable","19":"shipping-taxable","20":"purchasable","21":"product-type-variable"},"_links":{"self":[{"href":"https:\/\/globalsourcechemicals.com\/hr\/wp-json\/wp\/v2\/product\/23317","targetHints":{"allow":["GET"]}}],"collection":[{"href":"https:\/\/globalsourcechemicals.com\/hr\/wp-json\/wp\/v2\/product"}],"about":[{"href":"https:\/\/globalsourcechemicals.com\/hr\/wp-json\/wp\/v2\/types\/product"}],"replies":[{"embeddable":true,"href":"https:\/\/globalsourcechemicals.com\/hr\/wp-json\/wp\/v2\/comments?post=23317"}],"version-history":[{"count":3,"href":"https:\/\/globalsourcechemicals.com\/hr\/wp-json\/wp\/v2\/product\/23317\/revisions"}],"predecessor-version":[{"id":25431,"href":"https:\/\/globalsourcechemicals.com\/hr\/wp-json\/wp\/v2\/product\/23317\/revisions\/25431"}],"wp:featuredmedia":[{"embeddable":true,"href":"https:\/\/globalsourcechemicals.com\/hr\/wp-json\/wp\/v2\/media\/28477"}],"wp:attachment":[{"href":"https:\/\/globalsourcechemicals.com\/hr\/wp-json\/wp\/v2\/media?parent=23317"}],"wp:term":[{"taxonomy":"product_brand","embeddable":true,"href":"https:\/\/globalsourcechemicals.com\/hr\/wp-json\/wp\/v2\/product_brand?post=23317"},{"taxonomy":"product_cat","embeddable":true,"href":"https:\/\/globalsourcechemicals.com\/hr\/wp-json\/wp\/v2\/product_cat?post=23317"},{"taxonomy":"product_tag","embeddable":true,"href":"https:\/\/globalsourcechemicals.com\/hr\/wp-json\/wp\/v2\/product_tag?post=23317"}],"curies":[{"name":"radni list","href":"https:\/\/api.w.org\/{rel}","templated":true}]}}