{"id":23084,"date":"2025-04-13T17:39:07","date_gmt":"2025-04-13T17:39:07","guid":{"rendered":"https:\/\/globalsourcechemicals.com\/?post_type=product&#038;p=23084"},"modified":"2025-10-03T19:20:36","modified_gmt":"2025-10-03T19:20:36","slug":"4homet-fumarat","status":"publish","type":"product","link":"https:\/\/globalsourcechemicals.com\/hr\/ducan\/4-ho-met\/4homet-fumarat\/","title":{"rendered":"4-HO-MET fumarat"},"content":{"rendered":"<h1><strong><span dir=\"auto\" style=\"vertical-align: inherit;\"><span dir=\"auto\" style=\"vertical-align: inherit;\">4HOMET fumarat \u2013 \u010cista istra\u017eiva\u010dka kemikalija<\/span><\/span><\/strong><\/h1>\n<h2><strong><span dir=\"auto\" style=\"vertical-align: inherit;\"><span dir=\"auto\" style=\"vertical-align: inherit;\">\u0160to je 4-HO-MET fumarat?<\/span><\/span><\/strong><\/h2>\n<p><span dir=\"auto\" style=\"vertical-align: inherit;\"><span dir=\"auto\" style=\"vertical-align: inherit;\">4HOMET fumarat (4-hidroksi-N-metil-N-etiltriptamin fumarat) je sintetski psihodeli\u010dni triptamin, srodan psilocibinu. Poznat je po svojim svojstvima vizualne stimulacije i emocionalnog oboga\u0107ivanja.<\/span><\/span><\/p>\n<p><span dir=\"auto\" style=\"vertical-align: inherit;\"><span dir=\"auto\" style=\"vertical-align: inherit;\">Ova tvar se koristi isklju\u010divo za znanstvena istra\u017eivanja, posebno u farmakologiji i studijama svijesti. Proizvod je dostupan u \u010distom, precizno doziranom obliku i prikladan je za kontrolirane istra\u017eiva\u010dke svrhe. <\/span><\/span><a title=\"1cP-LSD 150 MCG Art Blotters\" href=\"https:\/\/globalsourcechemicals.com\/hr\/ducan\/lisergamidi\/1cp-lsd-a\/\" target=\"_blank\" rel=\"noopener\"><span dir=\"auto\" style=\"vertical-align: inherit;\"><span dir=\"auto\" style=\"vertical-align: inherit;\">1cP-LSD 150 MCG Art Blotters<\/span><\/span><\/a><\/p>\n<h2><strong><span dir=\"auto\" style=\"vertical-align: inherit;\"><span dir=\"auto\" style=\"vertical-align: inherit;\">Karakteristike 4-HO-MET fumarata<\/span><\/span><\/strong><\/h2>\n<ul>\n<li><strong><span dir=\"auto\" style=\"vertical-align: inherit;\"><span dir=\"auto\" style=\"vertical-align: inherit;\">Visoka \u010disto\u0107a<\/span><\/span><\/strong><span dir=\"auto\" style=\"vertical-align: inherit;\"><span dir=\"auto\" style=\"vertical-align: inherit;\"> \u2013 Proizvedeno prema strogim laboratorijskim standardima<\/span><\/span><\/li>\n<li><strong><span dir=\"auto\" style=\"vertical-align: inherit;\"><span dir=\"auto\" style=\"vertical-align: inherit;\">To\u010dno doziranje<\/span><\/span><\/strong><span dir=\"auto\" style=\"vertical-align: inherit;\"><span dir=\"auto\" style=\"vertical-align: inherit;\"> \u2013 Konzistentan sastav za pouzdane rezultate<\/span><\/span><\/li>\n<li><strong><span dir=\"auto\" style=\"vertical-align: inherit;\"><span dir=\"auto\" style=\"vertical-align: inherit;\">Sigurno pakiranje<\/span><\/span><\/strong><span dir=\"auto\" style=\"vertical-align: inherit;\"><span dir=\"auto\" style=\"vertical-align: inherit;\"> \u2013 Hermeti\u010dki i svjetlosno zatvoreno kako bi se osigurala stabilnost<\/span><\/span><\/li>\n<li><strong><span dir=\"auto\" style=\"vertical-align: inherit;\"><span dir=\"auto\" style=\"vertical-align: inherit;\">Neovisno testirano<\/span><\/span><\/strong><span dir=\"auto\" style=\"vertical-align: inherit;\"><span dir=\"auto\" style=\"vertical-align: inherit;\"> \u2013 Kontrola kvalitete putem vanjskih laboratorijskih analiza<\/span><\/span><\/li>\n<\/ul>\n<h2><strong><span dir=\"auto\" style=\"vertical-align: inherit;\"><span dir=\"auto\" style=\"vertical-align: inherit;\">Efekti i profil efekata<\/span><\/span><\/strong><\/h2>\n<p><span dir=\"auto\" style=\"vertical-align: inherit;\"><span dir=\"auto\" style=\"vertical-align: inherit;\">4-HO-MET fumarat je poznat po:<\/span><\/span><\/p>\n<ul>\n<li><strong><span dir=\"auto\" style=\"vertical-align: inherit;\"><span dir=\"auto\" style=\"vertical-align: inherit;\">Intenzivni vizualni efekti<\/span><\/span><\/strong><span dir=\"auto\" style=\"vertical-align: inherit;\"><span dir=\"auto\" style=\"vertical-align: inherit;\"> kao \u0161to su poja\u010davanje boja i percepcija uzoraka<\/span><\/span><\/li>\n<li><strong><span dir=\"auto\" style=\"vertical-align: inherit;\"><span dir=\"auto\" style=\"vertical-align: inherit;\">Pove\u0107ana emocionalna otvorenost i euforija<\/span><\/span><\/strong><\/li>\n<li><strong><span dir=\"auto\" style=\"vertical-align: inherit;\"><span dir=\"auto\" style=\"vertical-align: inherit;\">Nisko kognitivno optere\u0107enje<\/span><\/span><\/strong><span dir=\"auto\" style=\"vertical-align: inherit;\"><span dir=\"auto\" style=\"vertical-align: inherit;\"> u usporedbi s usporedivim triptaminima<\/span><\/span><\/li>\n<li><strong><span dir=\"auto\" style=\"vertical-align: inherit;\"><span dir=\"auto\" style=\"vertical-align: inherit;\">Trajanje djelovanja: 4 do 6 sati<\/span><\/span><\/strong><\/li>\n<\/ul>\n<p><span dir=\"auto\" style=\"vertical-align: inherit;\"><span dir=\"auto\" style=\"vertical-align: inherit;\">U\u010dinci obi\u010dno po\u010dinju unutar <\/span><\/span><strong><span dir=\"auto\" style=\"vertical-align: inherit;\"><span dir=\"auto\" style=\"vertical-align: inherit;\">20 do 40 minuta<\/span><\/span><\/strong><span dir=\"auto\" style=\"vertical-align: inherit;\"><span dir=\"auto\" style=\"vertical-align: inherit;\"> i vrhunac oko <\/span><\/span><strong><span dir=\"auto\" style=\"vertical-align: inherit;\"><span dir=\"auto\" style=\"vertical-align: inherit;\">2 do 3 sata<\/span><\/span><\/strong><span dir=\"auto\" style=\"vertical-align: inherit;\"><span dir=\"auto\" style=\"vertical-align: inherit;\"> nakon gutanja.<\/span><\/span><\/p>\n<h2><strong><span dir=\"auto\" style=\"vertical-align: inherit;\"><span dir=\"auto\" style=\"vertical-align: inherit;\">Preporu\u010dene doze za istra\u017eivanje<\/span><\/span><\/strong><\/h2>\n<ul>\n<li><strong><span dir=\"auto\" style=\"vertical-align: inherit;\"><span dir=\"auto\" style=\"vertical-align: inherit;\">Niska doza:<\/span><\/span><\/strong><span dir=\"auto\" style=\"vertical-align: inherit;\"><span dir=\"auto\" style=\"vertical-align: inherit;\"> 5 do 10 mg<\/span><\/span><\/li>\n<li><strong><span dir=\"auto\" style=\"vertical-align: inherit;\"><span dir=\"auto\" style=\"vertical-align: inherit;\">Prosje\u010dna doza:<\/span><\/span><\/strong><span dir=\"auto\" style=\"vertical-align: inherit;\"><span dir=\"auto\" style=\"vertical-align: inherit;\"> 10 do 20 mg<\/span><\/span><\/li>\n<li><strong><span dir=\"auto\" style=\"vertical-align: inherit;\"><span dir=\"auto\" style=\"vertical-align: inherit;\">Visoka doza:<\/span><\/span><\/strong><span dir=\"auto\" style=\"vertical-align: inherit;\"><span dir=\"auto\" style=\"vertical-align: inherit;\"> 20 do 30 mg (samo za iskusne istra\u017eiva\u010de)<\/span><\/span><\/li>\n<\/ul>\n<p><span dir=\"auto\" style=\"vertical-align: inherit;\"><span dir=\"auto\" style=\"vertical-align: inherit;\">Uvijek po\u010dnite s niskom dozom kako biste utvrdili individualnu osjetljivost. <\/span><\/span><a title=\"Kupite Ibogain HCL\" href=\"https:\/\/globalsourcechemicals.com\/hr\/ducan\/iboga-ibogain\/kupiti-ibogain-hidroklorid-online\/\" target=\"_blank\" rel=\"noopener\"><span dir=\"auto\" style=\"vertical-align: inherit;\"><span dir=\"auto\" style=\"vertical-align: inherit;\">Kupite Ibogain HCL<\/span><\/span><\/a><\/p>\n<h2><strong><span dir=\"auto\" style=\"vertical-align: inherit;\"><span dir=\"auto\" style=\"vertical-align: inherit;\">Sigurnosne upute<\/span><\/span><\/strong><\/h2>\n<ul>\n<li><span dir=\"auto\" style=\"vertical-align: inherit;\"><span dir=\"auto\" style=\"vertical-align: inherit;\">Ne koristite ako imate mentalna stanja poput anksioznosti ili psihoze.<\/span><\/span><\/li>\n<li><span dir=\"auto\" style=\"vertical-align: inherit;\"><span dir=\"auto\" style=\"vertical-align: inherit;\">Uvijek se primjenjujte u kontroliranom istra\u017eiva\u010dkom okru\u017eenju<\/span><\/span><\/li>\n<li><span dir=\"auto\" style=\"vertical-align: inherit;\"><span dir=\"auto\" style=\"vertical-align: inherit;\">Ne kombinirati s drugim psihoaktivnim tvarima<\/span><\/span><\/li>\n<li><span dir=\"auto\" style=\"vertical-align: inherit;\"><span dir=\"auto\" style=\"vertical-align: inherit;\">\u010cuvati na hladnom, suhom i sigurnom mjestu, izvan dohvata neovla\u0161tenih osoba.<\/span><\/span><\/li>\n<\/ul>\n<h2><strong><span dir=\"auto\" style=\"vertical-align: inherit;\"><span dir=\"auto\" style=\"vertical-align: inherit;\">Aplikacije i ciljana publika<\/span><\/span><\/strong><\/h2>\n<p><span dir=\"auto\" style=\"vertical-align: inherit;\"><span dir=\"auto\" style=\"vertical-align: inherit;\">4-HO S fumaratom namijenjen je za:<\/span><\/span><\/p>\n<ul>\n<li><strong><span dir=\"auto\" style=\"vertical-align: inherit;\"><span dir=\"auto\" style=\"vertical-align: inherit;\">Znanstveno istra\u017eivanje<\/span><\/span><\/strong><span dir=\"auto\" style=\"vertical-align: inherit;\"><span dir=\"auto\" style=\"vertical-align: inherit;\"> u psihodeli\u010dne tvari<\/span><\/span><\/li>\n<li><strong><span dir=\"auto\" style=\"vertical-align: inherit;\"><span dir=\"auto\" style=\"vertical-align: inherit;\">Studije akademske svijesti<\/span><\/span><\/strong><span dir=\"auto\" style=\"vertical-align: inherit;\"><span dir=\"auto\" style=\"vertical-align: inherit;\"> unutar neuroznanosti i psihologije<\/span><\/span><\/li>\n<li><strong><span dir=\"auto\" style=\"vertical-align: inherit;\"><span dir=\"auto\" style=\"vertical-align: inherit;\">Iskusni istra\u017eiva\u010di<\/span><\/span><\/strong><span dir=\"auto\" style=\"vertical-align: inherit;\"><span dir=\"auto\" style=\"vertical-align: inherit;\"> sa znanjem o triptaminima. <\/span><\/span><a title=\"Kora korijena iboge\" href=\"https:\/\/globalsourcechemicals.com\/hr\/ducan\/iboga-ibogain\/kora-korijena-iboge\/\" target=\"_blank\" rel=\"noopener\"><span dir=\"auto\" style=\"vertical-align: inherit;\"><span dir=\"auto\" style=\"vertical-align: inherit;\">Kora korijena iboge<\/span><\/span><\/a><\/li>\n<\/ul>\n<h2><strong><span dir=\"auto\" style=\"vertical-align: inherit;\"><span dir=\"auto\" style=\"vertical-align: inherit;\">Podaci o narud\u017ebi<\/span><\/span><\/strong><\/h2>\n<p><span dir=\"auto\" style=\"vertical-align: inherit;\"><span dir=\"auto\" style=\"vertical-align: inherit;\">4-HO-MET fumarat se isporu\u010duje diskretno i sigurno zapakiran. Dostupan je kao visokokvalitetni istra\u017eiva\u010dki proizvod za profesionalce.<\/span><\/span><\/p>","protected":false},"excerpt":{"rendered":"<h3><span style=\"vertical-align: inherit;\"><span style=\"vertical-align: inherit;\"><span dir=\"auto\" style=\"vertical-align: inherit;\"><span dir=\"auto\" style=\"vertical-align: inherit;\">4-HO-MET Fumarate<\/span><\/span><\/span><\/span><\/h3>\n<p><span style=\"vertical-align: inherit;\"><span style=\"vertical-align: inherit;\"><span dir=\"auto\" style=\"vertical-align: inherit;\"><span dir=\"auto\" style=\"vertical-align: inherit;\">Synonyms: 4-hydroxy-N-methyl-N-ethyltryptamine; metocin; <\/span><\/span><\/span><\/span><br \/>\n<span style=\"vertical-align: inherit;\"><span style=\"vertical-align: inherit;\"><span dir=\"auto\" style=\"vertical-align: inherit;\"><span dir=\"auto\" style=\"vertical-align: inherit;\">3-{2-[ethyl(methyl)amino]ethyl}-1H-indol-4-ol <\/span><\/span><\/span><\/span><br \/>\n<span style=\"vertical-align: inherit;\"><span style=\"vertical-align: inherit;\"><span dir=\"auto\" style=\"vertical-align: inherit;\"><span dir=\"auto\" style=\"vertical-align: inherit;\">CAS number: 77872-41-4 <\/span><\/span><\/span><\/span><br \/>\n<span style=\"vertical-align: inherit;\"><span style=\"vertical-align: inherit;\"><span dir=\"auto\" style=\"vertical-align: inherit;\"><span dir=\"auto\" style=\"vertical-align: inherit;\">Formula: C13H18N2O <\/span><\/span><\/span><\/span><br \/>\n<span style=\"vertical-align: inherit;\"><span style=\"vertical-align: inherit;\"><span dir=\"auto\" style=\"vertical-align: inherit;\"><span dir=\"auto\" style=\"vertical-align: inherit;\">Molar mass: 218.3 g\/mol <\/span><\/span><\/span><\/span><br \/>\n<span style=\"vertical-align: inherit;\"><span style=\"vertical-align: inherit;\"><span dir=\"auto\" style=\"vertical-align: inherit;\"><span dir=\"auto\" style=\"vertical-align: inherit;\">Purity: \u226598%<\/span><\/span><\/span><\/span><\/p>\n","protected":false},"featured_media":28487,"comment_status":"closed","ping_status":"closed","template":"","meta":[],"product_brand":[82],"product_cat":[382,381],"product_tag":[658,659,657,326],"class_list":{"0":"post-23084","1":"product","2":"type-product","3":"status-publish","4":"has-post-thumbnail","6":"product_brand-research-chemical","7":"product_cat-4-ho-met","8":"product_cat-tryptamines","9":"product_tag-4-ho-met","10":"product_tag-4ho-met","11":"product_tag-4homet","12":"product_tag-nl","14":"first","15":"instock","16":"taxable","17":"shipping-taxable","18":"purchasable","19":"product-type-variable"},"_links":{"self":[{"href":"https:\/\/globalsourcechemicals.com\/hr\/wp-json\/wp\/v2\/product\/23084","targetHints":{"allow":["GET"]}}],"collection":[{"href":"https:\/\/globalsourcechemicals.com\/hr\/wp-json\/wp\/v2\/product"}],"about":[{"href":"https:\/\/globalsourcechemicals.com\/hr\/wp-json\/wp\/v2\/types\/product"}],"replies":[{"embeddable":true,"href":"https:\/\/globalsourcechemicals.com\/hr\/wp-json\/wp\/v2\/comments?post=23084"}],"version-history":[{"count":6,"href":"https:\/\/globalsourcechemicals.com\/hr\/wp-json\/wp\/v2\/product\/23084\/revisions"}],"predecessor-version":[{"id":28488,"href":"https:\/\/globalsourcechemicals.com\/hr\/wp-json\/wp\/v2\/product\/23084\/revisions\/28488"}],"wp:featuredmedia":[{"embeddable":true,"href":"https:\/\/globalsourcechemicals.com\/hr\/wp-json\/wp\/v2\/media\/28487"}],"wp:attachment":[{"href":"https:\/\/globalsourcechemicals.com\/hr\/wp-json\/wp\/v2\/media?parent=23084"}],"wp:term":[{"taxonomy":"product_brand","embeddable":true,"href":"https:\/\/globalsourcechemicals.com\/hr\/wp-json\/wp\/v2\/product_brand?post=23084"},{"taxonomy":"product_cat","embeddable":true,"href":"https:\/\/globalsourcechemicals.com\/hr\/wp-json\/wp\/v2\/product_cat?post=23084"},{"taxonomy":"product_tag","embeddable":true,"href":"https:\/\/globalsourcechemicals.com\/hr\/wp-json\/wp\/v2\/product_tag?post=23084"}],"curies":[{"name":"radni list","href":"https:\/\/api.w.org\/{rel}","templated":true}]}}