{"id":27196,"date":"2025-08-14T10:52:21","date_gmt":"2025-08-14T10:52:21","guid":{"rendered":"https:\/\/globalsourcechemicals.com\/?page_id=27196"},"modified":"2025-10-13T09:51:39","modified_gmt":"2025-10-13T09:51:39","slug":"izjava-o-privatnosti","status":"publish","type":"page","link":"https:\/\/globalsourcechemicals.com\/hr\/izjava-o-privatnosti\/","title":{"rendered":"Izjava o privatnosti"},"content":{"rendered":"<p>Izjava o privatnosti<br>Ovo je izjava o privatnosti tvrtke globalsourcechemicals.com. Primjenjivost: Ova izjava o privatnosti odnosi se na sve osjetljive podatke o privatnosti ili osobne podatke koje nam dajete, na primjer putem obrasca za registraciju, kontaktnog obrasca ili narud\u017ebi koje izvr\u0161ite.<\/p>\n\n\n\n<p>Cijenimo privatnost na\u0161ih kupaca i stoga s najve\u0107om pa\u017enjom postupamo s osobnim podacima i \u0161titimo ih. Podatke obra\u0111ujemo u skladu s uvjetima Op\u0107e uredbe o za\u0161titi podataka (GDPR).<\/p>\n\n\n\n<p>globalsourcechemicals.com je voditelj obrade va\u0161ih osobnih podataka u smislu GDPR-a. To zna\u010di da sami odre\u0111ujemo koji se osobni podaci obra\u0111uju, u koju svrhu i na koji na\u010din. Odgovorni smo za osiguravanje da se va\u0161i osobni podaci obra\u0111uju pravilno i pa\u017eljivo u skladu s GDPR-om. U ovoj izjavi o privatnosti obja\u0161njavamo koje podatke obra\u0111ujemo i u koje svrhe. Pregled osobnih podataka: U nastavku \u0107ete prona\u0107i pregled osobnih podataka koje obra\u0111ujemo:<\/p>\n\n\n\n<ul class=\"wp-block-list\">\n<li>Ime i prezime<\/li>\n\n\n\n<li>Adresa<\/li>\n\n\n\n<li>Broj telefona<\/li>\n\n\n\n<li>E-mail adresa<\/li>\n\n\n\n<li>IP adresa posjetitelja web stranice<br>SVRHA I OSNOVA ZA OBRADU OSOBNIH PODATAKA<br>Prihva\u0107anjem ove izjave o privatnosti, izri\u010dito pristajete, kako je definirano u \u010dlanku 6. stavku 1. to\u010dki (a) GDPR-a, na obradu va\u0161ih osobnih podataka u dolje navedene svrhe. Ovu privolu mo\u017eete povu\u0107i u bilo kojem trenutku. Me\u0111utim, ako nam ne dostavite odre\u0111ene podatke ili nam ne dopustite da ih obra\u0111ujemo, mo\u017eda vam ne\u0107emo mo\u0107i pru\u017eiti najbolju mogu\u0107u uslugu.<\/li>\n<\/ul>\n\n\n\n<p>Ako nam niste dali izri\u010ditu privolu za obradu va\u0161ih osobnih podataka ili ako ste tu privolu povukli, obrada va\u0161ih osobnih podataka mo\u017ee se temeljiti na \u010dlanku 6. stavku 1. podstavcima b, c i\/ili f GDPR-a. U tom slu\u010daju, obrada va\u0161ih osobnih podataka mo\u017ee se odvijati bez va\u0161eg pristanka, pod uvjetom da je to potrebno za izvr\u0161enje ugovora \u010dija ste ili \u0107ete postati stranka ili je to potrebno za potrebe legitimnih interesa koje provodi globalsourcechemicals.com. Osim toga, mo\u017eemo biti zakonski obvezni obraditi va\u0161e osobne podatke.<\/p>\n\n\n\n<p>Va\u0161e osobne podatke obra\u0111ujemo u sljede\u0107e svrhe:<\/p>\n\n\n\n<p>\u2013 Za pru\u017eanje na\u0161ih usluga (za dostavu robe vama)<\/p>\n\n\n\n<ul class=\"wp-block-list\">\n<li>Za obradu va\u0161e uplate<br>\u2013 Za slanje na\u0161eg biltena<\/li>\n\n\n\n<li>Kako bismo vas obavijestili o promjenama na\u0161ih usluga i proizvoda<\/li>\n\n\n\n<li>Kako bismo vam pru\u017eili priliku za kreiranje ra\u010duna<br>Va\u0161e osobne podatke ne pohranjujemo dulje nego \u0161to je strogo potrebno za postizanje svrha za koje se va\u0161i podaci prikupljaju.<\/li>\n\n\n\n<li>OTKRIVANJE TRE\u0106IM STRANAMA<\/li>\n\n\n\n<li>Va\u0161e osobne podatke mo\u017eemo podijeliti s tre\u0107im stranama ako je to kompatibilno s gore navedenim svrhama. Otkrivanje tre\u0107im stranama mo\u017ee biti potrebno za izvr\u0161enje ugovora koji sklapamo s vama, potrebno za ostvarivanje na\u0161eg legitimnog interesa ili potrebno za ispunjavanje zakonske obveze kojoj podlije\u017eemo.<\/li>\n\n\n\n<li>Imamo ugovore o obradi podataka s tvrtkama koje obra\u0111uju va\u0161e podatke u na\u0161e ime kako bismo osigurali istu razinu sigurnosti i povjerljivosti va\u0161ih podataka. Ostajemo odgovorni za ove operacije obrade. Izvan gore navedenih situacija, va\u0161e osobne podatke tre\u0107im stranama pru\u017eit \u0107emo samo uz va\u0161 izri\u010diti pristanak.<\/li>\n\n\n\n<li>KOMERCIJALNI CILJEVI<\/li>\n\n\n\n<li>Va\u0161e osobne podatke mo\u017eemo koristiti u komercijalne svrhe, na primjer kako bismo vam pru\u017eili dodatne informacije o na\u0161im uslugama ili relevantnim proizvodima ili o zakonskim promjenama relevantnim za na\u0161u ponudu. U takvim slu\u010dajevima bit \u0107ete obavije\u0161teni samo na adresu e-po\u0161te koju ste registrirali. Ako ne \u017eelite primati informacije o relevantnim proizvodima ili uslugama, jednostavno se mo\u017eete odjaviti klikom na &quot;odjavi se&quot; u e-poruci koju primite. Va\u0161i osobni podaci bit \u0107e anonimizirani u svrhu istra\u017eivanja tr\u017ei\u0161ta prije nego \u0161to se koriste za optimizaciju na\u0161ih usluga i vi\u0161e ih ne\u0107e biti mogu\u0107e pratiti do vas.<\/li>\n\n\n\n<li>Va\u0161i podaci ne\u0107e biti prodani ili dijeljeni s tre\u0107im stranama u komercijalne svrhe, osim ako za to ne date izri\u010dito dopu\u0161tenje.<\/li>\n\n\n\n<li>Kola\u010di\u0107i<\/li>\n\n\n\n<li>Kola\u010di\u0107 je mala tekstualna datoteka koja se pohranjuje na va\u0161e ra\u010dunalo, tablet ili pametni telefon kada prvi put posjetite ovu web stranicu. Ove kola\u010di\u0107e mo\u017eete onemogu\u0107iti konfiguriranjem internetskog preglednika da ih vi\u0161e ne pohranjuje. Tako\u0111er mo\u017eete izbrisati sve prethodno pohranjene podatke putem postavki preglednika.<\/li>\n\n\n\n<li>Koristimo sljede\u0107e kola\u010di\u0107e:<\/li>\n\n\n\n<li>Funkcionalni kola\u010di\u0107i: to su kola\u010di\u0107i koji su nu\u017eni za tehni\u010dki rad web stranice i va\u0161u jednostavnost kori\u0161tenja. Oni osiguravaju da web stranica ispravno radi i pamti, na primjer, va\u0161e postavke. Tako\u0111er nam omogu\u0107uju optimizaciju na\u0161e web stranice. To su analiti\u010dki kola\u010di\u0107i koji ne kr\u0161e va\u0161u privatnost. Za njih ne trebamo va\u0161 prethodni pristanak.<\/li>\n\n\n\n<li>Google Analytics: Ova web stranica postavlja kola\u010di\u0107e ameri\u010dke tvrtke Google kao dio svoje usluge &quot;Analytics&quot;. globalsourcechemicals.com koristi ovu uslugu za primanje izvje\u0161\u0107a o tome kako se web stranica koristi te za mjerenje njezine kvalitete i u\u010dinkovitosti. Google Analytics koristimo na na\u010din propisan od strane nizozemskog tijela za za\u0161titu podataka kako bismo se pridr\u017eavali iznimke u zakonu o kola\u010di\u0107ima. To zna\u010di da nam nije potreban va\u0161 prethodni pristanak za kori\u0161tenje Google Analyticsa.<\/li>\n\n\n\n<li>Uvid, ispravak ili uklanjanje<\/li>\n\n\n\n<li>Imate pravo pristupiti svojim osobnim podacima, ispraviti ih ili izbrisati. Tako\u0111er imate pravo povu\u0107i svoju privolu za obradu svojih osobnih podataka ili prigovoriti na obradu svojih osobnih podataka. Imate pravo na prenosivost podataka ako posjedujemo digitalne osobne podatke koje obra\u0111ujemo uz va\u0161u privolu ili radi ispunjenja ugovora koji imamo s vama.<\/li>\n\n\n\n<li>To zna\u010di da nam mo\u017eete podnijeti zahtjev da vam po\u0161aljemo digitalne osobne podatke koje pohranjujemo o vama u \u010ditljivoj ra\u010dunalnoj datoteci vama ili drugoj organizaciji koju ste imenovali.<\/li>\n\n\n\n<li>Zahtjev za pristup, ispravak, brisanje, prijenos va\u0161ih osobnih podataka ili zahtjev za povla\u010denje va\u0161e privole ili prigovor na obradu va\u0161ih osobnih podataka mo\u017eete poslati na info@globalsourcechemicals.com.<\/li>\n\n\n\n<li>Kako bismo provjerili jeste li podnijeli zahtjev za pristup, molimo vas da uz zahtjev prilo\u017eite kopiju svoje osobne iskaznice. U toj kopiji, molimo vas da uredite svoju fotografiju za putovnicu, MRZ (strojno \u010ditljivo podru\u010dje, traka s brojevima na dnu putovnice), broj putovnice i broj gra\u0111anske slu\u017ebe (BSN). To je radi za\u0161tite va\u0161e privatnosti. Na va\u0161 zahtjev odgovorit \u0107emo \u0161to je prije mogu\u0107e, ali u roku od \u010detiri tjedna.<\/li>\n\n\n\n<li>Tako\u0111er bismo \u017eeljeli istaknuti da imate mogu\u0107nost podnijeti pritu\u017ebu nacionalnom nadzornom tijelu, nizozemskom Agenciji za za\u0161titu podataka.<\/li>\n\n\n\n<li>Kontakt<\/li>\n\n\n\n<li>Za\u0161titu va\u0161ih podataka shva\u0107amo ozbiljno i provodimo odgovaraju\u0107e mjere kako bismo sprije\u010dili zlouporabu, gubitak, neovla\u0161teni pristup, ne\u017eeljeno otkrivanje i neovla\u0161tenu izmjenu. Ako smatrate da va\u0161i podaci nisu pravilno za\u0161ti\u0107eni ili ako postoje naznake zlouporabe, obratite se na\u0161oj slu\u017ebi za korisnike ili nam po\u0161aljite e-po\u0161tu na info@globalsourcechemicals.com.<\/li>\n<\/ul>","protected":false},"excerpt":{"rendered":"<p>PrivacyverklaringDit is de privacyverklaring van globalsourcechemicals.com Toepasselijkheid: Deze privacyverklaring is van toepassing op alle privacygevoelige informatie of persoonsgegevens die u<\/p>","protected":false},"author":1,"featured_media":0,"parent":0,"menu_order":0,"comment_status":"closed","ping_status":"closed","template":"","meta":{"footnotes":""},"class_list":["post-27196","page","type-page","status-publish","hentry"],"_links":{"self":[{"href":"https:\/\/globalsourcechemicals.com\/hr\/wp-json\/wp\/v2\/pages\/27196","targetHints":{"allow":["GET"]}}],"collection":[{"href":"https:\/\/globalsourcechemicals.com\/hr\/wp-json\/wp\/v2\/pages"}],"about":[{"href":"https:\/\/globalsourcechemicals.com\/hr\/wp-json\/wp\/v2\/types\/page"}],"author":[{"embeddable":true,"href":"https:\/\/globalsourcechemicals.com\/hr\/wp-json\/wp\/v2\/users\/1"}],"replies":[{"embeddable":true,"href":"https:\/\/globalsourcechemicals.com\/hr\/wp-json\/wp\/v2\/comments?post=27196"}],"version-history":[{"count":2,"href":"https:\/\/globalsourcechemicals.com\/hr\/wp-json\/wp\/v2\/pages\/27196\/revisions"}],"predecessor-version":[{"id":28551,"href":"https:\/\/globalsourcechemicals.com\/hr\/wp-json\/wp\/v2\/pages\/27196\/revisions\/28551"}],"wp:attachment":[{"href":"https:\/\/globalsourcechemicals.com\/hr\/wp-json\/wp\/v2\/media?parent=27196"}],"curies":[{"name":"radni list","href":"https:\/\/api.w.org\/{rel}","templated":true}]}}