{"id":25980,"date":"2025-04-21T12:25:45","date_gmt":"2025-04-21T12:25:45","guid":{"rendered":"https:\/\/globalsourcechemicals.com\/?page_id=25980"},"modified":"2025-10-13T07:55:12","modified_gmt":"2025-10-13T07:55:12","slug":"narucivanje-i-dostava","status":"publish","type":"page","link":"https:\/\/globalsourcechemicals.com\/hr\/narucivanje-i-dostava\/","title":{"rendered":"Naru\u010divanje i dostava"},"content":{"rendered":"<p><strong>Podaci o narud\u017ebi<\/strong><br>Nakon \u0161to naru\u010dite putem na\u0161e web stranice, odmah \u0107ete primiti e-poruku s potvrdom. Ova poruka bi mogla zavr\u0161iti u mapi ne\u017eeljene po\u0161te, stoga je provjerite ako ne vidite potvrdu u pristigloj po\u0161ti. E-poruka s potvrdom sadr\u017ei broj va\u0161e narud\u017ebe koji mo\u017eete koristiti za pra\u0107enje statusa va\u0161e narud\u017ebe. Nakon \u0161to va\u0161a narud\u017eba bude poslana, primit \u0107ete broj za pra\u0107enje putem e-po\u0161te. Imajte na umu da ovaj postupak mo\u017ee potrajati malo dulje vikendom. Ako niste primili broj za pra\u0107enje nakon jednog radnog dana, obratite se na\u0161oj korisni\u010dkoj slu\u017ebi putem WhatsAppa na +31620245658.<\/p>\n\n\n\n<p><strong>Na\u010dini dostave<\/strong><br>Nudimo razne mogu\u0107nosti dostave, uklju\u010duju\u0107i paketnu po\u0161tu i po\u0161tanski sandu\u010di\u0107.<\/p>\n\n\n\n<p><strong>Paketna po\u0161ta<\/strong><\/p>\n\n\n\n<ol class=\"wp-block-list\">\n<li>Bez odbitne fran\u0161ize: globalsourcechemicals.com je odgovoran ako va\u0161 paket nije dostavljen u skladu s uputama za pra\u0107enje.<\/li>\n\n\n\n<li>Dostava na mjesto preuzimanja: Mo\u017eete odabrati dostavu narud\u017ebe na mjesto preuzimanja.<\/li>\n\n\n\n<li>Pra\u0107enje i slije\u0111enje: Uvijek dostupno.<\/li>\n\n\n\n<li>Dostava ponedjeljkom: Paketi se tako\u0111er dostavljaju ponedjeljkom.<\/li>\n\n\n\n<li>Narud\u017ebe izvr\u0161ene prije 19:30 sati bit \u0107e poslane isti radni dan.<\/li>\n<\/ol>\n\n\n\n<p>Napomena: Morate biti kod ku\u0107e da biste primili svoju po\u0161iljku. Ako niste kod ku\u0107e, paket mo\u017eete preuzeti s najbli\u017eeg mjesta preuzimanja. Jam\u010dimo dostavu do mjesta preuzimanja; nakon toga ste odgovorni za vlastito preuzimanje narud\u017ebe.<\/p>\n\n\n\n<p><strong>Po\u0161tanski sandu\u010di\u0107<\/strong><\/p>\n\n\n\n<ol class=\"wp-block-list\">\n<li>Na vlastitu odgovornost: globalsourcechemicals.com ne mo\u017ee biti odgovoran za bilo kakve probleme s po\u0161tom u po\u0161tanskom sandu\u010di\u0107u.<\/li>\n\n\n\n<li>Nema mogu\u0107nosti za mjesta preuzimanja.<\/li>\n\n\n\n<li>Ograni\u010deno pra\u0107enje: Prvo skeniranje se uvijek izvodi ispravno, tako da mo\u017eete biti sigurni da smo pismo poslali.<\/li>\n\n\n\n<li>Nema dostave nedjeljom i ponedjeljkom.<\/li>\n\n\n\n<li>Narud\u017ebe izvr\u0161ene prije 17 sati bit \u0107e poslane isti radni dan.<\/li>\n<\/ol>\n\n\n\n<p>Prednost: Ne morate biti kod ku\u0107e da biste primili svoju po\u0161iljku.<\/p>\n\n\n\n<p><strong>Podaci o dostavi<\/strong><\/p>\n\n\n\n<ul class=\"wp-block-list\">\n<li><strong>Paketna po\u0161ta:<\/strong>&nbsp;Narud\u017ebe putem po\u0161te \u0161alju se svakim radnim danom u 19:30 sati.<\/li>\n\n\n\n<li><strong>Po\u0161tanski sandu\u010di\u0107:<\/strong>&nbsp;Narud\u017ebe poslane putem po\u0161tanskog sandu\u010di\u0107a \u0161alju se svakim radnim danom u 17 sati.<\/li>\n<\/ul>\n\n\n\n<p><strong>Cijene<\/strong><\/p>\n\n\n\n<ul class=\"wp-block-list\">\n<li>Dostava putem po\u0161te: 6,95 \u20ac<\/li>\n\n\n\n<li>Dostava putem po\u0161tanskog sandu\u010di\u0107a: 3,95 \u20ac<\/li>\n<\/ul>\n\n\n\n<p><strong>Diskretno pakiranje<\/strong><br>Sve narud\u017ebe su diskretno zapakirane. Jedine informacije na vanjskoj strani su va\u0161a adresa i na\u0161a povratna adresa. Povratna adresa je po\u0161tanski pretinac (dostupan u korisni\u010dkoj slu\u017ebi), a ne logotip globalsourcechemicals.com.<br><\/p>\n\n\n\n<p><strong>Narud\u017ebe \u0161aljemo samo u sljede\u0107e zemlje:<br><em>(samo kopno, bez otoka)<\/em><\/strong><\/p>\n\n\n\n<ul class=\"wp-block-list\">\n<li>Nizozemska<\/li>\n\n\n\n<li>Belgija<\/li>\n\n\n\n<li>Bugarska<\/li>\n\n\n\n<li>Estonija<\/li>\n\n\n\n<li>Francuska<\/li>\n\n\n\n<li>Gr\u010dka<\/li>\n\n\n\n<li>Ma\u0111arska<\/li>\n\n\n\n<li>Irska<\/li>\n\n\n\n<li>Italija<\/li>\n\n\n\n<li>Hrvatska<\/li>\n\n\n\n<li>Latvija<\/li>\n\n\n\n<li>Litva<\/li>\n\n\n\n<li>Luksemburg<\/li>\n\n\n\n<li>Austrija<\/li>\n\n\n\n<li>Poljska<\/li>\n\n\n\n<li>Portugal<\/li>\n\n\n\n<li>Rumunija<\/li>\n\n\n\n<li>Slovenija<\/li>\n\n\n\n<li>Slova\u010dka<\/li>\n\n\n\n<li>\u010ce\u0161ka<\/li>\n\n\n\n<li>Kina<\/li>\n\n\n\n<li>Danska<\/li>\n\n\n\n<li>Njema\u010dka&nbsp;<em>(Uskoro \u0107e biti dopu\u0161teno: 1D-LSD \/ NB-5-MeO-DALT oksalat \/ NB-5-MeO-MiPT oksalat)<\/em><\/li>\n\n\n\n<li>Finska<\/li>\n\n\n\n<li>Velika Britanija<\/li>\n\n\n\n<li>Norve\u0161ka<\/li>\n\n\n\n<li>\u0160panjolska<\/li>\n\n\n\n<li>Sjedinjene Dr\u017eave<\/li>\n\n\n\n<li>Ju\u017ena Koreja<\/li>\n\n\n\n<li>\u0160vedska<\/li>\n\n\n\n<li>\u0160vicarska<\/li>\n<\/ul>\n\n\n\n<p><strong>Odricanje<\/strong><\/p>\n\n\n\n<p>Kao kupac globalsourcechemicals.com, odgovorni ste za navo\u0111enje ispravne adrese za dostavu unutar dopu\u0161tenih zemalja. Odgovorni ste za provjeru unutar svoje zemlje je li proizvod koji naru\u010dujete dopu\u0161ten.<\/p>\n\n\n\n<p><strong>Povrati<\/strong><br>Za povrat proizvoda mo\u017eete koristiti po\u0161tanski sandu\u010di\u0107 koji prila\u017eemo uz svaku po\u0161iljku. Neotvorene proizvode mo\u017eete vratiti u roku od dva tjedna od primitka radi potpunog povrata novca ili zamjene.<\/p>\n\n\n\n<p><strong>Pakiranje<\/strong><br>Proizvode pakiramo u vre\u0107ice razli\u010ditih boja i sadr\u017eaja:<\/p>\n\n\n\n<ul class=\"wp-block-list\">\n<li>Srebrna torba: 1 komad<\/li>\n\n\n\n<li>Zlatna torba: 2 artikla<\/li>\n\n\n\n<li>Ljubi\u010dasta torba: 5 predmeta<\/li>\n\n\n\n<li>Plava torba: 10 artikala<\/li>\n\n\n\n<li>Crna torba: 25 artikala<\/li>\n<\/ul>\n\n\n\n<p><strong>Na\u010dini pla\u0107anja<\/strong><br>iDEAL trenutno ima problema, ali i dalje mo\u017eete platiti bankovnim transferom. Molimo vas da iznos kupnje prebacite na na\u0161 ra\u010dun i kao opis navedete prve znamenke broja va\u0161e narud\u017ebe.<\/p>","protected":false},"excerpt":{"rendered":"<p>BestelinformatieNa het plaatsen van een bestelling via onze website ontvang je direct een bevestigingsmail. Deze kan mogelijk in je spambox<\/p>","protected":false},"author":1,"featured_media":0,"parent":0,"menu_order":0,"comment_status":"closed","ping_status":"closed","template":"","meta":{"footnotes":""},"class_list":["post-25980","page","type-page","status-publish","hentry"],"_links":{"self":[{"href":"https:\/\/globalsourcechemicals.com\/hr\/wp-json\/wp\/v2\/pages\/25980","targetHints":{"allow":["GET"]}}],"collection":[{"href":"https:\/\/globalsourcechemicals.com\/hr\/wp-json\/wp\/v2\/pages"}],"about":[{"href":"https:\/\/globalsourcechemicals.com\/hr\/wp-json\/wp\/v2\/types\/page"}],"author":[{"embeddable":true,"href":"https:\/\/globalsourcechemicals.com\/hr\/wp-json\/wp\/v2\/users\/1"}],"replies":[{"embeddable":true,"href":"https:\/\/globalsourcechemicals.com\/hr\/wp-json\/wp\/v2\/comments?post=25980"}],"version-history":[{"count":2,"href":"https:\/\/globalsourcechemicals.com\/hr\/wp-json\/wp\/v2\/pages\/25980\/revisions"}],"predecessor-version":[{"id":28542,"href":"https:\/\/globalsourcechemicals.com\/hr\/wp-json\/wp\/v2\/pages\/25980\/revisions\/28542"}],"wp:attachment":[{"href":"https:\/\/globalsourcechemicals.com\/hr\/wp-json\/wp\/v2\/media?parent=25980"}],"curies":[{"name":"radni list","href":"https:\/\/api.w.org\/{rel}","templated":true}]}}