{"id":24271,"date":"2025-04-13T17:41:22","date_gmt":"2025-04-13T17:41:22","guid":{"rendered":"https:\/\/globalsourcechemicals.com\/?post_type=product&#038;p=24271"},"modified":"2025-10-02T17:41:48","modified_gmt":"2025-10-02T17:41:48","slug":"bromonordiazepam-25-mg-granules","status":"publish","type":"product","link":"https:\/\/globalsourcechemicals.com\/fr_be\/boutique\/benzodiazepines\/bromonordiazepam-25-mg-granules\/","title":{"rendered":"Bromonordiaz\u00e9pam 2,5 MG Pastilles"},"content":{"rendered":"<h2><span data-sheets-value=\"{\" data-sheets-userformat=\"{\">Bromonordiaz\u00e9pam 2,5 MG en pastilles<br \/>\n<\/span><\/h2>\n<p>Voici les tout nouveaux comprim\u00e9s de la gamme Professor.nl\u00a0! Ils contiennent 2,5\u00a0mg de principe actif (bromonordiaz\u00e9pam 2,5\u00a0mg). Bromonordiaz\u00e9pam, effets du bromonordiaz\u00e9pam, forum sur le bromonordiaz\u00e9pam, exp\u00e9riences sur le bromonordiaz\u00e9pam, forum sur le bromonordiaz\u00e9pam<\/p>\n<p><strong>Ces pastilles de bromonordiaz\u00e9pam de 2,5 mg sont fabriqu\u00e9es en interne et sont de la plus haute qualit\u00e9. Elles contiennent 2,5 milligrammes de principe actif (bromonordiaz\u00e9pam). Chaque pastille a un diam\u00e8tre d&#039;environ 8 mm et est munie d&#039;une ligne de cassure. Ces pastilles sont conditionn\u00e9es en plaquettes thermoform\u00e9es par 10 pour garantir leur fra\u00eecheur. \u00c0 partir de 5 plaquettes thermoform\u00e9es, elles sont livr\u00e9es dans une bo\u00eete pratique.\u00a0<\/strong><\/p>\n<p>Le bromonordiaz\u00e9pam est une substance qui est vendue uniquement \u00e0 des fins de recherche et n\u2019est donc pas destin\u00e9e \u00e0 la consommation.<a href=\"https:\/\/globalsourcechemicals.com\/fr_be\/boutique\/cathinones\/acheter-2-cmc\/\">Granul\u00e9s de 2-CMC 250 mg<\/a> , ,<a href=\"https:\/\/globalsourcechemicals.com\/fr_be\/boutique\/pellets\/granules-dhomosildenafil-100-mg-derextc\/\">Granul\u00e9s d&#039;homosild\u00e9nafil 100 mg EREXTC<\/a>\u00a0 ,\u00a0 <a href=\"https:\/\/globalsourcechemicals.com\/fr_be\/boutique\/interdit\/mdphp-kopen-poeder-freebase\/\">Poudre de MDPHP (base libre)<\/a><\/p>\n<p>Le bromonordiaz\u00e9pam reste stable jusqu&#039;\u00e0 deux ans lorsqu&#039;il est conserv\u00e9 dans un environnement appropri\u00e9. Il est destin\u00e9 \u00e0 la recherche et non \u00e0 la consommation. Il est donc important de conserver le produit hors de port\u00e9e des enfants et des animaux domestiques.<\/p>\n<p>Nous proposons des produits chimiques de recherche de haute qualit\u00e9 \u00e0 un prix raisonnable. Votre commande est exp\u00e9di\u00e9e sous 24 heures, tous les jours. Commandez d\u00e8s maintenant\u00a0! <em>Bromonordiaz\u00e9pam<\/em> s\u00fbr et rapide via p<\/p>\n<h2>Qu&#039;est-ce que le bromonordiaz\u00e9pam ?<\/h2>\n<p>Le bromonordiaz\u00e9pam est une substance psychoactive appartenant \u00e0 la classe des benzodiaz\u00e9pines, couramment prescrite pour ses propri\u00e9t\u00e9s s\u00e9datives et anxiolytiques. Il s&#039;agit d&#039;un d\u00e9riv\u00e9 du diaz\u00e9pam, une benzodiaz\u00e9pine, auquel est li\u00e9 un atome de brome.<\/p>\n<p>En tant que benzodiaz\u00e9pine, le bromonordiaz\u00e9pam agit sur le syst\u00e8me nerveux central en se liant aux r\u00e9cepteurs GABA du cerveau. Cela entra\u00eene une augmentation de l&#039;activit\u00e9 du neurotransmetteur inhibiteur GABA, qui exerce un effet calmant et relaxant sur le corps et l&#039;esprit. Le bromonordiaz\u00e9pam est une benzodiaz\u00e9pine relativement r\u00e9cente, et ses effets \u00e0 long terme et son potentiel d&#039;abus sont peu connus. Il n&#039;est pas couramment prescrit \u00e0 des fins m\u00e9dicales et est principalement utilis\u00e9 comme substance chimique de recherche.<\/p>\n<p>La synth\u00e8se du bromonordiaz\u00e9pam et d&#039;autres benzodiaz\u00e9pines s&#039;effectue g\u00e9n\u00e9ralement dans des laboratoires clandestins, et leur puret\u00e9 et leur innocuit\u00e9 ne peuvent \u00eatre garanties. L&#039;utilisation de ces compos\u00e9s sans surveillance m\u00e9dicale peut \u00eatre dangereuse et potentiellement mortelle.<\/p>\n<h2>Comment le Bromonordiazapem est-il n\u00e9 ?<\/h2>\n<p>Le bromonordiaz\u00e9pam est un d\u00e9riv\u00e9 du diaz\u00e9pam, une benzodiaz\u00e9pine, synth\u00e9tis\u00e9 pour la premi\u00e8re fois dans les ann\u00e9es 1950 par le laboratoire pharmaceutique Hoffmann-La Roche. D\u00e9velopp\u00e9 pour am\u00e9liorer les barbituriques existants, largement utilis\u00e9s comme s\u00e9datifs, le diaz\u00e9pam pr\u00e9sentait un risque \u00e9lev\u00e9 de surdose et de d\u00e9pendance.<\/p>\n<p>Le diaz\u00e9pam est rapidement devenu populaire comme m\u00e9dicament sur ordonnance en raison de ses propri\u00e9t\u00e9s s\u00e9datives et <a href=\"http:\/\/google.nl\" target=\"_blank\" rel=\"noopener\">anxiolytique<\/a> Propri\u00e9t\u00e9s pharmacologiques et commercialis\u00e9 sous le nom de Valium. Son utilisation a connu une croissance rapide dans les ann\u00e9es 1960 et 1970, lorsqu&#039;il a \u00e9t\u00e9 prescrit pour un large \u00e9ventail d&#039;affections, notamment l&#039;anxi\u00e9t\u00e9, l&#039;insomnie, les crampes musculaires et le sevrage alcoolique.<\/p>\n<p>Avec la popularit\u00e9 croissante du diaz\u00e9pam, les chercheurs ont commenc\u00e9 \u00e0 synth\u00e9tiser de nouveaux d\u00e9riv\u00e9s du m\u00e9dicament pour am\u00e9liorer son efficacit\u00e9 et r\u00e9duire ses effets secondaires. L&#039;un de ces d\u00e9riv\u00e9s \u00e9tait le bromaz\u00e9pam, d\u00e9velopp\u00e9 dans les ann\u00e9es 1970 et commercialis\u00e9 sous le nom de Lexotanil.<\/p>\n<p>Le bromonordiaz\u00e9pam est un d\u00e9riv\u00e9 du bromaz\u00e9pam, auquel est li\u00e9 un atome de brome. Il a probablement \u00e9t\u00e9 synth\u00e9tis\u00e9 pour la premi\u00e8re fois dans des laboratoires clandestins par modification de benzodiaz\u00e9pines existantes, et son utilisation comme drogue r\u00e9cr\u00e9ative a \u00e9merg\u00e9 dans les ann\u00e9es 2000.<\/p>\n<p>La synth\u00e8se et la distribution du bromonordiaz\u00e9pam et d&#039;autres benzodiaz\u00e9pines de synth\u00e8se sont ill\u00e9gales dans la plupart des pays, et la puret\u00e9 et l&#039;innocuit\u00e9 de ces compos\u00e9s ne peuvent \u00eatre garanties. Leur utilisation en dehors d&#039;un cadre m\u00e9dical peut \u00eatre dangereuse et potentiellement mortelle.<\/p>\n<h3><span data-sheets-value=\"{\" data-sheets-userformat=\"{\">Propri\u00e9t\u00e9s du bromonordiaz\u00e9pam<\/span><\/h3>\n<p><strong>Synonyme:<\/strong> Bromonordiaz\u00e9pam<br \/>\n<strong>Num\u00e9ro CAS :<\/strong> 2894-61-3<br \/>\n<strong>Formule:<\/strong> 7-bromo-5-ph\u00e9nyl-1,3-dihydro-1,4-benzodiaz\u00e9pine-2-one<br \/>\n<strong>Masse molaire:<\/strong> 315.16464<br \/>\n<strong>Puret\u00e9:<\/strong> &gt;99%<\/p>\n<h3>Mention de danger<\/h3>\n<p>Le bromonordiaz\u00e9pam peut provoquer une irritation des voies respiratoires<br \/>\nLe bromonordiaz\u00e9pam peut provoquer une irritation des yeux.<br \/>\nIl est interdit de rejeter des produits chimiques de recherche dans l\u2019environnement.<\/p>\n<p>Bromonordiaz\u00e9pam EN CAS DE CONTACT AVEC LES YEUX\u00a0: rincer d\u00e9licatement les yeux \u00e0 l\u2019eau pendant cinq minutes. Retirer les lentilles de contact si possible.<\/p>\n<p>Bromonordiaz\u00e9pam EN CAS DE CONTACT AVEC LA PEAU : Laver la peau \u00e0 l&#039;eau et au savon.<\/p>\n<p>APR\u00c8S INHALATION DE Bromonordiaz\u00e9pam : Transporter la victime \u00e0 l&#039;ext\u00e9rieur et la maintenir dans une position o\u00f9 elle peut confortablement respirer.<\/p>","protected":false},"excerpt":{"rendered":"<p>Granul\u00e9s de bromonordiaz\u00e9pam 2,5 mg. Voici les tout derniers granul\u00e9s de la gamme Professor.nl\u00a0! Ces granul\u00e9s contiennent 2,5<\/p>","protected":false},"featured_media":27853,"comment_status":"closed","ping_status":"closed","template":"","meta":[],"product_brand":[],"product_cat":[76,385,390,324],"product_tag":[185,326],"class_list":{"0":"post-24271","1":"product","2":"type-product","3":"status-publish","4":"has-post-thumbnail","6":"product_cat-benzodiazepinen","7":"product_cat-bromonordiazepam","8":"product_cat-bromonordiazepam-pellets","9":"product_cat-pellets-for-pellet","10":"product_tag-bromonordiazepam","11":"product_tag-nl","13":"first","14":"instock","15":"taxable","16":"shipping-taxable","17":"purchasable","18":"product-type-variable"},"_links":{"self":[{"href":"https:\/\/globalsourcechemicals.com\/fr_be\/wp-json\/wp\/v2\/product\/24271","targetHints":{"allow":["GET"]}}],"collection":[{"href":"https:\/\/globalsourcechemicals.com\/fr_be\/wp-json\/wp\/v2\/product"}],"about":[{"href":"https:\/\/globalsourcechemicals.com\/fr_be\/wp-json\/wp\/v2\/types\/product"}],"replies":[{"embeddable":true,"href":"https:\/\/globalsourcechemicals.com\/fr_be\/wp-json\/wp\/v2\/comments?post=24271"}],"version-history":[{"count":3,"href":"https:\/\/globalsourcechemicals.com\/fr_be\/wp-json\/wp\/v2\/product\/24271\/revisions"}],"predecessor-version":[{"id":25303,"href":"https:\/\/globalsourcechemicals.com\/fr_be\/wp-json\/wp\/v2\/product\/24271\/revisions\/25303"}],"wp:featuredmedia":[{"embeddable":true,"href":"https:\/\/globalsourcechemicals.com\/fr_be\/wp-json\/wp\/v2\/media\/27853"}],"wp:attachment":[{"href":"https:\/\/globalsourcechemicals.com\/fr_be\/wp-json\/wp\/v2\/media?parent=24271"}],"wp:term":[{"taxonomy":"product_brand","embeddable":true,"href":"https:\/\/globalsourcechemicals.com\/fr_be\/wp-json\/wp\/v2\/product_brand?post=24271"},{"taxonomy":"product_cat","embeddable":true,"href":"https:\/\/globalsourcechemicals.com\/fr_be\/wp-json\/wp\/v2\/product_cat?post=24271"},{"taxonomy":"product_tag","embeddable":true,"href":"https:\/\/globalsourcechemicals.com\/fr_be\/wp-json\/wp\/v2\/product_tag?post=24271"}],"curies":[{"name":"wp","href":"https:\/\/api.w.org\/{rel}","templated":true}]}}