{"id":27216,"date":"2025-08-14T11:20:44","date_gmt":"2025-08-14T11:20:44","guid":{"rendered":"https:\/\/globalsourcechemicals.com\/?page_id=27216"},"modified":"2025-10-13T09:52:58","modified_gmt":"2025-10-13T09:52:58","slug":"retour","status":"publish","type":"page","link":"https:\/\/globalsourcechemicals.com\/fr_be\/retour\/","title":{"rendered":"Retours"},"content":{"rendered":"<p><strong>Politique de retour<\/strong><\/p>\n\n\n\n<p>En vertu de la loi sur la vente \u00e0 distance, les consommateurs disposent d&#039;un d\u00e9lai de r\u00e9tractation de 14 jours pour tout achat en ligne, \u00e0 compter de la date de r\u00e9ception du produit. Durant ce d\u00e9lai, ils peuvent retourner le produit sans donner de motif.<\/p>\n\n\n\n<p><strong>Termes et conditions<\/strong><\/p>\n\n\n\n<p>L&#039;exercice du droit de r\u00e9tractation est soumis \u00e0 certaines dispositions l\u00e9gales. Pendant le d\u00e9lai de r\u00e9tractation, le consommateur doit manipuler le produit et son emballage avec soin. Le produit ne peut \u00eatre d\u00e9ball\u00e9 ou utilis\u00e9 que dans la mesure n\u00e9cessaire pour d\u00e9terminer si le consommateur souhaite le conserver. En cas d&#039;exercice du droit de r\u00e9tractation, le produit, ainsi que tous les accessoires inclus, doit \u00eatre retourn\u00e9 \u00e0 globalsourcechemicals.com dans son \u00e9tat et son emballage d&#039;origine.<\/p>\n\n\n\n<p>Les produits endommag\u00e9s, retourn\u00e9s incomplets ou ayant \u00e9t\u00e9 fortement utilis\u00e9s ne sont pas \u00e9ligibles \u00e0 un remboursement complet.<\/p>\n\n\n\n<p>Les frais et risques de retour sont \u00e0 la charge du client. globalsourcechemicals.com s&#039;engage \u00e0 rembourser le montant pay\u00e9, hors frais de retour, dans un d\u00e9lai de 30 jours.<\/p>\n\n\n\n<p><strong>Annuler avant l&#039;exp\u00e9dition<\/strong><\/p>\n\n\n\n<p>Tant que la commande n&#039;a pas encore \u00e9t\u00e9 pay\u00e9e, emball\u00e9e et\/ou exp\u00e9di\u00e9e, elle peut \u00eatre annul\u00e9e en envoyant un e-mail \u00e0 info<a>@globalsourcechemicals.com<\/a><\/p>\n\n\n\n<p><strong>Retours apr\u00e8s r\u00e9ception<\/strong><\/p>\n\n\n\n<p>Apr\u00e8s avoir re\u00e7u votre commande et si vous souhaitez la retourner, vous devez au pr\u00e9alable envoyer un email \u00e0 info<a>@globalsourcechemicals.com<\/a><\/p>\n\n\n\n<p>Seuls les frais de retour sont \u00e0 votre charge. Votre remboursement int\u00e9gral sera effectu\u00e9 d\u00e8s r\u00e9ception de l&#039;article retourn\u00e9 par globalsourcechemicals.com.<\/p>\n\n\n\n<p>Veuillez noter que, quel que soit le motif de l&#039;annulation, vous devez agir dans le d\u00e9lai l\u00e9gal. Cela signifie que vous devez informer globalsourcechemicals.com dans les 14 jours suivant la r\u00e9ception de votre commande et retourner le produit dans les 14 jours.<\/p>\n\n\n\n<p><strong>Politique de retour<\/strong><\/p>\n\n\n\n<p>Vous pouvez retourner un produit dans le cadre du droit de r\u00e9tractation si :<\/p>\n\n\n\n<ul class=\"wp-block-list\">\n<li>Le produit n&#039;a pas \u00e9t\u00e9 utilis\u00e9.<\/li>\n\n\n\n<li>Il n&#039;y a aucun dommage visible ni signe \u00e9vident d&#039;utilisation.<\/li>\n\n\n\n<li>Le produit, y compris toutes les pi\u00e8ces, est retourn\u00e9 dans le m\u00eame \u00e9tat dans lequel il a \u00e9t\u00e9 re\u00e7u.<\/li>\n<\/ul>\n\n\n\n<p>Le montant rembours\u00e9 peut \u00eatre r\u00e9duit si :<\/p>\n\n\n\n<ul class=\"wp-block-list\">\n<li>Le produit a \u00e9t\u00e9 endommag\u00e9 par l&#039;utilisateur ou lors du retour.<\/li>\n\n\n\n<li>Le mat\u00e9riel d&#039;emballage n&#039;est pas dans son \u00e9tat d&#039;origine (par exemple si l&#039;emballage a \u00e9t\u00e9 ouvert ou endommag\u00e9).<\/li>\n<\/ul>\n\n\n\n<p>Si vous refusez votre commande ou n&#039;indiquez pas clairement votre intention d&#039;exercer votre droit de r\u00e9tractation dans le d\u00e9lai imparti, globalsourcechemicals.com ne peut d\u00e9terminer la raison du refus. Dans ce cas, le prix de la commande et les frais suppl\u00e9mentaires vous seront factur\u00e9s. Vous \u00eates l\u00e9galement tenu d&#039;informer Researchchemicalskopen.net dans les meilleurs d\u00e9lais de votre intention de retourner les produits dans le d\u00e9lai convenu.<\/p>\n\n\n\n<p>Les produits retourn\u00e9s doivent \u00eatre dans le m\u00eame \u00e9tat qu&#039;ils ont quitt\u00e9 notre entrep\u00f4t.<\/p>","protected":false},"excerpt":{"rendered":"<p>Retourbeleid Volgens de Wet Kopen op Afstand heeft de consument bij online aankopen recht op een bedenktijd van 14 dagen<\/p>","protected":false},"author":1,"featured_media":0,"parent":0,"menu_order":0,"comment_status":"closed","ping_status":"closed","template":"","meta":{"footnotes":""},"class_list":["post-27216","page","type-page","status-publish","hentry"],"_links":{"self":[{"href":"https:\/\/globalsourcechemicals.com\/fr_be\/wp-json\/wp\/v2\/pages\/27216","targetHints":{"allow":["GET"]}}],"collection":[{"href":"https:\/\/globalsourcechemicals.com\/fr_be\/wp-json\/wp\/v2\/pages"}],"about":[{"href":"https:\/\/globalsourcechemicals.com\/fr_be\/wp-json\/wp\/v2\/types\/page"}],"author":[{"embeddable":true,"href":"https:\/\/globalsourcechemicals.com\/fr_be\/wp-json\/wp\/v2\/users\/1"}],"replies":[{"embeddable":true,"href":"https:\/\/globalsourcechemicals.com\/fr_be\/wp-json\/wp\/v2\/comments?post=27216"}],"version-history":[{"count":2,"href":"https:\/\/globalsourcechemicals.com\/fr_be\/wp-json\/wp\/v2\/pages\/27216\/revisions"}],"predecessor-version":[{"id":27515,"href":"https:\/\/globalsourcechemicals.com\/fr_be\/wp-json\/wp\/v2\/pages\/27216\/revisions\/27515"}],"wp:attachment":[{"href":"https:\/\/globalsourcechemicals.com\/fr_be\/wp-json\/wp\/v2\/media?parent=27216"}],"curies":[{"name":"wp","href":"https:\/\/api.w.org\/{rel}","templated":true}]}}