{"id":27570,"date":"2025-09-23T07:05:38","date_gmt":"2025-09-23T07:05:38","guid":{"rendered":"https:\/\/globalsourcechemicals.com\/?post_type=product&#038;p=27570"},"modified":"2026-04-24T12:51:03","modified_gmt":"2026-04-24T12:51:03","slug":"acheter-4mmc","status":"publish","type":"product","link":"https:\/\/globalsourcechemicals.com\/fr\/boutique\/non-classe-2\/acheter-4mmc\/","title":{"rendered":"Acheter de la m\u00e9ph\u00e9drone (4MMC)"},"content":{"rendered":"<h1 data-start=\"660\" data-end=\"708\"><strong data-start=\"662\" data-end=\"706\">4-MMC (M\u00e9ph\u00e9dron) \u2013 Profil de substance et FAQ<\/strong><\/h1>\n<h3 data-start=\"710\" data-end=\"732\"><strong data-start=\"714\" data-end=\"730\">Description<\/strong><\/h3>\n<p data-start=\"733\" data-end=\"1149\">Achetez 4mmc, 4-MMC, sinon bekannt als <strong data-start=\"757\" data-end=\"770\">M\u00e9ph\u00e9dron<\/strong>, li\u00e9 au groupe synth\u00e9tique <strong data-start=\"808\" data-end=\"821\">Cathinone<\/strong>. Il agit en soi avec une substance psychoactive, qui dans les ann\u00e9es 2000 comme sogenannte <strong data-start=\"910\" data-end=\"933\">Recherche chimique<\/strong> (RC) auftauchte. Aufgrund ihrer <strong data-start=\"966\" data-end=\"1009\">effet stimulant et empathog\u00e8ne<\/strong> S&#039;ils devaient agir comme \u00ab drogue l\u00e9gale \u00bb, ils seraient prot\u00e9g\u00e9s dans le Land, et \u00e9galement en Allemagne, <strong data-start=\"1117\" data-end=\"1140\">l\u00e9galement interdit<\/strong> devenu.<\/p>\n<p data-start=\"1151\" data-end=\"1386\">Le m\u00e9ph\u00e9dron lui est chimiquement apparent\u00e9 <strong data-start=\"1187\" data-end=\"1203\">amph\u00e9tamines<\/strong> et <strong data-start=\"1208\" data-end=\"1216\">MDMA<\/strong> und wird h\u00e4ufig in Form von <strong data-start=\"1245\" data-end=\"1280\">Poudre, cristaux ou capsules<\/strong> angeboten. Heute gilt es als <strong data-start=\"1310\" data-end=\"1328\">ill\u00e9gal sec<\/strong> avec une bonne sant\u00e9 et un bien-\u00eatre.<\/p>\n<h3 data-start=\"1393\" data-end=\"1432\"><strong data-start=\"1397\" data-end=\"1430\">Effet du 4-MMC (m\u00e9ph\u00e9dron)<\/strong><\/h3>\n<p data-start=\"1433\" data-end=\"1503\">Die Wirkung ist meist <strong data-start=\"1455\" data-end=\"1468\">de courte dur\u00e9e<\/strong> et autres Stimulants :<\/p>\n<ul data-start=\"1504\" data-end=\"1691\">\n<li data-start=\"1504\" data-end=\"1549\">\n<p data-start=\"1506\" data-end=\"1549\">Hauteur <strong data-start=\"1514\" data-end=\"1526\">Euphorie<\/strong> et <strong data-start=\"1531\" data-end=\"1547\">Convivialit\u00e9<\/strong><\/p>\n<\/li>\n<li data-start=\"1550\" data-end=\"1616\">\n<p data-start=\"1552\" data-end=\"1616\">Intensifs <strong data-start=\"1563\" data-end=\"1579\">Trouver du bien<\/strong> et \u00e9chafaud\u00e9 <strong data-start=\"1596\" data-end=\"1614\">capacit\u00e9 de conversation<\/strong><\/p>\n<\/li>\n<li data-start=\"1617\" data-end=\"1659\">\n<p data-start=\"1619\" data-end=\"1659\">Hauteur <strong data-start=\"1627\" data-end=\"1657\">Fr\u00e9quence cardiaque et pression art\u00e9rielle<\/strong><\/p>\n<\/li>\n<li data-start=\"1660\" data-end=\"1691\">\n<p data-start=\"1662\" data-end=\"1691\">Unterdr\u00fcckung von M\u00fcdigkeit<\/p>\n<\/li>\n<\/ul>\n<h3 data-start=\"1698\" data-end=\"1732\"><strong data-start=\"1702\" data-end=\"1730\">Risques et effets secondaires<\/strong><\/h3>\n<p data-start=\"1733\" data-end=\"1813\">Le Consum von Mephedron est avec <strong data-start=\"1766\" data-end=\"1800\">risques graves pour la sant\u00e9<\/strong> connect\u00e9:<\/p>\n<ul data-start=\"1814\" data-end=\"2094\">\n<li data-start=\"1814\" data-end=\"1893\">\n<p data-start=\"1816\" data-end=\"1893\"><strong data-start=\"1816\" data-end=\"1844\">Taxe sur les courses en rond<\/strong> (Herzrasen, Bluthochdruck, Herzinfarkt-Risiko)<\/p>\n<\/li>\n<li data-start=\"1894\" data-end=\"1965\">\n<p data-start=\"1896\" data-end=\"1965\"><strong data-start=\"1896\" data-end=\"1918\">Effets psychiques<\/strong> comme Angstzust\u00e4nde, Parano\u00efa, Schlaflosigkeit<\/p>\n<\/li>\n<li data-start=\"1966\" data-end=\"2020\">\n<p data-start=\"1968\" data-end=\"2020\"><strong data-start=\"1968\" data-end=\"1994\">Potentiel d&#039;adaptation<\/strong> bei regelm\u00e4\u00dfigem Konsum<\/p>\n<\/li>\n<li data-start=\"2021\" data-end=\"2094\">\n<p data-start=\"2023\" data-end=\"2094\"><strong data-start=\"2023\" data-end=\"2053\">Akute \u00dcberdosierungsgefahr<\/strong> par unsichere Cleanheit et Dosierung<\/p>\n<\/li>\n<\/ul>\n<h3 data-start=\"2101\" data-end=\"2136\"><strong data-start=\"2105\" data-end=\"2134\">Proc\u00e9dures judiciaires en Allemagne<\/strong><\/h3>\n<ul data-start=\"2137\" data-end=\"2384\">\n<li data-start=\"2137\" data-end=\"2232\">\n<p data-start=\"2139\" data-end=\"2232\">4-MMC est en Allemagne <strong data-start=\"2164\" data-end=\"2175\">ill\u00e9gal<\/strong> und f\u00e4llt unter das <strong data-start=\"2196\" data-end=\"2229\">Betaubungsmittelgesetz (BtMG)<\/strong>.<\/p>\n<\/li>\n<li data-start=\"2233\" data-end=\"2287\">\n<p data-start=\"2235\" data-end=\"2287\">Besitz, Haendel ou Herstellung sind <strong data-start=\"2272\" data-end=\"2284\">punissable<\/strong>.<\/p>\n<\/li>\n<li data-start=\"2288\" data-end=\"2384\">\n<p data-start=\"2290\" data-end=\"2384\">Der Kauf (&quot;acheter&quot;) sur Internet <strong data-start=\"2325\" data-end=\"2343\">gesetzeswidrig<\/strong> et peut faire l\u2019objet de poursuites p\u00e9nales.<\/p>\n<\/li>\n<\/ul>\n<h2 data-start=\"2391\" data-end=\"2450\"><strong data-start=\"2394\" data-end=\"2448\">Informations de base (FAQ) sur le 4-MMC (m\u00e9ph\u00e9dron)<\/strong><\/h2>\n<p data-start=\"2452\" data-end=\"2575\"><strong data-start=\"2452\" data-end=\"2473\">1. Qu&#039;est-ce que c&#039;est 4-MMC ?<\/strong><br data-start=\"2473\" data-end=\"2476\" \/>Le 4-MMC (m\u00e9ph\u00e9dron) est un produit sec synth\u00e9tique du groupe <strong data-start=\"2541\" data-end=\"2572\">kathinonhaltigen Substanzen<\/strong>.<\/p>\n<p data-start=\"2577\" data-end=\"2779\"><strong data-start=\"2577\" data-end=\"2609\">2. Pourquoi le 4-MMC est-il interdit ?<\/strong><br data-start=\"2609\" data-end=\"2612\" \/>Les voies de la <strong data-start=\"2622\" data-end=\"2707\">risques pour la sant\u00e9, bienfaits pour la sant\u00e9 et soins m\u00e9dicaux<\/strong> ont \u00e9t\u00e9 trouv\u00e9s dans les pays sous la l\u00e9gislation r\u00e9gissant la l\u00e9gislation.<\/p>\n<p data-start=\"2781\" data-end=\"2914\"><strong data-start=\"2781\" data-end=\"2817\">3. Comment utiliser le m\u00e9ph\u00e9dron ?<\/strong><br data-start=\"2817\" data-end=\"2820\" \/>\u00c7a marche <strong data-start=\"2829\" data-end=\"2876\">stimulant, euphorique et empathique<\/strong>, \u00e9galement avec de la MDMA ou de l&#039;amph\u00e9tamine.<\/p>\n<p data-start=\"2916\" data-end=\"3090\"><strong data-start=\"2916\" data-end=\"2958\">4. Dans quelle mesure \u00eates-vous \u00e0 l\u2019aise ?<\/strong><br data-start=\"2958\" data-end=\"2961\" \/>Nebenwirkungen reichen von <strong data-start=\"2988\" data-end=\"3022\">Herzrasen, \u00dcbelkeit, Suisse<\/strong> bis hin zu <strong data-start=\"3034\" data-end=\"3059\">troubles psychologiques<\/strong> wie Angst oder Aggressionen.<\/p>\n<p data-start=\"3092\" data-end=\"3224\"><strong data-start=\"3092\" data-end=\"3130\">5. Le 4-MMC est-il l\u00e9gal en Allemagne ?<\/strong><br data-start=\"3130\" data-end=\"3133\" \/>Non, Mephedron est en Allemagne <strong data-start=\"3168\" data-end=\"3187\">strictement interdit<\/strong>. Besitz und Verkauf est puni par la loi.<\/p>\n<p data-start=\"3226\" data-end=\"3495\"><strong data-start=\"3226\" data-end=\"3261\">6. Existe-t-il des alternatives l\u00e9gales ?<\/strong><br data-start=\"3261\" data-end=\"3264\" \/>Es existieren keine <strong data-start=\"3284\" data-end=\"3322\">mat\u00e9riaux de remplacement s\u00fbrs ou l\u00e9gaux<\/strong> avec des m\u00e9thodes de travail identiques. Seri\u00f6se Beratung empfiehlt ausschlie\u00dflich <strong data-start=\"3390\" data-end=\"3414\">alternatives saines<\/strong> comme le Sport, l&#039;Ern\u00e4hrung et le Psychologische Unterst\u00fctzung zur Stimmungsaufhellung.<\/p>","protected":false},"excerpt":{"rendered":"<p>4-MMC (Mephedron) \u2013 Substanzprofil &amp; FAQ Beschreibung 4mmc kopen, 4-MMC, auch bekannt als Mephedron, geh\u00f6rt zur Gruppe der synthetischen Cathinone.<\/p>","protected":false},"featured_media":0,"comment_status":"open","ping_status":"closed","template":"","meta":[],"product_brand":[],"product_cat":[1085],"product_tag":[],"class_list":{"0":"post-27570","1":"product","2":"type-product","3":"status-publish","5":"product_cat-okategoriserad","7":"first","8":"instock","9":"taxable","10":"shipping-taxable","11":"purchasable","12":"product-type-variable"},"_links":{"self":[{"href":"https:\/\/globalsourcechemicals.com\/fr\/wp-json\/wp\/v2\/product\/27570","targetHints":{"allow":["GET"]}}],"collection":[{"href":"https:\/\/globalsourcechemicals.com\/fr\/wp-json\/wp\/v2\/product"}],"about":[{"href":"https:\/\/globalsourcechemicals.com\/fr\/wp-json\/wp\/v2\/types\/product"}],"replies":[{"embeddable":true,"href":"https:\/\/globalsourcechemicals.com\/fr\/wp-json\/wp\/v2\/comments?post=27570"}],"version-history":[{"count":1,"href":"https:\/\/globalsourcechemicals.com\/fr\/wp-json\/wp\/v2\/product\/27570\/revisions"}],"predecessor-version":[{"id":27572,"href":"https:\/\/globalsourcechemicals.com\/fr\/wp-json\/wp\/v2\/product\/27570\/revisions\/27572"}],"wp:attachment":[{"href":"https:\/\/globalsourcechemicals.com\/fr\/wp-json\/wp\/v2\/media?parent=27570"}],"wp:term":[{"taxonomy":"product_brand","embeddable":true,"href":"https:\/\/globalsourcechemicals.com\/fr\/wp-json\/wp\/v2\/product_brand?post=27570"},{"taxonomy":"product_cat","embeddable":true,"href":"https:\/\/globalsourcechemicals.com\/fr\/wp-json\/wp\/v2\/product_cat?post=27570"},{"taxonomy":"product_tag","embeddable":true,"href":"https:\/\/globalsourcechemicals.com\/fr\/wp-json\/wp\/v2\/product_tag?post=27570"}],"curies":[{"name":"wp","href":"https:\/\/api.w.org\/{rel}","templated":true}]}}