{"id":24912,"date":"2025-04-13T17:43:41","date_gmt":"2025-04-13T17:43:41","guid":{"rendered":"https:\/\/globalsourcechemicals.com\/?post_type=product&#038;p=24912"},"modified":"2025-10-02T15:08:01","modified_gmt":"2025-10-02T15:08:01","slug":"granules-de-cbd-25-mg","status":"publish","type":"product","link":"https:\/\/globalsourcechemicals.com\/fr\/boutique\/cbd\/granules-de-cbd-25-mg\/","title":{"rendered":"Granul\u00e9s de CBD 25 mg"},"content":{"rendered":"<h2>Granul\u00e9s de CBD 25 mg<\/h2>\n<p>Les granul\u00e9s de CBD sont une substance qui est vendue uniquement \u00e0 des fins de recherche et n&#039;est donc pas destin\u00e9e \u00e0 la consommation.<\/p>\n<p>Le CBD conserve sa stabilit\u00e9 jusqu&#039;\u00e0 2 ans lorsqu&#039;il est stock\u00e9 <a href=\"http:\/\/google.nl\" target=\"_blank\" rel=\"noopener\">dans<\/a> le bon environnement est maintenu. Le CBD est destin\u00e9 \u00e0 des fins de recherche et non \u00e0 la consommation. Il est donc important que le produit soit conserv\u00e9 hors de port\u00e9e des enfants et des animaux domestiques.<a title=\"Buvards artistiques 1cP-LSD 150 MCG\" href=\"https:\/\/globalsourcechemicals.com\/fr\/boutique\/lysergamides\/1cp-lsd-150-mcg-pastilles\/\" target=\"_blank\" rel=\"noopener\">Buvards artistiques 1cP-LSD 150 MCG<\/a><\/p>\n<p>Nous proposons des produits chimiques de recherche de bonne qualit\u00e9 \u00e0 un prix \u00e9quitable. Votre commande sera exp\u00e9di\u00e9e dans les 24 heures chaque jour. Par cons\u00e9quent, commandez <em>CBD<\/em> s\u00fbr et rapide via p.<a title=\"Granul\u00e9s O-DSMT 50 mg\" href=\"https:\/\/globalsourcechemicals.com\/fr\/boutique\/granules-2\/o-dsmt-50-mg-granules\/\" target=\"_blank\" rel=\"noopener\">Granul\u00e9s O-DSMT 50 mg<\/a><\/p>\n<h3>Propri\u00e9t\u00e9s du CBD<\/h3>\n<p><strong>Synonyme:<\/strong> Cannabidiol<br \/>\n<strong>Num\u00e9ro CAS :<\/strong> non applicable<br \/>\n<strong>Formule:<\/strong> C<sub>21<\/sub>H<sub>30<\/sub>O<sub>2<\/sub><br \/>\n<strong>Masse molaire :<\/strong> non applicable<br \/>\n<strong>Puret\u00e9:<\/strong> &gt;98%<\/p>\n<h3>Mention de danger<\/h3>\n<p>Le CBD peut provoquer une irritation respiratoire<br \/>\nLe CBD peut provoquer une irritation des yeux.<br \/>\nIl est interdit de rejeter des produits chimiques de recherche dans l\u2019environnement.<a title=\"G\u00e9lules de 2C-EF 2 mg\" href=\"https:\/\/globalsourcechemicals.com\/fr\/boutique\/phenethylamine\/gelules-2c-ef-2-mg\/\" target=\"_blank\" rel=\"noopener\">G\u00e9lules de 2C-EF 2 mg<\/a><\/p>\n<p>CBD EN CAS DE CONTACT AVEC LES YEUX : Rincer d\u00e9licatement les yeux \u00e0 l&#039;eau pendant cinq minutes. Retirez les lentilles de contact si possible.<\/p>\n<p>CBD EN CONTACT AVEC LA PEAU : Laver la peau avec de l&#039;eau et du savon.<a title=\"buvards 1V-LSD 150 MCG\" href=\"https:\/\/globalsourcechemicals.com\/fr\/boutique\/lysergamides\/1v-lsd-150-mcg-blotters\/\" target=\"_blank\" rel=\"noopener\">buvards 1V-LSD 150 MCG<\/a><\/p>\n<p>APR\u00c8S INHALATION DE CBD : Transporter la victime \u00e0 l\u2019air frais et la placer dans une position confortable pour respirer.<a title=\"Granul\u00e9s de 2-CMC 250 mg\" href=\"https:\/\/globalsourcechemicals.com\/fr\/boutique\/cathinones\/%f0%9f%92%a1-2-mmc-poudre-cristalline-pour-toutes-questions-et-reponses-pour-lachat\/\" target=\"_blank\" rel=\"noopener\">Granul\u00e9s de 2-CMC 250 mg<\/a><\/p>","protected":false},"excerpt":{"rendered":"<h3>Propri\u00e9t\u00e9s du CBD<\/h3>\n<p><strong>Synonyme:<\/strong> Cannabidiol<br \/>\n<strong>Num\u00e9ro CAS :<\/strong> non applicable<br \/>\n<strong>Formule:<\/strong> C<sub>21<\/sub>H<sub>30<\/sub>O<sub>2<\/sub><br \/>\n<strong>Masse molaire :<\/strong> non applicable<br \/>\n<strong>Puret\u00e9:<\/strong> &gt;98%<\/p>","protected":false},"featured_media":27855,"comment_status":"closed","ping_status":"closed","template":"","meta":[],"product_brand":[82],"product_cat":[422,423,336,324],"product_tag":[735,736,737,732,733,734,326],"class_list":{"0":"post-24912","1":"product","2":"type-product","3":"status-publish","4":"has-post-thumbnail","6":"product_brand-research-chemical","7":"product_cat-cbd","8":"product_cat-cbd-pellets","9":"product_cat-overig","10":"product_cat-pellets-for-pellet","11":"product_tag-benefits-of-cbd-pellets-for-horses","12":"product_tag-best-cbd-pellets-for-horses","13":"product_tag-can-your-horse-test-positive-using-cbd-pellets","14":"product_tag-cbd-pellets","15":"product_tag-cbd-pellets-ervaringen","16":"product_tag-cbd-pellets-for-horses","17":"product_tag-nl","19":"first","20":"instock","21":"taxable","22":"shipping-taxable","23":"purchasable","24":"product-type-variable"},"_links":{"self":[{"href":"https:\/\/globalsourcechemicals.com\/fr\/wp-json\/wp\/v2\/product\/24912","targetHints":{"allow":["GET"]}}],"collection":[{"href":"https:\/\/globalsourcechemicals.com\/fr\/wp-json\/wp\/v2\/product"}],"about":[{"href":"https:\/\/globalsourcechemicals.com\/fr\/wp-json\/wp\/v2\/types\/product"}],"replies":[{"embeddable":true,"href":"https:\/\/globalsourcechemicals.com\/fr\/wp-json\/wp\/v2\/comments?post=24912"}],"version-history":[{"count":5,"href":"https:\/\/globalsourcechemicals.com\/fr\/wp-json\/wp\/v2\/product\/24912\/revisions"}],"predecessor-version":[{"id":25867,"href":"https:\/\/globalsourcechemicals.com\/fr\/wp-json\/wp\/v2\/product\/24912\/revisions\/25867"}],"wp:featuredmedia":[{"embeddable":true,"href":"https:\/\/globalsourcechemicals.com\/fr\/wp-json\/wp\/v2\/media\/27855"}],"wp:attachment":[{"href":"https:\/\/globalsourcechemicals.com\/fr\/wp-json\/wp\/v2\/media?parent=24912"}],"wp:term":[{"taxonomy":"product_brand","embeddable":true,"href":"https:\/\/globalsourcechemicals.com\/fr\/wp-json\/wp\/v2\/product_brand?post=24912"},{"taxonomy":"product_cat","embeddable":true,"href":"https:\/\/globalsourcechemicals.com\/fr\/wp-json\/wp\/v2\/product_cat?post=24912"},{"taxonomy":"product_tag","embeddable":true,"href":"https:\/\/globalsourcechemicals.com\/fr\/wp-json\/wp\/v2\/product_tag?post=24912"}],"curies":[{"name":"wp","href":"https:\/\/api.w.org\/{rel}","templated":true}]}}