{"id":24271,"date":"2025-04-13T17:41:22","date_gmt":"2025-04-13T17:41:22","guid":{"rendered":"https:\/\/globalsourcechemicals.com\/?post_type=product&#038;p=24271"},"modified":"2025-10-02T17:41:48","modified_gmt":"2025-10-02T17:41:48","slug":"bromonordiazepam-25-mg-pellets","status":"publish","type":"product","link":"https:\/\/globalsourcechemicals.com\/fr\/boutique\/benzodiazepines\/bromonordiazepam-25-mg-pellets\/","title":{"rendered":"Bromonordiaz\u00e9pam 2,5 MG Pastilles"},"content":{"rendered":"<h2><span data-sheets-value=\"{\" data-sheets-userformat=\"{\">Bromonordiaz\u00e9pam 2,5 MG en pastilles<br \/>\n<\/span><\/h2>\n<p>Ce sont les granul\u00e9s les plus r\u00e9cents de la gamme Professor.nl ! Ces granul\u00e9s contiennent 2,5 MG de substance active (Bromonordiaz\u00e9pam 2,5 MG). bromonordiaz\u00e9pam, effet du bromonordiaz\u00e9pam, forum sur les m\u00e9dicaments \u00e0 base de bromonordiaz\u00e9pam, exp\u00e9riences sur le bromonordiaz\u00e9pam, forum sur les m\u00e9dicaments \u00e0 base de bromonordiaz\u00e9pam<\/p>\n<p><strong>Ces granul\u00e9s de Bromonordiaz\u00e9pam 2,5 MG proviennent de notre propre production et sont de la plus haute qualit\u00e9, ces granul\u00e9s contiennent 2,5 milligrammes de substance active (bromonordiaz\u00e9pam). Chaque pastille a un diam\u00e8tre d&#039;environ 8 MM avec une ligne de rupture. Ces pastilles de bromonordiaz\u00e9pam sont conditionn\u00e9es en plaquettes alv\u00e9ol\u00e9es par 10 pi\u00e8ces pour garantir la fra\u00eecheur et sont fournies dans une bo\u00eete pratique de 5 plaquettes alv\u00e9ol\u00e9es.\u00a0<\/strong><\/p>\n<p>Le bromonordiaz\u00e9pam est une substance qui est vendue uniquement \u00e0 des fins de recherche et n\u2019est donc pas destin\u00e9e \u00e0 la consommation.<a href=\"https:\/\/globalsourcechemicals.com\/fr\/boutique\/cathinones\/%f0%9f%92%a1-2-mmc-poudre-cristalline-pour-toutes-questions-et-reponses-pour-lachat\/\">Granul\u00e9s de 2-CMC 250 mg<\/a> , ,<a href=\"https:\/\/globalsourcechemicals.com\/fr\/boutique\/granules-2\/granules-dhomosildenafil-100-mg-derextc\/\">Granul\u00e9s d&#039;homosild\u00e9nafil 100 mg EREXTC<\/a>\u00a0 ,\u00a0 <a href=\"https:\/\/globalsourcechemicals.com\/fr\/boutique\/interdit\/mdphp-kopen-poeder-freebase\/\">Poudre de MDPHP (base libre)<\/a><\/p>\n<p>Le bromonordiaz\u00e9pam conserve sa stabilit\u00e9 jusqu\u2019\u00e0 2 ans lorsqu\u2019il est stock\u00e9 dans un environnement appropri\u00e9. Le bromonordiaz\u00e9pam est destin\u00e9 \u00e0 des fins de recherche et non \u00e0 la consommation. Il est donc important que le produit soit conserv\u00e9 hors de port\u00e9e des enfants et des animaux domestiques.<\/p>\n<p>Nous proposons des produits chimiques de recherche de bonne qualit\u00e9 \u00e0 un prix \u00e9quitable. Votre commande sera exp\u00e9di\u00e9e dans les 24 heures chaque jour. Par cons\u00e9quent, commandez <em>Bromonordiaz\u00e9pam<\/em> s\u00fbr et rapide via p<\/p>\n<h2>Qu&#039;est-ce que le bromonordiaz\u00e9pam ?<\/h2>\n<p>Le bromonordiaz\u00e9pam est une substance psychoactive appartenant \u00e0 la classe des benzodiaz\u00e9pines, qui sont couramment utilis\u00e9es sur ordonnance pour leurs propri\u00e9t\u00e9s s\u00e9datives et anxiolytiques. C&#039;est un d\u00e9riv\u00e9 de la benzodiaz\u00e9pine diaz\u00e9pam, avec un atome de brome attach\u00e9 \u00e0 la mol\u00e9cule.<\/p>\n<p>En tant que benzodiaz\u00e9pine, le diaz\u00e9pam bromorro\u00efdal agit sur le syst\u00e8me nerveux central en se liant aux r\u00e9cepteurs GABA du cerveau. Cela conduit \u00e0 une activit\u00e9 accrue du neurotransmetteur inhibiteur GABA, qui a un effet calmant et relaxant sur le corps et l\u2019esprit. Le bromonordiaz\u00e9pam est une benzodiaz\u00e9pine relativement nouvelle et on sait peu de choses sur ses effets \u00e0 long terme ou son potentiel d\u2019abus. Il n\u2019est pas couramment prescrit \u00e0 des fins m\u00e9dicales et est principalement utilis\u00e9 comme produit chimique de recherche.<\/p>\n<p>La synth\u00e8se du bromonordiaz\u00e9pam et d\u2019autres benzodiaz\u00e9pines se fait g\u00e9n\u00e9ralement dans des laboratoires clandestins, et leur puret\u00e9 et leur s\u00e9curit\u00e9 ne peuvent \u00eatre garanties. L\u2019utilisation de ces compos\u00e9s sans surveillance m\u00e9dicale peut \u00eatre dangereuse et potentiellement mortelle.<\/p>\n<h2>Comment le Bromonordiazapem est-il n\u00e9 ?<\/h2>\n<p>Le bromonordiaz\u00e9pam est un d\u00e9riv\u00e9 de la benzodiaz\u00e9pine diaz\u00e9pam, synth\u00e9tis\u00e9e pour la premi\u00e8re fois dans les ann\u00e9es 1950 par la soci\u00e9t\u00e9 pharmaceutique Hoffmann-La Roche. Le diaz\u00e9pam a \u00e9t\u00e9 d\u00e9velopp\u00e9 comme une am\u00e9lioration des barbituriques existants, qui \u00e9taient largement utilis\u00e9s comme s\u00e9datifs mais pr\u00e9sentaient un risque \u00e9lev\u00e9 de surdose et de d\u00e9pendance.<\/p>\n<p>Le diaz\u00e9pam est rapidement devenu populaire comme m\u00e9dicament sur ordonnance en raison de ses propri\u00e9t\u00e9s s\u00e9datives et <a href=\"http:\/\/google.nl\" target=\"_blank\" rel=\"noopener\">anxiolytique<\/a> propri\u00e9t\u00e9s et a \u00e9t\u00e9 commercialis\u00e9 sous le nom de marque Valium. Son utilisation a augment\u00e9 rapidement dans les ann\u00e9es 1960 et 1970, lorsqu\u2019elle a \u00e9t\u00e9 prescrite pour un large \u00e9ventail de maladies, notamment l\u2019anxi\u00e9t\u00e9, l\u2019insomnie, les crampes musculaires et le sevrage alcoolique.<\/p>\n<p>\u00c0 mesure que la popularit\u00e9 du diaz\u00e9pam augmentait, les chercheurs ont commenc\u00e9 \u00e0 synth\u00e9tiser de nouveaux d\u00e9riv\u00e9s du m\u00e9dicament pour am\u00e9liorer son efficacit\u00e9 et r\u00e9duire les effets secondaires. L\u2019un de ces d\u00e9riv\u00e9s \u00e9tait le bromaz\u00e9pam, d\u00e9velopp\u00e9 dans les ann\u00e9es 1970 et commercialis\u00e9 sous le nom de marque Lexotanil.<\/p>\n<p>Le bromonordiaz\u00e9pam est un d\u00e9riv\u00e9 du bromaz\u00e9pam, avec un atome de brome attach\u00e9 \u00e0 la mol\u00e9cule. Il a probablement \u00e9t\u00e9 synth\u00e9tis\u00e9 pour la premi\u00e8re fois dans des laboratoires clandestins en modifiant des compos\u00e9s de benzodiaz\u00e9pine existants, et son utilisation comme drogue r\u00e9cr\u00e9ative est apparue dans les ann\u00e9es 2000.<\/p>\n<p>La synth\u00e8se et la distribution du bromonordiaz\u00e9pam et d\u2019autres benzodiaz\u00e9pines de synth\u00e8se sont ill\u00e9gales dans la plupart des pays, et la puret\u00e9 et la s\u00e9curit\u00e9 de ces compos\u00e9s ne peuvent \u00eatre garanties. Son utilisation en dehors d\u2019un cadre m\u00e9dical peut \u00eatre dangereuse et potentiellement mortelle.<\/p>\n<h3><span data-sheets-value=\"{\" data-sheets-userformat=\"{\">Propri\u00e9t\u00e9s du bromonordiaz\u00e9pam<\/span><\/h3>\n<p><strong>Synonyme:<\/strong> Bromonordiaz\u00e9pam<br \/>\n<strong>Num\u00e9ro CAS :<\/strong> 2894-61-3<br \/>\n<strong>Formule:<\/strong> 7-bromo-5-ph\u00e9nyl-1,3-dihydro-1,4-benzodiaz\u00e9pine-2-one<br \/>\n<strong>Masse molaire :<\/strong> 315.16464<br \/>\n<strong>Puret\u00e9:<\/strong> &gt;99%<\/p>\n<h3>Mention de danger<\/h3>\n<p>Le bromonordiaz\u00e9pam peut provoquer une irritation respiratoire<br \/>\nLe bromonordiaz\u00e9pam peut provoquer une irritation des yeux.<br \/>\nIl est interdit de rejeter des produits chimiques de recherche dans l\u2019environnement.<\/p>\n<p>Bromonordiaz\u00e9pam EN CAS DE CONTACT AVEC LES YEUX : Rincer les yeux avec pr\u00e9caution \u00e0 l&#039;eau pendant cinq minutes. Retirez les lentilles de contact si possible.<\/p>\n<p>Bromonordiaz\u00e9pam EN CAS DE CONTACT AVEC LA PEAU : Laver la peau avec de l&#039;eau et du savon.<\/p>\n<p>APR\u00c8S INHALATION DE Bromonordiaz\u00e9pam : Transporter la victime \u00e0 l&#039;ext\u00e9rieur et la maintenir dans une position o\u00f9 elle peut confortablement respirer.<\/p>","protected":false},"excerpt":{"rendered":"<p>Granul\u00e9s de Bromonordiaz\u00e9pam 2,5 MG Ce sont les granul\u00e9s les plus r\u00e9cents de la gamme Professor.nl ! Ces pastilles sont fournies avec 2,5<\/p>","protected":false},"featured_media":27853,"comment_status":"closed","ping_status":"closed","template":"","meta":[],"product_brand":[],"product_cat":[76,385,390,324],"product_tag":[185,326],"class_list":{"0":"post-24271","1":"product","2":"type-product","3":"status-publish","4":"has-post-thumbnail","6":"product_cat-benzodiazepinen","7":"product_cat-bromonordiazepam","8":"product_cat-bromonordiazepam-pellets","9":"product_cat-pellets-for-pellet","10":"product_tag-bromonordiazepam","11":"product_tag-nl","13":"first","14":"instock","15":"taxable","16":"shipping-taxable","17":"purchasable","18":"product-type-variable"},"_links":{"self":[{"href":"https:\/\/globalsourcechemicals.com\/fr\/wp-json\/wp\/v2\/product\/24271","targetHints":{"allow":["GET"]}}],"collection":[{"href":"https:\/\/globalsourcechemicals.com\/fr\/wp-json\/wp\/v2\/product"}],"about":[{"href":"https:\/\/globalsourcechemicals.com\/fr\/wp-json\/wp\/v2\/types\/product"}],"replies":[{"embeddable":true,"href":"https:\/\/globalsourcechemicals.com\/fr\/wp-json\/wp\/v2\/comments?post=24271"}],"version-history":[{"count":3,"href":"https:\/\/globalsourcechemicals.com\/fr\/wp-json\/wp\/v2\/product\/24271\/revisions"}],"predecessor-version":[{"id":25303,"href":"https:\/\/globalsourcechemicals.com\/fr\/wp-json\/wp\/v2\/product\/24271\/revisions\/25303"}],"wp:featuredmedia":[{"embeddable":true,"href":"https:\/\/globalsourcechemicals.com\/fr\/wp-json\/wp\/v2\/media\/27853"}],"wp:attachment":[{"href":"https:\/\/globalsourcechemicals.com\/fr\/wp-json\/wp\/v2\/media?parent=24271"}],"wp:term":[{"taxonomy":"product_brand","embeddable":true,"href":"https:\/\/globalsourcechemicals.com\/fr\/wp-json\/wp\/v2\/product_brand?post=24271"},{"taxonomy":"product_cat","embeddable":true,"href":"https:\/\/globalsourcechemicals.com\/fr\/wp-json\/wp\/v2\/product_cat?post=24271"},{"taxonomy":"product_tag","embeddable":true,"href":"https:\/\/globalsourcechemicals.com\/fr\/wp-json\/wp\/v2\/product_tag?post=24271"}],"curies":[{"name":"wp","href":"https:\/\/api.w.org\/{rel}","templated":true}]}}