{"id":24134,"date":"2025-04-13T17:41:08","date_gmt":"2025-04-13T17:41:08","guid":{"rendered":"https:\/\/globalsourcechemicals.com\/?post_type=product&#038;p=24134"},"modified":"2025-04-15T13:46:50","modified_gmt":"2025-04-15T13:46:50","slug":"spray-chimique-2f-dck-10","status":"publish","type":"product","link":"https:\/\/globalsourcechemicals.com\/fr\/boutique\/b2b\/spray-chimique-2f-dck-10\/","title":{"rendered":"Spray chimique 2F-DCK 10%"},"content":{"rendered":"<h2><strong>Spray chimique 2F-DCK 10% 10 ml<\/strong><\/h2>\n<ul>\n<li><strong>Emballage de vente au d\u00e9tail<br \/> <\/strong><\/li>\n<li><strong>Quantit\u00e9 ml par pulv\u00e9risation : 10<\/strong><\/li>\n<li><strong>Quantit\u00e9 de 2F-DCK par pulv\u00e9risation : 1 g<\/strong><\/li>\n<li><strong>Les prix excluent la TVA 21%<\/strong><\/li>\n<li><strong>Prix de vente conseill\u00e9 : 39,95 \u20ac TTC. T.V.A.<\/strong><\/li>\n<\/ul>","protected":false},"excerpt":{"rendered":"<p>Chem-mist 2F-DCK 10% Spray 10 ML Emballage de vente au d\u00e9tail Quantit\u00e9 ml par pulv\u00e9risation : 10 Quantit\u00e9 2F-DCK par pulv\u00e9risation : 1gr Prix hors 21%<\/p>","protected":false},"featured_media":20717,"comment_status":"closed","ping_status":"closed","template":"","meta":[],"product_brand":[],"product_cat":[555],"product_tag":[326],"class_list":{"0":"post-24134","1":"product","2":"type-product","3":"status-publish","4":"has-post-thumbnail","6":"product_cat-b2b","7":"product_tag-nl","9":"first","10":"instock","11":"taxable","12":"shipping-taxable","13":"purchasable","14":"product-type-variable"},"_links":{"self":[{"href":"https:\/\/globalsourcechemicals.com\/fr\/wp-json\/wp\/v2\/product\/24134","targetHints":{"allow":["GET"]}}],"collection":[{"href":"https:\/\/globalsourcechemicals.com\/fr\/wp-json\/wp\/v2\/product"}],"about":[{"href":"https:\/\/globalsourcechemicals.com\/fr\/wp-json\/wp\/v2\/types\/product"}],"replies":[{"embeddable":true,"href":"https:\/\/globalsourcechemicals.com\/fr\/wp-json\/wp\/v2\/comments?post=24134"}],"version-history":[{"count":1,"href":"https:\/\/globalsourcechemicals.com\/fr\/wp-json\/wp\/v2\/product\/24134\/revisions"}],"predecessor-version":[{"id":24162,"href":"https:\/\/globalsourcechemicals.com\/fr\/wp-json\/wp\/v2\/product\/24134\/revisions\/24162"}],"wp:featuredmedia":[{"embeddable":true,"href":"https:\/\/globalsourcechemicals.com\/fr\/wp-json\/wp\/v2\/media\/20717"}],"wp:attachment":[{"href":"https:\/\/globalsourcechemicals.com\/fr\/wp-json\/wp\/v2\/media?parent=24134"}],"wp:term":[{"taxonomy":"product_brand","embeddable":true,"href":"https:\/\/globalsourcechemicals.com\/fr\/wp-json\/wp\/v2\/product_brand?post=24134"},{"taxonomy":"product_cat","embeddable":true,"href":"https:\/\/globalsourcechemicals.com\/fr\/wp-json\/wp\/v2\/product_cat?post=24134"},{"taxonomy":"product_tag","embeddable":true,"href":"https:\/\/globalsourcechemicals.com\/fr\/wp-json\/wp\/v2\/product_tag?post=24134"}],"curies":[{"name":"wp","href":"https:\/\/api.w.org\/{rel}","templated":true}]}}