{"id":27214,"date":"2025-08-14T11:19:38","date_gmt":"2025-08-14T11:19:38","guid":{"rendered":"https:\/\/globalsourcechemicals.com\/?page_id=27214"},"modified":"2025-10-13T09:54:25","modified_gmt":"2025-10-13T09:54:25","slug":"expedition","status":"publish","type":"page","link":"https:\/\/globalsourcechemicals.com\/fr\/expedition\/","title":{"rendered":"Exp\u00e9dition"},"content":{"rendered":"<p>Bij de globalsourcechemicals.com versturen we pakketten zo snel mogelijk. Elke bestelling die v\u00f3\u00f3r 17:00u is besteld waarvan de betaling bij ons binnen is, zal dezelfde dag worden verzonden, tenzij er is gekozen voor \u2018Afhalen\u2019.<\/p>\n\n\n\n<p>Toutes les commandes sont exp\u00e9di\u00e9es par le transporteur de votre choix. Vous recevrez toujours un code de suivi pour suivre votre commande.<\/p>\n\n\n\n<p>Si votre colis n&#039;a pas \u00e9t\u00e9 livr\u00e9 apr\u00e8s 10 jours ouvrables, veuillez nous contacter afin que nous puissions enqu\u00eater davantage.<\/p>\n\n\n\n<p><strong>Livraison gratuite Pays-Bas + Belgique\u00a0: commande de 75\u00a0\u20ac ou plus<\/strong><br><strong>Livraison gratuite vers les autres pays : commande de 250 \u20ac ou plus<\/strong><\/p>\n\n\n\n<hr class=\"wp-block-separator has-alpha-channel-opacity\"\/>\n\n\n\n<figure class=\"wp-block-table\"><table class=\"has-fixed-layout\"><tbody><tr><td><strong>Pays<\/strong><\/td><td><strong>D\u00e9lai de livraison<\/strong><br><small><em>Pay\u00e9 avant 17h,<br>exp\u00e9di\u00e9 le jour m\u00eame<\/em><\/small><\/td><td><strong>PostNL<\/strong><\/td><td><strong>DHL<\/strong><\/td><td><strong>DPD<\/strong><\/td><\/tr><tr><td>Pays-Bas<\/td><td>1 \u00e0 2 jours ouvrables<\/td><td>\u20ac4,95<\/td><td>\u20ac4,95<\/td><td>apr\u00e8s<\/td><\/tr><tr><td>Belgique<\/td><td>1 \u00e0 4 jours ouvrables<\/td><td>\u20ac4,95<\/td><td>\u20ac7,95<\/td><td>apr\u00e8s<\/td><\/tr><tr><td>Bulgarie<\/td><td>2 \u00e0 8 jours ouvrables<\/td><td>apr\u00e8s<\/td><td>\u20ac17,95<\/td><td>\u20ac9,95<\/td><\/tr><tr><td>Estonie<\/td><td>2 \u00e0 8 jours ouvrables<\/td><td>apr\u00e8s<\/td><td>\u20ac34,95<\/td><td>\u20ac14,95<\/td><\/tr><tr><td>France<\/td><td>2 \u00e0 8 jours ouvrables<\/td><td>apr\u00e8s<\/td><td>\u20ac12,95<\/td><td>\u20ac8,95<\/td><\/tr><tr><td>Gr\u00e8ce<\/td><td>2 \u00e0 8 jours ouvrables<\/td><td>apr\u00e8s<\/td><td>\u20ac14,95<\/td><td>\u20ac39,95<\/td><\/tr><tr><td>Hongrie<\/td><td>2 \u00e0 8 jours ouvrables<\/td><td>apr\u00e8s<\/td><td>\u20ac14,95<\/td><td>\u20ac9,95<\/td><\/tr><tr><td>Irlande<\/td><td>2 \u00e0 8 jours ouvrables<\/td><td>apr\u00e8s<\/td><td>\u20ac12,95<\/td><td>\u20ac24,95<\/td><\/tr><tr><td>Italie<\/td><td>2 \u00e0 8 jours ouvrables<\/td><td>apr\u00e8s<\/td><td>\u20ac10,95<\/td><td>\u20ac9,95<\/td><\/tr><tr><td>Croatie<\/td><td>2 \u00e0 8 jours ouvrables<\/td><td>apr\u00e8s<\/td><td>\u20ac19,95<\/td><td>\u20ac10,95<\/td><\/tr><tr><td>Lettonie<\/td><td>2 \u00e0 8 jours ouvrables<\/td><td>apr\u00e8s<\/td><td>\u20ac34,95<\/td><td>\u20ac15,95<\/td><\/tr><tr><td>Lituanie<\/td><td>2 \u00e0 8 jours ouvrables<\/td><td>apr\u00e8s<\/td><td>\u20ac34,95<\/td><td>\u20ac12,95<\/td><\/tr><tr><td>Luxembourg<\/td><td>2 \u00e0 8 jours ouvrables<\/td><td>apr\u00e8s<\/td><td>apr\u00e8s<\/td><td>\u20ac8,95<\/td><\/tr><tr><td>Autriche<\/td><td>2 \u00e0 8 jours ouvrables<\/td><td>apr\u00e8s<\/td><td>\u20ac11,95<\/td><td>\u20ac9,95<\/td><\/tr><tr><td>Pologne<\/td><td>2 \u00e0 8 jours ouvrables<\/td><td>apr\u00e8s<\/td><td>\u20ac14,95<\/td><td>\u20ac9,95<\/td><\/tr><tr><td>Portugal<\/td><td>2 \u00e0 8 jours ouvrables<\/td><td>apr\u00e8s<\/td><td>\u20ac19,95<\/td><td>\u20ac9,95<\/td><\/tr><tr><td>Roumanie<\/td><td>2 \u00e0 8 jours ouvrables<\/td><td>apr\u00e8s<\/td><td>\u20ac16,95<\/td><td>\u20ac9,95<\/td><\/tr><tr><td>Slov\u00e9nie<\/td><td>2 \u00e0 8 jours ouvrables<\/td><td>apr\u00e8s<\/td><td>\u20ac18,95<\/td><td>\u20ac12,95<\/td><\/tr><tr><td>Slovaquie<\/td><td>2 \u00e0 8 jours ouvrables<\/td><td>apr\u00e8s<\/td><td>\u20ac18,95<\/td><td>\u20ac12,95<\/td><\/tr><tr><td>R\u00e9publique tch\u00e8que<\/td><td>2 \u00e0 8 jours ouvrables<\/td><td>apr\u00e8s<\/td><td>\u20ac14,95<\/td><td>\u20ac11,95<\/td><\/tr><\/tbody><\/table><\/figure>","protected":false},"excerpt":{"rendered":"<p>Bij de globalsourcechemicals.com versturen we pakketten zo snel mogelijk. Elke bestelling die v\u00f3\u00f3r 17:00u is besteld waarvan de betaling bij<\/p>","protected":false},"author":1,"featured_media":0,"parent":0,"menu_order":0,"comment_status":"closed","ping_status":"closed","template":"","meta":{"footnotes":""},"class_list":["post-27214","page","type-page","status-publish","hentry"],"_links":{"self":[{"href":"https:\/\/globalsourcechemicals.com\/fr\/wp-json\/wp\/v2\/pages\/27214","targetHints":{"allow":["GET"]}}],"collection":[{"href":"https:\/\/globalsourcechemicals.com\/fr\/wp-json\/wp\/v2\/pages"}],"about":[{"href":"https:\/\/globalsourcechemicals.com\/fr\/wp-json\/wp\/v2\/types\/page"}],"author":[{"embeddable":true,"href":"https:\/\/globalsourcechemicals.com\/fr\/wp-json\/wp\/v2\/users\/1"}],"replies":[{"embeddable":true,"href":"https:\/\/globalsourcechemicals.com\/fr\/wp-json\/wp\/v2\/comments?post=27214"}],"version-history":[{"count":2,"href":"https:\/\/globalsourcechemicals.com\/fr\/wp-json\/wp\/v2\/pages\/27214\/revisions"}],"predecessor-version":[{"id":28552,"href":"https:\/\/globalsourcechemicals.com\/fr\/wp-json\/wp\/v2\/pages\/27214\/revisions\/28552"}],"wp:attachment":[{"href":"https:\/\/globalsourcechemicals.com\/fr\/wp-json\/wp\/v2\/media?parent=27214"}],"curies":[{"name":"wp","href":"https:\/\/api.w.org\/{rel}","templated":true}]}}