{"id":27570,"date":"2025-09-23T07:05:38","date_gmt":"2025-09-23T07:05:38","guid":{"rendered":"https:\/\/globalsourcechemicals.com\/?post_type=product&#038;p=27570"},"modified":"2026-04-24T12:51:03","modified_gmt":"2026-04-24T12:51:03","slug":"osta-4mmc","status":"publish","type":"product","link":"https:\/\/globalsourcechemicals.com\/fi\/kauppa\/kategorisoitu\/osta-4mmc\/","title":{"rendered":"Osta mefedronia (4MMC)"},"content":{"rendered":"<h1 data-start=\"660\" data-end=\"708\"><strong data-start=\"662\" data-end=\"706\">4-MMC (mefedroni) \u2013 Aiheprofiili ja usein kysytyt kysymykset<\/strong><\/h1>\n<h3 data-start=\"710\" data-end=\"732\"><strong data-start=\"714\" data-end=\"730\">Kuvaus<\/strong><\/h3>\n<p data-start=\"733\" data-end=\"1149\">Osta 4mmc, 4-MMC, muuten bekannt als <strong data-start=\"757\" data-end=\"770\">Mefedroni<\/strong>, joka liittyy Synthetic Groupiin <strong data-start=\"808\" data-end=\"821\">Katinoni<\/strong>Se toimii itsess\u00e4\u00e4n psykoaktiivisena aineena, jota 2000-luvulla k\u00e4ytettiin p\u00e4ihteiden k\u00e4ytt\u00f6tarkoituksen parantamiseen. <strong data-start=\"910\" data-end=\"933\">Tutkimuskemikaali<\/strong> (RC) auftauchte. Aufgrund ihrer <strong data-start=\"966\" data-end=\"1009\">stimuloiva ja empaattinen vaikutus<\/strong> Jos ne toimisivat &quot;laillisina huumeina&quot;, niit\u00e4 suojeltaisiin sek\u00e4 Saksassa ett\u00e4 Saksassa. <strong data-start=\"1117\" data-end=\"1140\">laillisesti kielletty<\/strong> tuli.<\/p>\n<p data-start=\"1151\" data-end=\"1386\">Mefedroni on kemiallisesti sukua sille <strong data-start=\"1187\" data-end=\"1203\">Amfetamiinit<\/strong> ja <strong data-start=\"1208\" data-end=\"1216\">MDMA<\/strong> ja meid\u00e4n on h\u00e4ydytt\u00e4v\u00e4 muodossa <strong data-start=\"1245\" data-end=\"1280\">Jauhe, kiteet tai kapselit<\/strong> angeboten. Heute gilt es als <strong data-start=\"1310\" data-end=\"1328\">laiton kuiva<\/strong> hyv\u00e4ll\u00e4 terveydell\u00e4 ja hyvinvoinnilla.<\/p>\n<h3 data-start=\"1393\" data-end=\"1432\"><strong data-start=\"1397\" data-end=\"1430\">4-MMC:n (mefedronin) vaikutus<\/strong><\/h3>\n<p data-start=\"1433\" data-end=\"1503\">Toiminta on paras <strong data-start=\"1455\" data-end=\"1468\">lyhytik\u00e4inen<\/strong> ja muut stimulantit:<\/p>\n<ul data-start=\"1504\" data-end=\"1691\">\n<li data-start=\"1504\" data-end=\"1549\">\n<p data-start=\"1506\" data-end=\"1549\">Korkeus <strong data-start=\"1514\" data-end=\"1526\">Euforia<\/strong> ja <strong data-start=\"1531\" data-end=\"1547\">Rattoisuus<\/strong><\/p>\n<\/li>\n<li data-start=\"1550\" data-end=\"1616\">\n<p data-start=\"1552\" data-end=\"1616\">Tehokurssit <strong data-start=\"1563\" data-end=\"1579\">Wohlbefinden<\/strong> ja telineiden varassa <strong data-start=\"1596\" data-end=\"1614\">keskustelukyky<\/strong><\/p>\n<\/li>\n<li data-start=\"1617\" data-end=\"1659\">\n<p data-start=\"1619\" data-end=\"1659\">Korkeus <strong data-start=\"1627\" data-end=\"1657\">Syd\u00e4men taajuus ja paine<\/strong><\/p>\n<\/li>\n<li data-start=\"1660\" data-end=\"1691\">\n<p data-start=\"1662\" data-end=\"1691\">Muovipaineen vaimentaminen<\/p>\n<\/li>\n<\/ul>\n<h3 data-start=\"1698\" data-end=\"1732\"><strong data-start=\"1702\" data-end=\"1730\">Riskit ja vaarat<\/strong><\/h3>\n<p data-start=\"1733\" data-end=\"1813\">Der Konsum von Mephedron is mit <strong data-start=\"1766\" data-end=\"1800\">vakavia terveysriskej\u00e4<\/strong> yhdistetty:<\/p>\n<ul data-start=\"1814\" data-end=\"2094\">\n<li data-start=\"1814\" data-end=\"1893\">\n<p data-start=\"1816\" data-end=\"1893\"><strong data-start=\"1816\" data-end=\"1844\">Syd\u00e4nkierrosvero<\/strong> (Herzrasen, Bluthochdruck, Herzinfarkt-Risiko)<\/p>\n<\/li>\n<li data-start=\"1894\" data-end=\"1965\">\n<p data-start=\"1896\" data-end=\"1965\"><strong data-start=\"1896\" data-end=\"1918\">Psyykkiset vaikutukset<\/strong> wie Angstzust\u00e4nde, Paranoia, Schlaflosigkeit<\/p>\n<\/li>\n<li data-start=\"1966\" data-end=\"2020\">\n<p data-start=\"1968\" data-end=\"2020\"><strong data-start=\"1968\" data-end=\"1994\">Mahdollisuus olla hy\u00f6dyllinen<\/strong> tavallisella kuluttajalla<\/p>\n<\/li>\n<li data-start=\"2021\" data-end=\"2094\">\n<p data-start=\"2023\" data-end=\"2094\"><strong data-start=\"2023\" data-end=\"2053\">Akuutti yliannostustapa<\/strong> durch unsichere Cleanheit und Dosierung<\/p>\n<\/li>\n<\/ul>\n<h3 data-start=\"2101\" data-end=\"2136\"><strong data-start=\"2105\" data-end=\"2134\">Oikeudenk\u00e4ynnit Saksassa<\/strong><\/h3>\n<ul data-start=\"2137\" data-end=\"2384\">\n<li data-start=\"2137\" data-end=\"2232\">\n<p data-start=\"2139\" data-end=\"2232\">4-MMC on Saksassa <strong data-start=\"2164\" data-end=\"2175\">laiton<\/strong> ja kaatui sen alle <strong data-start=\"2196\" data-end=\"2229\">Betaubungsmittelgesetz (BtMG)<\/strong>.<\/p>\n<\/li>\n<li data-start=\"2233\" data-end=\"2287\">\n<p data-start=\"2235\" data-end=\"2287\">Besitz, Handel oder Herstellung sind <strong data-start=\"2272\" data-end=\"2284\">rangaistavaa<\/strong>.<\/p>\n<\/li>\n<li data-start=\"2288\" data-end=\"2384\">\n<p data-start=\"2290\" data-end=\"2384\">Der Kauf (&quot;osta&quot;) im Internet ist <strong data-start=\"2325\" data-end=\"2343\">gesetzeswidrig<\/strong> ja voi nostaa rikosoikeudellisen syytteen.<\/p>\n<\/li>\n<\/ul>\n<h2 data-start=\"2391\" data-end=\"2450\"><strong data-start=\"2394\" data-end=\"2448\">Perustietoja (usein kysytyt kysymykset) 4-MMC:st\u00e4 (mefedroni)<\/strong><\/h2>\n<p data-start=\"2452\" data-end=\"2575\"><strong data-start=\"2452\" data-end=\"2473\">1. Oliko se 4-MMC?<\/strong><br data-start=\"2473\" data-end=\"2476\" \/>4-MMC (mefedroni) on synteettinen kuiva aine ryhm\u00e4st\u00e4 <strong data-start=\"2541\" data-end=\"2572\">kathinonhaltigen Substanzen<\/strong>.<\/p>\n<p data-start=\"2577\" data-end=\"2779\"><strong data-start=\"2577\" data-end=\"2609\">2. Onko 4-MMC kielletty?<\/strong><br data-start=\"2609\" data-end=\"2612\" \/>Tapoja <strong data-start=\"2622\" data-end=\"2707\">terveysriskit, terveyshy\u00f6dyt ja l\u00e4\u00e4ketieteellinen hoito<\/strong> l\u00f6ydettiin maissa, joissa sovelletaan lains\u00e4\u00e4d\u00e4nt\u00f6\u00e4.<\/p>\n<p data-start=\"2781\" data-end=\"2914\"><strong data-start=\"2781\" data-end=\"2817\">3. Miten mefedronia k\u00e4ytet\u00e4\u00e4n?<\/strong><br data-start=\"2817\" data-end=\"2820\" \/>Se toimii <strong data-start=\"2829\" data-end=\"2876\">stimuloiva, euforinen ja empaattinen<\/strong>, my\u00f6s MDMA:n tai amfetamiinin kanssa.<\/p>\n<p data-start=\"2916\" data-end=\"3090\"><strong data-start=\"2916\" data-end=\"2958\">4. Kuinka mukavasti tunnet olosi?<\/strong><br data-start=\"2958\" data-end=\"2961\" \/>Ei vaikutuksia <strong data-start=\"2988\" data-end=\"3022\">Herzrasen, \u00dcbelkeit, Schwitzen<\/strong> bis hin zu <strong data-start=\"3034\" data-end=\"3059\">psykologiset h\u00e4iri\u00f6t<\/strong> ahdistuksesta tai aggressiosta.<\/p>\n<p data-start=\"3092\" data-end=\"3224\"><strong data-start=\"3092\" data-end=\"3130\">5. Onko 4-MMC laillista Saksassa?<\/strong><br data-start=\"3130\" data-end=\"3133\" \/>Ei, Mefedron on Saksassa. <strong data-start=\"3168\" data-end=\"3187\">ehdottomasti kielletty<\/strong>. Besitz und Verkauf on lain mukaan rangaistava.<\/p>\n<p data-start=\"3226\" data-end=\"3495\"><strong data-start=\"3226\" data-end=\"3261\">6. Onko saatavilla laillisia vaihtoehtoja?<\/strong><br data-start=\"3261\" data-end=\"3264\" \/>Ei ole olemassa <strong data-start=\"3284\" data-end=\"3322\">turvallinen tai laillinen Korvausmateriaali<\/strong> samoilla ty\u00f6menetelmill\u00e4. Seri\u00f6se Beratung empfiehlt ausschlie\u00dflich <strong data-start=\"3390\" data-end=\"3414\">terveellisi\u00e4 vaihtoehtoja<\/strong> wie Sport, Ern\u00e4hrung und psychologische Unterst\u00fctzung zursaufhellung.<\/p>","protected":false},"excerpt":{"rendered":"<p>4-MMC (Mephedron) \u2013 Substanzprofil &amp; FAQ Beschreibung 4mmc kopen, 4-MMC, auch bekannt als Mephedron, geh\u00f6rt zur Gruppe der synthetischen Cathinone.<\/p>","protected":false},"featured_media":0,"comment_status":"open","ping_status":"closed","template":"","meta":[],"product_brand":[],"product_cat":[1085],"product_tag":[],"class_list":{"0":"post-27570","1":"product","2":"type-product","3":"status-publish","5":"product_cat-okategoriserad","7":"first","8":"instock","9":"taxable","10":"shipping-taxable","11":"purchasable","12":"product-type-variable"},"_links":{"self":[{"href":"https:\/\/globalsourcechemicals.com\/fi\/wp-json\/wp\/v2\/product\/27570","targetHints":{"allow":["GET"]}}],"collection":[{"href":"https:\/\/globalsourcechemicals.com\/fi\/wp-json\/wp\/v2\/product"}],"about":[{"href":"https:\/\/globalsourcechemicals.com\/fi\/wp-json\/wp\/v2\/types\/product"}],"replies":[{"embeddable":true,"href":"https:\/\/globalsourcechemicals.com\/fi\/wp-json\/wp\/v2\/comments?post=27570"}],"version-history":[{"count":1,"href":"https:\/\/globalsourcechemicals.com\/fi\/wp-json\/wp\/v2\/product\/27570\/revisions"}],"predecessor-version":[{"id":27572,"href":"https:\/\/globalsourcechemicals.com\/fi\/wp-json\/wp\/v2\/product\/27570\/revisions\/27572"}],"wp:attachment":[{"href":"https:\/\/globalsourcechemicals.com\/fi\/wp-json\/wp\/v2\/media?parent=27570"}],"wp:term":[{"taxonomy":"product_brand","embeddable":true,"href":"https:\/\/globalsourcechemicals.com\/fi\/wp-json\/wp\/v2\/product_brand?post=27570"},{"taxonomy":"product_cat","embeddable":true,"href":"https:\/\/globalsourcechemicals.com\/fi\/wp-json\/wp\/v2\/product_cat?post=27570"},{"taxonomy":"product_tag","embeddable":true,"href":"https:\/\/globalsourcechemicals.com\/fi\/wp-json\/wp\/v2\/product_tag?post=27570"}],"curies":[{"name":"wp","href":"https:\/\/api.w.org\/{rel}","templated":true}]}}