{"id":24948,"date":"2025-04-13T17:43:52","date_gmt":"2025-04-13T17:43:52","guid":{"rendered":"https:\/\/globalsourcechemicals.com\/?post_type=product&#038;p=24948"},"modified":"2025-10-02T15:05:38","modified_gmt":"2025-10-02T15:05:38","slug":"6-cl-adbaa","status":"publish","type":"product","link":"https:\/\/globalsourcechemicals.com\/fi\/kauppa\/6-cl-adbaa\/6-cl-adbaa\/","title":{"rendered":"6-CL-ADBA"},"content":{"rendered":"<h3><strong>6-CL-ADBA \u2013 Tehokas ja innovatiivinen tutkimusaine<\/strong><\/h3>\n<p class=\"ds-markdown-paragraph\"><strong>Tuotteen nimi:<\/strong>\u00a06-CL-ADBA<br \/>\n<strong>Kemiallinen nimi:<\/strong>\u00a06-kloori-ADB-A<br \/>\n<strong>Puhtaus:<\/strong>\u00a0\u226598%<br \/>\n<strong>Lomake:<\/strong>\u00a0Kiteinen jauhe<br \/>\n<strong>Molekyylikaava:<\/strong>\u00a0C\u2081\u2089H\u2082\u2087ClN\u2082O\u2082<\/p>\n<h4><strong>Kuvaus:<\/strong><\/h4>\n<p class=\"ds-markdown-paragraph\">6-CL-ADBA on edistynyt tutkimusyhdiste, joka kuuluu indatsolikarboksamidiryhm\u00e4\u00e4n. <a href=\"http:\/\/google.nl\" target=\"_blank\" rel=\"noopener\">T\u00e4m\u00e4<\/a> kangasta myyd\u00e4\u00e4n yksinomaan\u00a0<strong>tieteellinen ja analyyttinen tutkimus<\/strong>\u00a0eik\u00e4 sit\u00e4 ole tarkoitettu ihmisravinnoksi.<\/p>\n<h4><strong>Ominaisuudet:<\/strong><\/h4>\n<p class=\"ds-markdown-paragraph\">\u2705\u00a0<strong>Korkea puhtausaste<\/strong>\u00a0(\u226598%) tarkkojen tulosten saamiseksi<br \/>\n\u2705 Sopii mm.\u00a0<strong>laboratoriotutkimukset<\/strong>\u00a0ja farmakologinen tutkimus<br \/>\n\u2705 Pakattu\u00a0<strong>ilmatiivis pakkaus<\/strong>\u00a0optimaalisen s\u00e4ilyvyyden takaamiseksi<\/p>\n<h4><strong>T\u00e4rke\u00e4 huomautus:<\/strong><\/h4>\n<p class=\"ds-markdown-paragraph\">T\u00e4m\u00e4 tuote on\u00a0<strong>ei tarkoitettu ihmisten tai el\u00e4inten k\u00e4ytt\u00f6\u00f6n<\/strong>Se on tarkoitettu ainoastaan tutkimusk\u00e4ytt\u00f6\u00f6n valvotussa ymp\u00e4rist\u00f6ss\u00e4. Varmista, ett\u00e4 kemikaaleja k\u00e4sitelt\u00e4ess\u00e4 noudatetaan asianmukaisia turvaohjeita.<\/p>\n<h3><strong>6-CL-ADBA \u2013 Usein kysytyt kysymykset ja vastaukset<\/strong><\/h3>\n<h4><strong>1. Mik\u00e4 on 6-CL-ADBA?<\/strong><\/h4>\n<p class=\"ds-markdown-paragraph\">6-CL-ADBA (6-kloori-ADB-A) on synteettinen indatsolikarboksamidiryhm\u00e4n tutkimusyhdiste. Sit\u00e4 k\u00e4ytet\u00e4\u00e4n\u00a0<strong>tieteelliset tutkimukset<\/strong>erityisesti farmakologian ja kemian tutkimuksen aloilla.<\/p>\n<h4><strong>2. Mik\u00e4 on t\u00e4m\u00e4n tuotteen puhtausaste?<\/strong><\/h4>\n<p class=\"ds-markdown-paragraph\">6-CL-ADBA:llamme on\u00a0<strong>puhtaus \u226598%<\/strong>, mik\u00e4 varmistaa luotettavat ja toistettavat tutkimustulokset.<\/p>\n<h4><strong>3. Onko 6-CL-ADBA laillista?<\/strong><\/h4>\n<p class=\"ds-markdown-paragraph\">T\u00e4m\u00e4 tuote on\u00a0<strong>tarkoitettu vain tutkimustarkoituksiin<\/strong>\u00a0eik\u00e4 tarkoitettu ihmisten tai el\u00e4inten ravinnoksi. Laillisuus vaihtelee maittain \u2013 tarkista aina\u00a0<strong>paikallinen lains\u00e4\u00e4d\u00e4nt\u00f6<\/strong>\u00a0ennen kuin tilaat.<\/p>\n<h4><strong>4. Miten minun tulisi s\u00e4ilytt\u00e4\u00e4 6-CL-ADBA:ta?<\/strong><\/h4>\n<p class=\"ds-markdown-paragraph\">Pid\u00e4 se\u00a0<strong>viile\u00e4ss\u00e4, kuivassa ymp\u00e4rist\u00f6ss\u00e4<\/strong>, poissa suorasta auringonvalosta ja\u00a0<strong>ilmatiivis pakkaus<\/strong>\u00a0vakauden varmistamiseksi.<\/p>\n<h4><strong>5. Onko t\u00e4m\u00e4 tuote turvallinen k\u00e4ytt\u00e4\u00e4?<\/strong><\/h4>\n<p class=\"ds-markdown-paragraph\">6-CL-ADBA:ta tulisi k\u00e4ytt\u00e4\u00e4 vain\u00a0<strong>kontrolloidussa laboratorioymp\u00e4rist\u00f6ss\u00e4<\/strong>\u00a0ammattilaisten toimesta. K\u00e4yt\u00e4 aina\u00a0<strong>henkil\u00f6nsuojaimet (PPE)<\/strong>\u00a0kuten k\u00e4sineet ja laboratoriotakki.<\/p>\n<h4><strong>6. Mihin 6-CL-ADBA:ta tutkitaan?<\/strong><\/h4>\n<p class=\"ds-markdown-paragraph\">Tutkijat tutkivat t\u00e4t\u00e4 ainetta sen vuoksi\u00a0<strong>ainutlaatuinen kemiallinen rakenne<\/strong>, ja sill\u00e4 on potentiaalisia sovelluksia farmaseuttisessa ja analyyttisess\u00e4 tutkimuksessa.<\/p>\n<h4><strong>7. Voivatko yksityishenkil\u00f6t ostaa t\u00e4t\u00e4 tuotetta?<\/strong><\/h4>\n<p class=\"ds-markdown-paragraph\">Tuotteemme ovat saatavilla vain\u00a0<strong>p\u00e4tev\u00e4t tutkijat ja instituutiot<\/strong>Emme myy yksityishenkil\u00f6ille ilman asianmukaisia referenssej\u00e4.<a href=\"https:\/\/globalsourcechemicals.com\/fi\/kauppa\/iboga-ibogaiini\/osta-ibogaiinihydrokloridia-netista\/\">Osta ibogaiinihydrokloridia<\/a><a href=\"https:\/\/globalsourcechemicals.com\/fi\/kauppa\/iboga-ibogaiini\/iboga-juuren-kuori\/\">Ibogan juuren kuori<\/a><a href=\"https:\/\/globalsourcechemicals.com\/fi\/kauppa\/lysergamidit\/1-kpl-lsd\/\">1cP-LSD 150 MCG taidepaperia<\/a><a href=\"https:\/\/globalsourcechemicals.com\/fi\/kauppa\/pellets\/o-dsmt-50mg-pellets\/\">O-DSMT 50 mg -pelletit<\/a><a href=\"https:\/\/globalsourcechemicals.com\/fi\/kauppa\/lysergamidit\/1v-lsd-150-mcg-blotters\/\">1V-LSD 150 MCG -n\u00e4ytteenotot<\/a><\/p>","protected":false},"excerpt":{"rendered":"<h2>6-CL-ADBA-ominaisuudet<\/h2>\n<p><strong>Synonyymi: <\/strong>6-CL-ADBA<strong><br \/>\nCAS-numero<\/strong>Ei tiedossa<br \/>\n<strong>Kaava<\/strong>Ei tiedossa<br \/>\n<strong>Moolimassa<\/strong>n\/ag\u00b7mol<br \/>\n<strong>Puhtaus<\/strong>: \u226598%<\/p>","protected":false},"featured_media":27837,"comment_status":"closed","ping_status":"closed","template":"","meta":[],"product_brand":[],"product_cat":[368,322],"product_tag":[610,594,326],"class_list":{"0":"post-24948","1":"product","2":"type-product","3":"status-publish","4":"has-post-thumbnail","6":"product_cat-6-cl-adba","7":"product_cat-bijna-verboden","8":"product_tag-6-cl-adb-a","9":"product_tag-6-cl-adba","10":"product_tag-nl","12":"first","13":"instock","14":"taxable","15":"shipping-taxable","16":"purchasable","17":"product-type-variable"},"_links":{"self":[{"href":"https:\/\/globalsourcechemicals.com\/fi\/wp-json\/wp\/v2\/product\/24948","targetHints":{"allow":["GET"]}}],"collection":[{"href":"https:\/\/globalsourcechemicals.com\/fi\/wp-json\/wp\/v2\/product"}],"about":[{"href":"https:\/\/globalsourcechemicals.com\/fi\/wp-json\/wp\/v2\/types\/product"}],"replies":[{"embeddable":true,"href":"https:\/\/globalsourcechemicals.com\/fi\/wp-json\/wp\/v2\/comments?post=24948"}],"version-history":[{"count":4,"href":"https:\/\/globalsourcechemicals.com\/fi\/wp-json\/wp\/v2\/product\/24948\/revisions"}],"predecessor-version":[{"id":26262,"href":"https:\/\/globalsourcechemicals.com\/fi\/wp-json\/wp\/v2\/product\/24948\/revisions\/26262"}],"wp:featuredmedia":[{"embeddable":true,"href":"https:\/\/globalsourcechemicals.com\/fi\/wp-json\/wp\/v2\/media\/27837"}],"wp:attachment":[{"href":"https:\/\/globalsourcechemicals.com\/fi\/wp-json\/wp\/v2\/media?parent=24948"}],"wp:term":[{"taxonomy":"product_brand","embeddable":true,"href":"https:\/\/globalsourcechemicals.com\/fi\/wp-json\/wp\/v2\/product_brand?post=24948"},{"taxonomy":"product_cat","embeddable":true,"href":"https:\/\/globalsourcechemicals.com\/fi\/wp-json\/wp\/v2\/product_cat?post=24948"},{"taxonomy":"product_tag","embeddable":true,"href":"https:\/\/globalsourcechemicals.com\/fi\/wp-json\/wp\/v2\/product_tag?post=24948"}],"curies":[{"name":"wp","href":"https:\/\/api.w.org\/{rel}","templated":true}]}}