{"id":24912,"date":"2025-04-13T17:43:41","date_gmt":"2025-04-13T17:43:41","guid":{"rendered":"https:\/\/globalsourcechemicals.com\/?post_type=product&#038;p=24912"},"modified":"2025-10-02T15:08:01","modified_gmt":"2025-10-02T15:08:01","slug":"cbd-pelletit-25-mg","status":"publish","type":"product","link":"https:\/\/globalsourcechemicals.com\/fi\/kauppa\/cbd\/cbd-pelletit-25-mg\/","title":{"rendered":"CBD 25 mg pelletit"},"content":{"rendered":"<h2>CBD-pelletit 25 mg<\/h2>\n<p>CBD-pelletit ovat aine, jota myyd\u00e4\u00e4n vain tutkimustarkoituksiin, eik\u00e4 niit\u00e4 siksi ole tarkoitettu nautittavaksi.<\/p>\n<p>CBD s\u00e4ilytt\u00e4\u00e4 s\u00e4ilyvyytens\u00e4 jopa 2 vuotta <a href=\"http:\/\/google.nl\" target=\"_blank\" rel=\"noopener\">sis\u00e4\u00e4n<\/a> S\u00e4ilytet\u00e4\u00e4n oikeassa ymp\u00e4rist\u00f6ss\u00e4. CBD on tarkoitettu tutkimustarkoituksiin, ei nautittavaksi. Siksi on t\u00e4rke\u00e4\u00e4 s\u00e4ilytt\u00e4\u00e4 tuote lasten ja lemmikkien ulottumattomissa.<a title=\"1cP-LSD 150 MCG taidepaperia\" href=\"https:\/\/globalsourcechemicals.com\/fi\/kauppa\/lysergamidit\/1-cp-lsd-150-mikrogrammaa\/\" target=\"_blank\" rel=\"noopener\">1cP-LSD 150 MCG taidepaperia<\/a><\/p>\n<p>Tarjoamme korkealaatuisia tutkimuskemikaaleja kohtuulliseen hintaan. Tilauksesi l\u00e4hetet\u00e4\u00e4n 24 tunnin sis\u00e4ll\u00e4 joka p\u00e4iv\u00e4. Tilaa nyt! <em>CBD<\/em> turvallinen ja nopea p.:n kautta.<a title=\"O-DSMT 50 mg -pelletit\" href=\"https:\/\/globalsourcechemicals.com\/fi\/kauppa\/pellets\/o-dsmt-50mg-pellets\/\" target=\"_blank\" rel=\"noopener\">O-DSMT 50 mg -pelletit<\/a><\/p>\n<h3>CBD-ominaisuudet<\/h3>\n<p><strong>Synonyymi:<\/strong> Kannabidioli<br \/>\n<strong>CAS-numero:<\/strong> ei sovelleta<br \/>\n<strong>Kaava:<\/strong> C<sub>21<\/sub>H<sub>30<\/sub>O<sub>2<\/sub><br \/>\n<strong>Moolimassa:<\/strong> ei sovelleta<br \/>\n<strong>Puhtaus:<\/strong> &gt;98%<\/p>\n<h3>Vaaralauseke<\/h3>\n<p>CBD voi aiheuttaa hengitysteiden \u00e4rsytyst\u00e4<br \/>\nCBD saattaa aiheuttaa silmien \u00e4rsytyst\u00e4.<br \/>\nTutkimuskemikaalien p\u00e4\u00e4st\u00e4minen ymp\u00e4rist\u00f6\u00f6n on kielletty.<a title=\"2C-EF 2 mg kapselit\" href=\"https:\/\/globalsourcechemicals.com\/fi\/kauppa\/fenetyyliamiini\/2c-ef-2-mg-kapselia\/\" target=\"_blank\" rel=\"noopener\">2C-EF 2 mg kapselit<\/a><\/p>\n<p>JOS CBD:T\u00c4 JOUTUU SILMIIN: Huuhtele silmi\u00e4 varovasti vedell\u00e4 viiden minuutin ajan. Poista piilolinssit, jos mahdollista.<\/p>\n<p>CBD:N JOUTUMINEN IHOLLE: Pese iho saippualla ja vedell\u00e4.<a title=\"1V-LSD 150 MCG -n\u00e4ytteenotot\" href=\"https:\/\/globalsourcechemicals.com\/fi\/kauppa\/lysergamidit\/1v-lsd-150-mcg-blotters\/\" target=\"_blank\" rel=\"noopener\">1V-LSD 150 MCG -n\u00e4ytteenotot<\/a><\/p>\n<p>JOS CBD:T\u00c4 ON HENGITETTY SIS\u00c4\u00c4N: Siirr\u00e4 uhri raittiiseen ilmaan ja aseta hengitysvaikeuksista k\u00e4rsiv\u00e4 asentoon.<a title=\"2-CMC 250 mg -pelletti\u00e4\" href=\"https:\/\/globalsourcechemicals.com\/fi\/kauppa\/katinonit\/osta-2-cmcta\/\" target=\"_blank\" rel=\"noopener\">2-CMC 250 mg -pelletti\u00e4<\/a><\/p>","protected":false},"excerpt":{"rendered":"<h3>CBD-ominaisuudet<\/h3>\n<p><strong>Synonyymi:<\/strong> Kannabidioli<br \/>\n<strong>CAS-numero:<\/strong> ei sovelleta<br \/>\n<strong>Kaava:<\/strong> C<sub>21<\/sub>H<sub>30<\/sub>O<sub>2<\/sub><br \/>\n<strong>Moolimassa:<\/strong> ei sovelleta<br \/>\n<strong>Puhtaus:<\/strong> &gt;98%<\/p>","protected":false},"featured_media":27855,"comment_status":"closed","ping_status":"closed","template":"","meta":[],"product_brand":[82],"product_cat":[422,423,336,324],"product_tag":[735,736,737,732,733,734,326],"class_list":{"0":"post-24912","1":"product","2":"type-product","3":"status-publish","4":"has-post-thumbnail","6":"product_brand-research-chemical","7":"product_cat-cbd","8":"product_cat-cbd-pellets","9":"product_cat-overig","10":"product_cat-pellets-for-pellet","11":"product_tag-benefits-of-cbd-pellets-for-horses","12":"product_tag-best-cbd-pellets-for-horses","13":"product_tag-can-your-horse-test-positive-using-cbd-pellets","14":"product_tag-cbd-pellets","15":"product_tag-cbd-pellets-ervaringen","16":"product_tag-cbd-pellets-for-horses","17":"product_tag-nl","19":"first","20":"instock","21":"taxable","22":"shipping-taxable","23":"purchasable","24":"product-type-variable"},"_links":{"self":[{"href":"https:\/\/globalsourcechemicals.com\/fi\/wp-json\/wp\/v2\/product\/24912","targetHints":{"allow":["GET"]}}],"collection":[{"href":"https:\/\/globalsourcechemicals.com\/fi\/wp-json\/wp\/v2\/product"}],"about":[{"href":"https:\/\/globalsourcechemicals.com\/fi\/wp-json\/wp\/v2\/types\/product"}],"replies":[{"embeddable":true,"href":"https:\/\/globalsourcechemicals.com\/fi\/wp-json\/wp\/v2\/comments?post=24912"}],"version-history":[{"count":5,"href":"https:\/\/globalsourcechemicals.com\/fi\/wp-json\/wp\/v2\/product\/24912\/revisions"}],"predecessor-version":[{"id":25867,"href":"https:\/\/globalsourcechemicals.com\/fi\/wp-json\/wp\/v2\/product\/24912\/revisions\/25867"}],"wp:featuredmedia":[{"embeddable":true,"href":"https:\/\/globalsourcechemicals.com\/fi\/wp-json\/wp\/v2\/media\/27855"}],"wp:attachment":[{"href":"https:\/\/globalsourcechemicals.com\/fi\/wp-json\/wp\/v2\/media?parent=24912"}],"wp:term":[{"taxonomy":"product_brand","embeddable":true,"href":"https:\/\/globalsourcechemicals.com\/fi\/wp-json\/wp\/v2\/product_brand?post=24912"},{"taxonomy":"product_cat","embeddable":true,"href":"https:\/\/globalsourcechemicals.com\/fi\/wp-json\/wp\/v2\/product_cat?post=24912"},{"taxonomy":"product_tag","embeddable":true,"href":"https:\/\/globalsourcechemicals.com\/fi\/wp-json\/wp\/v2\/product_tag?post=24912"}],"curies":[{"name":"wp","href":"https:\/\/api.w.org\/{rel}","templated":true}]}}