{"id":24905,"date":"2025-04-13T17:43:41","date_gmt":"2025-04-13T17:43:41","guid":{"rendered":"https:\/\/globalsourcechemicals.com\/?post_type=product&#038;p=24905"},"modified":"2025-10-02T15:06:24","modified_gmt":"2025-10-02T15:06:24","slug":"meai","status":"publish","type":"product","link":"https:\/\/globalsourcechemicals.com\/fi\/kauppa\/meai\/meai\/","title":{"rendered":"MEAI"},"content":{"rendered":"<p class=\"ds-markdown-paragraph\"><strong>MEAI (5-metoksi-2-aminoindaani) \u2013 Innovatiivinen tutkimusyhdiste tieteelliseen tutkimukseen<\/strong><\/p>\n<h3><strong>Mik\u00e4 on MEAI?<\/strong><\/h3>\n<p class=\"ds-markdown-paragraph\">MEAI (5-metoksi-2-aminoindaani) on ainutlaatuinen tutkimuskemikaali, jolla on mielenkiintoinen kemiallinen rakenne ja joka her\u00e4tt\u00e4\u00e4 tieteellist\u00e4 kiinnostusta useilla tutkimusalueilla. T\u00e4t\u00e4 ainetta k\u00e4ytet\u00e4\u00e4n yksinomaan kontrolloiduissa tutkimusymp\u00e4rist\u00f6iss\u00e4.<\/p>\n<h3><strong>Miksi valita MEAI-tuotteemme?<\/strong><\/h3>\n<p class=\"ds-markdown-paragraph\">\u2714\u00a0<strong>Korkea puhtaus<\/strong>\u00a0\u2013 Analyyttisesti testattu tasaisuuden ja laadun varmistamiseksi<br \/>\n\u2714\u00a0<strong>Tarkkuusformulaatio<\/strong>\u00a0\u2013 Tarkasti annosteltu toistettavien tulosten saavuttamiseksi<br \/>\n\u2714\u00a0<strong>Monitieteinen tutkimuspotentiaali<\/strong>\u00a0\u2013 Sopii erilaisiin tieteellisiin sovelluksiin<br \/>\n\u2714\u00a0<strong>Turvallinen pakkaus<\/strong>\u00a0\u2013 Ammattimainen s\u00e4ilytys valolta suojatussa ja ilmatiiviiss\u00e4 pakkauksessa<\/p>\n<h3><strong>Tieteelliset sovellukset<\/strong><\/h3>\n<p class=\"ds-markdown-paragraph\">MEAI voi olla merkityksellinen tutkimuksessa, joka koskee:<\/p>\n<ul>\n<li>\n<p class=\"ds-markdown-paragraph\">Neurokemialliset vuorovaikutukset<\/p>\n<\/li>\n<li>\n<p class=\"ds-markdown-paragraph\">K\u00e4ytt\u00e4ytymisvaikutustutkimukset<\/p>\n<\/li>\n<li>\n<p class=\"ds-markdown-paragraph\">Reseptorien sitoutumistutkimus<\/p>\n<\/li>\n<li>\n<p class=\"ds-markdown-paragraph\">Vertailevat farmakologiset analyysit<\/p>\n<\/li>\n<\/ul>\n<h3><strong>Turvallisuus ja k\u00e4sittely<\/strong><\/h3>\n<ul>\n<li>\n<p class=\"ds-markdown-paragraph\"><strong>Vain tutkimustarkoituksiin<\/strong><\/p>\n<\/li>\n<li>\n<p class=\"ds-markdown-paragraph\">Vaatii kontrolloidun laboratorioymp\u00e4rist\u00f6n<\/p>\n<\/li>\n<li>\n<p class=\"ds-markdown-paragraph\">Suositellut henkil\u00f6nsuojaimet<\/p>\n<\/li>\n<li>\n<p class=\"ds-markdown-paragraph\">Pid\u00e4 poissa luvattomien henkil\u00f6iden ulottuvilta<\/p>\n<\/li>\n<\/ul>\n<h3><strong>Tilaustiedot<\/strong><\/h3>\n<ul>\n<li>\n<p class=\"ds-markdown-paragraph\">Saatavilla eri m\u00e4\u00e4rin\u00e4<\/p>\n<\/li>\n<li>\n<p class=\"ds-markdown-paragraph\">Huomaamaton toimitus seurantatunnuksella<\/p>\n<\/li>\n<li>\n<p class=\"ds-markdown-paragraph\">Vain p\u00e4teville tutkijoille ja laitoksille<\/p>\n<\/li>\n<\/ul>\n<h3><strong>Oikeudellinen asema<\/strong><\/h3>\n<p class=\"ds-markdown-paragraph\">MEAI:n oikeudellinen asema vaihtelee maittain. Tutkijan vastuulla on noudattaa paikallisia lakeja. T\u00e4m\u00e4 tuote on\u00a0<strong>ei tarkoitettu ihmisravinnoksi<\/strong>.<\/p>\n<p class=\"ds-markdown-paragraph\"><strong>T\u00e4rke\u00e4 varoitus:<\/strong><br \/>\nT\u00e4m\u00e4 tuote on tarkoitettu ainoastaan tieteelliseen tutkimukseen. V\u00e4\u00e4rink\u00e4ytt\u00f6 voi olla vaarallista. Pid\u00e4 poissa lasten ja el\u00e4inten ulottuvilta. <a href=\"https:\/\/globalsourcechemicals.com\/fi\/kauppa\/iboga-ibogaiini\/iboga-juuren-kuori\/\">Ibogan juuren kuori<\/a><a href=\"https:\/\/globalsourcechemicals.com\/fi\/kauppa\/iboga-ibogaiini\/osta-ibogaiinihydrokloridia-netista\/\">Osta ibogaiinihydrokloridia<\/a><a href=\"https:\/\/globalsourcechemicals.com\/fi\/kauppa\/lysergamidit\/1-kpl-lsd\/\">1cP-LSD 150 MCG taidepaperia<\/a><a href=\"https:\/\/globalsourcechemicals.com\/fi\/kauppa\/pellets\/o-dsmt-50mg-pellets\/\">O-DSMT 50 mg -pelletit<\/a><a href=\"https:\/\/globalsourcechemicals.com\/fi\/kauppa\/lysergamidit\/1v-lsd-150-mcg-blotters\/\">1V-LSD 150 MCG -n\u00e4ytteenotot<\/a><\/p>","protected":false},"excerpt":{"rendered":"<h3><span data-sheets-value=\"{\" data-sheets-userformat=\"{\">MEAI-ominaisuudet<\/span><\/h3>\n<p><strong>Synonyymi:<\/strong> 5-metoksi-2-aminoindaani, 5-MeO-AI, Chaperon<br \/>\n<strong>CAS-numero:<\/strong> 73305-09-6<br \/>\n<strong>Kaava:<\/strong> <span title=\"Hiili\">C<\/span><sub>10<\/sub><span title=\"Vety\">H<\/span><sub>13<\/sub><span title=\"Typpi\">N<\/span><span title=\"Happi\">O<\/span><br \/>\n<strong>Moolimassa:<\/strong> 163,220 g\/mol<br \/>\n<strong>Puhtaus:<\/strong> &gt;98%<\/p>","protected":false},"featured_media":27908,"comment_status":"closed","ping_status":"closed","template":"","meta":[],"product_brand":[],"product_cat":[424,336],"product_tag":[603,326],"class_list":{"0":"post-24905","1":"product","2":"type-product","3":"status-publish","4":"has-post-thumbnail","6":"product_cat-meai","7":"product_cat-overig","8":"product_tag-meai","9":"product_tag-nl","11":"first","12":"instock","13":"taxable","14":"shipping-taxable","15":"purchasable","16":"product-type-variable"},"_links":{"self":[{"href":"https:\/\/globalsourcechemicals.com\/fi\/wp-json\/wp\/v2\/product\/24905","targetHints":{"allow":["GET"]}}],"collection":[{"href":"https:\/\/globalsourcechemicals.com\/fi\/wp-json\/wp\/v2\/product"}],"about":[{"href":"https:\/\/globalsourcechemicals.com\/fi\/wp-json\/wp\/v2\/types\/product"}],"replies":[{"embeddable":true,"href":"https:\/\/globalsourcechemicals.com\/fi\/wp-json\/wp\/v2\/comments?post=24905"}],"version-history":[{"count":4,"href":"https:\/\/globalsourcechemicals.com\/fi\/wp-json\/wp\/v2\/product\/24905\/revisions"}],"predecessor-version":[{"id":26289,"href":"https:\/\/globalsourcechemicals.com\/fi\/wp-json\/wp\/v2\/product\/24905\/revisions\/26289"}],"wp:featuredmedia":[{"embeddable":true,"href":"https:\/\/globalsourcechemicals.com\/fi\/wp-json\/wp\/v2\/media\/27908"}],"wp:attachment":[{"href":"https:\/\/globalsourcechemicals.com\/fi\/wp-json\/wp\/v2\/media?parent=24905"}],"wp:term":[{"taxonomy":"product_brand","embeddable":true,"href":"https:\/\/globalsourcechemicals.com\/fi\/wp-json\/wp\/v2\/product_brand?post=24905"},{"taxonomy":"product_cat","embeddable":true,"href":"https:\/\/globalsourcechemicals.com\/fi\/wp-json\/wp\/v2\/product_cat?post=24905"},{"taxonomy":"product_tag","embeddable":true,"href":"https:\/\/globalsourcechemicals.com\/fi\/wp-json\/wp\/v2\/product_tag?post=24905"}],"curies":[{"name":"wp","href":"https:\/\/api.w.org\/{rel}","templated":true}]}}