{"id":24814,"date":"2025-04-13T17:43:14","date_gmt":"2025-04-13T17:43:14","guid":{"rendered":"https:\/\/globalsourcechemicals.com\/?post_type=product&#038;p=24814"},"modified":"2025-10-02T16:40:35","modified_gmt":"2025-10-02T16:40:35","slug":"3d-mxe-40mg-pelletit","status":"publish","type":"product","link":"https:\/\/globalsourcechemicals.com\/fi\/kauppa\/aryylisykloheksyyliamiini\/3d-mxe-40mg-pelletit\/","title":{"rendered":"3D-MXE 40 mg:n pelletit"},"content":{"rendered":"<h1 class=\"ds-markdown-paragraph\"><strong><span dir=\"auto\" style=\"vertical-align: inherit;\"><span dir=\"auto\" style=\"vertical-align: inherit;\">3D-MXE 40 mg:n pelletit \u2013 innovatiivinen tutkimuskemikaali tieteelliseen tutkimukseen<\/span><\/span><\/strong><\/h1>\n<p><span dir=\"auto\" style=\"vertical-align: inherit;\"><span dir=\"auto\" style=\"vertical-align: inherit;\">3D-kone<\/span><\/span><\/p>\n<h3><strong><span dir=\"auto\" style=\"vertical-align: inherit;\"><span dir=\"auto\" style=\"vertical-align: inherit;\">Tietoja 3D-MXE:st\u00e4<\/span><\/span><\/strong><\/h3>\n<p class=\"ds-markdown-paragraph\"><span dir=\"auto\" style=\"vertical-align: inherit;\"><span dir=\"auto\" style=\"vertical-align: inherit;\">3D-MXE on dissosiatiivisen aryylisykloheksyyliamiiniluokan tutkimuskemikaali, joka on rakenteellisesti samanlainen kuin MXE (metoksetamiini). T\u00e4m\u00e4 aine on tarkoitettu yksinomaan edistyneeseen farmakologiseen ja neurotieteelliseen tutkimukseen kontrolloiduissa laboratorio-olosuhteissa.<\/span><\/span><\/p>\n<h3><strong><span dir=\"auto\" style=\"vertical-align: inherit;\"><span dir=\"auto\" style=\"vertical-align: inherit;\">Tuotteen kohokohdat<\/span><\/span><\/strong><\/h3>\n<p class=\"ds-markdown-paragraph\">\u2714\u00a0<strong><span dir=\"auto\" style=\"vertical-align: inherit;\"><span dir=\"auto\" style=\"vertical-align: inherit;\">Tarkka annostelu<\/span><\/span><\/strong><span dir=\"auto\" style=\"vertical-align: inherit;\"><span dir=\"auto\" style=\"vertical-align: inherit;\"> \u00a0\u2013 40 mg per pelletti toistettavien tutkimustulosten saavuttamiseksi <\/span><\/span><br \/>\n\u2714\u00a0<strong><span dir=\"auto\" style=\"vertical-align: inherit;\"><span dir=\"auto\" style=\"vertical-align: inherit;\">Edistynyt koostumus<\/span><\/span><\/strong><span dir=\"auto\" style=\"vertical-align: inherit;\"><span dir=\"auto\" style=\"vertical-align: inherit;\"> \u00a0\u2013 Optimaalinen biologinen hy\u00f6tyosuus in vitro -tutkimuksissa <\/span><\/span><br \/>\n\u2714\u00a0<strong><span dir=\"auto\" style=\"vertical-align: inherit;\"><span dir=\"auto\" style=\"vertical-align: inherit;\">Vakaa koostumus<\/span><\/span><\/strong><span dir=\"auto\" style=\"vertical-align: inherit;\"><span dir=\"auto\" style=\"vertical-align: inherit;\"> \u00a0\u2013 Pitk\u00e4aikainen s\u00e4ilyvyysaika asianmukaisissa olosuhteissa <\/span><\/span><br \/>\n\u2714\u00a0<strong><span dir=\"auto\" style=\"vertical-align: inherit;\"><span dir=\"auto\" style=\"vertical-align: inherit;\">Laatu sertifioitu<\/span><\/span><\/strong><span dir=\"auto\" style=\"vertical-align: inherit;\"><span dir=\"auto\" style=\"vertical-align: inherit;\"> \u00a0\u2013 HPLC-testiraportti saatavilla (puhtaus &gt;97%)<\/span><\/span><\/p>\n<h3><strong><span dir=\"auto\" style=\"vertical-align: inherit;\"><span dir=\"auto\" style=\"vertical-align: inherit;\">Mahdolliset tutkimusalueet<\/span><\/span><\/strong><\/h3>\n<p class=\"ds-markdown-paragraph\"><span dir=\"auto\" style=\"vertical-align: inherit;\"><span dir=\"auto\" style=\"vertical-align: inherit;\">\u2022 NMDA-reseptorien antagonismitutkimukset <\/span><\/span><br \/>\n<span dir=\"auto\" style=\"vertical-align: inherit;\"><span dir=\"auto\" style=\"vertical-align: inherit;\">\u2022 Neuroprotektiivisten mekanismien tutkimus <\/span><\/span><br \/>\n<span dir=\"auto\" style=\"vertical-align: inherit;\"><span dir=\"auto\" style=\"vertical-align: inherit;\">\u2022 Dissosiatiivisen vaikutuksen profiilianalyysi <\/span><\/span><br \/>\n<span dir=\"auto\" style=\"vertical-align: inherit;\"><span dir=\"auto\" style=\"vertical-align: inherit;\">\u2022 Vertaileva farmakodynamiikka samankaltaisten yhdisteiden kanssa<\/span><\/span><\/p>\n<h3><strong><span dir=\"auto\" style=\"vertical-align: inherit;\"><span dir=\"auto\" style=\"vertical-align: inherit;\">Laboratoriok\u00e4sikirja<\/span><\/span><\/strong><\/h3>\n<p class=\"ds-markdown-paragraph\"><span dir=\"auto\" style=\"vertical-align: inherit;\"><span dir=\"auto\" style=\"vertical-align: inherit;\">\u25c9\u00a0 <\/span><\/span><strong><span dir=\"auto\" style=\"vertical-align: inherit;\"><span dir=\"auto\" style=\"vertical-align: inherit;\">S\u00e4ilytys<\/span><\/span><\/strong><span dir=\"auto\" style=\"vertical-align: inherit;\"><span dir=\"auto\" style=\"vertical-align: inherit;\"> S\u00e4ilyt\u00e4 alkuper\u00e4isess\u00e4, valolta suojatussa pakkauksessa 2\u20138 \u00b0C:ssa <\/span><\/span><br \/>\n<span dir=\"auto\" style=\"vertical-align: inherit;\"><span dir=\"auto\" style=\"vertical-align: inherit;\">\u25c9\u00a0 <\/span><\/span><strong><span dir=\"auto\" style=\"vertical-align: inherit;\"><span dir=\"auto\" style=\"vertical-align: inherit;\">Turvallisuus<\/span><\/span><\/strong><span dir=\"auto\" style=\"vertical-align: inherit;\"><span dir=\"auto\" style=\"vertical-align: inherit;\"> K\u00e4yt\u00e4 aina kontrolloidussa laboratorioymp\u00e4rist\u00f6ss\u00e4 <\/span><\/span><br \/>\n<span dir=\"auto\" style=\"vertical-align: inherit;\"><span dir=\"auto\" style=\"vertical-align: inherit;\">\u25c9\u00a0 <\/span><\/span><strong><span dir=\"auto\" style=\"vertical-align: inherit;\"><span dir=\"auto\" style=\"vertical-align: inherit;\">Annostus<\/span><\/span><\/strong><span dir=\"auto\" style=\"vertical-align: inherit;\"><span dir=\"auto\" style=\"vertical-align: inherit;\"> Tarkat analyyttiset punnituslaitteet vaaditaan jatkoannostelua varten<\/span><\/span><\/p>\n<h3><strong><span dir=\"auto\" style=\"vertical-align: inherit;\"><span dir=\"auto\" style=\"vertical-align: inherit;\">Tilaustiedot<\/span><\/span><\/strong><\/h3>\n<ul>\n<li>\n<p class=\"ds-markdown-paragraph\"><span dir=\"auto\" style=\"vertical-align: inherit;\"><span dir=\"auto\" style=\"vertical-align: inherit;\">Saatavilla 10 pelletin pakkauksissa<\/span><\/span><\/p>\n<\/li>\n<li>\n<p class=\"ds-markdown-paragraph\"><span dir=\"auto\" style=\"vertical-align: inherit;\"><span dir=\"auto\" style=\"vertical-align: inherit;\">Sis\u00e4lt\u00e4\u00e4 yksityiskohtaisen analyyttisen todistuksen<\/span><\/span><\/p>\n<\/li>\n<li>\n<p class=\"ds-markdown-paragraph\"><span dir=\"auto\" style=\"vertical-align: inherit;\"><span dir=\"auto\" style=\"vertical-align: inherit;\">Vain p\u00e4teville tutkimuslaitoksille<\/span><\/span><\/p>\n<\/li>\n<\/ul>\n<h3><strong><span dir=\"auto\" style=\"vertical-align: inherit;\"><span dir=\"auto\" style=\"vertical-align: inherit;\">Oikeudellinen asema ja turvallisuus<\/span><\/span><\/strong><\/h3>\n<p class=\"ds-markdown-paragraph\">\u26a0\u00a0<strong><span dir=\"auto\" style=\"vertical-align: inherit;\"><span dir=\"auto\" style=\"vertical-align: inherit;\">Ei ihmisille<\/span><\/span><\/strong><span dir=\"auto\" style=\"vertical-align: inherit;\"><span dir=\"auto\" style=\"vertical-align: inherit;\"> \u00a0\u2013 Vain in vitro -tutkimuksiin. <\/span><\/span><br \/>\n\u26a0<span dir=\"auto\" style=\"vertical-align: inherit;\"><span dir=\"auto\" style=\"vertical-align: inherit;\">S\u00e4\u00e4ntelytilanne vaihtelee maittain \u2013 Tutkijoiden tulisi noudattaa paikallisia m\u00e4\u00e4r\u00e4yksi\u00e4. <\/span><\/span><br \/>\n\u26a0<span dir=\"auto\" style=\"vertical-align: inherit;\"><span dir=\"auto\" style=\"vertical-align: inherit;\">Osto vaatii laitoksen hyv\u00e4ksynn\u00e4n.<\/span><\/span><\/p>\n<p class=\"ds-markdown-paragraph\"><strong><span dir=\"auto\" style=\"vertical-align: inherit;\"><span dir=\"auto\" style=\"vertical-align: inherit;\">Kriittiset turvatoimenpiteet<\/span><\/span><\/strong><span dir=\"auto\" style=\"vertical-align: inherit;\"><span dir=\"auto\" style=\"vertical-align: inherit;\"> : <\/span><\/span><br \/>\n<span dir=\"auto\" style=\"vertical-align: inherit;\"><span dir=\"auto\" style=\"vertical-align: inherit;\">\u2022 K\u00e4yt\u00e4 aina henkil\u00f6kohtaisia suojavarusteita (laboratoriotakki, k\u00e4sineet, suojalasit) <\/span><\/span><br \/>\n<span dir=\"auto\" style=\"vertical-align: inherit;\"><span dir=\"auto\" style=\"vertical-align: inherit;\">\u2022 Suorita tutkimus vain kemikaalivetokaapin alla <\/span><\/span><br \/>\n<span dir=\"auto\" style=\"vertical-align: inherit;\"><span dir=\"auto\" style=\"vertical-align: inherit;\">\u2022 \u00c4l\u00e4 koskaan ty\u00f6skentele yksin \u2013 aina jonkun toisen tutkijaryhm\u00e4n l\u00e4sn\u00e4 ollessa<\/span><\/span><\/p>\n<h3><strong><span dir=\"auto\" style=\"vertical-align: inherit;\"><span dir=\"auto\" style=\"vertical-align: inherit;\">Tieteellinen tuki<\/span><\/span><\/strong><\/h3>\n<p class=\"ds-markdown-paragraph\"><span dir=\"auto\" style=\"vertical-align: inherit;\"><span dir=\"auto\" style=\"vertical-align: inherit;\">Tutkimusosastomme tarjoaa: <\/span><\/span><br \/>\n<span dir=\"auto\" style=\"vertical-align: inherit;\"><span dir=\"auto\" style=\"vertical-align: inherit;\">\u2192 Tekninen apu kokeellisessa suunnittelussa <\/span><\/span><br \/>\n<span dir=\"auto\" style=\"vertical-align: inherit;\"><span dir=\"auto\" style=\"vertical-align: inherit;\">\u2192 Analyyttisten menetelmien neuvonta <\/span><\/span><br \/>\n<span dir=\"auto\" style=\"vertical-align: inherit;\"><span dir=\"auto\" style=\"vertical-align: inherit;\">\u2192 Laadunvalvonnan vertailumateriaali<\/span><\/span><\/p>\n<p class=\"ds-markdown-paragraph\"><strong><span dir=\"auto\" style=\"vertical-align: inherit;\"><span dir=\"auto\" style=\"vertical-align: inherit;\">T\u00e4rke\u00e4 huomautus<\/span><\/span><\/strong><span dir=\"auto\" style=\"vertical-align: inherit;\"><span dir=\"auto\" style=\"vertical-align: inherit;\"> : <\/span><\/span><br \/>\n<span dir=\"auto\" style=\"vertical-align: inherit;\"><span dir=\"auto\" style=\"vertical-align: inherit;\">N\u00e4m\u00e4 tiedot on tarkoitettu yksinomaan koulutustarkoituksiin tiukasti tieteellisess\u00e4 viitekehyksess\u00e4. Kaikki tutkimus on suoritettava sovellettavien lakien ja m\u00e4\u00e4r\u00e4ysten mukaisesti.<\/span><\/span><\/p>\n<p class=\"ds-markdown-paragraph\"><em><span dir=\"auto\" style=\"vertical-align: inherit;\"><span dir=\"auto\" style=\"vertical-align: inherit;\">T\u00e4t\u00e4 tuotetta ei ole tarkoitettu diagnostiseen, terapeuttiseen tai viihdek\u00e4ytt\u00f6\u00f6n. V\u00e4\u00e4rink\u00e4ytt\u00f6 voi aiheuttaa vakavia terveysriskej\u00e4. <\/span><\/span><\/em><a href=\"https:\/\/globalsourcechemicals.com\/fi\/kauppa\/lysergamidit\/1vlsd\/\"><span dir=\"auto\" style=\"vertical-align: inherit;\"><span dir=\"auto\" style=\"vertical-align: inherit;\">1V-LSD 150 MCG -n\u00e4ytteenotot <\/span><\/span><\/a><a href=\"https:\/\/globalsourcechemicals.com\/fi\/kauppa\/pellets\/o-dsmt-50mg-pellets\/\"><span dir=\"auto\" style=\"vertical-align: inherit;\"><span dir=\"auto\" style=\"vertical-align: inherit;\">O-DSMT 50 mg -pelletit <\/span><\/span><\/a><a href=\"https:\/\/globalsourcechemicals.com\/fi\/kauppa\/lysergamidit\/1-kpl-lsd\/\"><span dir=\"auto\" style=\"vertical-align: inherit;\"><span dir=\"auto\" style=\"vertical-align: inherit;\">1cP-LSD 150 MCG taidepaperia <\/span><\/span><\/a><a href=\"https:\/\/globalsourcechemicals.com\/fi\/kauppa\/iboga-ibogaiini\/osta-ibogaiinihydrokloridia-netista\/\"><span dir=\"auto\" style=\"vertical-align: inherit;\"><span dir=\"auto\" style=\"vertical-align: inherit;\">Osta ibogaiinihydrokloridia <\/span><\/span><\/a><a href=\"https:\/\/globalsourcechemicals.com\/fi\/kauppa\/iboga-ibogaiini\/iboga-juuren-kuori\/\"><span dir=\"auto\" style=\"vertical-align: inherit;\"><span dir=\"auto\" style=\"vertical-align: inherit;\">Ibogan juuren kuori<\/span><\/span><\/a><\/p>","protected":false},"excerpt":{"rendered":"<h3><span dir=\"auto\" style=\"vertical-align: inherit;\"><span dir=\"auto\" style=\"vertical-align: inherit;\">3D-MXE-ominaisuudet<\/span><\/span><\/h3>\n<p><strong><span dir=\"auto\" style=\"vertical-align: inherit;\"><span dir=\"auto\" style=\"vertical-align: inherit;\">Synonyymi:<\/span><\/span><\/strong><span dir=\"auto\" style=\"vertical-align: inherit;\"><span dir=\"auto\" style=\"vertical-align: inherit;\"> Deoksimetoksetamiini <\/span><\/span><br \/>\n<strong><span dir=\"auto\" style=\"vertical-align: inherit;\"><span dir=\"auto\" style=\"vertical-align: inherit;\">CAS-numero:<\/span><\/span><\/strong><span dir=\"auto\" style=\"vertical-align: inherit;\"><span dir=\"auto\" style=\"vertical-align: inherit;\"> 681440-83-5 <\/span><\/span><br \/>\n<strong><span dir=\"auto\" style=\"vertical-align: inherit;\"><span dir=\"auto\" style=\"vertical-align: inherit;\">Kaava:<\/span><\/span><\/strong><span dir=\"auto\" style=\"vertical-align: inherit;\"><span dir=\"auto\" style=\"vertical-align: inherit;\"> 5-dehydro-1,3-kinodimetaani <\/span><\/span><br \/>\n<strong><span dir=\"auto\" style=\"vertical-align: inherit;\"><span dir=\"auto\" style=\"vertical-align: inherit;\">Moolimassa:<\/span><\/span><\/strong><span dir=\"auto\" style=\"vertical-align: inherit;\"><span dir=\"auto\" style=\"vertical-align: inherit;\"> 103,14 g\/mol <\/span><\/span><br \/>\n<strong><span dir=\"auto\" style=\"vertical-align: inherit;\"><span dir=\"auto\" style=\"vertical-align: inherit;\">Puhtaus:<\/span><\/span><\/strong><span dir=\"auto\" style=\"vertical-align: inherit;\"><span dir=\"auto\" style=\"vertical-align: inherit;\"> &gt;97%<\/span><\/span><\/p>","protected":false},"featured_media":27784,"comment_status":"closed","ping_status":"closed","template":"","meta":[],"product_brand":[],"product_cat":[71,406,429,324],"product_tag":[316,326],"class_list":{"0":"post-24814","1":"product","2":"type-product","3":"status-publish","4":"has-post-thumbnail","6":"product_cat-arylcyclohexylamine","7":"product_cat-dmxe","8":"product_cat-dmxe-pellets","9":"product_cat-pellets-for-pellet","10":"product_tag-3d-mxe","11":"product_tag-nl","13":"first","14":"instock","15":"taxable","16":"shipping-taxable","17":"purchasable","18":"product-type-variable"},"_links":{"self":[{"href":"https:\/\/globalsourcechemicals.com\/fi\/wp-json\/wp\/v2\/product\/24814","targetHints":{"allow":["GET"]}}],"collection":[{"href":"https:\/\/globalsourcechemicals.com\/fi\/wp-json\/wp\/v2\/product"}],"about":[{"href":"https:\/\/globalsourcechemicals.com\/fi\/wp-json\/wp\/v2\/types\/product"}],"replies":[{"embeddable":true,"href":"https:\/\/globalsourcechemicals.com\/fi\/wp-json\/wp\/v2\/comments?post=24814"}],"version-history":[{"count":5,"href":"https:\/\/globalsourcechemicals.com\/fi\/wp-json\/wp\/v2\/product\/24814\/revisions"}],"predecessor-version":[{"id":27978,"href":"https:\/\/globalsourcechemicals.com\/fi\/wp-json\/wp\/v2\/product\/24814\/revisions\/27978"}],"wp:featuredmedia":[{"embeddable":true,"href":"https:\/\/globalsourcechemicals.com\/fi\/wp-json\/wp\/v2\/media\/27784"}],"wp:attachment":[{"href":"https:\/\/globalsourcechemicals.com\/fi\/wp-json\/wp\/v2\/media?parent=24814"}],"wp:term":[{"taxonomy":"product_brand","embeddable":true,"href":"https:\/\/globalsourcechemicals.com\/fi\/wp-json\/wp\/v2\/product_brand?post=24814"},{"taxonomy":"product_cat","embeddable":true,"href":"https:\/\/globalsourcechemicals.com\/fi\/wp-json\/wp\/v2\/product_cat?post=24814"},{"taxonomy":"product_tag","embeddable":true,"href":"https:\/\/globalsourcechemicals.com\/fi\/wp-json\/wp\/v2\/product_tag?post=24814"}],"curies":[{"name":"wp","href":"https:\/\/api.w.org\/{rel}","templated":true}]}}