{"id":24271,"date":"2025-04-13T17:41:22","date_gmt":"2025-04-13T17:41:22","guid":{"rendered":"https:\/\/globalsourcechemicals.com\/?post_type=product&#038;p=24271"},"modified":"2025-10-02T17:41:48","modified_gmt":"2025-10-02T17:41:48","slug":"bromonoriatsepaami-25-mg-pelletit","status":"publish","type":"product","link":"https:\/\/globalsourcechemicals.com\/fi\/kauppa\/bentsodiatsepiinit\/bromonoriatsepaami-25-mg-pelletit\/","title":{"rendered":"Bromonordiatsepaami 2,5 MG pelletit"},"content":{"rendered":"<h2><span data-sheets-value=\"{\" data-sheets-userformat=\"{\">Bromonordiatsepaami 2,5 MG pelletit<br \/>\n<\/span><\/h2>\n<p>N\u00e4m\u00e4 ovat Professor.nl-valikoiman uusimmat pelletit! N\u00e4m\u00e4 pelletit sis\u00e4lt\u00e4v\u00e4t 2,5 mg vaikuttavaa ainetta (bromonordiatsepaami 2,5 mg). bromonordiatsepaami, bromonordiatsepaamin vaikutukset, bromonordiatsepaami-l\u00e4\u00e4kefoorumi, bromonordiatsepaami-kokemukset, bromonordiatsepaami-l\u00e4\u00e4kefoorumi<\/p>\n<p><strong>N\u00e4m\u00e4 2,5 mg:n bromonordiatsepaamipelletit valmistetaan itse ja ne ovat korkealaatuisia. Ne sis\u00e4lt\u00e4v\u00e4t 2,5 milligrammaa vaikuttavaa ainetta (bromonordiatsepaamia). Kunkin pelletin halkaisija on noin 8 mm ja siin\u00e4 on katkoviiva. N\u00e4m\u00e4 bromonordiatsepaamipelletit on pakattu 10 kappaleen l\u00e4pipainopakkauksiin tuoreuden varmistamiseksi, ja viiden tai useamman l\u00e4pipainopakkauksen tilaukset toimitetaan k\u00e4tev\u00e4ss\u00e4 laatikossa.\u00a0<\/strong><\/p>\n<p>Bromonordiatsepaami on aine, jota myyd\u00e4\u00e4n vain tutkimustarkoituksiin, eik\u00e4 sit\u00e4 siksi ole tarkoitettu nautittavaksi.<a href=\"https:\/\/globalsourcechemicals.com\/fi\/kauppa\/katinonit\/osta-2-cmcta\/\">2-CMC 250 mg -pelletti\u00e4<\/a> , ,<a href=\"https:\/\/globalsourcechemicals.com\/fi\/kauppa\/pellets\/erextc-homosildenafiili-100-mg-pelletit\/\">EREXTC Homosildenafiili 100 mg pellettej\u00e4<\/a>\u00a0 ,\u00a0 <a href=\"https:\/\/globalsourcechemicals.com\/fi\/kauppa\/kielletty\/mdphp-kopen-poeder-freebase\/\">MDPHP-jauhe (vapaa em\u00e4s)<\/a><\/p>\n<p>Bromonordiatsepaami s\u00e4ilyy stabiilina jopa 2 vuotta oikeassa ymp\u00e4rist\u00f6ss\u00e4 s\u00e4ilytettyn\u00e4. Bromonordiatsepaami on tarkoitettu tutkimustarkoituksiin, ei nautittavaksi. Siksi on t\u00e4rke\u00e4\u00e4 pit\u00e4\u00e4 tuote poissa lasten ja lemmikkien ulottuvilta.<\/p>\n<p>Tarjoamme korkealaatuisia tutkimuskemikaaleja kohtuulliseen hintaan. Tilauksesi l\u00e4hetet\u00e4\u00e4n 24 tunnin sis\u00e4ll\u00e4 joka p\u00e4iv\u00e4. Tilaa nyt! <em>Bromonordiatsepaami<\/em> turvallinen ja nopea p:n kautta<\/p>\n<h2>Mik\u00e4 on bromonordiatsepaami?<\/h2>\n<p>Bromonordiatsepaami on bentsodiatsepiinien luokkaan kuuluva psykoaktiivinen aine, jota yleens\u00e4 m\u00e4\u00e4r\u00e4t\u00e4\u00e4n niiden rauhoittavien ja anksiolyyttisten ominaisuuksien vuoksi. Se on bentsodiatsepiinidiatsepaamin johdannainen, jonka molekyyliin on kiinnittynyt bromiatomi.<\/p>\n<p>Bentsodiatsepiinina bromonordiatsepaami vaikuttaa keskushermostoon sitoutumalla aivojen GABA-reseptoreihin. T\u00e4m\u00e4 johtaa est\u00e4v\u00e4n v\u00e4litt\u00e4j\u00e4aineen GABA:n aktiivisuuden lis\u00e4\u00e4ntymiseen, jolla on rauhoittava ja rentouttava vaikutus kehoon ja mieleen. Bromonordiatsepaami on suhteellisen uusi bentsodiatsepiini, ja sen pitk\u00e4aikaisvaikutuksista tai v\u00e4\u00e4rink\u00e4ytt\u00f6mahdollisuuksista tiedet\u00e4\u00e4n v\u00e4h\u00e4n. Sit\u00e4 ei yleens\u00e4 m\u00e4\u00e4r\u00e4t\u00e4 l\u00e4\u00e4ketieteelliseen k\u00e4ytt\u00f6\u00f6n, ja sit\u00e4 k\u00e4ytet\u00e4\u00e4n p\u00e4\u00e4asiassa tutkimuskemikaalina.<\/p>\n<p>Bromonordiatsepaamin ja muiden bentsodiatsepiinien synteesi tapahtuu yleens\u00e4 salaisissa laboratorioissa, eik\u00e4 niiden puhtautta ja turvallisuutta voida taata. N\u00e4iden yhdisteiden k\u00e4ytt\u00f6 ilman l\u00e4\u00e4k\u00e4rin valvontaa voi olla vaarallista ja mahdollisesti hengenvaarallista.<\/p>\n<h2>Miten bromonordiatsepeemi syntyi?<\/h2>\n<p>Bromonordiatsepaami on bentsodiatsepiinidiatsepaamin johdannainen, jonka l\u00e4\u00e4keyhti\u00f6 Hoffmann-La Roche syntetisoi ensimm\u00e4isen kerran 1950-luvulla. Diatsepaami kehitettiin parannuksena olemassa oleviin barbituraatteihin, joita k\u00e4ytettiin laajalti rauhoittavina aineina, mutta joilla oli suuri yliannostus- ja riippuvuusriski.<\/p>\n<p>Diatsepaamista tuli nopeasti suosittu reseptil\u00e4\u00e4ke rauhoittavien ominaisuuksiensa ansiosta. <a href=\"http:\/\/google.nl\" target=\"_blank\" rel=\"noopener\">anksiolyyttinen<\/a> ominaisuuksia, ja sit\u00e4 markkinoitiin tuotenimell\u00e4 Valium. Sen k\u00e4ytt\u00f6 lis\u00e4\u00e4ntyi nopeasti 1960- ja 1970-luvuilla, jolloin sit\u00e4 m\u00e4\u00e4r\u00e4ttiin monenlaisiin vaivoihin, kuten ahdistukseen, unettomuuteen, lihaskrampeihin ja alkoholin vieroitusoireisiin.<\/p>\n<p>Diatsepaamin suosion kasvaessa tutkijat alkoivat syntetisoida l\u00e4\u00e4kkeen uusia johdannaisia parantaakseen sen tehoa ja v\u00e4hent\u00e4\u00e4kseen sivuvaikutuksia. Yksi n\u00e4ist\u00e4 johdannaisista oli bromatsepaami, joka kehitettiin 1970-luvulla ja jota markkinoitiin tuotenimell\u00e4 Lexotanil.<\/p>\n<p>Bromonordiatsepaami on bromatsepaamin johdannainen, jossa on bromiatomi kiinnittynyt molekyyliin. Se syntetisoitiin todenn\u00e4k\u00f6isesti ensimm\u00e4isen kerran salaisissa laboratorioissa muokkaamalla olemassa olevia bentsodiatsepiiniyhdisteit\u00e4, ja sen k\u00e4ytt\u00f6 viihdehuumeena syntyi 2000-luvulla.<\/p>\n<p>Bromonordiatsepaamin ja muiden design-bentsodiatsepiinien synteesi ja jakelu on laitonta useimmissa maissa, eik\u00e4 n\u00e4iden yhdisteiden puhtautta ja turvallisuutta voida taata. Niiden k\u00e4ytt\u00f6 l\u00e4\u00e4ketieteellisen ymp\u00e4rist\u00f6n ulkopuolella voi olla vaarallista ja mahdollisesti hengenvaarallista.<\/p>\n<h3><span data-sheets-value=\"{\" data-sheets-userformat=\"{\">Bromonordiatsepaamin ominaisuudet<\/span><\/h3>\n<p><strong>Synonyymi:<\/strong> Bromonordiatsepaami<br \/>\n<strong>CAS-numero:<\/strong> 2894-61-3<br \/>\n<strong>Kaava:<\/strong> 7-bromi-5-fenyyli-1,3-dihydro-1,4-bentsodiatsepin-2-oni<br \/>\n<strong>Moolimassa:<\/strong> 315.16464<br \/>\n<strong>Puhtaus:<\/strong> &gt;99%<\/p>\n<h3>Vaaralauseke<\/h3>\n<p>Bromonordiatsepaami voi aiheuttaa hengitysteiden \u00e4rsytyst\u00e4<br \/>\nBromonordiatsepaami voi aiheuttaa silmien \u00e4rsytyst\u00e4.<br \/>\nTutkimuskemikaalien p\u00e4\u00e4st\u00e4minen ymp\u00e4rist\u00f6\u00f6n on kielletty.<\/p>\n<p>Bromonordiatsepaami SILMIIN: Huuhtele silmi\u00e4 varovasti vedell\u00e4 viiden minuutin ajan. Poista piilolinssit, jos mahdollista.<\/p>\n<p>Bromonordiatsepaami IHON KANSSA: Pese iho saippualla ja vedell\u00e4.<\/p>\n<p>Bromonordiatsepaamin sis\u00e4\u00e4nhengityksen j\u00e4lkeen: Siirr\u00e4 potilas raittiiseen ilmaan ja aseta h\u00e4net asentoon, jossa hengitys on helppoa.<\/p>","protected":false},"excerpt":{"rendered":"<p>Bromonordiatsepaami 2,5 MG -pelletit N\u00e4m\u00e4 ovat Professor.nl-valikoiman uusimmat pelletit! N\u00e4m\u00e4 pelletit sis\u00e4lt\u00e4v\u00e4t 2,5<\/p>","protected":false},"featured_media":27853,"comment_status":"closed","ping_status":"closed","template":"","meta":[],"product_brand":[],"product_cat":[76,385,390,324],"product_tag":[185,326],"class_list":{"0":"post-24271","1":"product","2":"type-product","3":"status-publish","4":"has-post-thumbnail","6":"product_cat-benzodiazepinen","7":"product_cat-bromonordiazepam","8":"product_cat-bromonordiazepam-pellets","9":"product_cat-pellets-for-pellet","10":"product_tag-bromonordiazepam","11":"product_tag-nl","13":"first","14":"instock","15":"taxable","16":"shipping-taxable","17":"purchasable","18":"product-type-variable"},"_links":{"self":[{"href":"https:\/\/globalsourcechemicals.com\/fi\/wp-json\/wp\/v2\/product\/24271","targetHints":{"allow":["GET"]}}],"collection":[{"href":"https:\/\/globalsourcechemicals.com\/fi\/wp-json\/wp\/v2\/product"}],"about":[{"href":"https:\/\/globalsourcechemicals.com\/fi\/wp-json\/wp\/v2\/types\/product"}],"replies":[{"embeddable":true,"href":"https:\/\/globalsourcechemicals.com\/fi\/wp-json\/wp\/v2\/comments?post=24271"}],"version-history":[{"count":3,"href":"https:\/\/globalsourcechemicals.com\/fi\/wp-json\/wp\/v2\/product\/24271\/revisions"}],"predecessor-version":[{"id":25303,"href":"https:\/\/globalsourcechemicals.com\/fi\/wp-json\/wp\/v2\/product\/24271\/revisions\/25303"}],"wp:featuredmedia":[{"embeddable":true,"href":"https:\/\/globalsourcechemicals.com\/fi\/wp-json\/wp\/v2\/media\/27853"}],"wp:attachment":[{"href":"https:\/\/globalsourcechemicals.com\/fi\/wp-json\/wp\/v2\/media?parent=24271"}],"wp:term":[{"taxonomy":"product_brand","embeddable":true,"href":"https:\/\/globalsourcechemicals.com\/fi\/wp-json\/wp\/v2\/product_brand?post=24271"},{"taxonomy":"product_cat","embeddable":true,"href":"https:\/\/globalsourcechemicals.com\/fi\/wp-json\/wp\/v2\/product_cat?post=24271"},{"taxonomy":"product_tag","embeddable":true,"href":"https:\/\/globalsourcechemicals.com\/fi\/wp-json\/wp\/v2\/product_tag?post=24271"}],"curies":[{"name":"wp","href":"https:\/\/api.w.org\/{rel}","templated":true}]}}