{"id":24138,"date":"2025-04-13T17:41:08","date_gmt":"2025-04-13T17:41:08","guid":{"rendered":"https:\/\/globalsourcechemicals.com\/?post_type=product&#038;p=24138"},"modified":"2025-04-13T17:41:11","modified_gmt":"2025-04-13T17:41:11","slug":"chem-mist-2f-dck-30-spray","status":"publish","type":"product","link":"https:\/\/globalsourcechemicals.com\/fi\/kauppa\/yritysten-valinen\/chem-mist-2f-dck-30-spray\/","title":{"rendered":"Chem-mist 2F-DCK 30% -suihke"},"content":{"rendered":"<h2><strong>Chem-mist 2F-DCK 30% 10 ML Spray<\/strong><\/h2>\n<ul>\n<li><strong>V\u00e4hitt\u00e4ismyyntipakkaukset<br \/> <\/strong><\/li>\n<li><strong>M\u00e4\u00e4r\u00e4 ml per suihke: 10<\/strong><\/li>\n<li><strong>Hoeveelheid 2F-DCK per spray: 3gr<\/strong><\/li>\n<li><strong>Hinnat eiv\u00e4t sis\u00e4ll\u00e4 21%:n ALV:t\u00e4<\/strong><\/li>\n<li><strong>Adviesverkoopprijs: \u20ac74,95 incl. BTW<\/strong><\/li>\n<\/ul>","protected":false},"excerpt":{"rendered":"<p>Chem-mist 2F-DCK 30% 10 ml suihke V\u00e4hitt\u00e4ismyyntipakkaus M\u00e4\u00e4r\u00e4 ml per suihke: 10 M\u00e4\u00e4r\u00e4 2F-DCK per suihke: 3 g Hinnat eiv\u00e4t sis\u00e4ll\u00e4 21%:t\u00e4<\/p>","protected":false},"featured_media":20720,"comment_status":"closed","ping_status":"closed","template":"","meta":[],"product_brand":[],"product_cat":[555],"product_tag":[326],"class_list":{"0":"post-24138","1":"product","2":"type-product","3":"status-publish","4":"has-post-thumbnail","6":"product_cat-b2b","7":"product_tag-nl","9":"first","10":"instock","11":"taxable","12":"shipping-taxable","13":"purchasable","14":"product-type-variable"},"_links":{"self":[{"href":"https:\/\/globalsourcechemicals.com\/fi\/wp-json\/wp\/v2\/product\/24138","targetHints":{"allow":["GET"]}}],"collection":[{"href":"https:\/\/globalsourcechemicals.com\/fi\/wp-json\/wp\/v2\/product"}],"about":[{"href":"https:\/\/globalsourcechemicals.com\/fi\/wp-json\/wp\/v2\/types\/product"}],"replies":[{"embeddable":true,"href":"https:\/\/globalsourcechemicals.com\/fi\/wp-json\/wp\/v2\/comments?post=24138"}],"version-history":[{"count":2,"href":"https:\/\/globalsourcechemicals.com\/fi\/wp-json\/wp\/v2\/product\/24138\/revisions"}],"predecessor-version":[{"id":25677,"href":"https:\/\/globalsourcechemicals.com\/fi\/wp-json\/wp\/v2\/product\/24138\/revisions\/25677"}],"wp:featuredmedia":[{"embeddable":true,"href":"https:\/\/globalsourcechemicals.com\/fi\/wp-json\/wp\/v2\/media\/20720"}],"wp:attachment":[{"href":"https:\/\/globalsourcechemicals.com\/fi\/wp-json\/wp\/v2\/media?parent=24138"}],"wp:term":[{"taxonomy":"product_brand","embeddable":true,"href":"https:\/\/globalsourcechemicals.com\/fi\/wp-json\/wp\/v2\/product_brand?post=24138"},{"taxonomy":"product_cat","embeddable":true,"href":"https:\/\/globalsourcechemicals.com\/fi\/wp-json\/wp\/v2\/product_cat?post=24138"},{"taxonomy":"product_tag","embeddable":true,"href":"https:\/\/globalsourcechemicals.com\/fi\/wp-json\/wp\/v2\/product_tag?post=24138"}],"curies":[{"name":"wp","href":"https:\/\/api.w.org\/{rel}","templated":true}]}}