{"id":24095,"date":"2025-04-13T17:41:03","date_gmt":"2025-04-13T17:41:03","guid":{"rendered":"https:\/\/globalsourcechemicals.com\/?post_type=product&#038;p=24095"},"modified":"2025-10-02T18:02:29","modified_gmt":"2025-10-02T18:02:29","slug":"1v-lsd-valerie-10mcg","status":"publish","type":"product","link":"https:\/\/globalsourcechemicals.com\/fi\/kauppa\/1-vn-lsd-virta\/1v-lsd-valerie-10mcg\/","title":{"rendered":"1V-LSD Valerie 10mcg mikropelletit"},"content":{"rendered":"<h1>1V LSD Valerie 10mcg -mikropelletit \u2013 tarkka annos tietoiseen tutkimiseen<\/h1>\n<p>Tutustu tutkimuskemikaalien uusimpiin innovaatioihin <strong>1V-LSD Valerie 10mcg mikropelletit<\/strong> \u2013 edistynyt ja tasaisesti annosteltu tuote vakavissaan oleville tutkijoille ja psykonauteille. N\u00e4m\u00e4 mikropelletit tarjoavat eritt\u00e4in tarkan annostuksen <strong>10 mikrogrammaa yksikk\u00f6\u00e4 kohden<\/strong>, mik\u00e4 tekee niist\u00e4 ihanteellisia kontrolloituihin kokeisiin ja mikroannosteluun.<\/p>\n<h2>Miksi valita 1V-LSD Valerie?<\/h2>\n<p>1V-LSD (1-valeryyli-D-lysergihappodietyyliamidi) on yksi tutkimusyhteis\u00f6n eniten keskustelluista analogeista, ja se tunnetaan stabiilisuudestaan ja luotettavuudestaan. <strong>Valerie<\/strong>, kuten sit\u00e4 hell\u00e4sti kutsutaan, tarjoaa ainutlaatuisen kokemuksen hienovaraisilla mutta merkityksellisill\u00e4 vaikutuksilla, t\u00e4ydellinen niille, jotka etsiv\u00e4t hell\u00e4varaisempaa ja hallittavampaa l\u00e4hestymistapaa lysergamideihin.<\/p>\n<p>T\u00e4m\u00e4 <strong>mikropelletit<\/strong> on tehty <strong>l\u00e4\u00e4keluokan tarkkuutta<\/strong>, mik\u00e4 tekee jokaisesta pelletist\u00e4 tarkan annoksen <strong>10 mikrogrammaa<\/strong> T\u00e4m\u00e4 poistaa volumetrisen annostelun tarpeen ja tarjoaa turvallisemman ja k\u00e4ytt\u00e4j\u00e4yst\u00e4v\u00e4llisemm\u00e4n kokemuksen.<\/p>\n<h2>Ihanteellinen mikroannosteluun ja tutkimukseen<\/h2>\n<p>Mikroannostelun kannattajat etsiv\u00e4t usein <strong>pieniannoksinen, tasalaatuinen vaihtoehto<\/strong> tukemaan kognitiivista joustavuutta, luovuutta ja keskittymist\u00e4. Vain <strong>10 mikrogrammaa per pelletti<\/strong> 1V-LSD Valerie tarjoaa erinomaisen l\u00e4ht\u00f6kohdan niille, jotka haluavat kokeilla mikroannostelua ilman ylivoimaisia vaikutuksia.<\/p>\n<p>Tutkijat arvostavat sit\u00e4, ett\u00e4 <strong>puhtaus ja vakaus<\/strong> n\u00e4ist\u00e4 pelleteist\u00e4, jotka on testattu huolellisesti korkeimman laadun varmistamiseksi. Jokainen er\u00e4 valmistetaan tiukoissa laboratorio-olosuhteissa, joten k\u00e4ytt\u00e4j\u00e4t voivat luottaa <strong>luotettava ja toistettava tuote<\/strong>.<\/p>\n<h2>Helppok\u00e4ytt\u00f6isyys ja huomaamaton muotoilu<\/h2>\n<p>Pelletit on pakattu <strong>ilmatiivis, valonkest\u00e4v\u00e4 pakkaus<\/strong> s\u00e4ilytt\u00e4m\u00e4\u00e4n niiden eheyden. Niiden kompakti koko tekee niist\u00e4 helppoja kuljettaa ja huomaamattomia k\u00e4ytt\u00e4\u00e4. Olitpa sitten tekem\u00e4ss\u00e4 kontrolloitua tutkimusta tai kiinnostunut henkil\u00f6kohtaisesta tutkimuksesta, n\u00e4m\u00e4 mikropelletit tarjoavat <strong>k\u00e4yt\u00e4nn\u00f6llinen ja tarkka ratkaisu<\/strong>.<\/p>\n<h2>Turvallinen ja vastuullinen k\u00e4ytt\u00f6<\/h2>\n<p>Kuten kaikkien tutkimuskemikaalien kanssa, on t\u00e4rke\u00e4\u00e4 <strong>vastuullinen ja tietoinen<\/strong> jatkaaksesi. 1V-LSD Valerie on tarkoitettu ainoastaan tutkimustarkoituksiin eik\u00e4 ihmisravinnoksi. Varmista, ett\u00e4 <strong>turvallinen ymp\u00e4rist\u00f6<\/strong>mittaa aina huolellisesti ja aloita pienell\u00e4 annoksella yksil\u00f6llisten herkkyyksien m\u00e4\u00e4ritt\u00e4miseksi.<\/p>\n<h2>Tilaa nyt ja tutustu mahdollisuuksiin<\/h2>\n<p>Oletpa sitten kokenut tutkija tai lysergamidien maailmasta kiinnostunut, <strong>1V-LSD Valerie 10mcg mikropelletit<\/strong> tarjoavat ainutlaatuisen mahdollisuuden kokeilla tarkasti ja hallitusti. Tilaa t\u00e4n\u00e4\u00e4n ja koe seuraavan sukupolven tutkimuskemikaalit!<\/p>\n<p><em>Huomaa: T\u00e4m\u00e4 tuote on tarkoitettu vain <a href=\"http:\/\/google.nl\" target=\"_blank\" rel=\"noopener\">varten<\/a> Vain tutkimustarkoituksiin, ei ihmisravinnoksi. S\u00e4ilyt\u00e4 lasten ulottumattomissa. S\u00e4ilyt\u00e4 viile\u00e4ss\u00e4 ja kuivassa paikassa.<\/em><\/p>\n<p><a title=\"1V-LSD 150 MCG -n\u00e4ytteenotot\" href=\"https:\/\/globalsourcechemicals.com\/fi\/kauppa\/lysergamidit\/1v-lsd-150-mcg-blotters\/\" target=\"_blank\" rel=\"noopener\">1V-LSD 150 MCG -n\u00e4ytteenotot <\/a><a title=\"2-CMC 250 mg -pelletti\u00e4\" href=\"https:\/\/globalsourcechemicals.com\/fi\/kauppa\/katinonit\/osta-2-cmcta\/\" target=\"_blank\" rel=\"noopener\">2-CMC 250 mg -pelletti\u00e4 <\/a><a title=\"2C-EF 2 mg kapselit\" href=\"https:\/\/globalsourcechemicals.com\/fi\/kauppa\/fenetyyliamiini\/2c-ef-2-mg-kapselia\/\" target=\"_blank\" rel=\"noopener\">2C-EF 2 mg kapselit <\/a><a title=\"6-CL-ADBA\" href=\"https:\/\/globalsourcechemicals.com\/fi\/kauppa\/melkein-kielletty\/6-cl-adbaa\/\" target=\"_blank\" rel=\"noopener\">6-CL-ADBA<\/a><\/p>","protected":false},"excerpt":{"rendered":"<h2>1V-LSD Valerie 10mcg mikropelletit \u2013 mikroannostelu<\/h2>\n<p>1V-LSD on aine, jota myymme vain tutkimustarkoituksiin, eik\u00e4 sit\u00e4 siksi ole tarkoitettu ihmisravinnoksi. 1V-LSD:t\u00e4 voidaan k\u00e4ytt\u00e4\u00e4 tutkimustarkoituksiin jopa kaksi vuotta, kunhan se s\u00e4ilytet\u00e4\u00e4n oikeassa ymp\u00e4rist\u00f6ss\u00e4.<\/p>","protected":false},"featured_media":27752,"comment_status":"closed","ping_status":"closed","template":"","meta":[],"product_brand":[82],"product_cat":[364,380,358,324],"product_tag":[631,582,326],"class_list":{"0":"post-24095","1":"product","2":"type-product","3":"status-publish","4":"has-post-thumbnail","6":"product_brand-research-chemical","7":"product_cat-1v-lsd","8":"product_cat-1v-lsd-pellets","9":"product_cat-lysergamides","10":"product_cat-pellets-for-pellet","11":"product_tag-1v-lsd","12":"product_tag-1vlsd","13":"product_tag-nl","15":"first","16":"instock","17":"taxable","18":"shipping-taxable","19":"purchasable","20":"product-type-variable"},"_links":{"self":[{"href":"https:\/\/globalsourcechemicals.com\/fi\/wp-json\/wp\/v2\/product\/24095","targetHints":{"allow":["GET"]}}],"collection":[{"href":"https:\/\/globalsourcechemicals.com\/fi\/wp-json\/wp\/v2\/product"}],"about":[{"href":"https:\/\/globalsourcechemicals.com\/fi\/wp-json\/wp\/v2\/types\/product"}],"replies":[{"embeddable":true,"href":"https:\/\/globalsourcechemicals.com\/fi\/wp-json\/wp\/v2\/comments?post=24095"}],"version-history":[{"count":4,"href":"https:\/\/globalsourcechemicals.com\/fi\/wp-json\/wp\/v2\/product\/24095\/revisions"}],"predecessor-version":[{"id":26429,"href":"https:\/\/globalsourcechemicals.com\/fi\/wp-json\/wp\/v2\/product\/24095\/revisions\/26429"}],"wp:featuredmedia":[{"embeddable":true,"href":"https:\/\/globalsourcechemicals.com\/fi\/wp-json\/wp\/v2\/media\/27752"}],"wp:attachment":[{"href":"https:\/\/globalsourcechemicals.com\/fi\/wp-json\/wp\/v2\/media?parent=24095"}],"wp:term":[{"taxonomy":"product_brand","embeddable":true,"href":"https:\/\/globalsourcechemicals.com\/fi\/wp-json\/wp\/v2\/product_brand?post=24095"},{"taxonomy":"product_cat","embeddable":true,"href":"https:\/\/globalsourcechemicals.com\/fi\/wp-json\/wp\/v2\/product_cat?post=24095"},{"taxonomy":"product_tag","embeddable":true,"href":"https:\/\/globalsourcechemicals.com\/fi\/wp-json\/wp\/v2\/product_tag?post=24095"}],"curies":[{"name":"wp","href":"https:\/\/api.w.org\/{rel}","templated":true}]}}