{"id":23617,"date":"2025-04-13T17:40:06","date_gmt":"2025-04-13T17:40:06","guid":{"rendered":"https:\/\/globalsourcechemicals.com\/?post_type=product&#038;p=23617"},"modified":"2025-10-03T07:25:37","modified_gmt":"2025-10-03T07:25:37","slug":"2fma-30-mg-pellettia","status":"publish","type":"product","link":"https:\/\/globalsourcechemicals.com\/fi\/kauppa\/osta-2-fmata\/2fma-30-mg-pellettia\/","title":{"rendered":"2-FMA 30 MG -pellettej\u00e4 (2-fluorometamfetamiini)"},"content":{"rendered":"<h1><strong><span dir=\"auto\" style=\"vertical-align: inherit;\"><span dir=\"auto\" style=\"vertical-align: inherit;\">2FMA 30 MG Pelletit (2-fluoroamfetamiini) \u2013 Tieteellinen tuotekuvaus<\/span><\/span><\/strong><\/h1>\n<h3><strong><span dir=\"auto\" style=\"vertical-align: inherit;\"><span dir=\"auto\" style=\"vertical-align: inherit;\">Johdanto<\/span><\/span><\/strong><\/h3>\n<p><span dir=\"auto\" style=\"vertical-align: inherit;\"><span dir=\"auto\" style=\"vertical-align: inherit;\">2fma (2-fluoroamfetamiini) on fenetyyliamiiniluokan tutkimuskemikaali, jolle on ominaista <\/span><\/span><a href=\"http:\/\/google.nl\" target=\"_blank\" rel=\"noopener\"><span dir=\"auto\" style=\"vertical-align: inherit;\"><span dir=\"auto\" style=\"vertical-align: inherit;\">a<\/span><\/span><\/a><span dir=\"auto\" style=\"vertical-align: inherit;\"><span dir=\"auto\" style=\"vertical-align: inherit;\"> fluorisubstituutio fenyylirenkaan orto-asemassa. N\u00e4m\u00e4 30 mg:n pelletit on suunniteltu standardoituun k\u00e4ytt\u00f6\u00f6n kontrolloiduissa farmakologisissa ja neurokemiallisissa tutkimuksissa. K\u00e4ytt\u00f6 on sallittu vain laillisesti tunnustetuissa laboratorioymp\u00e4rist\u00f6iss\u00e4.<\/span><\/span><\/p>\n<h3><strong><span dir=\"auto\" style=\"vertical-align: inherit;\"><span dir=\"auto\" style=\"vertical-align: inherit;\">Kemialliset ominaisuudet<\/span><\/span><\/strong><\/h3>\n<ul>\n<li><strong><span dir=\"auto\" style=\"vertical-align: inherit;\"><span dir=\"auto\" style=\"vertical-align: inherit;\">Systemaattinen nimi:<\/span><\/span><\/strong><span dir=\"auto\" style=\"vertical-align: inherit;\"><span dir=\"auto\" style=\"vertical-align: inherit;\"> 1-(2-fluorifenyyli)-2-aminopropaani<\/span><\/span><\/li>\n<li><strong><span dir=\"auto\" style=\"vertical-align: inherit;\"><span dir=\"auto\" style=\"vertical-align: inherit;\">Molekyylikaava:<\/span><\/span><\/strong><span dir=\"auto\" style=\"vertical-align: inherit;\"><span dir=\"auto\" style=\"vertical-align: inherit;\"> C\u2089H\u2081\u2082FN<\/span><\/span><\/li>\n<li><strong><span dir=\"auto\" style=\"vertical-align: inherit;\"><span dir=\"auto\" style=\"vertical-align: inherit;\">Molekyylimassa:<\/span><\/span><\/strong><span dir=\"auto\" style=\"vertical-align: inherit;\"><span dir=\"auto\" style=\"vertical-align: inherit;\"> 153,20 g\/mol<\/span><\/span><\/li>\n<li><strong><span dir=\"auto\" style=\"vertical-align: inherit;\"><span dir=\"auto\" style=\"vertical-align: inherit;\">Puhtaus:<\/span><\/span><\/strong><span dir=\"auto\" style=\"vertical-align: inherit;\"><span dir=\"auto\" style=\"vertical-align: inherit;\"> \u226598,5% (UPLC-MS\/MS-varmistettu)<\/span><\/span><\/li>\n<li><strong><span dir=\"auto\" style=\"vertical-align: inherit;\"><span dir=\"auto\" style=\"vertical-align: inherit;\">Fyysinen muoto:<\/span><\/span><\/strong><span dir=\"auto\" style=\"vertical-align: inherit;\"><span dir=\"auto\" style=\"vertical-align: inherit;\"> Py\u00f6re\u00e4t tabletit (pelletit)<\/span><\/span><\/li>\n<li><strong><span dir=\"auto\" style=\"vertical-align: inherit;\"><span dir=\"auto\" style=\"vertical-align: inherit;\">Pelletin ominaisuudet:<\/span><\/span><\/strong>\n<ul>\n<li><span dir=\"auto\" style=\"vertical-align: inherit;\"><span dir=\"auto\" style=\"vertical-align: inherit;\">Halkaisija: 5 mm<\/span><\/span><\/li>\n<li><span dir=\"auto\" style=\"vertical-align: inherit;\"><span dir=\"auto\" style=\"vertical-align: inherit;\">Kovuus: 50\u201370 N<\/span><\/span><\/li>\n<li><span dir=\"auto\" style=\"vertical-align: inherit;\"><span dir=\"auto\" style=\"vertical-align: inherit;\">Hajoamisaika: &lt;15 minuuttia (in vitro)<\/span><\/span><\/li>\n<\/ul>\n<\/li>\n<li><strong><span dir=\"auto\" style=\"vertical-align: inherit;\"><span dir=\"auto\" style=\"vertical-align: inherit;\">Liukoisuus:<\/span><\/span><\/strong><span dir=\"auto\" style=\"vertical-align: inherit;\"><span dir=\"auto\" style=\"vertical-align: inherit;\"> Hyv\u00e4 metanolissa ja etanolissa, kohtalainen vedess\u00e4<\/span><\/span><\/li>\n<\/ul>\n<h3><strong><span dir=\"auto\" style=\"vertical-align: inherit;\"><span dir=\"auto\" style=\"vertical-align: inherit;\">Laadunvalvonta<\/span><\/span><\/strong><\/h3>\n<p><span dir=\"auto\" style=\"vertical-align: inherit;\"><span dir=\"auto\" style=\"vertical-align: inherit;\">Jokainen er\u00e4 on ehdollinen:<\/span><\/span><\/p>\n<ol>\n<li><span dir=\"auto\" style=\"vertical-align: inherit;\"><span dir=\"auto\" style=\"vertical-align: inherit;\">HPLC-DAD-kvantitatiivinen analyysi<\/span><\/span><\/li>\n<li><span dir=\"auto\" style=\"vertical-align: inherit;\"><span dir=\"auto\" style=\"vertical-align: inherit;\">HRMS-henkil\u00f6llisyyden varmennus<\/span><\/span><\/li>\n<li><span dir=\"auto\" style=\"vertical-align: inherit;\"><span dir=\"auto\" style=\"vertical-align: inherit;\">Yhten\u00e4isyysanalyysi (n=20)<\/span><\/span><\/li>\n<li><span dir=\"auto\" style=\"vertical-align: inherit;\"><span dir=\"auto\" style=\"vertical-align: inherit;\">Liukenemistesti (USP-laitteen II mukaisesti)<\/span><\/span><\/li>\n<li><span dir=\"auto\" style=\"vertical-align: inherit;\"><span dir=\"auto\" style=\"vertical-align: inherit;\">Mikrobiologinen arviointi Ph. Eur. -standardien mukaisesti<\/span><\/span><\/li>\n<\/ol>\n<h3><strong><span dir=\"auto\" style=\"vertical-align: inherit;\"><span dir=\"auto\" style=\"vertical-align: inherit;\">Tutkimussovellukset <\/span><\/span><\/strong><strong><span dir=\"auto\" style=\"vertical-align: inherit;\"><span dir=\"auto\" style=\"vertical-align: inherit;\">2FMA<\/span><\/span><\/strong><\/h3>\n<p><span dir=\"auto\" style=\"vertical-align: inherit;\"><span dir=\"auto\" style=\"vertical-align: inherit;\">2-FMA:ta tutkitaan seuraavissa yhteyksiss\u00e4:<\/span><\/span><\/p>\n<ul>\n<li><span dir=\"auto\" style=\"vertical-align: inherit;\"><span dir=\"auto\" style=\"vertical-align: inherit;\">Dopamiinin ja noradrenaliinin kuljettajien takaisinoton esto<\/span><\/span><\/li>\n<li><span dir=\"auto\" style=\"vertical-align: inherit;\"><span dir=\"auto\" style=\"vertical-align: inherit;\">Fluoroamfetamiinien vertaileva rakenne-farmakologinen analyysi<\/span><\/span><\/li>\n<li><span dir=\"auto\" style=\"vertical-align: inherit;\"><span dir=\"auto\" style=\"vertical-align: inherit;\">K\u00e4ytt\u00e4ytymistutkimus prekliinisiss\u00e4 malleissa<\/span><\/span><\/li>\n<li><span dir=\"auto\" style=\"vertical-align: inherit;\"><span dir=\"auto\" style=\"vertical-align: inherit;\">In vitro -aineenvaihdunta- ja entsyymivuorovaikutustutkimukset<\/span><\/span><\/li>\n<\/ul>\n<h3><strong><span dir=\"auto\" style=\"vertical-align: inherit;\"><span dir=\"auto\" style=\"vertical-align: inherit;\">Turvallisuusprotokollat<\/span><\/span><\/strong><\/h3>\n<p><strong><span dir=\"auto\" style=\"vertical-align: inherit;\"><span dir=\"auto\" style=\"vertical-align: inherit;\">Henkil\u00f6kohtaiset suojavarusteet:<\/span><\/span><\/strong><\/p>\n<ul>\n<li><span dir=\"auto\" style=\"vertical-align: inherit;\"><span dir=\"auto\" style=\"vertical-align: inherit;\">Kemikaaleja kest\u00e4v\u00e4t nitriilik\u00e4sineet<\/span><\/span><\/li>\n<li><span dir=\"auto\" style=\"vertical-align: inherit;\"><span dir=\"auto\" style=\"vertical-align: inherit;\">Tyypin 5\/6 suojavaatetus<\/span><\/span><\/li>\n<li><span dir=\"auto\" style=\"vertical-align: inherit;\"><span dir=\"auto\" style=\"vertical-align: inherit;\">FFP3-hengityssuojain<\/span><\/span><\/li>\n<li><span dir=\"auto\" style=\"vertical-align: inherit;\"><span dir=\"auto\" style=\"vertical-align: inherit;\">Suojalasit<\/span><\/span><\/li>\n<\/ul>\n<p><strong><span dir=\"auto\" style=\"vertical-align: inherit;\"><span dir=\"auto\" style=\"vertical-align: inherit;\">Ty\u00f6olosuhteet:<\/span><\/span><\/strong><\/p>\n<ul>\n<li><span dir=\"auto\" style=\"vertical-align: inherit;\"><span dir=\"auto\" style=\"vertical-align: inherit;\">Vetokaappi, jonka ilmannopeus on \u22650,5 m\/s<\/span><\/span><\/li>\n<li><span dir=\"auto\" style=\"vertical-align: inherit;\"><span dir=\"auto\" style=\"vertical-align: inherit;\">Antistaattiset ty\u00f6tasot<\/span><\/span><\/li>\n<li><span dir=\"auto\" style=\"vertical-align: inherit;\"><span dir=\"auto\" style=\"vertical-align: inherit;\">L\u00e4mp\u00f6tilan s\u00e4\u00e4t\u00f6: 15\u201325 \u00b0C<\/span><\/span><\/li>\n<\/ul>\n<p><strong><span dir=\"auto\" style=\"vertical-align: inherit;\"><span dir=\"auto\" style=\"vertical-align: inherit;\">S\u00e4ilytysolosuhteet:<\/span><\/span><\/strong><\/p>\n<ul>\n<li><span dir=\"auto\" style=\"vertical-align: inherit;\"><span dir=\"auto\" style=\"vertical-align: inherit;\">Kuivassa, pime\u00e4ss\u00e4 ja kaasutiiviiss\u00e4 l\u00e4pipainopakkauksessa<\/span><\/span><\/li>\n<li><span dir=\"auto\" style=\"vertical-align: inherit;\"><span dir=\"auto\" style=\"vertical-align: inherit;\">L\u00e4mp\u00f6tila: 15\u201325 \u00b0C<\/span><\/span><\/li>\n<li><span dir=\"auto\" style=\"vertical-align: inherit;\"><span dir=\"auto\" style=\"vertical-align: inherit;\">Suhteellinen kosteus: &lt;60%<\/span><\/span><\/li>\n<li><span dir=\"auto\" style=\"vertical-align: inherit;\"><span dir=\"auto\" style=\"vertical-align: inherit;\">Suositellaan k\u00e4ytett\u00e4v\u00e4ksi inertin kaasun (argonin tai typen) alla<\/span><\/span><\/li>\n<\/ul>\n<h3><strong><span dir=\"auto\" style=\"vertical-align: inherit;\"><span dir=\"auto\" style=\"vertical-align: inherit;\">S\u00e4\u00e4ntelykehys<\/span><\/span><\/strong><\/h3>\n<ul>\n<li><strong><span dir=\"auto\" style=\"vertical-align: inherit;\"><span dir=\"auto\" style=\"vertical-align: inherit;\">Alankomaat:<\/span><\/span><\/strong><span dir=\"auto\" style=\"vertical-align: inherit;\"><span dir=\"auto\" style=\"vertical-align: inherit;\"> Luokiteltu oopiumlain mukaisesti \u2013 taulukko II<\/span><\/span><\/li>\n<li><strong><span dir=\"auto\" style=\"vertical-align: inherit;\"><span dir=\"auto\" style=\"vertical-align: inherit;\">Kansainv\u00e4linen:<\/span><\/span><\/strong><span dir=\"auto\" style=\"vertical-align: inherit;\"><span dir=\"auto\" style=\"vertical-align: inherit;\"> S\u00e4\u00e4ntelyn alainen uutena psykoaktiivisena aineena (NPS)<\/span><\/span><\/li>\n<li><strong><span dir=\"auto\" style=\"vertical-align: inherit;\"><span dir=\"auto\" style=\"vertical-align: inherit;\">WADA-status:<\/span><\/span><\/strong><span dir=\"auto\" style=\"vertical-align: inherit;\"><span dir=\"auto\" style=\"vertical-align: inherit;\"> Kielletty kategoriassa S6 (stimulantit)<\/span><\/span><\/li>\n<li><strong><span dir=\"auto\" style=\"vertical-align: inherit;\"><span dir=\"auto\" style=\"vertical-align: inherit;\">K\u00e4ytt\u00e4\u00e4:<\/span><\/span><\/strong><span dir=\"auto\" style=\"vertical-align: inherit;\"><span dir=\"auto\" style=\"vertical-align: inherit;\"> Vain akkreditoiduille, lisensoiduille tutkimuslaitoksille<\/span><\/span><\/li>\n<\/ul>\n<h3><strong><span dir=\"auto\" style=\"vertical-align: inherit;\"><span dir=\"auto\" style=\"vertical-align: inherit;\">Jakelu ja toimitus<\/span><\/span><\/strong><\/h3>\n<ul>\n<li><strong><span dir=\"auto\" style=\"vertical-align: inherit;\"><span dir=\"auto\" style=\"vertical-align: inherit;\">Minimitilausm\u00e4\u00e4r\u00e4:<\/span><\/span><\/strong><span dir=\"auto\" style=\"vertical-align: inherit;\"><span dir=\"auto\" style=\"vertical-align: inherit;\"> 10 pelletti\u00e4<\/span><\/span><\/li>\n<li><strong><span dir=\"auto\" style=\"vertical-align: inherit;\"><span dir=\"auto\" style=\"vertical-align: inherit;\">Pakkaus:<\/span><\/span><\/strong><span dir=\"auto\" style=\"vertical-align: inherit;\"><span dir=\"auto\" style=\"vertical-align: inherit;\"> L\u00e4pipainopakkauksessa pelletti kerrallaan, kevyt ja ilmatiivis<\/span><\/span><\/li>\n<li><strong><span dir=\"auto\" style=\"vertical-align: inherit;\"><span dir=\"auto\" style=\"vertical-align: inherit;\">Kuljetus:<\/span><\/span><\/strong><span dir=\"auto\" style=\"vertical-align: inherit;\"><span dir=\"auto\" style=\"vertical-align: inherit;\"> Sertifioitu kylm\u00e4ketju (15\u201325 \u00b0C), l\u00e4mp\u00f6tilan seuranta<\/span><\/span><\/li>\n<li><strong><span dir=\"auto\" style=\"vertical-align: inherit;\"><span dir=\"auto\" style=\"vertical-align: inherit;\">Mukana olevat asiakirjat:<\/span><\/span><\/strong>\n<ul>\n<li><span dir=\"auto\" style=\"vertical-align: inherit;\"><span dir=\"auto\" style=\"vertical-align: inherit;\">Er\u00e4kohtainen analyysitodistus (COA)<\/span><\/span><\/li>\n<li><span dir=\"auto\" style=\"vertical-align: inherit;\"><span dir=\"auto\" style=\"vertical-align: inherit;\">Vakausraportti<\/span><\/span><\/li>\n<li><span dir=\"auto\" style=\"vertical-align: inherit;\"><span dir=\"auto\" style=\"vertical-align: inherit;\">K\u00e4ytt\u00f6turvallisuustiedote (MSDS)<\/span><\/span><\/li>\n<\/ul>\n<\/li>\n<\/ul>\n<h3><strong><span dir=\"auto\" style=\"vertical-align: inherit;\"><span dir=\"auto\" style=\"vertical-align: inherit;\">Tieteelliset l\u00e4hteet <\/span><\/span><\/strong><strong><span dir=\"auto\" style=\"vertical-align: inherit;\"><span dir=\"auto\" style=\"vertical-align: inherit;\">2FMA<\/span><\/span><\/strong><\/h3>\n<ul>\n<li><span dir=\"auto\" style=\"vertical-align: inherit;\"><span dir=\"auto\" style=\"vertical-align: inherit;\">Euroopan huumausaineiden ja niiden v\u00e4\u00e4rink\u00e4yt\u00f6n seurantakeskus (EMCDDA, 2023)<\/span><\/span><\/li>\n<li><em><span dir=\"auto\" style=\"vertical-align: inherit;\"><span dir=\"auto\" style=\"vertical-align: inherit;\">Psykofarmakologian lehti<\/span><\/span><\/em><span dir=\"auto\" style=\"vertical-align: inherit;\"><span dir=\"auto\" style=\"vertical-align: inherit;\"> (2022)<\/span><\/span><\/li>\n<li><em><span dir=\"auto\" style=\"vertical-align: inherit;\"><span dir=\"auto\" style=\"vertical-align: inherit;\">Neurofarmakologia<\/span><\/span><\/em><span dir=\"auto\" style=\"vertical-align: inherit;\"><span dir=\"auto\" style=\"vertical-align: inherit;\"> (2021)<\/span><\/span><\/li>\n<\/ul>\n<h3><strong><span dir=\"auto\" style=\"vertical-align: inherit;\"><span dir=\"auto\" style=\"vertical-align: inherit;\">Oikeudellinen vastuuvapauslauseke<\/span><\/span><\/strong><\/h3>\n<p><span dir=\"auto\" style=\"vertical-align: inherit;\"><span dir=\"auto\" style=\"vertical-align: inherit;\">T\u00e4m\u00e4 tuote on tarkoitettu yksinomaan p\u00e4tevien ammattilaisten suorittamaan tieteelliseen tutkimukseen valtuutetuissa laitoksissa. Oikeudellisen aseman ja sovellettavien lakien noudattamisen varmistaminen on ostajan vastuulla. Luvaton k\u00e4ytt\u00f6 on kielletty ja voi johtaa oikeudellisiin seuraamuksiin. <\/span><\/span><a href=\"https:\/\/globalsourcechemicals.com\/fi\/kauppa\/iboga-ibogaiini\/iboga-juuren-kuori\/\"><span dir=\"auto\" style=\"vertical-align: inherit;\"><span dir=\"auto\" style=\"vertical-align: inherit;\">iboga-juuren kuori<\/span><\/span><\/a><a href=\"https:\/\/globalsourcechemicals.com\/fi\/kauppa\/iboga-ibogaiini\/osta-ibogaiinihydrokloridia-netista\/\"><span dir=\"auto\" style=\"vertical-align: inherit;\"><span dir=\"auto\" style=\"vertical-align: inherit;\">osta ibogaiinihydrokloridia netist\u00e4<\/span><\/span><\/a><a href=\"https:\/\/globalsourcechemicals.com\/fi\/kauppa\/lysergamidit\/1-kpl-lsd\/\"><span dir=\"auto\" style=\"vertical-align: inherit;\"><span dir=\"auto\" style=\"vertical-align: inherit;\">1 kpl lsd <\/span><\/span><\/a><a href=\"https:\/\/globalsourcechemicals.com\/fi\/kauppa\/pellets\/o-dsmt-50mg-pellets\/\"><span dir=\"auto\" style=\"vertical-align: inherit;\"><span dir=\"auto\" style=\"vertical-align: inherit;\">o-dsmt <\/span><\/span><\/a><a href=\"https:\/\/globalsourcechemicals.com\/fi\/kauppa\/lysergamidit\/1vlsd\/\"><span dir=\"auto\" style=\"vertical-align: inherit;\"><span dir=\"auto\" style=\"vertical-align: inherit;\">1vlsd<\/span><\/span><\/a><\/p>\n<p>&nbsp;<\/p>","protected":false},"excerpt":{"rendered":"<p>2FMA 30 MG Pellets (2-Fluoroamphetamine) \u2013 Scientific Product Description Introduction 2fma (2-Fluoroamphetamine) is a research chemical of the phenethylamine class,<\/p>","protected":false},"featured_media":27774,"comment_status":"closed","ping_status":"closed","template":"","meta":[],"product_brand":[82],"product_cat":[431,432,322,333,324],"product_tag":[572,617,618,589,619,326],"class_list":{"0":"post-23617","1":"product","2":"type-product","3":"status-publish","4":"has-post-thumbnail","6":"product_brand-research-chemical","7":"product_cat-2-fma-kopen","8":"product_cat-2-fma-pellets","9":"product_cat-bijna-verboden","10":"product_cat-gefluoreerden","11":"product_cat-pellets-for-pellet","12":"product_tag-2-fma-kopen","13":"product_tag-2-fma","14":"product_tag-2fma","15":"product_tag-2fma-drugs","16":"product_tag-2fma-kopen","17":"product_tag-nl","19":"first","20":"instock","21":"taxable","22":"shipping-taxable","23":"purchasable","24":"product-type-variable"},"_links":{"self":[{"href":"https:\/\/globalsourcechemicals.com\/fi\/wp-json\/wp\/v2\/product\/23617","targetHints":{"allow":["GET"]}}],"collection":[{"href":"https:\/\/globalsourcechemicals.com\/fi\/wp-json\/wp\/v2\/product"}],"about":[{"href":"https:\/\/globalsourcechemicals.com\/fi\/wp-json\/wp\/v2\/types\/product"}],"replies":[{"embeddable":true,"href":"https:\/\/globalsourcechemicals.com\/fi\/wp-json\/wp\/v2\/comments?post=23617"}],"version-history":[{"count":6,"href":"https:\/\/globalsourcechemicals.com\/fi\/wp-json\/wp\/v2\/product\/23617\/revisions"}],"predecessor-version":[{"id":28064,"href":"https:\/\/globalsourcechemicals.com\/fi\/wp-json\/wp\/v2\/product\/23617\/revisions\/28064"}],"wp:featuredmedia":[{"embeddable":true,"href":"https:\/\/globalsourcechemicals.com\/fi\/wp-json\/wp\/v2\/media\/27774"}],"wp:attachment":[{"href":"https:\/\/globalsourcechemicals.com\/fi\/wp-json\/wp\/v2\/media?parent=23617"}],"wp:term":[{"taxonomy":"product_brand","embeddable":true,"href":"https:\/\/globalsourcechemicals.com\/fi\/wp-json\/wp\/v2\/product_brand?post=23617"},{"taxonomy":"product_cat","embeddable":true,"href":"https:\/\/globalsourcechemicals.com\/fi\/wp-json\/wp\/v2\/product_cat?post=23617"},{"taxonomy":"product_tag","embeddable":true,"href":"https:\/\/globalsourcechemicals.com\/fi\/wp-json\/wp\/v2\/product_tag?post=23617"}],"curies":[{"name":"wp","href":"https:\/\/api.w.org\/{rel}","templated":true}]}}