{"id":27218,"date":"2025-08-14T11:23:19","date_gmt":"2025-08-14T11:23:19","guid":{"rendered":"https:\/\/globalsourcechemicals.com\/?page_id=27218"},"modified":"2025-10-13T09:49:38","modified_gmt":"2025-10-13T09:49:38","slug":"tietosuojakaytanto","status":"publish","type":"page","link":"https:\/\/globalsourcechemicals.com\/fi\/tietosuojakaytanto\/","title":{"rendered":"Tietosuojak\u00e4yt\u00e4nt\u00f6"},"content":{"rendered":"<p>T\u00e4m\u00e4 on Researchchemicalskopen.netin tietosuojaseloste, joka l\u00f6ytyy osoitteesta\u00a0<a href=\"https:\/\/globalsourcechemicals.com\/fi\/\">globalsourcechemicals.com<\/a><\/p>\n\n\n\n<h3 class=\"wp-block-heading\">Soveltuvuus<\/h3>\n\n\n\n<p>Deze privacyverklaring is van toepassing op alle gevoelige informatie of persoonsgegevens die je aan ons verstrekt, bijvoorbeeld via een inschrijfformulier, contactformulier, of bestellingen die je plaatst. We hechten veel waarde aan de privacy van onze klanten en gaan daarom uiterst zorgvuldig om met het verwerken en beschermen van persoonsgegevens. Onze gegevensverwerking gebeurt in overeenstemming met de voorwaarden die zijn gesteld in de Algemene Verordening Gegevensbescherming (AVG). globalsourcechemicals.com is de verwerkingsverantwoordelijke in de zin van de AVG met betrekking tot jouw persoonsgegevens. Dit betekent dat wij bepalen welke persoonsgegevens worden verwerkt, voor welk doel, en op welke manier. Wij zorgen ervoor dat jouw persoonsgegevens op een correcte en zorgvuldige wijze worden verwerkt in overeenstemming met de AVG. In deze privacyverklaring leggen wij uit welke gegevens wij verwerken en voor welke doeleinden deze worden gebruikt.<\/p>\n\n\n\n<h3 class=\"wp-block-heading\">Yleiskatsaus henkil\u00f6tietoihin<\/h3>\n\n\n\n<p>Alla on yleiskatsaus k\u00e4sittelemist\u00e4mme henkil\u00f6tiedoista:<\/p>\n\n\n\n<ul class=\"wp-block-list\">\n<li>Etu- ja sukunimi<\/li>\n\n\n\n<li>Osoitetiedot<\/li>\n\n\n\n<li>Puhelinnumero<\/li>\n\n\n\n<li>S\u00e4hk\u00f6postiosoite<\/li>\n\n\n\n<li>Verkkosivuston k\u00e4vij\u00e4n IP-osoite<\/li>\n<\/ul>\n\n\n\n<h3 class=\"wp-block-heading\">Tietojenk\u00e4sittelyn tarkoitus ja peruste<\/h3>\n\n\n\n<p>Hyv\u00e4ksym\u00e4ll\u00e4 t\u00e4m\u00e4n tietosuojaselosteen annat nimenomaisesti suostumuksesi henkil\u00f6tietojesi k\u00e4sittelyyn alla mainittuihin tarkoituksiin, kuten GDPR:n 6 artiklan 1 kohdan a alakohdassa on m\u00e4\u00e4ritelty. Voit peruuttaa t\u00e4m\u00e4n suostumuksen milloin tahansa. Jos et kuitenkaan anna meille tiettyj\u00e4 tietoja tai et salli meid\u00e4n k\u00e4sitell\u00e4 niit\u00e4, emme v\u00e4ltt\u00e4m\u00e4tt\u00e4 pysty tarjoamaan sinulle optimaalista palvelua.<\/p>\n\n\n\n<p>Jos et ole antanut meille nimenomaista suostumusta henkil\u00f6tietojesi k\u00e4sittelyyn tai jos olet peruuttanut suostumuksesi, henkil\u00f6tietojesi k\u00e4sittely voi perustua yleisen tietosuoja-asetuksen 6 artiklan 1 kohdan b, c ja\/tai f alakohtiin. T\u00e4ss\u00e4 tapauksessa henkil\u00f6tietojasi voidaan k\u00e4sitell\u00e4 ilman suostumustasi, edellytt\u00e4en, ett\u00e4 se on tarpeen sellaisen sopimuksen t\u00e4yt\u00e4nt\u00f6\u00f6npanemiseksi, jossa olet osapuolena, tai Professor.nl:n oikeutettujen etujen suojaamiseksi. Lis\u00e4ksi meill\u00e4 voi olla lakis\u00e4\u00e4teinen velvollisuus k\u00e4sitell\u00e4 henkil\u00f6tietojasi.<\/p>\n\n\n\n<p>K\u00e4sittelemme henkil\u00f6tietojasi seuraaviin tarkoituksiin:<\/p>\n\n\n\n<ul class=\"wp-block-list\">\n<li>Palvelujemme tarjoaminen (esimerkiksi tavaroiden toimitus)<\/li>\n\n\n\n<li>Maksusi k\u00e4sittely<\/li>\n\n\n\n<li>Uutiskirjeemme l\u00e4hett\u00e4minen<\/li>\n\n\n\n<li>Ilmoittaa sinulle palveluidemme ja tuotteidemme muutoksista<\/li>\n\n\n\n<li>Tarjoaa sinulle mahdollisuuden luoda tilin<\/li>\n<\/ul>\n\n\n\n<p>Emme s\u00e4ilyt\u00e4 henkil\u00f6tietojasi pidemp\u00e4\u00e4n kuin on ehdottoman v\u00e4ltt\u00e4m\u00e4t\u00f6nt\u00e4 niiden tarkoitusten saavuttamiseksi, joita varten ne on ker\u00e4tty.<\/p>\n\n\n\n<h3 class=\"wp-block-heading\">Tietojen luovuttaminen kolmansille osapuolille<\/h3>\n\n\n\n<p>Voimme jakaa henkil\u00f6tietojasi kolmansille osapuolille, jos se on edell\u00e4 mainittujen tarkoitusten mukaista. Tietojen luovuttaminen kolmansille osapuolille voi olla tarpeen kanssasi tekem\u00e4mme sopimuksen t\u00e4yt\u00e4nt\u00f6\u00f6npanemiseksi, oikeutettujen etujemme toteuttamiseksi tai lakis\u00e4\u00e4teisen velvoitteen noudattamiseksi. Meill\u00e4 on tietojenk\u00e4sittelysopimuksia yritysten kanssa, jotka k\u00e4sittelev\u00e4t tietojasi puolestamme, varmistaaksemme saman tietojesi turvallisuus- ja luottamuksellisuustason. Olemme edelleen vastuussa n\u00e4ist\u00e4 k\u00e4sittelytoimista. Edell\u00e4 mainittujen tilanteiden ulkopuolella luovutamme henkil\u00f6tietojasi muille kolmansille osapuolille vain nimenomaisella suostumuksellasi.<\/p>\n\n\n\n<h3 class=\"wp-block-heading\">Kaupalliset tarkoitukset<\/h3>\n\n\n\n<p>Voimme k\u00e4ytt\u00e4\u00e4 henkil\u00f6tietojasi kaupallisiin tarkoituksiin, kuten tiedottaaksemme sinulle palveluistamme, asiaankuuluvista tuotteistamme tai lains\u00e4\u00e4d\u00e4nn\u00f6n muutoksista, jotka saattavat vaikuttaa tarjontaamme. T\u00e4ss\u00e4 tapauksessa sinuun otetaan yhteytt\u00e4 vain siihen s\u00e4hk\u00f6postiosoitteeseen, jonka olet rekister\u00f6itynyt palveluumme. Jos et halua vastaanottaa tietoja asiaankuuluvista tuotteista tai palveluista, voit helposti ilmoittaa siit\u00e4 napsauttamalla &quot;peruuta tilaus&quot; -painiketta vastaanottamassasi s\u00e4hk\u00f6postissa. Markkinatutkimusta varten henkil\u00f6tietosi voidaan anonymisoida, jotta niit\u00e4 ei voida en\u00e4\u00e4 j\u00e4ljitt\u00e4\u00e4 sinuun.<\/p>\n\n\n\n<p>Tietojasi ei myyd\u00e4 tai jaeta kolmansille osapuolille kaupallisiin tarkoituksiin, ellet ole antanut t\u00e4h\u00e4n nimenomaista lupaa.<\/p>\n\n\n\n<h3 class=\"wp-block-heading\">Ev\u00e4steet<\/h3>\n\n\n\n<p>Ev\u00e4ste on pieni tekstitiedosto, joka tallennetaan tietokoneellesi, tablettiisi tai \u00e4lypuhelimeesi, kun vierailet verkkosivustollamme ensimm\u00e4isen kerran. Voit poistaa n\u00e4m\u00e4 ev\u00e4steet k\u00e4yt\u00f6st\u00e4 m\u00e4\u00e4ritt\u00e4m\u00e4ll\u00e4 internetselaimesi niin, ettei niit\u00e4 en\u00e4\u00e4 tallenneta. Voit my\u00f6s poistaa kaikki aiemmin tallennetut tiedot selaimesi asetuksista.<\/p>\n\n\n\n<p>K\u00e4yt\u00e4mme seuraavia ev\u00e4steit\u00e4:<\/p>\n\n\n\n<ul class=\"wp-block-list\">\n<li><strong>Toiminnalliset ev\u00e4steet:<\/strong>&nbsp;N\u00e4m\u00e4 ovat ev\u00e4steit\u00e4, jotka ovat v\u00e4ltt\u00e4m\u00e4tt\u00f6mi\u00e4 verkkosivuston tekniselle toiminnalle ja helppok\u00e4ytt\u00f6isyydelle. Ne varmistavat, ett\u00e4 verkkosivusto toimii oikein ja muistaa esimerkiksi mieltymyksesi. N\u00e4iden ev\u00e4steiden avulla voimme optimoida verkkosivustoamme. N\u00e4m\u00e4 ovat analyyttisi\u00e4 ev\u00e4steit\u00e4, jotka eiv\u00e4t loukkaa yksityisyytt\u00e4si, emmek\u00e4 tarvitse etuk\u00e4teen suostumustasi.<\/li>\n\n\n\n<li><strong>Google Analytics:<\/strong>&nbsp;T\u00e4m\u00e4 verkkosivusto k\u00e4ytt\u00e4\u00e4 amerikkalaisen Google-yrityksen ev\u00e4steit\u00e4 osana &quot;Analytics&quot;-palveluaan. Researchchemicalskopen.net k\u00e4ytt\u00e4\u00e4 t\u00e4t\u00e4 palvelua luodakseen raportteja verkkosivuston k\u00e4yt\u00f6st\u00e4 ja mitatakseen sen laatua ja tehokkuutta. K\u00e4yt\u00e4mme Google Analyticsia Alankomaiden tietosuojaviranomaisen (Autoriteit Persoonsgegevens) m\u00e4\u00e4r\u00e4\u00e4m\u00e4ll\u00e4 tavalla, joten emme tarvitse etuk\u00e4teen suostumustasi Google Analyticsin k\u00e4ytt\u00f6\u00f6n.<\/li>\n<\/ul>\n\n\n\n<h3 class=\"wp-block-heading\">Tietojen k\u00e4ytt\u00f6, korjaaminen tai poistaminen<\/h3>\n\n\n\n<p>Sinulla on oikeus tarkastella, oikaista tai poistaa henkil\u00f6tietojasi. Sinulla on my\u00f6s oikeus peruuttaa suostumuksesi henkil\u00f6tietojesi k\u00e4sittelyyn tai vastustaa henkil\u00f6tietojesi k\u00e4sittely\u00e4. Sinulla on my\u00f6s oikeus siirt\u00e4\u00e4 tiedot j\u00e4rjestelm\u00e4st\u00e4 toiseen, jos meill\u00e4 on digitaalisia henkil\u00f6tietoja, joita k\u00e4sittelemme joko suostumuksesi perusteella tai t\u00e4ytt\u00e4\u00e4ksemme kanssasi tekem\u00e4mme sopimuksen.<\/p>\n\n\n\n<p>T\u00e4m\u00e4 tarkoittaa, ett\u00e4 voit l\u00e4hett\u00e4\u00e4 meille pyynn\u00f6n l\u00e4hett\u00e4\u00e4 sinusta tallentamamme digitaaliset henkil\u00f6tiedot luettavassa tietokonetiedostossa sinulle tai nime\u00e4m\u00e4llesi toiselle organisaatiolle.<\/p>\n\n\n\n<p>Je kunt een verzoek tot inzage, correctie, verwijdering, gegevensoverdracht van jouw persoonsgegevens of verzoek tot intrekking van jouw toestemming of bezwaar tegen de verwerking van jouw persoonsgegevens sturen naar&nbsp;info@globalsourcechemicals.com<\/p>\n\n\n\n<p><\/p>","protected":false},"excerpt":{"rendered":"<p>Dit is de privacyverklaring van Researchchemicalskopen.net, te vinden op\u00a0globalsourcechemicals.com Toepasselijkheid Deze privacyverklaring is van toepassing op alle gevoelige informatie of<\/p>","protected":false},"author":1,"featured_media":0,"parent":0,"menu_order":0,"comment_status":"closed","ping_status":"closed","template":"","meta":{"footnotes":""},"class_list":["post-27218","page","type-page","status-publish","hentry"],"_links":{"self":[{"href":"https:\/\/globalsourcechemicals.com\/fi\/wp-json\/wp\/v2\/pages\/27218","targetHints":{"allow":["GET"]}}],"collection":[{"href":"https:\/\/globalsourcechemicals.com\/fi\/wp-json\/wp\/v2\/pages"}],"about":[{"href":"https:\/\/globalsourcechemicals.com\/fi\/wp-json\/wp\/v2\/types\/page"}],"author":[{"embeddable":true,"href":"https:\/\/globalsourcechemicals.com\/fi\/wp-json\/wp\/v2\/users\/1"}],"replies":[{"embeddable":true,"href":"https:\/\/globalsourcechemicals.com\/fi\/wp-json\/wp\/v2\/comments?post=27218"}],"version-history":[{"count":2,"href":"https:\/\/globalsourcechemicals.com\/fi\/wp-json\/wp\/v2\/pages\/27218\/revisions"}],"predecessor-version":[{"id":28550,"href":"https:\/\/globalsourcechemicals.com\/fi\/wp-json\/wp\/v2\/pages\/27218\/revisions\/28550"}],"wp:attachment":[{"href":"https:\/\/globalsourcechemicals.com\/fi\/wp-json\/wp\/v2\/media?parent=27218"}],"curies":[{"name":"wp","href":"https:\/\/api.w.org\/{rel}","templated":true}]}}