{"id":27216,"date":"2025-08-14T11:20:44","date_gmt":"2025-08-14T11:20:44","guid":{"rendered":"https:\/\/globalsourcechemicals.com\/?page_id=27216"},"modified":"2025-10-13T09:52:58","modified_gmt":"2025-10-13T09:52:58","slug":"palata","status":"publish","type":"page","link":"https:\/\/globalsourcechemicals.com\/fi\/palata\/","title":{"rendered":"Palautukset"},"content":{"rendered":"<p><strong>Palautusk\u00e4yt\u00e4nt\u00f6<\/strong><\/p>\n\n\n\n<p>Et\u00e4myyntilain mukaan kuluttajilla on 14 p\u00e4iv\u00e4n peruuttamisaika verkko-ostoksissa tuotteen vastaanottamisp\u00e4iv\u00e4st\u00e4 lukien. T\u00e4n\u00e4 aikana he voivat palauttaa tuotteen ilmoittamatta syyt\u00e4.<\/p>\n\n\n\n<p><strong>K\u00e4ytt\u00f6ehdot<\/strong><\/p>\n\n\n\n<p>Peruuttamisoikeuden k\u00e4ytt\u00e4miseen sovelletaan tiettyj\u00e4 lakis\u00e4\u00e4teisi\u00e4 m\u00e4\u00e4r\u00e4yksi\u00e4. Harkinta-ajan aikana kuluttajan on k\u00e4sitelt\u00e4v\u00e4 sek\u00e4 tuotetta ett\u00e4 sen pakkausta huolellisesti. Tuotetta saa purkaa pakkauksestaan tai k\u00e4ytt\u00e4\u00e4 vain siin\u00e4 m\u00e4\u00e4rin kuin on tarpeen sen arvioimiseksi, haluaako kuluttaja pit\u00e4\u00e4 sen. Jos peruuttamisoikeutta k\u00e4ytet\u00e4\u00e4n, tuote kaikkine mukana tulevine lis\u00e4varusteineen on palautettava globalsourcechemicals.com-sivustolle alkuper\u00e4isess\u00e4 kunnossa ja pakkauksessa.<\/p>\n\n\n\n<p>Vaurioituneista, puutteellisesti palautetuista tai paljon k\u00e4ytetyist\u00e4 tuotteista ei saa t\u00e4ytt\u00e4 hyvityst\u00e4.<\/p>\n\n\n\n<p>Palautuskulut ja -riskit ovat asiakkaan vastuulla. globalsourcechemicals.com on velvollinen palauttamaan maksetun summan, lukuun ottamatta palautuskuluja, 30 p\u00e4iv\u00e4n kuluessa.<\/p>\n\n\n\n<p><strong>Peruuta ennen l\u00e4hetyst\u00e4<\/strong><\/p>\n\n\n\n<p>Niin kauan kuin tilausta ei ole viel\u00e4 maksettu, pakattu ja\/tai l\u00e4hetetty, sen voi peruuttaa l\u00e4hett\u00e4m\u00e4ll\u00e4 s\u00e4hk\u00f6postia osoitteeseen info<a>@globalsourcechemicals.com<\/a><\/p>\n\n\n\n<p><strong>Palautukset vastaanottamisen j\u00e4lkeen<\/strong><\/p>\n\n\n\n<p>Saatuaan tilauksesi ja jos haluat palauttaa sen, sinun on ensin l\u00e4hetett\u00e4v\u00e4 s\u00e4hk\u00f6postia osoitteeseen info<a>@globalsourcechemicals.com<\/a><\/p>\n\n\n\n<p>Olet vastuussa vain palautuskuluista. Saat t\u00e4yden hyvityksen, kun globalsourcechemicals.com vastaanottaa palautetun tuotteen.<\/p>\n\n\n\n<p>Huomaathan, ett\u00e4 peruutuksen syyst\u00e4 riippumatta sinun on toimittava lakis\u00e4\u00e4teisen ajan kuluessa. T\u00e4m\u00e4 tarkoittaa, ett\u00e4 sinun on ilmoitettava peruutuksesta globalsourcechemicals.comille 14 p\u00e4iv\u00e4n kuluessa tilauksesi vastaanottamisesta ja palautettava tuote 14 p\u00e4iv\u00e4n kuluessa.<\/p>\n\n\n\n<p><strong>Palautusk\u00e4yt\u00e4nt\u00f6<\/strong><\/p>\n\n\n\n<p>Voit palauttaa tuotteen peruuttamisoikeuden puitteissa, jos:<\/p>\n\n\n\n<ul class=\"wp-block-list\">\n<li>Tuotetta ei ole k\u00e4ytetty.<\/li>\n\n\n\n<li>N\u00e4kyvi\u00e4 vaurioita tai k\u00e4yt\u00f6n j\u00e4lki\u00e4 ei ole.<\/li>\n\n\n\n<li>Tuote, kaikkine osineen, palautetaan samassa kunnossa kuin se vastaanotettiin.<\/li>\n<\/ul>\n\n\n\n<p>Palautettavaa summaa voidaan pienent\u00e4\u00e4, jos:<\/p>\n\n\n\n<ul class=\"wp-block-list\">\n<li>Tuote on vaurioitunut k\u00e4ytt\u00e4j\u00e4n toimesta tai palautuskuljetuksen aikana.<\/li>\n\n\n\n<li>Pakkausmateriaali ei ole alkuper\u00e4isess\u00e4 kunnossa (esimerkiksi jos pakkaus on avattu tai vaurioitunut).<\/li>\n<\/ul>\n\n\n\n<p>Jos kielt\u00e4ydyt tilauksestasi tai et ilmoita selv\u00e4sti haluavasi k\u00e4ytt\u00e4\u00e4 peruuttamisoikeuttasi m\u00e4\u00e4ritetyn ajan kuluessa, globalsourcechemicals.com ei voi selvitt\u00e4\u00e4, miksi tilaus hyl\u00e4ttiin. T\u00e4llaisissa tapauksissa sinulta veloitetaan sek\u00e4 tilaus ett\u00e4 mahdolliset lis\u00e4kustannukset. Sinulla on laillinen velvollisuus ilmoittaa Researchchemicalskopen.netille ajoissa aikomuksestasi palauttaa tuotteet sovitun ajan kuluessa.<\/p>\n\n\n\n<p>Palautettujen tuotteiden tulee olla samassa kunnossa kuin ne l\u00e4htiv\u00e4t varastoltamme.<\/p>","protected":false},"excerpt":{"rendered":"<p>Retourbeleid Volgens de Wet Kopen op Afstand heeft de consument bij online aankopen recht op een bedenktijd van 14 dagen<\/p>","protected":false},"author":1,"featured_media":0,"parent":0,"menu_order":0,"comment_status":"closed","ping_status":"closed","template":"","meta":{"footnotes":""},"class_list":["post-27216","page","type-page","status-publish","hentry"],"_links":{"self":[{"href":"https:\/\/globalsourcechemicals.com\/fi\/wp-json\/wp\/v2\/pages\/27216","targetHints":{"allow":["GET"]}}],"collection":[{"href":"https:\/\/globalsourcechemicals.com\/fi\/wp-json\/wp\/v2\/pages"}],"about":[{"href":"https:\/\/globalsourcechemicals.com\/fi\/wp-json\/wp\/v2\/types\/page"}],"author":[{"embeddable":true,"href":"https:\/\/globalsourcechemicals.com\/fi\/wp-json\/wp\/v2\/users\/1"}],"replies":[{"embeddable":true,"href":"https:\/\/globalsourcechemicals.com\/fi\/wp-json\/wp\/v2\/comments?post=27216"}],"version-history":[{"count":2,"href":"https:\/\/globalsourcechemicals.com\/fi\/wp-json\/wp\/v2\/pages\/27216\/revisions"}],"predecessor-version":[{"id":27515,"href":"https:\/\/globalsourcechemicals.com\/fi\/wp-json\/wp\/v2\/pages\/27216\/revisions\/27515"}],"wp:attachment":[{"href":"https:\/\/globalsourcechemicals.com\/fi\/wp-json\/wp\/v2\/media?parent=27216"}],"curies":[{"name":"wp","href":"https:\/\/api.w.org\/{rel}","templated":true}]}}