{"id":27212,"date":"2025-08-14T11:18:23","date_gmt":"2025-08-14T11:18:23","guid":{"rendered":"https:\/\/globalsourcechemicals.com\/?page_id=27212"},"modified":"2025-10-03T19:30:27","modified_gmt":"2025-10-03T19:30:27","slug":"maksaa","status":"publish","type":"page","link":"https:\/\/globalsourcechemicals.com\/fi\/maksaa\/","title":{"rendered":"Maksaa"},"content":{"rendered":"<p><strong>Maksaminen globalsourcechemicals.com-sivustolla on nopeaa ja turvallista.<\/strong><br>Globalsourcechemicals.com-sivustolla voit maksaa helposti ja turvallisesti. Tarjoamme useita maksutapoja, jotta saat tilauksesi mahdollisimman nopeasti.<\/p>\n\n\n\n<p><strong>K\u00e4yt\u00e4 jotakin alla olevista maksutavoista ja vastaanota tilauksesi mahdollisimman pian.<\/strong><br>Voit valita useista maksuvaihtoehdoista. Valitse sinulle parhaiten sopiva tapa varmistaaksesi tilauksesi nopean toimituksen.<\/p>\n\n\n\n<p><strong>Etk\u00f6 pystynyt suorittamaan maksuasi verkossa ja haluatko silti tehd\u00e4 sen? Siirr\u00e4 se sitten manuaalisesti:<\/strong><br>Jos verkkomaksun suorittamisessa ilmenee ongelmia, voit siirt\u00e4\u00e4 summan manuaalisesti.<\/p>\n\n\n\n<p><strong>HUOM! Saat automaattisen ilmoituksen, jos maksusi onnistuu. K\u00e4sittelemme maksun manuaalisesti ja tarkistamme pankkitili\u00e4mme useita kertoja p\u00e4iv\u00e4ss\u00e4.<\/strong><br>Huomioithan! Kun maksusi on suoritettu, saat vahvistusviestin. K\u00e4sittelemme maksut manuaalisesti ja tarkistamme pankkitili\u00e4mme useita kertoja p\u00e4iv\u00e4ss\u00e4 varmistaaksemme, ett\u00e4 kaikki sujuu ongelmitta.<\/p>\n\n\n\n<p><strong>K\u00e4ytett\u00e4viss\u00e4 olevat maksutavat:<\/strong><br>T\u00e4ss\u00e4 ovat t\u00e4ll\u00e4 hetkell\u00e4 tarjoamamme maksuvaihtoehdot:<\/p>\n\n\n\n<ul class=\"wp-block-list\">\n<li><strong>ihanteellinen<\/strong>&nbsp;(<em>Tilap\u00e4isesti poissa k\u00e4yt\u00f6st\u00e4<\/em>)<br>Suosittu maksutapa Alankomaissa. T\u00e4ll\u00e4 hetkell\u00e4 tilap\u00e4isesti poissa k\u00e4yt\u00f6st\u00e4.<\/li>\n\n\n\n<li><strong>Heti<\/strong>&nbsp;(<em>Tilap\u00e4isesti poissa k\u00e4yt\u00f6st\u00e4<\/em>)<br>Laajalti k\u00e4ytetty maksutapa Saksassa ja muissa Euroopan maissa. T\u00e4ll\u00e4 hetkell\u00e4 tilap\u00e4isesti poissa k\u00e4yt\u00f6st\u00e4.<\/li>\n\n\n\n<li><strong>Bancontact<\/strong>&nbsp;(<em>Tilap\u00e4isesti poissa k\u00e4yt\u00f6st\u00e4<\/em>)<br>Belgian k\u00e4ytetyin maksutapa. T\u00e4ll\u00e4 hetkell\u00e4 tilap\u00e4isesti poissa k\u00e4yt\u00f6st\u00e4.<\/li>\n\n\n\n<li><strong>Luottokortti (VISA \/ MasterCard) (Cointopayn kautta)<\/strong><br>Maksa VISA- tai MasterCard-kortillasi maksupalveluntarjoajan Cointopayn kautta.<\/li>\n\n\n\n<li><strong>Manuaalinen siirto<\/strong><br>Siirr\u00e4 summa manuaalisesti pankkitilillemme Alankomaissa. T\u00e4m\u00e4 on hyv\u00e4 vaihtoehto, jos haluat mieluummin perinteisen pankkisiirron.<\/li>\n\n\n\n<li><strong>Maksa kryptovaluutalla<\/strong><br>Maksa kryptovaluutalla nopeaa ja turvallista tapahtumaa varten.<\/li>\n<\/ul>\n\n\n\n<p><br><strong>Johtop\u00e4\u00e4t\u00f6s:<\/strong><\/p>\n\n\n\n<ul class=\"wp-block-list\">\n<li>\n<ul class=\"wp-block-list\">\n<li><\/li>\n<\/ul>\n<\/li>\n<\/ul>","protected":false},"excerpt":{"rendered":"<p>Betalen bij globalsourcechemicals.com doe je snel en veilig.Bij globalsourcechemicals.com kun je eenvoudig en veilig betalen. We bieden verschillende betaalmethodes aan,<\/p>","protected":false},"author":1,"featured_media":0,"parent":0,"menu_order":0,"comment_status":"closed","ping_status":"closed","template":"","meta":{"footnotes":""},"class_list":["post-27212","page","type-page","status-publish","hentry"],"_links":{"self":[{"href":"https:\/\/globalsourcechemicals.com\/fi\/wp-json\/wp\/v2\/pages\/27212","targetHints":{"allow":["GET"]}}],"collection":[{"href":"https:\/\/globalsourcechemicals.com\/fi\/wp-json\/wp\/v2\/pages"}],"about":[{"href":"https:\/\/globalsourcechemicals.com\/fi\/wp-json\/wp\/v2\/types\/page"}],"author":[{"embeddable":true,"href":"https:\/\/globalsourcechemicals.com\/fi\/wp-json\/wp\/v2\/users\/1"}],"replies":[{"embeddable":true,"href":"https:\/\/globalsourcechemicals.com\/fi\/wp-json\/wp\/v2\/comments?post=27212"}],"version-history":[{"count":3,"href":"https:\/\/globalsourcechemicals.com\/fi\/wp-json\/wp\/v2\/pages\/27212\/revisions"}],"predecessor-version":[{"id":28531,"href":"https:\/\/globalsourcechemicals.com\/fi\/wp-json\/wp\/v2\/pages\/27212\/revisions\/28531"}],"wp:attachment":[{"href":"https:\/\/globalsourcechemicals.com\/fi\/wp-json\/wp\/v2\/media?parent=27212"}],"curies":[{"name":"wp","href":"https:\/\/api.w.org\/{rel}","templated":true}]}}