{"id":27210,"date":"2025-08-14T11:12:54","date_gmt":"2025-08-14T11:12:54","guid":{"rendered":"https:\/\/globalsourcechemicals.com\/?page_id=27210"},"modified":"2025-10-13T09:44:09","modified_gmt":"2025-10-13T09:44:09","slug":"toimitusaika-ja-toimituskulut","status":"publish","type":"page","link":"https:\/\/globalsourcechemicals.com\/fi\/toimitusaika-ja-toimituskulut\/","title":{"rendered":"Toimitusaika ja toimituskulut"},"content":{"rendered":"<p>Toimitusaika ja toimituskulut<br>Teemme parhaamme toimittaaksemme tilauksesi mahdollisimman nopeasti. Arkisin ennen klo 17.00 tehdyt tilaukset l\u00e4hetet\u00e4\u00e4n samana p\u00e4iv\u00e4n\u00e4. T\u00e4m\u00e4 ei kuitenkaan ole aina mahdollista; joskus tuotteet ovat loppu varastosta, ja toimitus voi kest\u00e4\u00e4 hieman kauemmin. Toimitusaika on ilmoitettu tuotesivulla. Jos emme jostain syyst\u00e4 pysty noudattamaan t\u00e4t\u00e4 toimitusaikaa, ilmoitamme siit\u00e4 sinulle luonnollisesti mahdollisimman pian.<\/p>\n\n\n\n<p>Kun olet tehnyt ostoksen, l\u00e4het\u00e4mme sinulle vahvistuss\u00e4hk\u00f6postin. T\u00e4m\u00e4 sis\u00e4lt\u00e4\u00e4 tilausnumerosi, jonka avulla voit tarkistaa ostoksesi tilan. Kun tilauksesi on pakattu ja l\u00e4hetetty, saat toisen s\u00e4hk\u00f6postin, jossa on tietoja ostoksestasi. Suosittelemme tarkistamaan roskapostikansiosi, sill\u00e4 vahvistuss\u00e4hk\u00f6posti on saattanut p\u00e4\u00e4ty\u00e4 sinne. Jos et ole saanut s\u00e4hk\u00f6postia yhden arkip\u00e4iv\u00e4n kuluessa ja olet tarkistanut roskapostikansiosi, ota meihin v\u00e4litt\u00f6m\u00e4sti yhteytt\u00e4.<\/p>\n\n\n\n<p>Globaali kemikaalien toimituspalvelu<br>Bestellingen in Nederland die v\u00f3\u00f3r 17:00 uur bij globalsourcechemicals.com worden geplaatst, worden de volgende werkdag bezorgd, met uitzondering van de Waddeneilanden vanwege vertragingen door boottransport. PostNL zorgt voor een veilige en snelle levering. Bij besteding vanaf \u20ac 50 in onze webshop is de verzending binnen Nederland gratis.<\/p>\n\n\n\n<p>Huomaamaton ja anonyymi pakkaus<br>Tuotteemme pakataan huomaamattomasti ja nimett\u00f6m\u00e4sti, joten kukaan ei n\u00e4e, mit\u00e4 olet tilannut. Vain toimitusosoitteesi on painettu paketin ulkopuolelle.<\/p>\n\n\n\n<p>Tilaustesi toimitus<br>Om uw bestelling te ontvangen, moet u op de bezorgdag thuis zijn. Bent u niet thuis, dan wordt de bestelling, afhankelijk van de vervoerder, meerdere keren opnieuw ingediend. Bent u dan nog steeds niet thuis, dan probeert de bezorger het bij de buren af te leveren of naar een nabijgelegen afhaalpunt te brengen. De bezorger laat u altijd via een briefje weten waar uw pakket zich bevindt. globalsourcechemicals.com zorgt voor de bezorging bij het afhaalpunt, waarna u het zelf moet ophalen. Levering vindt doorgaans plaats van dinsdag tot en met zaterdag tussen 08:00 en 18:00 uur. We kunnen geen exacte levertijden garanderen vanwege de afhankelijkheid van de vervoerder.<\/p>\n\n\n\n<p>Toimitus ja toimituskulut Euroopan maihin<br>Alankomaissa voit valita seuraavista toimitusvaihtoehdoista:<\/p>\n\n\n\n<p>Seurantapalvelulla varustettu postilaatikkopaketti tilauksesi seuraamiseksi hintaan 4,75 \u20ac. Yli 50 \u20ac:n tilaukset toimitetaan ilmaiseksi Alankomaiden sis\u00e4ll\u00e4.<\/p>\n\n\n\n<p>Belgiassa vaihtoehdot ovat:<\/p>\n\n\n\n<p>Seurantal\u00e4hetyksell\u00e4 varustettu postilaatikkopaketti hintaan 9,95 \u20ac. Yli 100 \u20ac:n tilaukset toimitetaan ilmaiseksi Belgian sis\u00e4ll\u00e4.<\/p>\n\n\n\n<p>Huomioithan: Alankomaiden ulkopuolelle tehdyt tilaukset toimitetaan omalla vastuullasi! (Katso ajankohtaiset toimituskulut ja -tavat kassasivultamme.)<\/p>\n\n\n\n<p>Alta l\u00f6yd\u00e4t taulukon, jossa on toimituskulut maittain:<\/p>\n\n\n\n<p>Tuoteturvallisuusohjeet<br>We benadrukken dat onze globalsourcechemicals.com uitsluitend bedoeld zijn voor onderzoeksdoeleinden en niet voor persoonlijk gebruik. Raadpleeg onze algemene voorwaarden en veiligheidsrichtlijnen voordat u een aankoop doet bij globalsourcechemicals.com Als u om welke reden dan ook niet tevreden bent met uw bestelling, bekijk dan ons retourbeleid.<\/p>\n\n\n\n<p><\/p>","protected":false},"excerpt":{"rendered":"<p>Levertijd en verzendkostenWe doen ons best om de bestelling zo snel mogelijk bij u af te leveren. Bestellingen die op<\/p>","protected":false},"author":1,"featured_media":0,"parent":0,"menu_order":0,"comment_status":"closed","ping_status":"closed","template":"","meta":{"footnotes":""},"class_list":["post-27210","page","type-page","status-publish","hentry"],"_links":{"self":[{"href":"https:\/\/globalsourcechemicals.com\/fi\/wp-json\/wp\/v2\/pages\/27210","targetHints":{"allow":["GET"]}}],"collection":[{"href":"https:\/\/globalsourcechemicals.com\/fi\/wp-json\/wp\/v2\/pages"}],"about":[{"href":"https:\/\/globalsourcechemicals.com\/fi\/wp-json\/wp\/v2\/types\/page"}],"author":[{"embeddable":true,"href":"https:\/\/globalsourcechemicals.com\/fi\/wp-json\/wp\/v2\/users\/1"}],"replies":[{"embeddable":true,"href":"https:\/\/globalsourcechemicals.com\/fi\/wp-json\/wp\/v2\/comments?post=27210"}],"version-history":[{"count":3,"href":"https:\/\/globalsourcechemicals.com\/fi\/wp-json\/wp\/v2\/pages\/27210\/revisions"}],"predecessor-version":[{"id":28543,"href":"https:\/\/globalsourcechemicals.com\/fi\/wp-json\/wp\/v2\/pages\/27210\/revisions\/28543"}],"wp:attachment":[{"href":"https:\/\/globalsourcechemicals.com\/fi\/wp-json\/wp\/v2\/media?parent=27210"}],"curies":[{"name":"wp","href":"https:\/\/api.w.org\/{rel}","templated":true}]}}