{"id":27204,"date":"2025-08-14T10:59:23","date_gmt":"2025-08-14T10:59:23","guid":{"rendered":"https:\/\/globalsourcechemicals.com\/?page_id=27204"},"modified":"2025-10-03T19:35:52","modified_gmt":"2025-10-03T19:35:52","slug":"peruuttamisoikeus","status":"publish","type":"page","link":"https:\/\/globalsourcechemicals.com\/fi\/peruuttamisoikeus\/","title":{"rendered":"Peruuttamisoikeus"},"content":{"rendered":"<p>Asiakkaana sinulla on oikeus k\u00e4ytt\u00e4\u00e4 peruutusoikeuttasi 14 p\u00e4iv\u00e4n kuluessa tilauksesi vastaanottamisesta ilman syyt\u00e4. Sinulla on oikeus purkaa pakkauksesta tai testata vastaanotetut tuotteet siin\u00e4 m\u00e4\u00e4rin kuin on tarpeen niiden ominaisuuksien, piirteiden ja toimivuuden arvioimiseksi. Jos p\u00e4\u00e4t\u00e4t k\u00e4ytt\u00e4\u00e4 peruutusoikeuttasi, sinun on k\u00e4sitelt\u00e4v\u00e4 tuotteita huolellisesti ja palautettava ne globalsourcechemicalsille alkuper\u00e4isess\u00e4 kunnossa ja pakkauksessaan. Ostaja vastaa tuotteiden palautuskustannuksista. Katso lis\u00e4tietoja tuotteiden palauttamisesta palautus- ja vaihto-ohjeistamme.<\/p>\n\n\n\n<p>Helposti pilaantuvia ja hygieenisi\u00e4 tuotteita koskevat poikkeukset<br>Globalsourcechemicalsilta ostettuja tuotteita, joilla on rajoitettu s\u00e4ilyvyysaika (kuten hygieniatuotteet tai personoidut tuotteet), ei voida palauttaa, jos sinetti on rikki toimituksen j\u00e4lkeen. Peruuttamisoikeus ei koske n\u00e4it\u00e4 tuotteita. Kauppa on lopullinen, kun maksu on suoritettu onnistuneesti, kuten tarjouksessamme selv\u00e4sti mainitaan.<\/p>","protected":false},"excerpt":{"rendered":"<p>Als klant heeft u de mogelijkheid om binnen een termijn van 14 dagen na ontvangst van uw bestelling zonder opgave<\/p>","protected":false},"author":1,"featured_media":0,"parent":0,"menu_order":0,"comment_status":"closed","ping_status":"closed","template":"","meta":{"footnotes":""},"class_list":["post-27204","page","type-page","status-publish","hentry"],"_links":{"self":[{"href":"https:\/\/globalsourcechemicals.com\/fi\/wp-json\/wp\/v2\/pages\/27204","targetHints":{"allow":["GET"]}}],"collection":[{"href":"https:\/\/globalsourcechemicals.com\/fi\/wp-json\/wp\/v2\/pages"}],"about":[{"href":"https:\/\/globalsourcechemicals.com\/fi\/wp-json\/wp\/v2\/types\/page"}],"author":[{"embeddable":true,"href":"https:\/\/globalsourcechemicals.com\/fi\/wp-json\/wp\/v2\/users\/1"}],"replies":[{"embeddable":true,"href":"https:\/\/globalsourcechemicals.com\/fi\/wp-json\/wp\/v2\/comments?post=27204"}],"version-history":[{"count":3,"href":"https:\/\/globalsourcechemicals.com\/fi\/wp-json\/wp\/v2\/pages\/27204\/revisions"}],"predecessor-version":[{"id":28532,"href":"https:\/\/globalsourcechemicals.com\/fi\/wp-json\/wp\/v2\/pages\/27204\/revisions\/28532"}],"wp:attachment":[{"href":"https:\/\/globalsourcechemicals.com\/fi\/wp-json\/wp\/v2\/media?parent=27204"}],"curies":[{"name":"wp","href":"https:\/\/api.w.org\/{rel}","templated":true}]}}