{"id":27196,"date":"2025-08-14T10:52:21","date_gmt":"2025-08-14T10:52:21","guid":{"rendered":"https:\/\/globalsourcechemicals.com\/?page_id=27196"},"modified":"2025-10-13T09:51:39","modified_gmt":"2025-10-13T09:51:39","slug":"tietosuojaseloste","status":"publish","type":"page","link":"https:\/\/globalsourcechemicals.com\/fi\/tietosuojaseloste\/","title":{"rendered":"Tietosuojaseloste"},"content":{"rendered":"<p>Tietosuojaseloste<br>Dit is de privacyverklaring van globalsourcechemicals.com Toepasselijkheid: Deze privacyverklaring is van toepassing op alle privacygevoelige informatie of persoonsgegevens die u aan ons verstrekt, bijvoorbeeld via een registratieformulier, contactformulier of bestellingen die u plaatst.<\/p>\n\n\n\n<p>Arvostamme asiakkaidemme yksityisyytt\u00e4 ja siksi noudatamme \u00e4\u00e4rimm\u00e4ist\u00e4 huolellisuutta henkil\u00f6tietojen k\u00e4sittelyss\u00e4 ja suojaamisessa. K\u00e4sittelemme tietoja yleisen tietosuoja-asetuksen (GDPR) mukaisesti.<\/p>\n\n\n\n<p>globalsourcechemicals.com is verantwoordelijke in de zin van de AVG ten aanzien van de verwerking van uw persoonsgegevens. Dit betekent dat alleen wij bepalen welke persoonsgegevens worden verwerkt, met welk doel en op welke wijze. Wij zijn ervoor verantwoordelijk dat uw persoonsgegevens op een behoorlijke en zorgvuldige wijze worden verwerkt in overeenstemming met de AVG. In deze privacyverklaring leggen wij uit welke gegevens wij verwerken en voor welke doeleinden deze worden gebruikt. Overzicht persoonsgegevens Hieronder vindt u een overzicht van de persoonsgegevens die wij verwerken:<\/p>\n\n\n\n<ul class=\"wp-block-list\">\n<li>Etunimi ja sukunimi<\/li>\n\n\n\n<li>Osoite<\/li>\n\n\n\n<li>Puhelinnumero<\/li>\n\n\n\n<li>S\u00e4hk\u00f6postiosoite<\/li>\n\n\n\n<li>Verkkosivuston k\u00e4vij\u00e4n IP-osoite<br>HENKIL\u00d6TIETOJEN K\u00c4SITTELYN TARKOITUS JA PERUSTE<br>Hyv\u00e4ksym\u00e4ll\u00e4 t\u00e4m\u00e4n tietosuojaselosteen annat nimenomaisesti suostumuksesi henkil\u00f6tietojesi k\u00e4sittelyyn alla lueteltuihin tarkoituksiin, kuten GDPR:n 6 artiklan 1 kohdan a alakohdassa on m\u00e4\u00e4ritelty. Voit peruuttaa t\u00e4m\u00e4n suostumuksen milloin tahansa. Jos et kuitenkaan anna meille tiettyj\u00e4 tietoja tai et salli meid\u00e4n k\u00e4sitell\u00e4 niit\u00e4, emme v\u00e4ltt\u00e4m\u00e4tt\u00e4 pysty tarjoamaan sinulle parasta mahdollista palvelua.<\/li>\n<\/ul>\n\n\n\n<p>Indien u ons geen expliciete toestemming heeft gegeven voor de verwerking van uw persoonsgegevens of indien u deze toestemming heeft ingetrokken, kan de verwerking van uw persoonsgegevens gebaseerd zijn op artikel 6 lid 1 onder b, c en\/of f van de AVG. In dat geval kan de verwerking van uw persoonsgegevens zonder uw toestemming plaatsvinden, mits dit noodzakelijk is voor de uitvoering van een overeenkomst waarbij u partij bent of wordt, of noodzakelijk is voor de behartiging van de gerechtvaardigde belangen van globalsourcechemicals.com Daarnaast kunnen wij wettelijk verplicht zijn uw persoonsgegevens te verwerken.<\/p>\n\n\n\n<p>K\u00e4sittelemme henkil\u00f6tietojasi seuraaviin tarkoituksiin:<\/p>\n\n\n\n<p>\u2013 Palvelujemme tarjoamiseksi (tavaroiden toimittamiseksi sinulle)<\/p>\n\n\n\n<ul class=\"wp-block-list\">\n<li>Maksusi k\u00e4sittelemiseksi<br>\u2013 L\u00e4hett\u00e4\u00e4ksesi uutiskirjeemme<\/li>\n\n\n\n<li>Tiedottaaksemme sinulle palveluidemme ja tuotteidemme muutoksista<\/li>\n\n\n\n<li>Tarjotakseen sinulle mahdollisuuden luoda tilin<br>Emme s\u00e4ilyt\u00e4 henkil\u00f6tietojasi pidemp\u00e4\u00e4n kuin on ehdottoman v\u00e4ltt\u00e4m\u00e4t\u00f6nt\u00e4 niiden tarkoitusten saavuttamiseksi, joita varten tietosi on ker\u00e4tty.<\/li>\n\n\n\n<li>LUOVUTUS KOLMANSILLE OSAPUOLILLE<\/li>\n\n\n\n<li>Voimme jakaa henkil\u00f6tietojasi kolmansille osapuolille, jos se on edell\u00e4 mainittujen tarkoitusten mukaista. Tietojen luovuttaminen kolmansille osapuolille voi olla tarpeen kanssasi tekem\u00e4mme sopimuksen t\u00e4yt\u00e4nt\u00f6\u00f6npanemiseksi, oikeutetun etumme toteuttamiseksi tai meit\u00e4 koskevan lakis\u00e4\u00e4teisen velvoitteen noudattamiseksi.<\/li>\n\n\n\n<li>Meill\u00e4 on tietojenk\u00e4sittelysopimuksia yritysten kanssa, jotka k\u00e4sittelev\u00e4t tietojasi puolestamme, varmistaaksemme saman tietoturvan ja luottamuksellisuuden tason. Olemme edelleen vastuussa n\u00e4ist\u00e4 k\u00e4sittelytoimista. Edell\u00e4 mainittujen tilanteiden ulkopuolella luovutamme henkil\u00f6tietojasi muille kolmansille osapuolille vain nimenomaisella suostumuksellasi.<\/li>\n\n\n\n<li>KAUPALLISET TAVOITTEET<\/li>\n\n\n\n<li>Voimme k\u00e4ytt\u00e4\u00e4 henkil\u00f6tietojasi kaupallisiin tarkoituksiin, esimerkiksi tarjotaksemme sinulle lis\u00e4tietoja palveluistamme tai asiaankuuluvista tuotteistamme tai tarjontaamme liittyvist\u00e4 lains\u00e4\u00e4d\u00e4nt\u00f6muutoksista. T\u00e4llaisissa tapauksissa saat ilmoituksen vain rekister\u00f6ityyn s\u00e4hk\u00f6postiosoitteeseen. Jos et halua vastaanottaa tietoja asiaankuuluvista tuotteista tai palveluista, voit yksinkertaisesti peruuttaa tilauksen napsauttamalla &quot;peruuta tilaus&quot; -painiketta vastaanottamassasi s\u00e4hk\u00f6postissa. Henkil\u00f6tietosi anonymisoidaan markkinatutkimustarkoituksiin ennen niiden k\u00e4ytt\u00f6\u00e4 palveluidemme optimointiin, eik\u00e4 niit\u00e4 voida en\u00e4\u00e4 j\u00e4ljitt\u00e4\u00e4 sinuun.<\/li>\n\n\n\n<li>Tietojasi ei myyd\u00e4 tai jaeta kolmansille osapuolille kaupallisiin tarkoituksiin, ellet anna t\u00e4h\u00e4n nimenomaista lupaa.<\/li>\n\n\n\n<li>Ev\u00e4steet<\/li>\n\n\n\n<li>Ev\u00e4ste on pieni tekstitiedosto, joka tallennetaan tietokoneellesi, tabletillesi tai \u00e4lypuhelimeesi, kun vierailet t\u00e4ll\u00e4 verkkosivustolla ensimm\u00e4isen kerran. Voit poistaa n\u00e4m\u00e4 ev\u00e4steet k\u00e4yt\u00f6st\u00e4 m\u00e4\u00e4ritt\u00e4m\u00e4ll\u00e4 internetselaimesi niin, ettei niit\u00e4 en\u00e4\u00e4 tallenneta. Voit my\u00f6s poistaa kaikki aiemmin tallennetut tiedot selaimesi asetuksista.<\/li>\n\n\n\n<li>K\u00e4yt\u00e4mme seuraavia ev\u00e4steit\u00e4:<\/li>\n\n\n\n<li>Toiminnalliset ev\u00e4steet: n\u00e4m\u00e4 ev\u00e4steet ovat v\u00e4ltt\u00e4m\u00e4tt\u00f6mi\u00e4 verkkosivuston teknisen toiminnan ja k\u00e4ytt\u00f6mukavuuden kannalta. Ne varmistavat, ett\u00e4 verkkosivusto toimii oikein ja muistaa esimerkiksi mieltymyksesi. Ne mahdollistavat my\u00f6s verkkosivustomme optimoinnin. N\u00e4m\u00e4 ovat analyyttisi\u00e4 ev\u00e4steit\u00e4, jotka eiv\u00e4t loukkaa yksityisyytt\u00e4si. Emme tarvitse n\u00e4ihin etuk\u00e4teen suostumustasi.<\/li>\n\n\n\n<li>&#8221; Google Analytics: via deze website worden cookies geplaatst van het Amerikaanse bedrijf Google, als deel van de &#8220;Analytics&#8221;-dienst. globalsourcechemicals.com gebruikt deze dienst om rapportages te ontvangen over hoe de website wordt gebruikt en om de kwaliteit en effectiviteit ervan te meten. Wij gebruiken Google Analytics op de wijze zoals voorgeschreven door de Autoriteit Persoonsgegevens om te vallen onder de uitzondering in de cookiewet. Dit betekent dat wij geen voorafgaande toestemming van u nodig hebben om Google Analytics te gebruiken.<\/li>\n\n\n\n<li>N\u00c4KEMYKSET, KORJAA TAI POISTA<\/li>\n\n\n\n<li>Sinulla on oikeus tarkastella, oikaista tai poistaa henkil\u00f6tietojasi. Sinulla on my\u00f6s oikeus peruuttaa suostumuksesi henkil\u00f6tietojesi k\u00e4sittelyyn tai vastustaa henkil\u00f6tietojesi k\u00e4sittely\u00e4. Sinulla on oikeus siirt\u00e4\u00e4 tiedot j\u00e4rjestelm\u00e4st\u00e4 toiseen, jos meill\u00e4 on digitaalisia henkil\u00f6tietoja, joita k\u00e4sittelemme joko suostumuksesi perusteella tai t\u00e4ytt\u00e4\u00e4ksemme kanssasi tekem\u00e4mme sopimuksen.<\/li>\n\n\n\n<li>T\u00e4m\u00e4 tarkoittaa, ett\u00e4 voit l\u00e4hett\u00e4\u00e4 meille pyynn\u00f6n l\u00e4hett\u00e4\u00e4 sinusta tallentamamme digitaaliset henkil\u00f6tiedot luettavassa tietokonetiedostossa sinulle tai nime\u00e4m\u00e4llesi toiselle organisaatiolle.<\/li>\n\n\n\n<li>Voit l\u00e4hett\u00e4\u00e4 pyynn\u00f6n henkil\u00f6tietojesi tarkastamisesta, korjaamisesta, poistamisesta tai siirt\u00e4misest\u00e4 tai suostumuksesi peruuttamisesta tai henkil\u00f6tietojesi k\u00e4sittelyn vastustamisesta osoitteeseen info@globalsourcechemicals.com.<\/li>\n\n\n\n<li>Varmistaaksemme, ett\u00e4 olet itse tehnyt pyynn\u00f6n, pyyd\u00e4mme sinua liitt\u00e4m\u00e4\u00e4n pyynt\u00f6\u00f6n kopion henkil\u00f6llisyystodistuksestasi. Poista t\u00e4st\u00e4 kopiosta passikuvasi, koneellisesti luettava alue (MRZ, passin alareunassa oleva numeronauha), passinumerosi ja kansalaispalvelunumerosi (BSN). T\u00e4m\u00e4 on yksityisyytesi suojaamiseksi. Vastaamme pyynt\u00f6\u00f6si mahdollisimman pian, mutta nelj\u00e4n viikon kuluessa.<\/li>\n\n\n\n<li>Haluamme my\u00f6s huomauttaa, ett\u00e4 sinulla on mahdollisuus tehd\u00e4 valitus kansalliselle valvontaviranomaiselle, Alankomaiden tietosuojaviranomaiselle.<\/li>\n\n\n\n<li>Yhteystiedot<\/li>\n\n\n\n<li>Suhtaudumme tietojesi suojaamiseen vakavasti ja toteutamme asianmukaisia toimenpiteit\u00e4 est\u00e4\u00e4ksemme v\u00e4\u00e4rink\u00e4yt\u00f6kset, katoamisen, luvattoman k\u00e4yt\u00f6n, ei-toivotun paljastumisen ja luvattoman muokkaamisen. Jos uskot, ett\u00e4 tietojasi ei ole suojattu asianmukaisesti tai jos on merkkej\u00e4 v\u00e4\u00e4rink\u00e4yt\u00f6st\u00e4, ota yhteytt\u00e4 asiakaspalveluumme tai l\u00e4het\u00e4 meille s\u00e4hk\u00f6postia osoitteeseen info@globalsourcechemicals.com.<\/li>\n<\/ul>","protected":false},"excerpt":{"rendered":"<p>PrivacyverklaringDit is de privacyverklaring van globalsourcechemicals.com Toepasselijkheid: Deze privacyverklaring is van toepassing op alle privacygevoelige informatie of persoonsgegevens die u<\/p>","protected":false},"author":1,"featured_media":0,"parent":0,"menu_order":0,"comment_status":"closed","ping_status":"closed","template":"","meta":{"footnotes":""},"class_list":["post-27196","page","type-page","status-publish","hentry"],"_links":{"self":[{"href":"https:\/\/globalsourcechemicals.com\/fi\/wp-json\/wp\/v2\/pages\/27196","targetHints":{"allow":["GET"]}}],"collection":[{"href":"https:\/\/globalsourcechemicals.com\/fi\/wp-json\/wp\/v2\/pages"}],"about":[{"href":"https:\/\/globalsourcechemicals.com\/fi\/wp-json\/wp\/v2\/types\/page"}],"author":[{"embeddable":true,"href":"https:\/\/globalsourcechemicals.com\/fi\/wp-json\/wp\/v2\/users\/1"}],"replies":[{"embeddable":true,"href":"https:\/\/globalsourcechemicals.com\/fi\/wp-json\/wp\/v2\/comments?post=27196"}],"version-history":[{"count":2,"href":"https:\/\/globalsourcechemicals.com\/fi\/wp-json\/wp\/v2\/pages\/27196\/revisions"}],"predecessor-version":[{"id":28551,"href":"https:\/\/globalsourcechemicals.com\/fi\/wp-json\/wp\/v2\/pages\/27196\/revisions\/28551"}],"wp:attachment":[{"href":"https:\/\/globalsourcechemicals.com\/fi\/wp-json\/wp\/v2\/media?parent=27196"}],"curies":[{"name":"wp","href":"https:\/\/api.w.org\/{rel}","templated":true}]}}