{"id":25980,"date":"2025-04-21T12:25:45","date_gmt":"2025-04-21T12:25:45","guid":{"rendered":"https:\/\/globalsourcechemicals.com\/?page_id=25980"},"modified":"2025-10-13T07:55:12","modified_gmt":"2025-10-13T07:55:12","slug":"tilaaminen-ja-toimitus","status":"publish","type":"page","link":"https:\/\/globalsourcechemicals.com\/fi\/tilaaminen-ja-toimitus\/","title":{"rendered":"Tilaaminen ja toimitus"},"content":{"rendered":"<p><strong>Tilaustiedot<\/strong><br>Na het plaatsen van een bestelling via onze website ontvang je direct een bevestigingsmail. Deze kan mogelijk in je spambox terechtkomen, dus controleer deze als je geen bevestiging in je inbox ziet. In de bevestigingsmail vind je je bestelnummer, waarmee je de status van je bestelling kunt volgen. Zodra je bestelling is verzonden, ontvang je een track &amp; trace-nummer per e-mail. Houd er rekening mee dat dit proces in het weekend iets langer kan duren. Mocht je na \u00e9\u00e9n werkdag nog geen track &amp; trace-nummer hebben ontvangen, neem dan contact op met onze klantenservice via WhatsApp op +31620245658<\/p>\n\n\n\n<p><strong>Toimitustavat<\/strong><br>Tarjoamme useita toimitusvaihtoehtoja, kuten pakettil\u00e4hetyksen ja postilokero-ostokset.<\/p>\n\n\n\n<p><strong>Pakettiposti<\/strong><\/p>\n\n\n\n<ol class=\"wp-block-list\">\n<li>Geen eigen risico: globalsourcechemicals.com is verantwoordelijk als je pakket volgens de track &amp; trace niet is bezorgd.<\/li>\n\n\n\n<li>Toimitus noutopisteeseen: Voit valita tilauksesi toimituksen noutopisteeseen.<\/li>\n\n\n\n<li>Seuranta: Aina saatavilla.<\/li>\n\n\n\n<li>Maanantaitoimitus: Pakettipostia toimitetaan my\u00f6s maanantaisin.<\/li>\n\n\n\n<li>Ennen klo 19.30 tehdyt tilaukset l\u00e4hetet\u00e4\u00e4n samana arkip\u00e4iv\u00e4n\u00e4.<\/li>\n<\/ol>\n\n\n\n<p>Huomioithan: Sinun on oltava kotona vastaanottamassa l\u00e4hetyst\u00e4si. Jos et ole kotona, voit noutaa pakettisi l\u00e4himm\u00e4st\u00e4 noutopisteest\u00e4. Takaamme toimituksen noutopisteeseen; sen j\u00e4lkeen olet itse vastuussa tilauksesi noutamisesta.<\/p>\n\n\n\n<p><strong>Postilaatikkoposti<\/strong><\/p>\n\n\n\n<ol class=\"wp-block-list\">\n<li>Op eigen risico: globalsourcechemicals.com kan niet aansprakelijk worden gesteld voor problemen met brievenbuspost.<\/li>\n\n\n\n<li>Ei vaihtoehtoja noutopisteille.<\/li>\n\n\n\n<li>Rajoitettu seuranta: Ensimm\u00e4inen skannaus suoritetaan aina oikein, joten voit olla varma, ett\u00e4 olemme l\u00e4hett\u00e4neet kirjeen.<\/li>\n\n\n\n<li>Ei toimituksia sunnuntaisin ja maanantaisin.<\/li>\n\n\n\n<li>Ennen klo 17.00 tehdyt tilaukset l\u00e4hetet\u00e4\u00e4n samana arkip\u00e4iv\u00e4n\u00e4.<\/li>\n<\/ol>\n\n\n\n<p>Etu: Sinun ei tarvitse olla kotona vastaanottaaksesi l\u00e4hetyst\u00e4si.<\/p>\n\n\n\n<p><strong>Toimitustiedot<\/strong><\/p>\n\n\n\n<ul class=\"wp-block-list\">\n<li><strong>Pakettiposti:<\/strong>&nbsp;Pakettipostilla l\u00e4hetett\u00e4v\u00e4t tilaukset l\u00e4hetet\u00e4\u00e4n joka arkip\u00e4iv\u00e4 klo 19.30.<\/li>\n\n\n\n<li><strong>Postilaatikkoposti:<\/strong>&nbsp;Postilaatikon kautta l\u00e4hetetyt tilaukset l\u00e4hetet\u00e4\u00e4n joka arkip\u00e4iv\u00e4 klo 17.<\/li>\n<\/ul>\n\n\n\n<p><strong>Hinnat<\/strong><\/p>\n\n\n\n<ul class=\"wp-block-list\">\n<li>Toimitus pakettipostilla: 6,95 \u20ac<\/li>\n\n\n\n<li>Toimitus kirjeenvaihtoon: 3,95 \u20ac<\/li>\n<\/ul>\n\n\n\n<p><strong>Huomaamaton pakkaus<\/strong><br>Alle bestellingen worden discreet verpakt. De enige informatie op de buitenkant is je adres en ons retouradres. Het retouradres is een postbusnummer (opvraagbaar bij onze klantenservice) en niet het globalsourcechemicals.com-logo.<br><\/p>\n\n\n\n<p><strong>Toimitamme tilauksia vain seuraaviin maihin:<br><em>(vain mantereella, ei saaria)<\/em><\/strong><\/p>\n\n\n\n<ul class=\"wp-block-list\">\n<li>Alankomaat<\/li>\n\n\n\n<li>Belgia<\/li>\n\n\n\n<li>Bulgaria<\/li>\n\n\n\n<li>Viro<\/li>\n\n\n\n<li>Ranska<\/li>\n\n\n\n<li>Kreikka<\/li>\n\n\n\n<li>Unkari<\/li>\n\n\n\n<li>Irlanti<\/li>\n\n\n\n<li>Italia<\/li>\n\n\n\n<li>Kroatia<\/li>\n\n\n\n<li>Latvia<\/li>\n\n\n\n<li>Liettua<\/li>\n\n\n\n<li>Luxemburg<\/li>\n\n\n\n<li>It\u00e4valta<\/li>\n\n\n\n<li>Puola<\/li>\n\n\n\n<li>Portugali<\/li>\n\n\n\n<li>Romania<\/li>\n\n\n\n<li>Slovenia<\/li>\n\n\n\n<li>Slovakia<\/li>\n\n\n\n<li>T\u0161ekin tasavalta<\/li>\n\n\n\n<li>Kiina<\/li>\n\n\n\n<li>Tanska<\/li>\n\n\n\n<li>Saksa&nbsp;<em>(Pian sallittu: 1D-LSD \/ NB-5-MeO-DALT Oksalaatti \/ NB-5-MeO-MiPT Oksalaatti)<\/em><\/li>\n\n\n\n<li>Suomi<\/li>\n\n\n\n<li>Iso-Britannia<\/li>\n\n\n\n<li>Norja<\/li>\n\n\n\n<li>Espanja<\/li>\n\n\n\n<li>Yhdysvallat<\/li>\n\n\n\n<li>Etel\u00e4-Korea<\/li>\n\n\n\n<li>Ruotsi<\/li>\n\n\n\n<li>Sveitsi<\/li>\n<\/ul>\n\n\n\n<p><strong>Vastuuvapauslauseke<\/strong><\/p>\n\n\n\n<p>Als klant van globalsourcechemicals.com ben je zelf verantwoordelijk voor een correct verzendadres binnen de toegestane landen. Je dient zelf binnen je eigen land te controleren of het door jou bestelde product toegestaan is.<\/p>\n\n\n\n<p><strong>Palautukset<\/strong><br>Voit palauttaa tuotteesi\/tuotteesi k\u00e4ytt\u00e4m\u00e4ll\u00e4 jokaisen l\u00e4hetyksen mukana tulevaa postilaatikkoa. Voit palauttaa avaamattomat tuotteet kahden viikon kuluessa niiden vastaanottamisesta saadaksesi t\u00e4yden hyvityksen tai vaihdon.<\/p>\n\n\n\n<p><strong>Pakkaus<\/strong><br>Pakkaamme tuotteet eriv\u00e4risiin ja -sis\u00e4lt\u00f6isiin pusseihin:<\/p>\n\n\n\n<ul class=\"wp-block-list\">\n<li>Hopeinen laukku: 1 tuote<\/li>\n\n\n\n<li>Kultainen laukku: 2 tuotetta<\/li>\n\n\n\n<li>Violetti laukku: 5 tuotetta<\/li>\n\n\n\n<li>Sininen laukku: 10 tuotetta<\/li>\n\n\n\n<li>Musta laukku: 25 tuotetta<\/li>\n<\/ul>\n\n\n\n<p><strong>Maksutavat<\/strong><br>iDEALilla on t\u00e4ll\u00e4 hetkell\u00e4 ongelmia, mutta voit silti maksaa pankkisiirrolla. Siirr\u00e4 ostosumma tilillemme ja lis\u00e4\u00e4 tilausnumerosi ensimm\u00e4iset numerot kuvaukseen.<\/p>","protected":false},"excerpt":{"rendered":"<p>TilaustiedotKun olet tehnyt tilauksen verkkosivustomme kautta, saat v\u00e4litt\u00f6m\u00e4sti vahvistuss\u00e4hk\u00f6postin. T\u00e4m\u00e4 saattaa olla roskapostikansiossasi.<\/p>","protected":false},"author":1,"featured_media":0,"parent":0,"menu_order":0,"comment_status":"closed","ping_status":"closed","template":"","meta":{"footnotes":""},"class_list":["post-25980","page","type-page","status-publish","hentry"],"_links":{"self":[{"href":"https:\/\/globalsourcechemicals.com\/fi\/wp-json\/wp\/v2\/pages\/25980","targetHints":{"allow":["GET"]}}],"collection":[{"href":"https:\/\/globalsourcechemicals.com\/fi\/wp-json\/wp\/v2\/pages"}],"about":[{"href":"https:\/\/globalsourcechemicals.com\/fi\/wp-json\/wp\/v2\/types\/page"}],"author":[{"embeddable":true,"href":"https:\/\/globalsourcechemicals.com\/fi\/wp-json\/wp\/v2\/users\/1"}],"replies":[{"embeddable":true,"href":"https:\/\/globalsourcechemicals.com\/fi\/wp-json\/wp\/v2\/comments?post=25980"}],"version-history":[{"count":2,"href":"https:\/\/globalsourcechemicals.com\/fi\/wp-json\/wp\/v2\/pages\/25980\/revisions"}],"predecessor-version":[{"id":28542,"href":"https:\/\/globalsourcechemicals.com\/fi\/wp-json\/wp\/v2\/pages\/25980\/revisions\/28542"}],"wp:attachment":[{"href":"https:\/\/globalsourcechemicals.com\/fi\/wp-json\/wp\/v2\/media?parent=25980"}],"curies":[{"name":"wp","href":"https:\/\/api.w.org\/{rel}","templated":true}]}}