{"id":27458,"date":"2025-09-02T16:57:33","date_gmt":"2025-09-02T16:57:33","guid":{"rendered":"https:\/\/globalsourcechemicals.com\/?post_type=product&#038;p=27458"},"modified":"2025-10-02T14:53:36","modified_gmt":"2025-10-02T14:53:36","slug":"bensokaiini-pulber-%e2%89%a599-0","status":"publish","type":"product","link":"https:\/\/globalsourcechemicals.com\/et\/pood\/kategooriatesse\/bensokaiini-pulber-%e2%89%a599-0\/","title":{"rendered":"Bensokaiini pulber \u226599.0%"},"content":{"rendered":"<p data-start=\"433\" data-end=\"736\">Meie <strong data-start=\"437\" data-end=\"465\">Bensokaiini pulber \u226599.0%<\/strong> on \u00fclipuhas ja kvaliteetne tooraine, mida kasutatakse laialdaselt farmaatsia-, kosmeetika- ja t\u00f6\u00f6stuslikes rakendustes. T\u00e4nu suurep\u00e4rasele kvaliteedile ja puhtusele vastab see toode k\u00f5ige rangematele standarditele ja sobib v\u00e4ga erinevateks otstarveteks.<\/p>\n<p data-start=\"738\" data-end=\"768\"><strong data-start=\"738\" data-end=\"766\">Peamised omadused:<\/strong><\/p>\n<ul data-start=\"769\" data-end=\"1018\">\n<li data-start=\"769\" data-end=\"791\">\n<p data-start=\"771\" data-end=\"791\">Puhtus: \u226599.0%<\/p>\n<\/li>\n<li data-start=\"792\" data-end=\"829\">\n<p data-start=\"794\" data-end=\"829\">Vorm: peen valge kristalliline pulber<\/p>\n<\/li>\n<li data-start=\"830\" data-end=\"930\">\n<p data-start=\"832\" data-end=\"930\">Lahustuvus: Lahustub h\u00e4sti alkoholis ja orgaanilistes lahustites, vees raskesti lahustuv<\/p>\n<\/li>\n<li data-start=\"931\" data-end=\"954\">\n<p data-start=\"933\" data-end=\"954\">CASi number: 94-09-7<\/p>\n<\/li>\n<li data-start=\"955\" data-end=\"984\">\n<p data-start=\"957\" data-end=\"984\">Molekulaarne valem: C9H11NO2<\/p>\n<\/li>\n<li data-start=\"985\" data-end=\"1018\">\n<p data-start=\"987\" data-end=\"1018\">Molekulaarmass: 165,19 g\/mol<\/p>\n<\/li>\n<\/ul>\n<p data-start=\"1020\" data-end=\"1039\"><strong data-start=\"1020\" data-end=\"1037\">Rakendused:<\/strong><\/p>\n<ul data-start=\"1040\" data-end=\"1298\">\n<li data-start=\"1040\" data-end=\"1132\">\n<p data-start=\"1042\" data-end=\"1132\">Farmaatsiat\u00f6\u00f6stus: kasutatakse lokaalanesteetikumina kreemides, geelides ja pihustites<\/p>\n<\/li>\n<li data-start=\"1133\" data-end=\"1210\">\n<p data-start=\"1135\" data-end=\"1210\">Kosmeetikasektor: kasutatakse ajutise valuvaigistava toimega toodetes<\/p>\n<\/li>\n<li data-start=\"1211\" data-end=\"1298\">\n<p data-start=\"1213\" data-end=\"1298\">Uuringud ja laborid: kasutatav teaduslikel ja anal\u00fc\u00fctilistel eesm\u00e4rkidel<\/p>\n<\/li>\n<\/ul>\n<p data-start=\"1300\" data-end=\"1462\"><strong data-start=\"1300\" data-end=\"1325\">Salvestusruum ja turvalisus:<\/strong><br data-start=\"1325\" data-end=\"1328\" \/>Hoida toodet jahedas, kuivas ja otsese p\u00e4ikesevalguse ning niiskuse eest kaitstult. Sobib ainult professionaalseks kasutamiseks.<\/p>\n<h1 data-start=\"1469\" data-end=\"1533\"><strong data-start=\"1471\" data-end=\"1531\">Korduma kippuvad k\u00fcsimused (KKK hollandi keeles + selgitus inglise keeles)<\/strong><\/h1>\n<p data-start=\"1535\" data-end=\"1789\"><strong data-start=\"1535\" data-end=\"1567\">1. Mis on bensokaiini pulber?<\/strong><br data-start=\"1567\" data-end=\"1570\" \/>Bensokaiin on lokaalanesteetikum, mida sageli kasutatakse valu v\u00f5i \u00e4rrituse ajutiseks v\u00e4hendamiseks.<\/p>\n<p data-start=\"1791\" data-end=\"2058\"><strong data-start=\"1791\" data-end=\"1843\">2. Kuidas bensokaiini pulbrit tavaliselt kasutatakse?<\/strong><br data-start=\"1843\" data-end=\"1846\" \/>Seda kasutatakse kreemides, geelides, pihustites ja m\u00f5nikord ka meditsiiniseadmetes valu leevendamiseks.<\/p>\n<p data-start=\"2060\" data-end=\"2360\"><strong data-start=\"2060\" data-end=\"2107\">3. Kas see toode sobib tarbimiseks?<\/strong><br data-start=\"2107\" data-end=\"2110\" \/>Ei, see toode on m\u00f5eldud ainult professionaalseks ja teaduslikuks kasutamiseks. See ei sobi otsetarbimiseks.<\/p>\n<p data-start=\"2362\" data-end=\"2596\"><strong data-start=\"2362\" data-end=\"2407\">4. Kuidas peaksin bensokaiini pulbrit s\u00e4ilitama?<\/strong><br data-start=\"2407\" data-end=\"2410\" \/>Hoida jahedas, kuivas, tihedalt suletud kohas, lastele ja lemmikloomadele k\u00e4ttesaamatus kohas.<\/p>\n<p data-start=\"2598\" data-end=\"2816\"><strong data-start=\"2598\" data-end=\"2657\">5. Kas ma saan seda toodet v\u00e4ikestes kogustes tellida?<\/strong><br data-start=\"2657\" data-end=\"2660\" \/>Jah, pakume paindlikke tellimiskoguseid vastavalt teie vajadustele.<\/p>\n<p data-start=\"2818\" data-end=\"3078\"><strong data-start=\"2818\" data-end=\"2866\">6. Mis teeb selle toote kvaliteetseks?<\/strong><br data-start=\"2866\" data-end=\"2869\" \/>Puhtusaste \u226599,0% tagab t\u00f6\u00f6kindluse ja j\u00e4rjepideva j\u00f5udluse erinevates rakendustes.<\/p>","protected":false},"excerpt":{"rendered":"<p>Meie bensokaiinipulber \u226599.0% on \u00fclipuhas ja kvaliteetne tooraine, mida kasutatakse laialdaselt farmaatsia-, kosmeetika- ja t\u00f6\u00f6stusrakendustes. T\u00e4nu<\/p>","protected":false},"featured_media":27847,"comment_status":"open","ping_status":"closed","template":"","meta":[],"product_brand":[],"product_cat":[1085],"product_tag":[],"class_list":{"0":"post-27458","1":"product","2":"type-product","3":"status-publish","4":"has-post-thumbnail","6":"product_cat-okategoriserad","8":"first","9":"instock","10":"taxable","11":"shipping-taxable","12":"purchasable","13":"product-type-variable"},"_links":{"self":[{"href":"https:\/\/globalsourcechemicals.com\/et\/wp-json\/wp\/v2\/product\/27458","targetHints":{"allow":["GET"]}}],"collection":[{"href":"https:\/\/globalsourcechemicals.com\/et\/wp-json\/wp\/v2\/product"}],"about":[{"href":"https:\/\/globalsourcechemicals.com\/et\/wp-json\/wp\/v2\/types\/product"}],"replies":[{"embeddable":true,"href":"https:\/\/globalsourcechemicals.com\/et\/wp-json\/wp\/v2\/comments?post=27458"}],"version-history":[{"count":2,"href":"https:\/\/globalsourcechemicals.com\/et\/wp-json\/wp\/v2\/product\/27458\/revisions"}],"predecessor-version":[{"id":27974,"href":"https:\/\/globalsourcechemicals.com\/et\/wp-json\/wp\/v2\/product\/27458\/revisions\/27974"}],"wp:featuredmedia":[{"embeddable":true,"href":"https:\/\/globalsourcechemicals.com\/et\/wp-json\/wp\/v2\/media\/27847"}],"wp:attachment":[{"href":"https:\/\/globalsourcechemicals.com\/et\/wp-json\/wp\/v2\/media?parent=27458"}],"wp:term":[{"taxonomy":"product_brand","embeddable":true,"href":"https:\/\/globalsourcechemicals.com\/et\/wp-json\/wp\/v2\/product_brand?post=27458"},{"taxonomy":"product_cat","embeddable":true,"href":"https:\/\/globalsourcechemicals.com\/et\/wp-json\/wp\/v2\/product_cat?post=27458"},{"taxonomy":"product_tag","embeddable":true,"href":"https:\/\/globalsourcechemicals.com\/et\/wp-json\/wp\/v2\/product_tag?post=27458"}],"curies":[{"name":"t\u00f6\u00f6leht","href":"https:\/\/api.w.org\/{rel}","templated":true}]}}