{"id":24948,"date":"2025-04-13T17:43:52","date_gmt":"2025-04-13T17:43:52","guid":{"rendered":"https:\/\/globalsourcechemicals.com\/?post_type=product&#038;p=24948"},"modified":"2025-10-02T15:05:38","modified_gmt":"2025-10-02T15:05:38","slug":"6-cl-adba","status":"publish","type":"product","link":"https:\/\/globalsourcechemicals.com\/et\/pood\/6-cl-adba\/6-cl-adba\/","title":{"rendered":"6-CL-ADBA"},"content":{"rendered":"<h3><strong>6-CL-ADBA \u2013 v\u00f5imas ja uuenduslik uurimisaine<\/strong><\/h3>\n<p class=\"ds-markdown-paragraph\"><strong>Toote nimi:<\/strong>\u00a06-CL-ADBA<br \/>\n<strong>Keemiline nimetus:<\/strong>\u00a06-kloro-ADB-A<br \/>\n<strong>Puhtus:<\/strong>\u00a0\u226598%<br \/>\n<strong>Vorm:<\/strong>\u00a0Kristalliline pulber<br \/>\n<strong>Molekulaarne valem:<\/strong>\u00a0C\u2081\u2089H\u2082\u2087ClN\u2082O\u2082<\/p>\n<h4><strong>Kirjeldus:<\/strong><\/h4>\n<p class=\"ds-markdown-paragraph\">6-CL-ADBA on t\u00e4iustatud uurimis\u00fchend, mis kuulub indasoolkarboksamiidide r\u00fchma. <a href=\"http:\/\/google.nl\" target=\"_blank\" rel=\"noopener\">See<\/a> kangast m\u00fc\u00fcakse ainult\u00a0<strong>teaduslik ja anal\u00fc\u00fctiline uurimist\u00f6\u00f6<\/strong>\u00a0ja see ei ole ette n\u00e4htud inimtoiduks.<\/p>\n<h4><strong>Omadused:<\/strong><\/h4>\n<p class=\"ds-markdown-paragraph\">\u2705\u00a0<strong>K\u00f5rge puhtusastmega<\/strong>\u00a0(\u226598%) t\u00e4psete tulemuste saamiseks<br \/>\n\u2705 Sobib\u00a0<strong>laboriuuringud<\/strong>\u00a0ja farmakoloogilised uuringud<br \/>\n\u2705 Pakendatud\u00a0<strong>\u00f5hukindel pakend<\/strong>\u00a0optimaalse s\u00e4ilivusaja tagamiseks<\/p>\n<h4><strong>Oluline m\u00e4rkus:<\/strong><\/h4>\n<p class=\"ds-markdown-paragraph\">See toode on\u00a0<strong>ei ole ette n\u00e4htud inimestele ega loomadele kasutamiseks<\/strong>See on ette n\u00e4htud ainult teaduslikuks kasutamiseks kontrollitud keskkonnas. Kemikaalide k\u00e4itlemisel tuleb j\u00e4rgida n\u00f5uetekohaseid ohutusn\u00f5udeid.<\/p>\n<h3><strong>6-CL-ADBA \u2013 Korduma kippuvad k\u00fcsimused ja vastused<\/strong><\/h3>\n<h4><strong>1. Mis on 6-CL-ADBA?<\/strong><\/h4>\n<p class=\"ds-markdown-paragraph\">6-CL-ADBA (6-kloro-ADB-A) on indasoolkarboksamiidide r\u00fchma s\u00fcnteetiline uurimis\u00fchend. Seda kasutatakse\u00a0<strong>teaduslikud uuringud<\/strong>, eriti farmakoloogia ja keemiauuringute valdkonnas.<\/p>\n<h4><strong>2. Milline on selle toote puhtusaste?<\/strong><\/h4>\n<p class=\"ds-markdown-paragraph\">Meie 6-CL-ADBA-l on\u00a0<strong>puhtus \u226598%<\/strong>, mis tagab usaldusv\u00e4\u00e4rsed ja reprodutseeritavad uurimistulemused.<\/p>\n<h4><strong>3. Kas 6-CL-ADBA on seaduslik?<\/strong><\/h4>\n<p class=\"ds-markdown-paragraph\">See toode on\u00a0<strong>m\u00f5eldud ainult teaduslikuks otstarbeks<\/strong>\u00a0ja mitte inimtoiduks ega loomade toiduks. Seaduslikkus on riigiti erinev \u2013 konsulteerige alati\u00a0<strong>kohalikud \u00f5igusaktid<\/strong>\u00a0enne kui tellid.<\/p>\n<h4><strong>4. Kuidas ma peaksin 6-CL-ADBA-d s\u00e4ilitama?<\/strong><\/h4>\n<p class=\"ds-markdown-paragraph\">Hoidke seda\u00a0<strong>jahe ja kuiv keskkond<\/strong>, otsese p\u00e4ikesevalguse eest kaitstult ja\u00a0<strong>\u00f5hukindel pakend<\/strong>\u00a0stabiilsuse tagamiseks.<\/p>\n<h4><strong>5. Kas seda toodet on ohutu kasutada?<\/strong><\/h4>\n<p class=\"ds-markdown-paragraph\">6-CL-ADBA-d tuleks kasutada ainult\u00a0<strong>kontrollitud laborikeskkond<\/strong>\u00a0professionaalide poolt. Kandke alati\u00a0<strong>isikukaitsevahendid (IKV)<\/strong>\u00a0n\u00e4iteks kindad ja laborikittel.<\/p>\n<h4><strong>6. Milleks 6-CL-ADBA-d uuritakse?<\/strong><\/h4>\n<p class=\"ds-markdown-paragraph\">Teadlased uurivad seda ainet selle omaduste t\u00f5ttu.\u00a0<strong>ainulaadne keemiline struktuur<\/strong>, potentsiaalsete rakendustega farmaatsia- ja anal\u00fc\u00fctilises uurimist\u00f6\u00f6s.<\/p>\n<h4><strong>7. Kas eraisikud saavad seda toodet osta?<\/strong><\/h4>\n<p class=\"ds-markdown-paragraph\">Meie tooted on saadaval ainult\u00a0<strong>kvalifitseeritud teadlased ja institutsioonid<\/strong>Me ei m\u00fc\u00fc eraisikutele ilma korralike soovitusteta.<a href=\"https:\/\/globalsourcechemicals.com\/et\/pood\/iboga-ibogaiin\/osta-ibogaine-hcl-veebist\/\">Osta ibogaiini HCL-i<\/a><a href=\"https:\/\/globalsourcechemicals.com\/et\/pood\/iboga-ibogaiin\/iboga-juure-koor\/\">Iboga juurekoor<\/a><a href=\"https:\/\/globalsourcechemicals.com\/et\/pood\/lusergamiidid\/1-cp-lsd-2\/\">1cP-LSD 150 MCG kunstipaberit<\/a><a href=\"https:\/\/globalsourcechemicals.com\/et\/pood\/pellets\/o-dsmt-50mg-graanulid\/\">O-DSMT 50 mg graanulid<\/a><a href=\"https:\/\/globalsourcechemicals.com\/et\/pood\/lusergamiidid\/1v-lsd-150-mcg-blotters\/\">1V-LSD 150 MCG blotterid<\/a><\/p>","protected":false},"excerpt":{"rendered":"<h2>6-CL-ADBA omadused<\/h2>\n<p><strong>S\u00fcnon\u00fc\u00fcm: <\/strong>6-CL-ADBA<strong><br \/>\nCAS-number<\/strong>pole saadaval<br \/>\n<strong>Valem<\/strong>pole saadaval<br \/>\n<strong>Molaarmass<\/strong>n\/ag\u00b7mol<br \/>\n<strong>Puhtus<\/strong>: \u226598%<\/p>","protected":false},"featured_media":27837,"comment_status":"closed","ping_status":"closed","template":"","meta":[],"product_brand":[],"product_cat":[368,322],"product_tag":[610,594,326],"class_list":{"0":"post-24948","1":"product","2":"type-product","3":"status-publish","4":"has-post-thumbnail","6":"product_cat-6-cl-adba","7":"product_cat-bijna-verboden","8":"product_tag-6-cl-adb-a","9":"product_tag-6-cl-adba","10":"product_tag-nl","12":"first","13":"instock","14":"taxable","15":"shipping-taxable","16":"purchasable","17":"product-type-variable"},"_links":{"self":[{"href":"https:\/\/globalsourcechemicals.com\/et\/wp-json\/wp\/v2\/product\/24948","targetHints":{"allow":["GET"]}}],"collection":[{"href":"https:\/\/globalsourcechemicals.com\/et\/wp-json\/wp\/v2\/product"}],"about":[{"href":"https:\/\/globalsourcechemicals.com\/et\/wp-json\/wp\/v2\/types\/product"}],"replies":[{"embeddable":true,"href":"https:\/\/globalsourcechemicals.com\/et\/wp-json\/wp\/v2\/comments?post=24948"}],"version-history":[{"count":4,"href":"https:\/\/globalsourcechemicals.com\/et\/wp-json\/wp\/v2\/product\/24948\/revisions"}],"predecessor-version":[{"id":26262,"href":"https:\/\/globalsourcechemicals.com\/et\/wp-json\/wp\/v2\/product\/24948\/revisions\/26262"}],"wp:featuredmedia":[{"embeddable":true,"href":"https:\/\/globalsourcechemicals.com\/et\/wp-json\/wp\/v2\/media\/27837"}],"wp:attachment":[{"href":"https:\/\/globalsourcechemicals.com\/et\/wp-json\/wp\/v2\/media?parent=24948"}],"wp:term":[{"taxonomy":"product_brand","embeddable":true,"href":"https:\/\/globalsourcechemicals.com\/et\/wp-json\/wp\/v2\/product_brand?post=24948"},{"taxonomy":"product_cat","embeddable":true,"href":"https:\/\/globalsourcechemicals.com\/et\/wp-json\/wp\/v2\/product_cat?post=24948"},{"taxonomy":"product_tag","embeddable":true,"href":"https:\/\/globalsourcechemicals.com\/et\/wp-json\/wp\/v2\/product_tag?post=24948"}],"curies":[{"name":"t\u00f6\u00f6leht","href":"https:\/\/api.w.org\/{rel}","templated":true}]}}