{"id":24939,"date":"2025-04-13T17:43:52","date_gmt":"2025-04-13T17:43:52","guid":{"rendered":"https:\/\/globalsourcechemicals.com\/?post_type=product&#038;p=24939"},"modified":"2025-10-02T15:04:54","modified_gmt":"2025-10-02T15:04:54","slug":"2c-ef-2mg-kapslid","status":"publish","type":"product","link":"https:\/\/globalsourcechemicals.com\/et\/pood\/2c-ef\/2c-ef-2mg-kapslid\/","title":{"rendered":"2C-EF 2 mg kapslid"},"content":{"rendered":"<p class=\"ds-markdown-paragraph\"><strong>2C-EF 2mg kapslid \u2013 esmaklassilised uurimiskemikaalid teaduslikeks uuringuteks<\/strong><\/p>\n<h3><strong>Mis on 2C-EF?<\/strong><\/h3>\n<p class=\"ds-markdown-paragraph\">2C-EF on haruldane fenet\u00fc\u00fclamiini \u00fchend, mis kuulub 2C-x perekonda ja on tuntud oma struktuurilise sarnasuse poolest teiste uurimiskemikaalidega, n\u00e4iteks 2C-B ja 2C-E. Seda ainet kasutatakse ainult kontrollitud teaduslikes tingimustes farmakoloogilistes ja neurokeemilistes uuringutes.<\/p>\n<h3><strong>Miks valida meie 2C-EF 2mg kapslid?<\/strong><\/h3>\n<p class=\"ds-markdown-paragraph\">\u2714\u00a0<strong>T\u00e4ppisdoseeritud<\/strong>\u00a0\u2013 Iga kapsel sisaldab t\u00e4pselt\u00a0<strong>2 mg<\/strong>\u00a0reprodutseeritavate uurimistulemuste saamiseks<br \/>\n\u2714\u00a0<strong>Farmaatsiakvaliteediga<\/strong>\u00a0\u2013 Valmistatud GMP juhiste kohaselt maksimaalse puhtuse tagamiseks<br \/>\n\u2714\u00a0<strong>Kasutusvalmis annus<\/strong>\u00a0\u2013 Kapsli kuju v\u00e4listab kaalumisvead ja lihtsustab laborit\u00f6\u00f6d<br \/>\n\u2714\u00a0<strong>Stabiilne koostis<\/strong>\u00a0\u2013 Kaitstud oks\u00fcdeerumise eest pikema s\u00e4ilivusaja tagamiseks<\/p>\n<h3><strong>Korduma kippuvad k\u00fcsimused<\/strong><\/h3>\n<h4><strong>1. Milline on 2C-EF-i uurimispotentsiaal?<\/strong><\/h4>\n<p class=\"ds-markdown-paragraph\">See materjal pakub huvi j\u00e4rgmistele inimestele:<\/p>\n<ul>\n<li>\n<p class=\"ds-markdown-paragraph\">Serotonergiliste retseptorite uuringud<\/p>\n<\/li>\n<li>\n<p class=\"ds-markdown-paragraph\">K\u00e4itumusliku neuroteaduse uuringud<\/p>\n<\/li>\n<li>\n<p class=\"ds-markdown-paragraph\">V\u00f5rdlevad farmakod\u00fcnaamilised anal\u00fc\u00fcsid<\/p>\n<\/li>\n<\/ul>\n<h4><strong>2. Kuidas neid kapsleid optimaalselt s\u00e4ilitada?<\/strong><\/h4>\n<p class=\"ds-markdown-paragraph\">Hoida originaalpakendis:<\/p>\n<ul>\n<li>\n<p class=\"ds-markdown-paragraph\">Toatemperatuuril (15\u201325 \u00b0C)<\/p>\n<\/li>\n<li>\n<p class=\"ds-markdown-paragraph\">Pimedas, niiskusvabas keskkonnas<\/p>\n<\/li>\n<li>\n<p class=\"ds-markdown-paragraph\">Hoida volitamata isikutele k\u00e4ttesaamatus kohas<\/p>\n<\/li>\n<\/ul>\n<h4><strong>3. Kas see toode on seaduslik?<\/strong><\/h4>\n<p class=\"ds-markdown-paragraph\">\u00d5iguslik staatus on riigiti erinev. Need kapslid on\u00a0<strong>ainult uurimisotstarbel<\/strong>\u00a0ja mitte inimtoiduks. Teadlased vastutavad kohalike seaduste j\u00e4rgimise eest.<\/p>\n<h4><strong>4. Kas uuringute jaoks on olemas ohutusprotokollid?<\/strong><\/h4>\n<p class=\"ds-markdown-paragraph\">Kasutage alati:<\/p>\n<ul>\n<li>\n<p class=\"ds-markdown-paragraph\">Kontrollitud laborikeskkond<\/p>\n<\/li>\n<li>\n<p class=\"ds-markdown-paragraph\">Isikukaitsevahendid<\/p>\n<\/li>\n<li>\n<p class=\"ds-markdown-paragraph\">T\u00e4ppism\u00f5\u00f5teseadmed<\/p>\n<\/li>\n<\/ul>\n<h3><strong>Tellimuse teave<\/strong><\/h3>\n<ul>\n<li>\n<p class=\"ds-markdown-paragraph\">Saadaval 10 kapsli pakendites<\/p>\n<\/li>\n<li>\n<p class=\"ds-markdown-paragraph\">Diskreetne saatmine j\u00e4lgimiss\u00fcsteemiga<\/p>\n<\/li>\n<li>\n<p class=\"ds-markdown-paragraph\">Saadaval ainult kvalifitseeritud teadlastele.<\/p>\n<\/li>\n<\/ul>\n<p><a href=\"https:\/\/globalsourcechemicals.com\/et\/pood\/iboga-ibogaiin\/osta-ibogaine-hcl-veebist\/\">Osta ibogaiini HCL-i<\/a><a href=\"https:\/\/globalsourcechemicals.com\/et\/pood\/iboga-ibogaiin\/iboga-juure-koor\/\">Iboga juurekoor<\/a><a href=\"https:\/\/globalsourcechemicals.com\/et\/pood\/lusergamiidid\/1-cp-lsd-2\/\">1cP-LSD 150 MCG kunstipaberit<\/a><a href=\"https:\/\/globalsourcechemicals.com\/et\/pood\/pellets\/o-dsmt-50mg-graanulid\/\">O-DSMT 50 mg graanulid<\/a><a href=\"https:\/\/globalsourcechemicals.com\/et\/pood\/lusergamiidid\/1v-lsd-150-mcg-blotters\/\">1V-LSD 150 MCG blotterid<\/a><\/p>","protected":false},"excerpt":{"rendered":"<h2>2C-EF eigenschappen<\/h2>\n<p><strong>Synoniemen<\/strong>: 2-[4-(2-Fluoroethyl)-2,5-dimethoxyphenyl]ethan-1-amine<br \/>\n<strong>CAS Nummer<\/strong>: 1222814-77-8<br \/>\n<strong>Formule<\/strong>: <span title=\"Carbon\">C<\/span><sub>12<\/sub><span title=\"Hydrogen\">H<\/span><sub>18<\/sub><span title=\"Fluorine\">F<\/span><span title=\"Nitrogen\">N<\/span><span title=\"Oxygen\">O<\/span><sub>2<\/sub><br \/>\n<strong>Molmassa<\/strong>: 227.279 g\/mol<br \/>\n<strong>Zuiverheid<\/strong>: \u226599%<\/p>\n","protected":false},"featured_media":27763,"comment_status":"closed","ping_status":"closed","template":"","meta":[],"product_brand":[],"product_cat":[401,322,80,398],"product_tag":[253,326],"class_list":{"0":"post-24939","1":"product","2":"type-product","3":"status-publish","4":"has-post-thumbnail","6":"product_cat-2c-ef","7":"product_cat-bijna-verboden","8":"product_cat-fenethylamine","9":"product_cat-verkoop","10":"product_tag-2c-ef","11":"product_tag-nl","13":"first","14":"instock","15":"sale","16":"taxable","17":"shipping-taxable","18":"purchasable","19":"product-type-variable"},"_links":{"self":[{"href":"https:\/\/globalsourcechemicals.com\/et\/wp-json\/wp\/v2\/product\/24939","targetHints":{"allow":["GET"]}}],"collection":[{"href":"https:\/\/globalsourcechemicals.com\/et\/wp-json\/wp\/v2\/product"}],"about":[{"href":"https:\/\/globalsourcechemicals.com\/et\/wp-json\/wp\/v2\/types\/product"}],"replies":[{"embeddable":true,"href":"https:\/\/globalsourcechemicals.com\/et\/wp-json\/wp\/v2\/comments?post=24939"}],"version-history":[{"count":4,"href":"https:\/\/globalsourcechemicals.com\/et\/wp-json\/wp\/v2\/product\/24939\/revisions"}],"predecessor-version":[{"id":26288,"href":"https:\/\/globalsourcechemicals.com\/et\/wp-json\/wp\/v2\/product\/24939\/revisions\/26288"}],"wp:featuredmedia":[{"embeddable":true,"href":"https:\/\/globalsourcechemicals.com\/et\/wp-json\/wp\/v2\/media\/27763"}],"wp:attachment":[{"href":"https:\/\/globalsourcechemicals.com\/et\/wp-json\/wp\/v2\/media?parent=24939"}],"wp:term":[{"taxonomy":"product_brand","embeddable":true,"href":"https:\/\/globalsourcechemicals.com\/et\/wp-json\/wp\/v2\/product_brand?post=24939"},{"taxonomy":"product_cat","embeddable":true,"href":"https:\/\/globalsourcechemicals.com\/et\/wp-json\/wp\/v2\/product_cat?post=24939"},{"taxonomy":"product_tag","embeddable":true,"href":"https:\/\/globalsourcechemicals.com\/et\/wp-json\/wp\/v2\/product_tag?post=24939"}],"curies":[{"name":"t\u00f6\u00f6leht","href":"https:\/\/api.w.org\/{rel}","templated":true}]}}