{"id":24905,"date":"2025-04-13T17:43:41","date_gmt":"2025-04-13T17:43:41","guid":{"rendered":"https:\/\/globalsourcechemicals.com\/?post_type=product&#038;p=24905"},"modified":"2025-10-02T15:06:24","modified_gmt":"2025-10-02T15:06:24","slug":"meai","status":"publish","type":"product","link":"https:\/\/globalsourcechemicals.com\/et\/pood\/meai\/meai\/","title":{"rendered":"MEAI"},"content":{"rendered":"<p class=\"ds-markdown-paragraph\"><strong>MEAI (5-metoks\u00fc-2-aminoindaan) \u2013 uuenduslik uurimis\u00fchend teaduslikeks uuringuteks<\/strong><\/p>\n<h3><strong>Mis on MEAI?<\/strong><\/h3>\n<p class=\"ds-markdown-paragraph\">MEAI (5-metoks\u00fc-2-aminoindaan) on ainulaadne uurimiskemikaal huvitava keemilise struktuuriga, mis tekitab teaduslikku huvi mitmes uurimisvaldkonnas. Seda ainet kasutatakse ainult kontrollitud uurimiskeskkondades.<\/p>\n<h3><strong>Miks valida meie MEAI tooted?<\/strong><\/h3>\n<p class=\"ds-markdown-paragraph\">\u2714\u00a0<strong>K\u00f5rge puhtusastmega<\/strong>\u00a0\u2013 Anal\u00fc\u00fctiliselt testitud j\u00e4rjepidevuse ja kvaliteedi osas<br \/>\n\u2714\u00a0<strong>T\u00e4ppisvalem<\/strong>\u00a0\u2013 T\u00e4pselt doseeritud reprodutseeritavate tulemuste saavutamiseks<br \/>\n\u2714\u00a0<strong>Multidistsiplinaarse uurimispotentsiaali<\/strong>\u00a0\u2013 Sobib mitmesugusteks teaduslikeks rakendusteks<br \/>\n\u2714\u00a0<strong>Ohutu pakend<\/strong>\u00a0\u2013 Professionaalne s\u00e4ilitamine valgusekindlas ja \u00f5hukindlas pakendis<\/p>\n<h3><strong>Teaduslikud rakendused<\/strong><\/h3>\n<p class=\"ds-markdown-paragraph\">MEAI v\u00f5ib olla asjakohane j\u00e4rgmiste uuringute jaoks:<\/p>\n<ul>\n<li>\n<p class=\"ds-markdown-paragraph\">Neurokeemilised interaktsioonid<\/p>\n<\/li>\n<li>\n<p class=\"ds-markdown-paragraph\">K\u00e4itumusliku m\u00f5ju uuringud<\/p>\n<\/li>\n<li>\n<p class=\"ds-markdown-paragraph\">Retseptori sidumise uuringud<\/p>\n<\/li>\n<li>\n<p class=\"ds-markdown-paragraph\">V\u00f5rdlevad farmakoloogilised anal\u00fc\u00fcsid<\/p>\n<\/li>\n<\/ul>\n<h3><strong>Ohutus ja k\u00e4sitsemine<\/strong><\/h3>\n<ul>\n<li>\n<p class=\"ds-markdown-paragraph\"><strong>Ainult uurimisotstarbel<\/strong><\/p>\n<\/li>\n<li>\n<p class=\"ds-markdown-paragraph\">N\u00f5uab kontrollitud laborikeskkonda<\/p>\n<\/li>\n<li>\n<p class=\"ds-markdown-paragraph\">Soovitatav isikukaitsevahend<\/p>\n<\/li>\n<li>\n<p class=\"ds-markdown-paragraph\">Hoida volitamata isikutele k\u00e4ttesaamatus kohas<\/p>\n<\/li>\n<\/ul>\n<h3><strong>Tellimuse teave<\/strong><\/h3>\n<ul>\n<li>\n<p class=\"ds-markdown-paragraph\">Saadaval erinevates kogustes<\/p>\n<\/li>\n<li>\n<p class=\"ds-markdown-paragraph\">Diskreetne saatmine j\u00e4lgimiss\u00fcsteemiga<\/p>\n<\/li>\n<li>\n<p class=\"ds-markdown-paragraph\">Ainult kvalifitseeritud teadlastele ja asutustele<\/p>\n<\/li>\n<\/ul>\n<h3><strong>\u00d5iguslik staatus<\/strong><\/h3>\n<p class=\"ds-markdown-paragraph\">MEAI \u00f5iguslik staatus on riigiti erinev. Teadlase kohustus on j\u00e4rgida kohalikke seadusi. See toode on\u00a0<strong>ei ole ette n\u00e4htud inimtoiduks<\/strong>.<\/p>\n<p class=\"ds-markdown-paragraph\"><strong>Oluline hoiatus:<\/strong><br \/>\nSee toode on ette n\u00e4htud ainult teaduslikuks uurimist\u00f6\u00f6ks. Eba\u00f5ige kasutamine v\u00f5ib olla ohtlik. Hoida lastele ja loomadele k\u00e4ttesaamatus kohas. <a href=\"https:\/\/globalsourcechemicals.com\/et\/pood\/iboga-ibogaiin\/iboga-juure-koor\/\">Iboga juurekoor<\/a><a href=\"https:\/\/globalsourcechemicals.com\/et\/pood\/iboga-ibogaiin\/osta-ibogaine-hcl-veebist\/\">Osta ibogaiini HCL-i<\/a><a href=\"https:\/\/globalsourcechemicals.com\/et\/pood\/lusergamiidid\/1-cp-lsd-2\/\">1cP-LSD 150 MCG kunstipaberit<\/a><a href=\"https:\/\/globalsourcechemicals.com\/et\/pood\/pellets\/o-dsmt-50mg-graanulid\/\">O-DSMT 50 mg graanulid<\/a><a href=\"https:\/\/globalsourcechemicals.com\/et\/pood\/lusergamiidid\/1v-lsd-150-mcg-blotters\/\">1V-LSD 150 MCG blotterid<\/a><\/p>","protected":false},"excerpt":{"rendered":"<h3><span data-sheets-value=\"{\" data-sheets-userformat=\"{\">MEAI omadused<\/span><\/h3>\n<p><strong>S\u00fcnon\u00fc\u00fcm:<\/strong> 5-metoks\u00fc-2-aminoindaan, 5-MeO-Al, Chaperon<br \/>\n<strong>CAS-number:<\/strong> 73305-09-6<br \/>\n<strong>Valem:<\/strong> <span title=\"S\u00fcsinik\">C<\/span><sub>10<\/sub><span title=\"Vesinik\">H<\/span><sub>13<\/sub><span title=\"L\u00e4mmastik\">N<\/span><span title=\"Hapnik\">O<\/span><br \/>\n<strong>Molaarmass:<\/strong> 163,220 g\/mol<br \/>\n<strong>Puhtus:<\/strong> &gt;98%<\/p>","protected":false},"featured_media":27908,"comment_status":"closed","ping_status":"closed","template":"","meta":[],"product_brand":[],"product_cat":[424,336],"product_tag":[603,326],"class_list":{"0":"post-24905","1":"product","2":"type-product","3":"status-publish","4":"has-post-thumbnail","6":"product_cat-meai","7":"product_cat-overig","8":"product_tag-meai","9":"product_tag-nl","11":"first","12":"instock","13":"taxable","14":"shipping-taxable","15":"purchasable","16":"product-type-variable"},"_links":{"self":[{"href":"https:\/\/globalsourcechemicals.com\/et\/wp-json\/wp\/v2\/product\/24905","targetHints":{"allow":["GET"]}}],"collection":[{"href":"https:\/\/globalsourcechemicals.com\/et\/wp-json\/wp\/v2\/product"}],"about":[{"href":"https:\/\/globalsourcechemicals.com\/et\/wp-json\/wp\/v2\/types\/product"}],"replies":[{"embeddable":true,"href":"https:\/\/globalsourcechemicals.com\/et\/wp-json\/wp\/v2\/comments?post=24905"}],"version-history":[{"count":4,"href":"https:\/\/globalsourcechemicals.com\/et\/wp-json\/wp\/v2\/product\/24905\/revisions"}],"predecessor-version":[{"id":26289,"href":"https:\/\/globalsourcechemicals.com\/et\/wp-json\/wp\/v2\/product\/24905\/revisions\/26289"}],"wp:featuredmedia":[{"embeddable":true,"href":"https:\/\/globalsourcechemicals.com\/et\/wp-json\/wp\/v2\/media\/27908"}],"wp:attachment":[{"href":"https:\/\/globalsourcechemicals.com\/et\/wp-json\/wp\/v2\/media?parent=24905"}],"wp:term":[{"taxonomy":"product_brand","embeddable":true,"href":"https:\/\/globalsourcechemicals.com\/et\/wp-json\/wp\/v2\/product_brand?post=24905"},{"taxonomy":"product_cat","embeddable":true,"href":"https:\/\/globalsourcechemicals.com\/et\/wp-json\/wp\/v2\/product_cat?post=24905"},{"taxonomy":"product_tag","embeddable":true,"href":"https:\/\/globalsourcechemicals.com\/et\/wp-json\/wp\/v2\/product_tag?post=24905"}],"curies":[{"name":"t\u00f6\u00f6leht","href":"https:\/\/api.w.org\/{rel}","templated":true}]}}