{"id":24343,"date":"2025-04-13T17:41:31","date_gmt":"2025-04-13T17:41:31","guid":{"rendered":"https:\/\/globalsourcechemicals.com\/?post_type=product&#038;p=24343"},"modified":"2025-04-21T10:55:22","modified_gmt":"2025-04-21T10:55:22","slug":"digitaalne-biominikaal","status":"publish","type":"product","link":"https:\/\/globalsourcechemicals.com\/et\/pood\/kaalud\/digitaalne-biominikaal\/","title":{"rendered":"Digitaalne biominikaal \u2013 20g x 0.001g"},"content":{"rendered":"<h1><strong>Digitaalne biominikaal 20g x 0.001g<\/strong><\/h1>\n<p>T\u00f6\u00f6tage \u00e4\u00e4rmise t\u00e4psusega. <strong>Digitaalne biominikaal<\/strong> kaalub kuni <strong>20 grammi<\/strong> t\u00e4psusega <strong>0,001 grammi<\/strong> \u2013 ideaalne biomeditsiinilisteks rakendusteks, mikrodoseerimiseks, toidulisandite uurimiseks v\u00f5i laborianal\u00fc\u00fcsiks. V\u00e4ike suuruselt, aga suure j\u00f5udlusega.<a href=\"https:\/\/globalsourcechemicals.com\/et\/pood\/kaalud\/digitale-mini-weegschaal\/\">Professionaalne digitaalne minikaal \u2013 50g x 0.001g<\/a><\/p>\n<hr \/>\n<h4><strong>Omadused:<\/strong><\/h4>\n<ul>\n<li><strong>M\u00f5\u00f5teulatus:<\/strong> 0,001 g \u2013 20 g<\/li>\n<li><strong>T\u00e4psus:<\/strong> 1 milligramm (0,001 g)<\/li>\n<li><strong>Ekraan:<\/strong> Ere LCD-ekraan taustvalgustusega<\/li>\n<li><strong>Kaalumis\u00fchikud:<\/strong> g, oz, ct, gn, dwt, ozt<\/li>\n<li><strong>Omadused:<\/strong> Taara funktsioon, automaatne v\u00e4ljal\u00fclitus, kiire reageerimisaeg<\/li>\n<li><strong>Toiteallikas:<\/strong> 2x AAA patareid (kaasas v\u00f5i valikuline)<\/li>\n<li><strong>Formaat:<\/strong> \u00dclikompaktne ja kerge \u2013 sobib ideaalselt k\u00e4tte v\u00f5i jope taskusse.<a href=\"https:\/\/globalsourcechemicals.com\/et\/pood\/kaalud\/digitaalne-cs-kaal\/\">Digitaalne CS kaal \u2013 100g<\/a> 0,01 g<\/li>\n<\/ul>\n<hr \/>\n<h4><strong>Rakendused:<\/strong><\/h4>\n<p>\u2714 Bioloogilised proovid ja mikrokatsed<br \/>\n\u2714 Toidulisandite v\u00f5i taimeekstraktide mikrodoseerimine<br \/>\n\u2714 Laboratoorsed ja teaduslikud m\u00f5\u00f5tmised<br \/>\n\u2714 Ehted, v\u00e4\u00e4riskivid v\u00f5i v\u00e4\u00e4rismetallid.<a href=\"https:\/\/globalsourcechemicals.com\/et\/pood\/kaalud\/digitaalne-paagi-minikaal\/\">Digitaalne paagi minikaal \u2013 20g x 0.001g<\/a><\/p>\n<hr \/>\n<p>\ud83c\udfaf <strong>Miks valida see biokaal?<\/strong><\/p>\n<ul>\n<li>\u00c4\u00e4rmiselt t\u00e4pne madalate annuste korral<\/li>\n<li>Usaldusv\u00e4\u00e4rsed m\u00f5\u00f5tmised ilma k\u00f5ikumisteta<\/li>\n<li>Vastupidav, kaasaskantav ja kasutusvalmis<\/li>\n<\/ul>","protected":false},"excerpt":{"rendered":"<p><strong>Spetsifikatsioonid:<\/strong><\/p>\n<ul>\n<li>Digitaalne<\/li>\n<li>Kaalub alates 0,001 g<\/li>\n<li>Kaalub max. 20 g<\/li>\n<li>T\u00f6\u00f6tab: 2x AAA patareidega<\/li>\n<li>LCD-ekraan<\/li>\n<li>V\u00e4rv: must<\/li>\n<\/ul>","protected":false},"featured_media":24680,"comment_status":"closed","ping_status":"closed","template":"","meta":[],"product_brand":[],"product_cat":[451],"product_tag":[452,848,764,767,765,766,768],"class_list":{"0":"post-24343","1":"product","2":"type-product","3":"status-publish","4":"has-post-thumbnail","6":"product_cat-weegschalen","7":"product_tag-de","8":"product_tag-digitale-bio-mini-weegschaal","9":"product_tag-digitale-cs-weegschaal","10":"product_tag-digitale-microweegschaal","11":"product_tag-milligramweegschaal","12":"product_tag-precise-weegschaal-0-001g","13":"product_tag-weegschaal-voor-research-chemicals","15":"first","16":"instock","17":"taxable","18":"shipping-taxable","19":"purchasable","20":"product-type-simple"},"_links":{"self":[{"href":"https:\/\/globalsourcechemicals.com\/et\/wp-json\/wp\/v2\/product\/24343","targetHints":{"allow":["GET"]}}],"collection":[{"href":"https:\/\/globalsourcechemicals.com\/et\/wp-json\/wp\/v2\/product"}],"about":[{"href":"https:\/\/globalsourcechemicals.com\/et\/wp-json\/wp\/v2\/types\/product"}],"replies":[{"embeddable":true,"href":"https:\/\/globalsourcechemicals.com\/et\/wp-json\/wp\/v2\/comments?post=24343"}],"version-history":[{"count":5,"href":"https:\/\/globalsourcechemicals.com\/et\/wp-json\/wp\/v2\/product\/24343\/revisions"}],"predecessor-version":[{"id":25978,"href":"https:\/\/globalsourcechemicals.com\/et\/wp-json\/wp\/v2\/product\/24343\/revisions\/25978"}],"wp:featuredmedia":[{"embeddable":true,"href":"https:\/\/globalsourcechemicals.com\/et\/wp-json\/wp\/v2\/media\/24680"}],"wp:attachment":[{"href":"https:\/\/globalsourcechemicals.com\/et\/wp-json\/wp\/v2\/media?parent=24343"}],"wp:term":[{"taxonomy":"product_brand","embeddable":true,"href":"https:\/\/globalsourcechemicals.com\/et\/wp-json\/wp\/v2\/product_brand?post=24343"},{"taxonomy":"product_cat","embeddable":true,"href":"https:\/\/globalsourcechemicals.com\/et\/wp-json\/wp\/v2\/product_cat?post=24343"},{"taxonomy":"product_tag","embeddable":true,"href":"https:\/\/globalsourcechemicals.com\/et\/wp-json\/wp\/v2\/product_tag?post=24343"}],"curies":[{"name":"t\u00f6\u00f6leht","href":"https:\/\/api.w.org\/{rel}","templated":true}]}}