{"id":24332,"date":"2025-04-13T17:41:30","date_gmt":"2025-04-13T17:41:30","guid":{"rendered":"https:\/\/globalsourcechemicals.com\/?post_type=product&#038;p=24332"},"modified":"2025-04-22T05:25:33","modified_gmt":"2025-04-22T05:25:33","slug":"moxy-5-meo-mipt","status":"publish","type":"product","link":"https:\/\/globalsourcechemicals.com\/et\/pood\/ettevotetelt-ettevotetele\/moxy-5-meo-mipt\/","title":{"rendered":"RC+ Moxy 10mg blisterpakend"},"content":{"rendered":"<p class=\"ds-markdown-paragraph\"><strong><span class=\"___SText_anxqe-ko_\" data-ui-name=\"Link.Text\">Moxy 5 meo mipt <\/span>10 mg blister \u2013 teaduslikuks otstarbeks m\u00f5eldud esmaklassiline uurimiskeemia<\/strong><\/p>\n<p class=\"ds-markdown-paragraph\"><strong>Toote nimi:<\/strong>\u00a0RC+ Moxy (5-MeO-MiPT) \u2013 10 mg tableti kohta \u2013 blisterpakend<br \/>\n<strong>Kategooria:<\/strong>\u00a0Research Chemicals (ps\u00fchhedeelikumide\/tr\u00fcptamiini klass)<br \/>\n<strong>Kohaldamisala:<\/strong> Neurokeemilised uuringud ja farmakoloogilised uuringud.<a title=\"1cP-LSD 150 MCG kunstipaberit\" href=\"https:\/\/globalsourcechemicals.com\/et\/pood\/lusergamiidid\/1-cp-lsd-150-mcg\/\" target=\"_blank\" rel=\"noopener\">1cP-LSD 150 MCG kunstipaberit<\/a><\/p>\n<hr \/>\n<h3><strong>Toote omadused: <span class=\"___SText_anxqe-ko_\" data-ui-name=\"Link.Text\">moxy 5 meo mipt<\/span><\/strong><\/h3>\n<p class=\"ds-markdown-paragraph\">\ud83d\udd2c\u00a0<strong>K\u00f5rge puhtusastmega<\/strong>\u00a0(&gt;98%) \u2013 Optimeeritud t\u00e4psete uurimistulemuste saamiseks<br \/>\n\ud83d\udc8a\u00a0<strong>10 mg tableti kohta<\/strong>\u00a0\u2013 T\u00e4pne mikrodoseerimine kontrollitud katsete jaoks<br \/>\n\ud83d\udce6\u00a0<strong>Professionaalne blisterpakend<\/strong>\u00a0\u2013 Kaitseb valguse\/niiskuse poolt p\u00f5hjustatud lagunemise eest<br \/>\n\ud83d\udcca\u00a0<strong>Kvaliteet sertifitseeritud<\/strong>\u00a0\u2013 HPLC\/MS anal\u00fc\u00fcsi aruanded on saadaval n\u00f5udmisel<\/p>\n<h3><strong>Teave <span class=\"___SText_anxqe-ko_\" data-ui-name=\"Link.Text\">moxy 5 meo mipt<\/span>:<\/strong><\/h3>\n<p class=\"ds-markdown-paragraph\">Tr\u00fcptamiinide perekonnast p\u00e4rit uurimisaine, millel on huvitavad farmakoloogilised omadused j\u00e4rgmiste ravimite puhul:<\/p>\n<ul>\n<li>\n<p class=\"ds-markdown-paragraph\">Serotonergiliste retseptorite uuringud<\/p>\n<\/li>\n<li>\n<p class=\"ds-markdown-paragraph\">Neurotransmissiooni uuringud<\/p>\n<\/li>\n<li>\n<p class=\"ds-markdown-paragraph\">V\u00f5rdlev ps\u00fchhoaktiivsete profiilide anal\u00fc\u00fcs.<a title=\"O-DSMT 50 mg graanulid\" href=\"https:\/\/globalsourcechemicals.com\/et\/pood\/pellets\/o-dsmt-50mg-graanulid\/\" target=\"_blank\" rel=\"noopener\">O-DSMT 50 mg graanulid<\/a><\/p>\n<\/li>\n<\/ul>\n<p class=\"ds-markdown-paragraph\"><strong>T\u00e4htis:<\/strong><\/p>\n<ul>\n<li>\n<p class=\"ds-markdown-paragraph\">Ainult in vitro uuringuteks<\/p>\n<\/li>\n<li>\n<p class=\"ds-markdown-paragraph\">Mitte inimtoiduks ega loomadele m\u00f5eldud<\/p>\n<\/li>\n<li>\n<p class=\"ds-markdown-paragraph\">Ei ole ette n\u00e4htud meditsiiniliseks ega meelelahutuslikuks kasutamiseks.<a title=\"2-CMC 250 mg graanulid\" href=\"https:\/\/globalsourcechemicals.com\/et\/pood\/katinoonid\/osta-2-cmc-d\/\" target=\"_blank\" rel=\"noopener\">2-CMC 250 mg graanulid<\/a><\/p>\n<\/li>\n<\/ul>\n<hr \/>\n<h3><strong>Ohutusprotokoll:<span class=\"___SText_anxqe-ko_\" data-ui-name=\"Link.Text\">moxy 5 meo mipt<\/span><\/strong><\/h3>\n<p class=\"ds-markdown-paragraph\">\u26a0\u00a0<strong>Labori juhised:<\/strong><\/p>\n<ul>\n<li>\n<p class=\"ds-markdown-paragraph\">T\u00f6\u00f6tage alati kinnaste\/laborikitliga<\/p>\n<\/li>\n<li>\n<p class=\"ds-markdown-paragraph\">Kasutada ainult kontrollitud laborikeskkonnas<\/p>\n<\/li>\n<li>\n<p class=\"ds-markdown-paragraph\">V\u00e4ltida otsest kokkupuudet naha\/silmadega<\/p>\n<\/li>\n<\/ul>\n<p class=\"ds-markdown-paragraph\">\u26a0\u00a0<strong>\u00d5iguslik staatus:<\/strong><\/p>\n<ul>\n<li>\n<p class=\"ds-markdown-paragraph\">Reguleeritud Hollandis oopiumiseadusega<\/p>\n<\/li>\n<li>\n<p class=\"ds-markdown-paragraph\">V\u00f5ivad kehtida EL-i piirangud<\/p>\n<\/li>\n<li>\n<p class=\"ds-markdown-paragraph\">Ostuvastutus lasub teadlasel<\/p>\n<\/li>\n<\/ul>\n<hr \/>\n<h3><strong>Miks RC+ Moxy 10mg blisterpakend?<\/strong><\/h3>\n<p class=\"ds-markdown-paragraph\">\u2705\u00a0<strong>T\u00e4iustatud kvaliteedikontroll<\/strong>\u00a0\u2013 Iga partii on eraldi testitud<br \/>\n\u2705\u00a0<strong>Diskreetne saatmine<\/strong>\u00a0\u2013 T\u00e4iesti anon\u00fc\u00fcmne pakend<br \/>\n\u2705\u00a0<strong>Kiire kohaletoimetamine EL-is<\/strong>\u00a0\u2013 Saadaval Euroopa ladudes<br \/>\n\u2705\u00a0<strong>Teaduslik dokumentatsioon<\/strong> \u2013 Saadaval on \u00fcksikasjalik tooteinfo.<a title=\"2C-EF 2 mg kapslid\" href=\"https:\/\/globalsourcechemicals.com\/et\/pood\/fenuulamiin\/2c-ef-2mg-kapslid\/\" target=\"_blank\" rel=\"noopener\">2C-EF 2 mg kapslid<\/a><\/p>","protected":false},"excerpt":{"rendered":"<p><strong>CAS Nummer:<\/strong> 96096-55-8<br \/>\n<strong>Formule:<\/strong> N-[2-(5-methoxy-1H-indol-3-yl)ethyl]-N-methylpropan-2-amine<br \/>\n<strong>Molmassa:<\/strong> 246.354 g\u00b7mol<br \/>\n<strong>Zuiverheid:<\/strong> &gt;97%<\/p>\n","protected":false},"featured_media":21602,"comment_status":"closed","ping_status":"closed","template":"","meta":[],"product_brand":[82],"product_cat":[555],"product_tag":[824,826,825,326,827],"class_list":{"0":"post-24332","1":"product","2":"type-product","3":"status-publish","4":"has-post-thumbnail","6":"product_brand-research-chemical","7":"product_cat-b2b","8":"product_tag-5-meo-mipt-moxy","9":"product_tag-5-meo-mipt-moxy-purifie","10":"product_tag-moxy-5-meo-mipt","11":"product_tag-nl","12":"product_tag-purifie-moxy-5-meo-mipt","14":"first","15":"instock","16":"taxable","17":"shipping-taxable","18":"purchasable","19":"product-type-variable"},"_links":{"self":[{"href":"https:\/\/globalsourcechemicals.com\/et\/wp-json\/wp\/v2\/product\/24332","targetHints":{"allow":["GET"]}}],"collection":[{"href":"https:\/\/globalsourcechemicals.com\/et\/wp-json\/wp\/v2\/product"}],"about":[{"href":"https:\/\/globalsourcechemicals.com\/et\/wp-json\/wp\/v2\/types\/product"}],"replies":[{"embeddable":true,"href":"https:\/\/globalsourcechemicals.com\/et\/wp-json\/wp\/v2\/comments?post=24332"}],"version-history":[{"count":3,"href":"https:\/\/globalsourcechemicals.com\/et\/wp-json\/wp\/v2\/product\/24332\/revisions"}],"predecessor-version":[{"id":25994,"href":"https:\/\/globalsourcechemicals.com\/et\/wp-json\/wp\/v2\/product\/24332\/revisions\/25994"}],"wp:featuredmedia":[{"embeddable":true,"href":"https:\/\/globalsourcechemicals.com\/et\/wp-json\/wp\/v2\/media\/21602"}],"wp:attachment":[{"href":"https:\/\/globalsourcechemicals.com\/et\/wp-json\/wp\/v2\/media?parent=24332"}],"wp:term":[{"taxonomy":"product_brand","embeddable":true,"href":"https:\/\/globalsourcechemicals.com\/et\/wp-json\/wp\/v2\/product_brand?post=24332"},{"taxonomy":"product_cat","embeddable":true,"href":"https:\/\/globalsourcechemicals.com\/et\/wp-json\/wp\/v2\/product_cat?post=24332"},{"taxonomy":"product_tag","embeddable":true,"href":"https:\/\/globalsourcechemicals.com\/et\/wp-json\/wp\/v2\/product_tag?post=24332"}],"curies":[{"name":"t\u00f6\u00f6leht","href":"https:\/\/api.w.org\/{rel}","templated":true}]}}